{"id":1396,"date":"2025-05-14T11:11:16","date_gmt":"2025-05-14T03:11:16","guid":{"rendered":"https:\/\/www.deopaws.com\/?post_type=product&#038;p=1396"},"modified":"2025-07-21T15:56:15","modified_gmt":"2025-07-21T07:56:15","slug":"customize-dog-harness","status":"publish","type":"product","link":"https:\/\/www.deopaws.com\/es\/customize-dog-harness\/","title":{"rendered":"Personalizar arn\u00e9s para perros - Elegante arn\u00e9s para mascotas con impresi\u00f3n de logotipo personalizado para gatos y perros"},"content":{"rendered":"<h2 data-start=\"0\" data-end=\"115\">Personaliza el arn\u00e9s del perro:<\/h2>\n<p>&nbsp;<\/p>\n<p class=\"\" data-start=\"0\" data-end=\"115\">Transpirable: Hecho de poli\u00e9ster transpirable y nylon, lo que garantiza la comodidad y la circulaci\u00f3n de aire para su gato o perro.<\/p>\n<p class=\"\" data-start=\"117\" data-end=\"226\">\u25cf Multiusos: Perfecto tanto para actividades de interior como de exterior, ofrece versatilidad para las necesidades de su mascota.<\/p>\n<p class=\"\" data-start=\"228\" data-end=\"343\">Duradero y con estilo: Hecho a mano con materiales de alta calidad y dise\u00f1os de impresi\u00f3n personalizados para un aspecto moderno y de moda.<\/p>\n<p class=\"\" data-start=\"345\" data-end=\"447\">\u25cf Seguridad Breakaway: Cuenta con un dise\u00f1o de ruptura para garantizar la seguridad de su mascota en caso de emergencia.<\/p>\n<p class=\"\" data-start=\"449\" data-end=\"545\">\u25cf Ideal para gatos y perros: Proporciona un ajuste c\u00f3modo y seguro tanto para gatos como para perros peque\u00f1os.<\/p>\n<p class=\"\" data-start=\"547\" data-end=\"640\">\u25cf Tama\u00f1o personalizado: Disponible en tama\u00f1os personalizados para adaptarse perfectamente a su mascota y ofrecer el m\u00e1ximo confort.<\/p>\n<p>&nbsp;<\/p>\n<p>&nbsp;<\/p>\n<div style=\"max-width: 800px; margin: auto; padding: 20px;\">\n<p><!-- \u5de6\u56fe\u53f3\u6587 --><\/p>\n<div style=\"display: flex; align-items: center; gap: 20px; margin-bottom: 40px; flex-wrap: wrap;\">\n<p><img loading=\"lazy\" decoding=\"async\" class=\"alignnone wp-image-1402\" src=\"https:\/\/www.deopaws.com\/wp-content\/uploads\/2025\/05\/New-Style-Pet-Cat-and-Dog-Harness-with-Innovative-Custom-Print-Logo-Design-6-300x240.jpg\" alt=\"customize dog harness\" width=\"370\" height=\"296\" srcset=\"https:\/\/www.deopaws.com\/wp-content\/uploads\/2025\/05\/New-Style-Pet-Cat-and-Dog-Harness-with-Innovative-Custom-Print-Logo-Design-6-300x240.jpg 300w, https:\/\/www.deopaws.com\/wp-content\/uploads\/2025\/05\/New-Style-Pet-Cat-and-Dog-Harness-with-Innovative-Custom-Print-Logo-Design-6-600x480.jpg 600w, https:\/\/www.deopaws.com\/wp-content\/uploads\/2025\/05\/New-Style-Pet-Cat-and-Dog-Harness-with-Innovative-Custom-Print-Logo-Design-6.jpg 750w\" sizes=\"auto, (max-width: 370px) 100vw, 370px\" \/><\/p>\n<div style=\"flex: 1; min-width: 0;\">\n<p style=\"color: gray;\">Fabricado con poli\u00e9ster y nailon transpirables, que garantizan la comodidad y la circulaci\u00f3n del aire para su gato o perro.<\/p>\n<\/div>\n<\/div>\n<p><!-- \u53f3\u56fe\u5de6\u6587 --><\/p>\n<div style=\"display: flex; flex-direction: row-reverse; align-items: center; gap: 20px; flex-wrap: wrap;\">\n<p><img loading=\"lazy\" decoding=\"async\" class=\"alignnone wp-image-1398\" src=\"https:\/\/www.deopaws.com\/wp-content\/uploads\/2025\/05\/New-Style-Pet-Cat-and-Dog-Harness-with-Innovative-Custom-Print-Logo-Design-2-300x240.jpg\" alt=\"customize dog harness\" width=\"370\" height=\"296\" srcset=\"https:\/\/www.deopaws.com\/wp-content\/uploads\/2025\/05\/New-Style-Pet-Cat-and-Dog-Harness-with-Innovative-Custom-Print-Logo-Design-2-300x240.jpg 300w, https:\/\/www.deopaws.com\/wp-content\/uploads\/2025\/05\/New-Style-Pet-Cat-and-Dog-Harness-with-Innovative-Custom-Print-Logo-Design-2-600x480.jpg 600w, https:\/\/www.deopaws.com\/wp-content\/uploads\/2025\/05\/New-Style-Pet-Cat-and-Dog-Harness-with-Innovative-Custom-Print-Logo-Design-2.jpg 750w\" sizes=\"auto, (max-width: 370px) 100vw, 370px\" \/><\/p>\n<div style=\"flex: 1; min-width: 0;\">\n<p style=\"color: gray;\">Perfecto tanto para actividades de interior como de exterior, ofrece versatilidad para las necesidades de su mascota.<\/p>\n<\/div>\n<\/div>\n<\/div>\n<div style=\"max-width: 800px; margin: auto; padding: 20px;\">\n<p><!-- \u5de6\u56fe\u53f3\u6587 --><\/p>\n<div style=\"display: flex; align-items: center; gap: 20px; margin-bottom: 40px; flex-wrap: wrap;\">\n<p><img loading=\"lazy\" decoding=\"async\" class=\"alignnone wp-image-1397\" src=\"https:\/\/www.deopaws.com\/wp-content\/uploads\/2025\/05\/New-Style-Pet-Cat-and-Dog-Harness-with-Innovative-Custom-Print-Logo-Design-1-300x240.jpg\" alt=\"customize dog harness\" width=\"370\" height=\"296\" srcset=\"https:\/\/www.deopaws.com\/wp-content\/uploads\/2025\/05\/New-Style-Pet-Cat-and-Dog-Harness-with-Innovative-Custom-Print-Logo-Design-1-300x240.jpg 300w, https:\/\/www.deopaws.com\/wp-content\/uploads\/2025\/05\/New-Style-Pet-Cat-and-Dog-Harness-with-Innovative-Custom-Print-Logo-Design-1-600x480.jpg 600w, https:\/\/www.deopaws.com\/wp-content\/uploads\/2025\/05\/New-Style-Pet-Cat-and-Dog-Harness-with-Innovative-Custom-Print-Logo-Design-1.jpg 750w\" sizes=\"auto, (max-width: 370px) 100vw, 370px\" \/><\/p>\n<div style=\"flex: 1; min-width: 0;\">\n<p style=\"color: gray;\">Fabricado con materiales de alta calidad y dise\u00f1os de impresi\u00f3n personalizados para un aspecto moderno y a la moda.<\/p>\n<\/div>\n<\/div>\n<\/div>\n<h3>Pantalla de f\u00e1brica<\/h3>\n<p>&nbsp;<\/p>\n<div class=\"row\">\n<div class=\"col-lg-4\"><img loading=\"lazy\" decoding=\"async\" class=\"alignnone size-medium wp-image-142\" src=\"https:\/\/gray-bee-883835.hostingersite.com\/wp-content\/uploads\/2025\/04\/Small-pet-raincoat-3_-300x225.jpg\" alt=\"\" width=\"300\" height=\"225\" srcset=\"https:\/\/www.deopaws.com\/wp-content\/uploads\/2025\/04\/Small-pet-raincoat-3_-300x225.jpg 300w, https:\/\/www.deopaws.com\/wp-content\/uploads\/2025\/04\/Small-pet-raincoat-3_-600x450.jpg 600w, https:\/\/www.deopaws.com\/wp-content\/uploads\/2025\/04\/Small-pet-raincoat-3_-768x576.jpg 768w, https:\/\/www.deopaws.com\/wp-content\/uploads\/2025\/04\/Small-pet-raincoat-3_.jpg 800w\" sizes=\"auto, (max-width: 300px) 100vw, 300px\" \/><\/div>\n<div class=\"col-lg-4\"><img loading=\"lazy\" decoding=\"async\" class=\"alignnone size-medium wp-image-138\" src=\"https:\/\/gray-bee-883835.hostingersite.com\/wp-content\/uploads\/2025\/04\/Small-pet-raincoat-2-2-300x225.jpg\" alt=\"\" width=\"300\" height=\"225\" srcset=\"https:\/\/www.deopaws.com\/wp-content\/uploads\/2025\/04\/Small-pet-raincoat-2-2-300x225.jpg 300w, https:\/\/www.deopaws.com\/wp-content\/uploads\/2025\/04\/Small-pet-raincoat-2-2-600x450.jpg 600w, https:\/\/www.deopaws.com\/wp-content\/uploads\/2025\/04\/Small-pet-raincoat-2-2-768x576.jpg 768w, https:\/\/www.deopaws.com\/wp-content\/uploads\/2025\/04\/Small-pet-raincoat-2-2.jpg 800w\" sizes=\"auto, (max-width: 300px) 100vw, 300px\" \/><\/div>\n<div class=\"col-lg-4\"><img loading=\"lazy\" decoding=\"async\" class=\"alignnone size-medium wp-image-139\" src=\"https:\/\/gray-bee-883835.hostingersite.com\/wp-content\/uploads\/2025\/04\/Small-pet-raincoat-3-2-300x225.jpg\" alt=\"\" width=\"300\" height=\"225\" srcset=\"https:\/\/www.deopaws.com\/wp-content\/uploads\/2025\/04\/Small-pet-raincoat-3-2-300x225.jpg 300w, https:\/\/www.deopaws.com\/wp-content\/uploads\/2025\/04\/Small-pet-raincoat-3-2-600x450.jpg 600w, https:\/\/www.deopaws.com\/wp-content\/uploads\/2025\/04\/Small-pet-raincoat-3-2-768x576.jpg 768w, https:\/\/www.deopaws.com\/wp-content\/uploads\/2025\/04\/Small-pet-raincoat-3-2.jpg 800w\" sizes=\"auto, (max-width: 300px) 100vw, 300px\" \/><\/div>\n<p>&nbsp;<\/p>\n<div>\n<div class=\"row\">\n<div class=\"col-lg-4\"><img loading=\"lazy\" decoding=\"async\" class=\"alignnone size-medium wp-image-141\" src=\"https:\/\/gray-bee-883835.hostingersite.com\/wp-content\/uploads\/2025\/04\/Small-pet-raincoat-2_-300x225.jpg\" alt=\"\" width=\"300\" height=\"225\" srcset=\"https:\/\/www.deopaws.com\/wp-content\/uploads\/2025\/04\/Small-pet-raincoat-2_-300x225.jpg 300w, https:\/\/www.deopaws.com\/wp-content\/uploads\/2025\/04\/Small-pet-raincoat-2_-600x450.jpg 600w, https:\/\/www.deopaws.com\/wp-content\/uploads\/2025\/04\/Small-pet-raincoat-2_-768x576.jpg 768w, https:\/\/www.deopaws.com\/wp-content\/uploads\/2025\/04\/Small-pet-raincoat-2_.jpg 800w\" sizes=\"auto, (max-width: 300px) 100vw, 300px\" \/><\/div>\n<div class=\"col-lg-4\"><img loading=\"lazy\" decoding=\"async\" class=\"alignnone size-full wp-image-1656\" src=\"https:\/\/www.deopaws.com\/wp-content\/uploads\/2025\/05\/fact-1_\u526f\u672c.jpg\" alt=\"\" width=\"300\" height=\"225\" \/><\/div>\n<div class=\"col-lg-4\"><img loading=\"lazy\" decoding=\"async\" class=\"alignnone size-medium wp-image-137\" src=\"https:\/\/gray-bee-883835.hostingersite.com\/wp-content\/uploads\/2025\/04\/Small-pet-raincoat-1-2-300x225.jpg\" alt=\"\" width=\"300\" height=\"225\" srcset=\"https:\/\/www.deopaws.com\/wp-content\/uploads\/2025\/04\/Small-pet-raincoat-1-2-300x225.jpg 300w, https:\/\/www.deopaws.com\/wp-content\/uploads\/2025\/04\/Small-pet-raincoat-1-2-600x450.jpg 600w, https:\/\/www.deopaws.com\/wp-content\/uploads\/2025\/04\/Small-pet-raincoat-1-2-768x576.jpg 768w, https:\/\/www.deopaws.com\/wp-content\/uploads\/2025\/04\/Small-pet-raincoat-1-2.jpg 800w\" sizes=\"auto, (max-width: 300px) 100vw, 300px\" \/><\/div>\n<div><\/div>\n<\/div>\n<\/div>\n<\/div>","protected":false},"excerpt":{"rendered":"<p data-start=\"81\" data-end=\"300\">El arn\u00e9s personalizado para perros ofrece comodidad, estilo y seguridad con un dise\u00f1o transpirable, funci\u00f3n de separaci\u00f3n e impresi\u00f3n personalizada del logotipo. Disponible en tallas personalizadas para un ajuste perfecto, es ideal tanto para perros como para gatos.<\/p>","protected":false},"featured_media":1399,"comment_status":"open","ping_status":"closed","template":"","meta":{"_acf_changed":false},"product_brand":[],"product_cat":[15,17,33],"product_tag":[],"class_list":{"0":"post-1396","1":"product","2":"type-product","3":"status-publish","4":"has-post-thumbnail","6":"product_cat-products","7":"product_cat-cat-supplies","8":"product_cat-cat-collarsleashes-harnesses","10":"first","11":"instock","12":"shipping-taxable","13":"product-type-simple"},"acf":[],"_links":{"self":[{"href":"https:\/\/www.deopaws.com\/es\/wp-json\/wp\/v2\/product\/1396","targetHints":{"allow":["GET"]}}],"collection":[{"href":"https:\/\/www.deopaws.com\/es\/wp-json\/wp\/v2\/product"}],"about":[{"href":"https:\/\/www.deopaws.com\/es\/wp-json\/wp\/v2\/types\/product"}],"replies":[{"embeddable":true,"href":"https:\/\/www.deopaws.com\/es\/wp-json\/wp\/v2\/comments?post=1396"}],"wp:featuredmedia":[{"embeddable":true,"href":"https:\/\/www.deopaws.com\/es\/wp-json\/wp\/v2\/media\/1399"}],"wp:attachment":[{"href":"https:\/\/www.deopaws.com\/es\/wp-json\/wp\/v2\/media?parent=1396"}],"wp:term":[{"taxonomy":"product_brand","embeddable":true,"href":"https:\/\/www.deopaws.com\/es\/wp-json\/wp\/v2\/product_brand?post=1396"},{"taxonomy":"product_cat","embeddable":true,"href":"https:\/\/www.deopaws.com\/es\/wp-json\/wp\/v2\/product_cat?post=1396"},{"taxonomy":"product_tag","embeddable":true,"href":"https:\/\/www.deopaws.com\/es\/wp-json\/wp\/v2\/product_tag?post=1396"}],"curies":[{"name":"wp","href":"https:\/\/api.w.org\/{rel}","templated":true}]}}