{"id":1270,"date":"2025-05-13T15:40:21","date_gmt":"2025-05-13T07:40:21","guid":{"rendered":"https:\/\/www.deopaws.com\/?post_type=product&#038;p=1270"},"modified":"2025-07-25T08:45:55","modified_gmt":"2025-07-25T00:45:55","slug":"interactive-cat-ball","status":"publish","type":"product","link":"https:\/\/www.deopaws.com\/es\/interactive-cat-ball\/","title":{"rendered":"Pelota interactiva para gatos con cola, recargable por USB, juguete autom\u00e1tico que rueda"},"content":{"rendered":"<h2 data-start=\"77\" data-end=\"192\">Pelota interactiva para gatos:<\/h2>\n<p>&nbsp;<\/p>\n<p class=\"\" data-start=\"77\" data-end=\"192\">\u25cf Respetuoso con el medio ambiente: Hecho de caucho no t\u00f3xico, seguro y respetuoso con el medio ambiente para el juego diario del gato.<\/p>\n<p class=\"\" data-start=\"77\" data-end=\"192\"><br data-start=\"252\" data-end=\"255\" \/>\u25cf Polivalente: Dise\u00f1ado para el ejercicio interactivo, el entretenimiento y la estimulaci\u00f3n mental.<\/p>\n<p class=\"\" data-start=\"77\" data-end=\"192\"><br data-start=\"345\" data-end=\"348\" data-is-only-node=\"\" \/>\u25cf Duradero y divertido: Construido para soportar el juego activo con un movimiento de balanceo y cola suave para atraer la atenci\u00f3n.<\/p>\n<p class=\"\" data-start=\"77\" data-end=\"192\"><br data-start=\"453\" data-end=\"456\" \/>\u25cf Recargable: El dise\u00f1o de carga USB elimina la necesidad de pilas y garantiza una diversi\u00f3n duradera.<\/p>\n<p class=\"\" data-start=\"77\" data-end=\"192\"><br data-start=\"555\" data-end=\"558\" \/>\u25cf Ideal para gatos: Mantiene a su felino activo, reduciendo el aburrimiento y apoyando un comportamiento saludable.<\/p>\n<p class=\"\" data-start=\"77\" data-end=\"192\"><br data-start=\"651\" data-end=\"654\" \/>\u25cf Tama\u00f1o compacto: 30 cm de longitud facilitan su uso en cualquier espacio interior sin ocupar espacio.<\/p>\n<p>&nbsp;<\/p>\n<p>&nbsp;<\/p>\n<div style=\"max-width: 800px; margin: auto; padding: 20px;\">\n<p><!-- \u5de6\u56fe\u53f3\u6587 --><\/p>\n<div style=\"display: flex; align-items: center; gap: 20px; margin-bottom: 40px; flex-wrap: wrap;\">\n<p><img loading=\"lazy\" decoding=\"async\" class=\"alignnone wp-image-1271\" src=\"https:\/\/www.deopaws.com\/wp-content\/uploads\/2025\/05\/USB-Rechargeable-Interactive-Cat-Ball-with-Tail-Automatic-Rolling-Play-Toy-2-300x240.jpg\" alt=\"interactive cat ball\" width=\"370\" height=\"296\" srcset=\"https:\/\/www.deopaws.com\/wp-content\/uploads\/2025\/05\/USB-Rechargeable-Interactive-Cat-Ball-with-Tail-Automatic-Rolling-Play-Toy-2-300x240.jpg 300w, https:\/\/www.deopaws.com\/wp-content\/uploads\/2025\/05\/USB-Rechargeable-Interactive-Cat-Ball-with-Tail-Automatic-Rolling-Play-Toy-2-600x480.jpg 600w, https:\/\/www.deopaws.com\/wp-content\/uploads\/2025\/05\/USB-Rechargeable-Interactive-Cat-Ball-with-Tail-Automatic-Rolling-Play-Toy-2.jpg 750w\" sizes=\"auto, (max-width: 370px) 100vw, 370px\" \/><\/p>\n<div style=\"flex: 1; min-width: 0;\">\n<p style=\"color: gray;\">Bola inteligente de escape para gatos con luces de colores, que se activa con un suave toque de la pata y funciona con carga por ciclos.<\/p>\n<\/div>\n<\/div>\n<p><!-- \u53f3\u56fe\u5de6\u6587 --><\/p>\n<div style=\"display: flex; flex-direction: row-reverse; align-items: center; gap: 20px; flex-wrap: wrap;\">\n<p><img loading=\"lazy\" decoding=\"async\" class=\"alignnone wp-image-1276\" src=\"https:\/\/www.deopaws.com\/wp-content\/uploads\/2025\/05\/USB-Rechargeable-Interactive-Cat-Ball-with-Tail-Automatic-Rolling-Play-Toy-7-300x240.jpg\" alt=\"interactive cat ball\" width=\"370\" height=\"296\" srcset=\"https:\/\/www.deopaws.com\/wp-content\/uploads\/2025\/05\/USB-Rechargeable-Interactive-Cat-Ball-with-Tail-Automatic-Rolling-Play-Toy-7-300x240.jpg 300w, https:\/\/www.deopaws.com\/wp-content\/uploads\/2025\/05\/USB-Rechargeable-Interactive-Cat-Ball-with-Tail-Automatic-Rolling-Play-Toy-7-600x480.jpg 600w, https:\/\/www.deopaws.com\/wp-content\/uploads\/2025\/05\/USB-Rechargeable-Interactive-Cat-Ball-with-Tail-Automatic-Rolling-Play-Toy-7.jpg 750w\" sizes=\"auto, (max-width: 370px) 100vw, 370px\" \/><\/p>\n<div style=\"flex: 1; min-width: 0;\">\n<p style=\"color: gray;\">Arranque y parada inteligentes con un suave toque de la pata: pausa en cualquier momento, en cualquier lugar y cuando tu gato quiera.<\/p>\n<\/div>\n<\/div>\n<\/div>\n<div style=\"max-width: 800px; margin: auto; padding: 20px;\">\n<p><!-- \u5de6\u56fe\u53f3\u6587 --><\/p>\n<div style=\"display: flex; align-items: center; gap: 20px; margin-bottom: 40px; flex-wrap: wrap;\">\n<p><img loading=\"lazy\" decoding=\"async\" class=\"alignnone wp-image-1273\" src=\"https:\/\/www.deopaws.com\/wp-content\/uploads\/2025\/05\/USB-Rechargeable-Interactive-Cat-Ball-with-Tail-Automatic-Rolling-Play-Toy-4-300x240.jpg\" alt=\"interactive cat ball\" width=\"370\" height=\"296\" srcset=\"https:\/\/www.deopaws.com\/wp-content\/uploads\/2025\/05\/USB-Rechargeable-Interactive-Cat-Ball-with-Tail-Automatic-Rolling-Play-Toy-4-300x240.jpg 300w, https:\/\/www.deopaws.com\/wp-content\/uploads\/2025\/05\/USB-Rechargeable-Interactive-Cat-Ball-with-Tail-Automatic-Rolling-Play-Toy-4-600x480.jpg 600w, https:\/\/www.deopaws.com\/wp-content\/uploads\/2025\/05\/USB-Rechargeable-Interactive-Cat-Ball-with-Tail-Automatic-Rolling-Play-Toy-4.jpg 750w\" sizes=\"auto, (max-width: 370px) 100vw, 370px\" \/><\/p>\n<div style=\"flex: 1; min-width: 0;\">\n<p style=\"color: gray;\">Adecuado para varias superficies de suelo, incluidos suelos de madera, suelos de baldosas y alfombras finas.<\/p>\n<\/div>\n<\/div>\n<p><!-- \u53f3\u56fe\u5de6\u6587 --><\/p>\n<div style=\"display: flex; flex-direction: row-reverse; align-items: center; gap: 20px; flex-wrap: wrap;\">\n<p><img loading=\"lazy\" decoding=\"async\" class=\"alignnone wp-image-1282\" src=\"https:\/\/www.deopaws.com\/wp-content\/uploads\/2025\/05\/USB-Rechargeable-Interactive-Cat-Ball-with-Tail-Automatic-Rolling-Play-Toy-1-300x240.jpg\" alt=\"interactive cat ball\" width=\"370\" height=\"296\" srcset=\"https:\/\/www.deopaws.com\/wp-content\/uploads\/2025\/05\/USB-Rechargeable-Interactive-Cat-Ball-with-Tail-Automatic-Rolling-Play-Toy-1-300x240.jpg 300w, https:\/\/www.deopaws.com\/wp-content\/uploads\/2025\/05\/USB-Rechargeable-Interactive-Cat-Ball-with-Tail-Automatic-Rolling-Play-Toy-1-600x480.jpg 600w, https:\/\/www.deopaws.com\/wp-content\/uploads\/2025\/05\/USB-Rechargeable-Interactive-Cat-Ball-with-Tail-Automatic-Rolling-Play-Toy-1.jpg 750w\" sizes=\"auto, (max-width: 370px) 100vw, 370px\" \/><\/p>\n<div style=\"flex: 1; min-width: 0;\">\n<p style=\"color: gray;\">El nuevo dise\u00f1o de carga USB garantiza diversi\u00f3n continua y tiempo de juego activo.<\/p>\n<\/div>\n<\/div>\n<\/div>\n<div style=\"max-width: 800px; margin: auto; padding: 20px;\">\n<p><!-- \u5de6\u56fe\u53f3\u6587 --><\/p>\n<div style=\"display: flex; align-items: center; gap: 20px; margin-bottom: 40px; flex-wrap: wrap;\">\n<p><img loading=\"lazy\" decoding=\"async\" class=\"alignnone wp-image-1275\" src=\"https:\/\/www.deopaws.com\/wp-content\/uploads\/2025\/05\/USB-Rechargeable-Interactive-Cat-Ball-with-Tail-Automatic-Rolling-Play-Toy-6-300x240.jpg\" alt=\"interactive cat ball\" width=\"370\" height=\"296\" srcset=\"https:\/\/www.deopaws.com\/wp-content\/uploads\/2025\/05\/USB-Rechargeable-Interactive-Cat-Ball-with-Tail-Automatic-Rolling-Play-Toy-6-300x240.jpg 300w, https:\/\/www.deopaws.com\/wp-content\/uploads\/2025\/05\/USB-Rechargeable-Interactive-Cat-Ball-with-Tail-Automatic-Rolling-Play-Toy-6-600x480.jpg 600w, https:\/\/www.deopaws.com\/wp-content\/uploads\/2025\/05\/USB-Rechargeable-Interactive-Cat-Ball-with-Tail-Automatic-Rolling-Play-Toy-6.jpg 750w\" sizes=\"auto, (max-width: 370px) 100vw, 370px\" \/><\/p>\n<div style=\"flex: 1; min-width: 0;\">\n<p style=\"color: gray;\">Entra autom\u00e1ticamente en modo de espera despu\u00e9s de 30 segundos y, con un suave toque de la pata, el juego se reanuda.<\/p>\n<\/div>\n<\/div>\n<p><!-- \u53f3\u56fe\u5de6\u6587 --><\/p>\n<div style=\"display: flex; flex-direction: row-reverse; align-items: center; gap: 20px; flex-wrap: wrap;\">\n<p><img loading=\"lazy\" decoding=\"async\" class=\"alignnone wp-image-1278\" src=\"https:\/\/www.deopaws.com\/wp-content\/uploads\/2025\/05\/USB-Rechargeable-Interactive-Cat-Ball-with-Tail-Automatic-Rolling-Play-Toy-9-300x240.jpg\" alt=\"interactive cat ball\" width=\"370\" height=\"296\" srcset=\"https:\/\/www.deopaws.com\/wp-content\/uploads\/2025\/05\/USB-Rechargeable-Interactive-Cat-Ball-with-Tail-Automatic-Rolling-Play-Toy-9-300x240.jpg 300w, https:\/\/www.deopaws.com\/wp-content\/uploads\/2025\/05\/USB-Rechargeable-Interactive-Cat-Ball-with-Tail-Automatic-Rolling-Play-Toy-9-600x480.jpg 600w, https:\/\/www.deopaws.com\/wp-content\/uploads\/2025\/05\/USB-Rechargeable-Interactive-Cat-Ball-with-Tail-Automatic-Rolling-Play-Toy-9.jpg 750w\" sizes=\"auto, (max-width: 370px) 100vw, 370px\" \/><\/p>\n<div style=\"flex: 1; min-width: 0;\">\n<p style=\"color: gray;\">A\u00f1ade m\u00e1s emoci\u00f3n jugando con la cubierta de caza.<\/p>\n<\/div>\n<\/div>\n<\/div>\n<h3>Pantalla de f\u00e1brica<\/h3>\n<p>&nbsp;<\/p>\n<div class=\"row\">\n<div class=\"col-lg-4\"><img loading=\"lazy\" decoding=\"async\" class=\"alignnone size-medium wp-image-142\" src=\"https:\/\/gray-bee-883835.hostingersite.com\/wp-content\/uploads\/2025\/04\/Small-pet-raincoat-3_-300x225.jpg\" alt=\"\" width=\"300\" height=\"225\" srcset=\"https:\/\/www.deopaws.com\/wp-content\/uploads\/2025\/04\/Small-pet-raincoat-3_-300x225.jpg 300w, https:\/\/www.deopaws.com\/wp-content\/uploads\/2025\/04\/Small-pet-raincoat-3_-600x450.jpg 600w, https:\/\/www.deopaws.com\/wp-content\/uploads\/2025\/04\/Small-pet-raincoat-3_-768x576.jpg 768w, https:\/\/www.deopaws.com\/wp-content\/uploads\/2025\/04\/Small-pet-raincoat-3_.jpg 800w\" sizes=\"auto, (max-width: 300px) 100vw, 300px\" \/><\/div>\n<div class=\"col-lg-4\"><img loading=\"lazy\" decoding=\"async\" class=\"alignnone size-medium wp-image-138\" src=\"https:\/\/gray-bee-883835.hostingersite.com\/wp-content\/uploads\/2025\/04\/Small-pet-raincoat-2-2-300x225.jpg\" alt=\"\" width=\"300\" height=\"225\" srcset=\"https:\/\/www.deopaws.com\/wp-content\/uploads\/2025\/04\/Small-pet-raincoat-2-2-300x225.jpg 300w, https:\/\/www.deopaws.com\/wp-content\/uploads\/2025\/04\/Small-pet-raincoat-2-2-600x450.jpg 600w, https:\/\/www.deopaws.com\/wp-content\/uploads\/2025\/04\/Small-pet-raincoat-2-2-768x576.jpg 768w, https:\/\/www.deopaws.com\/wp-content\/uploads\/2025\/04\/Small-pet-raincoat-2-2.jpg 800w\" sizes=\"auto, (max-width: 300px) 100vw, 300px\" \/><\/div>\n<div class=\"col-lg-4\"><img loading=\"lazy\" decoding=\"async\" class=\"alignnone size-medium wp-image-139\" src=\"https:\/\/gray-bee-883835.hostingersite.com\/wp-content\/uploads\/2025\/04\/Small-pet-raincoat-3-2-300x225.jpg\" alt=\"\" width=\"300\" height=\"225\" srcset=\"https:\/\/www.deopaws.com\/wp-content\/uploads\/2025\/04\/Small-pet-raincoat-3-2-300x225.jpg 300w, https:\/\/www.deopaws.com\/wp-content\/uploads\/2025\/04\/Small-pet-raincoat-3-2-600x450.jpg 600w, https:\/\/www.deopaws.com\/wp-content\/uploads\/2025\/04\/Small-pet-raincoat-3-2-768x576.jpg 768w, https:\/\/www.deopaws.com\/wp-content\/uploads\/2025\/04\/Small-pet-raincoat-3-2.jpg 800w\" sizes=\"auto, (max-width: 300px) 100vw, 300px\" \/><\/div>\n<p>&nbsp;<\/p>\n<div>\n<div class=\"row\">\n<div class=\"col-lg-4\"><img loading=\"lazy\" decoding=\"async\" class=\"alignnone size-medium wp-image-141\" src=\"https:\/\/gray-bee-883835.hostingersite.com\/wp-content\/uploads\/2025\/04\/Small-pet-raincoat-2_-300x225.jpg\" alt=\"\" width=\"300\" height=\"225\" srcset=\"https:\/\/www.deopaws.com\/wp-content\/uploads\/2025\/04\/Small-pet-raincoat-2_-300x225.jpg 300w, https:\/\/www.deopaws.com\/wp-content\/uploads\/2025\/04\/Small-pet-raincoat-2_-600x450.jpg 600w, https:\/\/www.deopaws.com\/wp-content\/uploads\/2025\/04\/Small-pet-raincoat-2_-768x576.jpg 768w, https:\/\/www.deopaws.com\/wp-content\/uploads\/2025\/04\/Small-pet-raincoat-2_.jpg 800w\" sizes=\"auto, (max-width: 300px) 100vw, 300px\" \/><\/div>\n<div class=\"col-lg-4\"><img loading=\"lazy\" decoding=\"async\" class=\"alignnone size-full wp-image-1656\" src=\"https:\/\/www.deopaws.com\/wp-content\/uploads\/2025\/05\/fact-1_\u526f\u672c.jpg\" alt=\"\" width=\"300\" height=\"225\" \/><\/div>\n<div class=\"col-lg-4\"><img loading=\"lazy\" decoding=\"async\" class=\"alignnone size-medium wp-image-137\" src=\"https:\/\/gray-bee-883835.hostingersite.com\/wp-content\/uploads\/2025\/04\/Small-pet-raincoat-1-2-300x225.jpg\" alt=\"\" width=\"300\" height=\"225\" srcset=\"https:\/\/www.deopaws.com\/wp-content\/uploads\/2025\/04\/Small-pet-raincoat-1-2-300x225.jpg 300w, https:\/\/www.deopaws.com\/wp-content\/uploads\/2025\/04\/Small-pet-raincoat-1-2-600x450.jpg 600w, https:\/\/www.deopaws.com\/wp-content\/uploads\/2025\/04\/Small-pet-raincoat-1-2-768x576.jpg 768w, https:\/\/www.deopaws.com\/wp-content\/uploads\/2025\/04\/Small-pet-raincoat-1-2.jpg 800w\" sizes=\"auto, (max-width: 300px) 100vw, 300px\" \/><\/div>\n<div><\/div>\n<\/div>\n<\/div>\n<\/div>","protected":false},"excerpt":{"rendered":"<p>Esta pelota interactiva para gatos est\u00e1 dise\u00f1ada para mantener a su amigo felino activo y curioso. Con una cola suave y funci\u00f3n de rodamiento autom\u00e1tico recargable por USB, imita el movimiento de una presa real para despertar los instintos de caza de su gato. Con un sistema inteligente para evitar obst\u00e1culos y una construcci\u00f3n duradera, es ideal para jugar solo en interiores, proporcionando horas de diversi\u00f3n, estimulaci\u00f3n y ejercicio.<\/p>","protected":false},"featured_media":1283,"comment_status":"open","ping_status":"closed","template":"","meta":{"_acf_changed":false},"product_brand":[],"product_cat":[15,17,31],"product_tag":[],"class_list":{"0":"post-1270","1":"product","2":"type-product","3":"status-publish","4":"has-post-thumbnail","6":"product_cat-products","7":"product_cat-cat-supplies","8":"product_cat-cat-toys","10":"first","11":"instock","12":"shipping-taxable","13":"product-type-simple"},"acf":[],"_links":{"self":[{"href":"https:\/\/www.deopaws.com\/es\/wp-json\/wp\/v2\/product\/1270","targetHints":{"allow":["GET"]}}],"collection":[{"href":"https:\/\/www.deopaws.com\/es\/wp-json\/wp\/v2\/product"}],"about":[{"href":"https:\/\/www.deopaws.com\/es\/wp-json\/wp\/v2\/types\/product"}],"replies":[{"embeddable":true,"href":"https:\/\/www.deopaws.com\/es\/wp-json\/wp\/v2\/comments?post=1270"}],"wp:featuredmedia":[{"embeddable":true,"href":"https:\/\/www.deopaws.com\/es\/wp-json\/wp\/v2\/media\/1283"}],"wp:attachment":[{"href":"https:\/\/www.deopaws.com\/es\/wp-json\/wp\/v2\/media?parent=1270"}],"wp:term":[{"taxonomy":"product_brand","embeddable":true,"href":"https:\/\/www.deopaws.com\/es\/wp-json\/wp\/v2\/product_brand?post=1270"},{"taxonomy":"product_cat","embeddable":true,"href":"https:\/\/www.deopaws.com\/es\/wp-json\/wp\/v2\/product_cat?post=1270"},{"taxonomy":"product_tag","embeddable":true,"href":"https:\/\/www.deopaws.com\/es\/wp-json\/wp\/v2\/product_tag?post=1270"}],"curies":[{"name":"wp","href":"https:\/\/api.w.org\/{rel}","templated":true}]}}