{"id":1247,"date":"2025-05-13T13:58:21","date_gmt":"2025-05-13T05:58:21","guid":{"rendered":"https:\/\/www.deopaws.com\/?post_type=product&#038;p=1247"},"modified":"2025-07-25T09:03:39","modified_gmt":"2025-07-25T01:03:39","slug":"pet-chew-toys","status":"publish","type":"product","link":"https:\/\/www.deopaws.com\/es\/pet-chew-toys\/","title":{"rendered":"Indestructible Squeaky Pet Chew Toys - Masticable Dental Interactivo para la Limpieza de los Dientes"},"content":{"rendered":"<h2 data-start=\"77\" data-end=\"192\">Juguetes para mascotas:<\/h2>\n<p>&nbsp;<\/p>\n<p class=\"\" data-start=\"77\" data-end=\"192\">Ecol\u00f3gico: Hecho de felpa, este juguete para masticar es seguro para su perro y el medio ambiente.<\/p>\n<p class=\"\" data-start=\"77\" data-end=\"192\"><br data-start=\"158\" data-end=\"161\" \/>\u25cf Duradero y no t\u00f3xico: Construido para durar y hecho con materiales no t\u00f3xicos para la seguridad de su mascota.<\/p>\n<p class=\"\" data-start=\"77\" data-end=\"192\"><br data-start=\"254\" data-end=\"257\" \/>Interactivo: Mantiene a su perro comprometido con sonidos chirriantes, perfecto para el tiempo de juego y la vinculaci\u00f3n.<\/p>\n<p class=\"\" data-start=\"77\" data-end=\"192\"><br data-start=\"349\" data-end=\"352\" \/>\u25cf Ayuda para la dentici\u00f3n: Ayuda a limpiar los dientes y masajear las enc\u00edas, promoviendo una buena higiene dental.<\/p>\n<p class=\"\" data-start=\"77\" data-end=\"192\"><br data-start=\"434\" data-end=\"437\" \/>\u25cf Ideal para masticadores: Dise\u00f1ado para masticadores fuertes, este juguete est\u00e1 hecho para soportar mordiscos duros.<\/p>\n<p class=\"\" data-start=\"77\" data-end=\"192\"><br data-start=\"529\" data-end=\"532\" \/>\u25cf Tama\u00f1o perfecto: Mide 24<em data-start=\"559\" data-end=\"563\">10<\/em>6 cm, por lo que es ideal para perros de todos los tama\u00f1os.<\/p>\n<p>&nbsp;<\/p>\n<p>&nbsp;<\/p>\n<div style=\"max-width: 800px; margin: auto; padding: 20px;\">\n<p><!-- \u5de6\u56fe\u53f3\u6587 --><\/p>\n<div style=\"display: flex; align-items: center; gap: 20px; margin-bottom: 40px; flex-wrap: wrap;\">\n<p><img loading=\"lazy\" decoding=\"async\" class=\"alignnone wp-image-1257 size-medium\" src=\"https:\/\/www.deopaws.com\/wp-content\/uploads\/2025\/05\/Squeaky-dog-chew-toy-interactive-helps-clean-teeth-indestructible-1-300x240.jpg\" alt=\"pet chew toys\" width=\"300\" height=\"240\" srcset=\"https:\/\/www.deopaws.com\/wp-content\/uploads\/2025\/05\/Squeaky-dog-chew-toy-interactive-helps-clean-teeth-indestructible-1-300x240.jpg 300w, https:\/\/www.deopaws.com\/wp-content\/uploads\/2025\/05\/Squeaky-dog-chew-toy-interactive-helps-clean-teeth-indestructible-1-600x480.jpg 600w, https:\/\/www.deopaws.com\/wp-content\/uploads\/2025\/05\/Squeaky-dog-chew-toy-interactive-helps-clean-teeth-indestructible-1.jpg 750w\" sizes=\"auto, (max-width: 300px) 100vw, 300px\" \/><\/p>\n<div style=\"flex: 1; min-width: 0;\">\n<p style=\"color: gray;\">Juguete de cuerda sonoro para mascotas con sonido interactivo, tejido de doble capa, perfecto para la dentici\u00f3n, masticaci\u00f3n, limpieza dental y diversi\u00f3n educativa.<\/p>\n<\/div>\n<\/div>\n<p><!-- \u53f3\u56fe\u5de6\u6587 --><\/p>\n<div style=\"display: flex; flex-direction: row-reverse; align-items: center; gap: 20px; flex-wrap: wrap;\">\n<p><img loading=\"lazy\" decoding=\"async\" class=\"alignnone wp-image-1255 size-medium\" src=\"https:\/\/www.deopaws.com\/wp-content\/uploads\/2025\/05\/Squeaky-dog-chew-toy-interactive-helps-clean-teeth-indestructible-9-300x240.jpg\" alt=\"pet chew toys\" width=\"300\" height=\"240\" srcset=\"https:\/\/www.deopaws.com\/wp-content\/uploads\/2025\/05\/Squeaky-dog-chew-toy-interactive-helps-clean-teeth-indestructible-9-300x240.jpg 300w, https:\/\/www.deopaws.com\/wp-content\/uploads\/2025\/05\/Squeaky-dog-chew-toy-interactive-helps-clean-teeth-indestructible-9-600x480.jpg 600w, https:\/\/www.deopaws.com\/wp-content\/uploads\/2025\/05\/Squeaky-dog-chew-toy-interactive-helps-clean-teeth-indestructible-9.jpg 750w\" sizes=\"auto, (max-width: 300px) 100vw, 300px\" \/><\/p>\n<div style=\"flex: 1; min-width: 0;\">\n<p style=\"color: gray;\">Los suaves materiales de felpa con caracter\u00edsticas de papel sonoro ofrecen comodidad, calidez y seguridad, lo que hace que estos juguetes masticables para mascotas sean adecuados para jugar en interiores. Son suaves con los dientes y las enc\u00edas, vers\u00e1tiles para el juego interactivo, proporcionan estimulaci\u00f3n sensorial, durabilidad y son seguros para mascotas de todas las edades.<\/p>\n<\/div>\n<\/div>\n<\/div>\n<div style=\"max-width: 800px; margin: auto; padding: 20px;\">\n<p><!-- \u5de6\u56fe\u53f3\u6587 --><\/p>\n<div style=\"display: flex; align-items: center; gap: 20px; margin-bottom: 40px; flex-wrap: wrap;\">\n<p><img loading=\"lazy\" decoding=\"async\" class=\"alignnone wp-image-1254 size-medium\" src=\"https:\/\/www.deopaws.com\/wp-content\/uploads\/2025\/05\/Squeaky-dog-chew-toy-interactive-helps-clean-teeth-indestructible-8-300x240.jpg\" alt=\"pet chew toys\" width=\"300\" height=\"240\" srcset=\"https:\/\/www.deopaws.com\/wp-content\/uploads\/2025\/05\/Squeaky-dog-chew-toy-interactive-helps-clean-teeth-indestructible-8-300x240.jpg 300w, https:\/\/www.deopaws.com\/wp-content\/uploads\/2025\/05\/Squeaky-dog-chew-toy-interactive-helps-clean-teeth-indestructible-8-600x480.jpg 600w, https:\/\/www.deopaws.com\/wp-content\/uploads\/2025\/05\/Squeaky-dog-chew-toy-interactive-helps-clean-teeth-indestructible-8.jpg 750w\" sizes=\"auto, (max-width: 300px) 100vw, 300px\" \/><\/p>\n<div style=\"flex: 1; min-width: 0;\">\n<p style=\"color: gray;\">El tejido de nailon ayuda a limpiar los dientes de su perro a la vez que atrae su inter\u00e9s, proporcion\u00e1ndole un c\u00f3modo alivio para la dentici\u00f3n.<\/p>\n<\/div>\n<\/div>\n<p><!-- \u53f3\u56fe\u5de6\u6587 --><\/p>\n<div style=\"display: flex; flex-direction: row-reverse; align-items: center; gap: 20px; flex-wrap: wrap;\">\n<p><img loading=\"lazy\" decoding=\"async\" class=\"alignnone wp-image-1256 size-medium\" src=\"https:\/\/www.deopaws.com\/wp-content\/uploads\/2025\/05\/Squeaky-dog-chew-toy-interactive-helps-clean-teeth-indestructible-10-300x240.jpg\" alt=\"pet chew toys\" width=\"300\" height=\"240\" srcset=\"https:\/\/www.deopaws.com\/wp-content\/uploads\/2025\/05\/Squeaky-dog-chew-toy-interactive-helps-clean-teeth-indestructible-10-300x240.jpg 300w, https:\/\/www.deopaws.com\/wp-content\/uploads\/2025\/05\/Squeaky-dog-chew-toy-interactive-helps-clean-teeth-indestructible-10-600x480.jpg 600w, https:\/\/www.deopaws.com\/wp-content\/uploads\/2025\/05\/Squeaky-dog-chew-toy-interactive-helps-clean-teeth-indestructible-10.jpg 750w\" sizes=\"auto, (max-width: 300px) 100vw, 300px\" \/><\/p>\n<div style=\"flex: 1; min-width: 0;\">\n<p style=\"color: gray;\">Fabricado con tejido seguro y no t\u00f3xico y un exquisito bordado, este juguete cuenta con una construcci\u00f3n de doble capa para mayor durabilidad, papel sonoro que se arruga para mayor diversi\u00f3n y cuerda interactiva para tirar de la cuerda, a la vez que ayuda a limpiar los dientes de su mascota y a reducir su ansiedad.<\/p>\n<\/div>\n<\/div>\n<\/div>\n<h3>Pantalla de f\u00e1brica<\/h3>\n<p>&nbsp;<\/p>\n<div class=\"row\">\n<div class=\"col-lg-4\"><img loading=\"lazy\" decoding=\"async\" class=\"alignnone size-medium wp-image-142\" src=\"https:\/\/gray-bee-883835.hostingersite.com\/wp-content\/uploads\/2025\/04\/Small-pet-raincoat-3_-300x225.jpg\" alt=\"\" width=\"300\" height=\"225\" srcset=\"https:\/\/www.deopaws.com\/wp-content\/uploads\/2025\/04\/Small-pet-raincoat-3_-300x225.jpg 300w, https:\/\/www.deopaws.com\/wp-content\/uploads\/2025\/04\/Small-pet-raincoat-3_-600x450.jpg 600w, https:\/\/www.deopaws.com\/wp-content\/uploads\/2025\/04\/Small-pet-raincoat-3_-768x576.jpg 768w, https:\/\/www.deopaws.com\/wp-content\/uploads\/2025\/04\/Small-pet-raincoat-3_.jpg 800w\" sizes=\"auto, (max-width: 300px) 100vw, 300px\" \/><\/div>\n<div class=\"col-lg-4\"><img loading=\"lazy\" decoding=\"async\" class=\"alignnone size-medium wp-image-138\" src=\"https:\/\/gray-bee-883835.hostingersite.com\/wp-content\/uploads\/2025\/04\/Small-pet-raincoat-2-2-300x225.jpg\" alt=\"\" width=\"300\" height=\"225\" srcset=\"https:\/\/www.deopaws.com\/wp-content\/uploads\/2025\/04\/Small-pet-raincoat-2-2-300x225.jpg 300w, https:\/\/www.deopaws.com\/wp-content\/uploads\/2025\/04\/Small-pet-raincoat-2-2-600x450.jpg 600w, https:\/\/www.deopaws.com\/wp-content\/uploads\/2025\/04\/Small-pet-raincoat-2-2-768x576.jpg 768w, https:\/\/www.deopaws.com\/wp-content\/uploads\/2025\/04\/Small-pet-raincoat-2-2.jpg 800w\" sizes=\"auto, (max-width: 300px) 100vw, 300px\" \/><\/div>\n<div class=\"col-lg-4\"><img loading=\"lazy\" decoding=\"async\" class=\"alignnone size-medium wp-image-139\" src=\"https:\/\/gray-bee-883835.hostingersite.com\/wp-content\/uploads\/2025\/04\/Small-pet-raincoat-3-2-300x225.jpg\" alt=\"\" width=\"300\" height=\"225\" srcset=\"https:\/\/www.deopaws.com\/wp-content\/uploads\/2025\/04\/Small-pet-raincoat-3-2-300x225.jpg 300w, https:\/\/www.deopaws.com\/wp-content\/uploads\/2025\/04\/Small-pet-raincoat-3-2-600x450.jpg 600w, https:\/\/www.deopaws.com\/wp-content\/uploads\/2025\/04\/Small-pet-raincoat-3-2-768x576.jpg 768w, https:\/\/www.deopaws.com\/wp-content\/uploads\/2025\/04\/Small-pet-raincoat-3-2.jpg 800w\" sizes=\"auto, (max-width: 300px) 100vw, 300px\" \/><\/div>\n<p>&nbsp;<\/p>\n<div>\n<div class=\"row\">\n<div class=\"col-lg-4\"><img loading=\"lazy\" decoding=\"async\" class=\"alignnone size-medium wp-image-141\" src=\"https:\/\/gray-bee-883835.hostingersite.com\/wp-content\/uploads\/2025\/04\/Small-pet-raincoat-2_-300x225.jpg\" alt=\"\" width=\"300\" height=\"225\" srcset=\"https:\/\/www.deopaws.com\/wp-content\/uploads\/2025\/04\/Small-pet-raincoat-2_-300x225.jpg 300w, https:\/\/www.deopaws.com\/wp-content\/uploads\/2025\/04\/Small-pet-raincoat-2_-600x450.jpg 600w, https:\/\/www.deopaws.com\/wp-content\/uploads\/2025\/04\/Small-pet-raincoat-2_-768x576.jpg 768w, https:\/\/www.deopaws.com\/wp-content\/uploads\/2025\/04\/Small-pet-raincoat-2_.jpg 800w\" sizes=\"auto, (max-width: 300px) 100vw, 300px\" \/><\/div>\n<div class=\"col-lg-4\"><img loading=\"lazy\" decoding=\"async\" class=\"alignnone size-full wp-image-1656\" src=\"https:\/\/www.deopaws.com\/wp-content\/uploads\/2025\/05\/fact-1_\u526f\u672c.jpg\" alt=\"\" width=\"300\" height=\"225\" \/><\/div>\n<div class=\"col-lg-4\"><img loading=\"lazy\" decoding=\"async\" class=\"alignnone size-medium wp-image-137\" src=\"https:\/\/gray-bee-883835.hostingersite.com\/wp-content\/uploads\/2025\/04\/Small-pet-raincoat-1-2-300x225.jpg\" alt=\"\" width=\"300\" height=\"225\" srcset=\"https:\/\/www.deopaws.com\/wp-content\/uploads\/2025\/04\/Small-pet-raincoat-1-2-300x225.jpg 300w, https:\/\/www.deopaws.com\/wp-content\/uploads\/2025\/04\/Small-pet-raincoat-1-2-600x450.jpg 600w, https:\/\/www.deopaws.com\/wp-content\/uploads\/2025\/04\/Small-pet-raincoat-1-2-768x576.jpg 768w, https:\/\/www.deopaws.com\/wp-content\/uploads\/2025\/04\/Small-pet-raincoat-1-2.jpg 800w\" sizes=\"auto, (max-width: 300px) 100vw, 300px\" \/><\/div>\n<div><\/div>\n<\/div>\n<\/div>\n<\/div>","protected":false},"excerpt":{"rendered":"<p>Estos chirriantes juguetes masticables para mascotas son ecol\u00f3gicos, duraderos y no t\u00f3xicos. Ayudan a limpiar los dientes de su mascota a la vez que proporcionan un juego interactivo. El sonido chirriante mantiene a las mascotas enganchadas, por lo que es perfecto para la diversi\u00f3n y la salud dental. Ideal para mascotas de todos los tama\u00f1os.<\/p>","protected":false},"featured_media":1252,"comment_status":"open","ping_status":"closed","template":"","meta":{"_acf_changed":false},"product_brand":[],"product_cat":[15,17,31],"product_tag":[],"class_list":{"0":"post-1247","1":"product","2":"type-product","3":"status-publish","4":"has-post-thumbnail","6":"product_cat-products","7":"product_cat-cat-supplies","8":"product_cat-cat-toys","10":"first","11":"instock","12":"shipping-taxable","13":"product-type-simple"},"acf":[],"_links":{"self":[{"href":"https:\/\/www.deopaws.com\/es\/wp-json\/wp\/v2\/product\/1247","targetHints":{"allow":["GET"]}}],"collection":[{"href":"https:\/\/www.deopaws.com\/es\/wp-json\/wp\/v2\/product"}],"about":[{"href":"https:\/\/www.deopaws.com\/es\/wp-json\/wp\/v2\/types\/product"}],"replies":[{"embeddable":true,"href":"https:\/\/www.deopaws.com\/es\/wp-json\/wp\/v2\/comments?post=1247"}],"wp:featuredmedia":[{"embeddable":true,"href":"https:\/\/www.deopaws.com\/es\/wp-json\/wp\/v2\/media\/1252"}],"wp:attachment":[{"href":"https:\/\/www.deopaws.com\/es\/wp-json\/wp\/v2\/media?parent=1247"}],"wp:term":[{"taxonomy":"product_brand","embeddable":true,"href":"https:\/\/www.deopaws.com\/es\/wp-json\/wp\/v2\/product_brand?post=1247"},{"taxonomy":"product_cat","embeddable":true,"href":"https:\/\/www.deopaws.com\/es\/wp-json\/wp\/v2\/product_cat?post=1247"},{"taxonomy":"product_tag","embeddable":true,"href":"https:\/\/www.deopaws.com\/es\/wp-json\/wp\/v2\/product_tag?post=1247"}],"curies":[{"name":"wp","href":"https:\/\/api.w.org\/{rel}","templated":true}]}}