{"id":1200,"date":"2025-05-13T10:15:24","date_gmt":"2025-05-13T02:15:24","guid":{"rendered":"https:\/\/www.deopaws.com\/?post_type=product&#038;p=1200"},"modified":"2026-01-04T13:05:12","modified_gmt":"2026-01-04T05:05:12","slug":"interactive-ball-toy-for-cats","status":"publish","type":"product","link":"https:\/\/www.deopaws.com\/es\/interactive-ball-toy-for-cats\/","title":{"rendered":"Juguete Interactivo para Gatos - Pelota de Juego Inteligente 360\u00b0 Rodante y Autom\u00e1tica"},"content":{"rendered":"<h2 data-start=\"77\" data-end=\"192\">Juguete interactivo con pelota para gatos:<\/h2>\n<p>&nbsp;<\/p>\n<p class=\"\" data-start=\"77\" data-end=\"192\">\u25cf Respetuoso con el medio ambiente: Hecho de ABS no t\u00f3xico y silicona, seguro para mascotas y responsable con el medio ambiente.<\/p>\n<p class=\"\" data-start=\"77\" data-end=\"192\"><br data-start=\"332\" data-end=\"335\" \/>Juego interactivo: Rueda autom\u00e1ticamente para estimular los instintos naturales de caza de tu gato.<\/p>\n<p class=\"\" data-start=\"77\" data-end=\"192\"><br data-start=\"425\" data-end=\"428\" \/>\u25cf Dise\u00f1o duradero: Construido con materiales resistentes a los impactos para un uso duradero.<\/p>\n<p class=\"\" data-start=\"77\" data-end=\"192\"><br data-start=\"505\" data-end=\"508\" \/>\u25cf Elegante y divertido: El aspecto deportivo y juguet\u00f3n a\u00f1ade emoci\u00f3n a la rutina de su gato.<\/p>\n<p class=\"\" data-start=\"77\" data-end=\"192\"><br data-start=\"593\" data-end=\"596\" \/>\u25cf Ideal para gatos: Fomenta el ejercicio y la estimulaci\u00f3n mental.<\/p>\n<p class=\"\" data-start=\"77\" data-end=\"192\"><br data-start=\"657\" data-end=\"660\" \/>\u25cf Tama\u00f1o compacto: Ligero y port\u00e1til con 5,5 cm de di\u00e1metro y s\u00f3lo 45 g.<\/p>\n<p>&nbsp;<\/p>\n<p>&nbsp;<\/p>\n<div style=\"max-width: 800px; margin: auto; padding: 20px;\">\n<p><!-- \u5de6\u56fe\u53f3\u6587 --><\/p>\n<div style=\"display: flex; align-items: center; gap: 20px; margin-bottom: 40px; flex-wrap: wrap;\">\n<p><img loading=\"lazy\" decoding=\"async\" class=\"alignnone wp-image-1206\" src=\"https:\/\/www.deopaws.com\/wp-content\/uploads\/2025\/05\/Smart-Rolling-Cat-Toy-Ball-\u2013-Automatic-and-Interactive-6-300x240.jpg\" alt=\"\" width=\"371\" height=\"297\" srcset=\"https:\/\/www.deopaws.com\/wp-content\/uploads\/2025\/05\/Smart-Rolling-Cat-Toy-Ball-\u2013-Automatic-and-Interactive-6-300x240.jpg 300w, https:\/\/www.deopaws.com\/wp-content\/uploads\/2025\/05\/Smart-Rolling-Cat-Toy-Ball-\u2013-Automatic-and-Interactive-6-600x480.jpg 600w, https:\/\/www.deopaws.com\/wp-content\/uploads\/2025\/05\/Smart-Rolling-Cat-Toy-Ball-\u2013-Automatic-and-Interactive-6.jpg 750w\" sizes=\"auto, (max-width: 371px) 100vw, 371px\" \/><\/p>\n<div style=\"flex: 1; min-width: 0;\">\n<p style=\"color: gray;\"><strong>Este inteligente juguete interactivo con pelota para gatos cuenta con ajustes de velocidad, dos modos de juego y una bater\u00eda de larga duraci\u00f3n. Con desplazamiento flexible y un juguet\u00f3n movimiento de empuje que se mueve a izquierda y derecha, mantiene a tu gato enganchado y entretenido durante horas.<\/strong><\/p>\n<\/div>\n<\/div>\n<p><!-- \u53f3\u56fe\u5de6\u6587 --><\/p>\n<div style=\"display: flex; flex-direction: row-reverse; align-items: center; gap: 20px; flex-wrap: wrap;\">\n<p><img loading=\"lazy\" decoding=\"async\" class=\"alignnone wp-image-1203\" src=\"https:\/\/www.deopaws.com\/wp-content\/uploads\/2025\/05\/Smart-Rolling-Cat-Toy-Ball-\u2013-Automatic-and-Interactive-3-300x240.jpg\" alt=\"\" width=\"370\" height=\"296\" srcset=\"https:\/\/www.deopaws.com\/wp-content\/uploads\/2025\/05\/Smart-Rolling-Cat-Toy-Ball-\u2013-Automatic-and-Interactive-3-300x240.jpg 300w, https:\/\/www.deopaws.com\/wp-content\/uploads\/2025\/05\/Smart-Rolling-Cat-Toy-Ball-\u2013-Automatic-and-Interactive-3-600x480.jpg 600w, https:\/\/www.deopaws.com\/wp-content\/uploads\/2025\/05\/Smart-Rolling-Cat-Toy-Ball-\u2013-Automatic-and-Interactive-3.jpg 750w\" sizes=\"auto, (max-width: 370px) 100vw, 370px\" \/><\/p>\n<div style=\"flex: 1; min-width: 0;\">\n<p style=\"color: gray;\">La carrera aleatoria y los tirones repetidos desencadenan m\u00faltiples estados de movimiento para atraer continuamente la atenci\u00f3n de su gato.<\/p>\n<\/div>\n<\/div>\n<\/div>\n<div style=\"max-width: 800px; margin: auto; padding: 20px;\">\n<p><!-- \u5de6\u56fe\u53f3\u6587 --><\/p>\n<div style=\"display: flex; align-items: center; gap: 20px; margin-bottom: 40px; flex-wrap: wrap;\">\n<p><img loading=\"lazy\" decoding=\"async\" class=\"alignnone wp-image-1204\" src=\"https:\/\/www.deopaws.com\/wp-content\/uploads\/2025\/05\/Smart-Rolling-Cat-Toy-Ball-\u2013-Automatic-and-Interactive-4-300x240.jpg\" alt=\"\" width=\"370\" height=\"296\" srcset=\"https:\/\/www.deopaws.com\/wp-content\/uploads\/2025\/05\/Smart-Rolling-Cat-Toy-Ball-\u2013-Automatic-and-Interactive-4-300x240.jpg 300w, https:\/\/www.deopaws.com\/wp-content\/uploads\/2025\/05\/Smart-Rolling-Cat-Toy-Ball-\u2013-Automatic-and-Interactive-4-600x480.jpg 600w, https:\/\/www.deopaws.com\/wp-content\/uploads\/2025\/05\/Smart-Rolling-Cat-Toy-Ball-\u2013-Automatic-and-Interactive-4.jpg 750w\" sizes=\"auto, (max-width: 370px) 100vw, 370px\" \/><\/p>\n<div style=\"flex: 1; min-width: 0;\">\n<p style=\"color: gray;\">Con un solo clic se cambia entre dos modos, mantenga pulsado el bot\u00f3n de encendido para elegir: Modo Normal (luz verde, apagado autom\u00e1tico tras 5 minutos) o Modo Inteligente (luz azul, en espera tras 5 minutos, se reactiva con el toque del gato).<\/p>\n<\/div>\n<\/div>\n<p><!-- \u53f3\u56fe\u5de6\u6587 --><\/p>\n<div style=\"display: flex; flex-direction: row-reverse; align-items: center; gap: 20px; flex-wrap: wrap;\">\n<p><img loading=\"lazy\" decoding=\"async\" class=\"alignnone wp-image-1202\" src=\"https:\/\/www.deopaws.com\/wp-content\/uploads\/2025\/05\/Smart-Rolling-Cat-Toy-Ball-\u2013-Automatic-and-Interactive-2-300x240.jpg\" alt=\"\" width=\"370\" height=\"296\" srcset=\"https:\/\/www.deopaws.com\/wp-content\/uploads\/2025\/05\/Smart-Rolling-Cat-Toy-Ball-\u2013-Automatic-and-Interactive-2-300x240.jpg 300w, https:\/\/www.deopaws.com\/wp-content\/uploads\/2025\/05\/Smart-Rolling-Cat-Toy-Ball-\u2013-Automatic-and-Interactive-2-600x480.jpg 600w, https:\/\/www.deopaws.com\/wp-content\/uploads\/2025\/05\/Smart-Rolling-Cat-Toy-Ball-\u2013-Automatic-and-Interactive-2.jpg 750w\" sizes=\"auto, (max-width: 370px) 100vw, 370px\" \/><\/p>\n<div style=\"flex: 1; min-width: 0;\">\n<p style=\"color: gray;\">La carga de tipo C con una bater\u00eda integrada de 150 mAh proporciona un uso duradero con una sola carga, lo que elimina la necesidad de sustituir la bater\u00eda y reduce la ansiedad por la energ\u00eda.<\/p>\n<\/div>\n<\/div>\n<\/div>\n<div style=\"max-width: 800px; margin: auto; padding: 20px;\">\n<p><!-- \u5de6\u56fe\u53f3\u6587 --><\/p>\n<div style=\"display: flex; align-items: center; gap: 20px; margin-bottom: 40px; flex-wrap: wrap;\">\n<p><img loading=\"lazy\" decoding=\"async\" class=\"alignnone wp-image-1201\" src=\"https:\/\/www.deopaws.com\/wp-content\/uploads\/2025\/05\/Smart-Rolling-Cat-Toy-Ball-\u2013-Automatic-and-Interactive-1-300x240.jpg\" alt=\"\" width=\"370\" height=\"296\" srcset=\"https:\/\/www.deopaws.com\/wp-content\/uploads\/2025\/05\/Smart-Rolling-Cat-Toy-Ball-\u2013-Automatic-and-Interactive-1-300x240.jpg 300w, https:\/\/www.deopaws.com\/wp-content\/uploads\/2025\/05\/Smart-Rolling-Cat-Toy-Ball-\u2013-Automatic-and-Interactive-1-600x480.jpg 600w, https:\/\/www.deopaws.com\/wp-content\/uploads\/2025\/05\/Smart-Rolling-Cat-Toy-Ball-\u2013-Automatic-and-Interactive-1.jpg 750w\" sizes=\"auto, (max-width: 370px) 100vw, 370px\" \/><\/p>\n<div style=\"flex: 1; min-width: 0;\">\n<p style=\"color: gray;\">Equipado con un motor de alto rendimiento de 12.000 RPM, este dispositivo alcanza velocidades de hasta 1 m\/s, por lo que a los jugadores expertos les resulta dif\u00edcil distinguir entre velocidades altas y bajas.<\/p>\n<\/div>\n<\/div>\n<\/div>\n<h3>Pantalla de f\u00e1brica<\/h3>\n<p>&nbsp;<\/p>\n<div class=\"row\">\n<div class=\"col-lg-4\"><img loading=\"lazy\" decoding=\"async\" class=\"alignnone size-medium wp-image-142\" src=\"https:\/\/gray-bee-883835.hostingersite.com\/wp-content\/uploads\/2025\/04\/Small-pet-raincoat-3_-300x225.jpg\" alt=\"\" width=\"300\" height=\"225\" srcset=\"https:\/\/www.deopaws.com\/wp-content\/uploads\/2025\/04\/Small-pet-raincoat-3_-300x225.jpg 300w, https:\/\/www.deopaws.com\/wp-content\/uploads\/2025\/04\/Small-pet-raincoat-3_-600x450.jpg 600w, https:\/\/www.deopaws.com\/wp-content\/uploads\/2025\/04\/Small-pet-raincoat-3_-768x576.jpg 768w, https:\/\/www.deopaws.com\/wp-content\/uploads\/2025\/04\/Small-pet-raincoat-3_.jpg 800w\" sizes=\"auto, (max-width: 300px) 100vw, 300px\" \/><\/div>\n<div class=\"col-lg-4\"><img loading=\"lazy\" decoding=\"async\" class=\"alignnone size-medium wp-image-138\" src=\"https:\/\/gray-bee-883835.hostingersite.com\/wp-content\/uploads\/2025\/04\/Small-pet-raincoat-2-2-300x225.jpg\" alt=\"\" width=\"300\" height=\"225\" srcset=\"https:\/\/www.deopaws.com\/wp-content\/uploads\/2025\/04\/Small-pet-raincoat-2-2-300x225.jpg 300w, https:\/\/www.deopaws.com\/wp-content\/uploads\/2025\/04\/Small-pet-raincoat-2-2-600x450.jpg 600w, https:\/\/www.deopaws.com\/wp-content\/uploads\/2025\/04\/Small-pet-raincoat-2-2-768x576.jpg 768w, https:\/\/www.deopaws.com\/wp-content\/uploads\/2025\/04\/Small-pet-raincoat-2-2.jpg 800w\" sizes=\"auto, (max-width: 300px) 100vw, 300px\" \/><\/div>\n<div class=\"col-lg-4\"><img loading=\"lazy\" decoding=\"async\" class=\"alignnone size-medium wp-image-139\" src=\"https:\/\/gray-bee-883835.hostingersite.com\/wp-content\/uploads\/2025\/04\/Small-pet-raincoat-3-2-300x225.jpg\" alt=\"\" width=\"300\" height=\"225\" srcset=\"https:\/\/www.deopaws.com\/wp-content\/uploads\/2025\/04\/Small-pet-raincoat-3-2-300x225.jpg 300w, https:\/\/www.deopaws.com\/wp-content\/uploads\/2025\/04\/Small-pet-raincoat-3-2-600x450.jpg 600w, https:\/\/www.deopaws.com\/wp-content\/uploads\/2025\/04\/Small-pet-raincoat-3-2-768x576.jpg 768w, https:\/\/www.deopaws.com\/wp-content\/uploads\/2025\/04\/Small-pet-raincoat-3-2.jpg 800w\" sizes=\"auto, (max-width: 300px) 100vw, 300px\" \/><\/div>\n<p>&nbsp;<\/p>\n<div>\n<div class=\"row\">\n<div class=\"col-lg-4\"><img loading=\"lazy\" decoding=\"async\" class=\"alignnone size-medium wp-image-141\" src=\"https:\/\/gray-bee-883835.hostingersite.com\/wp-content\/uploads\/2025\/04\/Small-pet-raincoat-2_-300x225.jpg\" alt=\"\" width=\"300\" height=\"225\" srcset=\"https:\/\/www.deopaws.com\/wp-content\/uploads\/2025\/04\/Small-pet-raincoat-2_-300x225.jpg 300w, https:\/\/www.deopaws.com\/wp-content\/uploads\/2025\/04\/Small-pet-raincoat-2_-600x450.jpg 600w, https:\/\/www.deopaws.com\/wp-content\/uploads\/2025\/04\/Small-pet-raincoat-2_-768x576.jpg 768w, https:\/\/www.deopaws.com\/wp-content\/uploads\/2025\/04\/Small-pet-raincoat-2_.jpg 800w\" sizes=\"auto, (max-width: 300px) 100vw, 300px\" \/><\/div>\n<div class=\"col-lg-4\"><img loading=\"lazy\" decoding=\"async\" class=\"alignnone size-full wp-image-1656\" src=\"https:\/\/www.deopaws.com\/wp-content\/uploads\/2025\/05\/fact-1_\u526f\u672c.jpg\" alt=\"\" width=\"300\" height=\"225\" \/><\/div>\n<div class=\"col-lg-4\"><img loading=\"lazy\" decoding=\"async\" class=\"alignnone size-medium wp-image-137\" src=\"https:\/\/gray-bee-883835.hostingersite.com\/wp-content\/uploads\/2025\/04\/Small-pet-raincoat-1-2-300x225.jpg\" alt=\"\" width=\"300\" height=\"225\" srcset=\"https:\/\/www.deopaws.com\/wp-content\/uploads\/2025\/04\/Small-pet-raincoat-1-2-300x225.jpg 300w, https:\/\/www.deopaws.com\/wp-content\/uploads\/2025\/04\/Small-pet-raincoat-1-2-600x450.jpg 600w, https:\/\/www.deopaws.com\/wp-content\/uploads\/2025\/04\/Small-pet-raincoat-1-2-768x576.jpg 768w, https:\/\/www.deopaws.com\/wp-content\/uploads\/2025\/04\/Small-pet-raincoat-1-2.jpg 800w\" sizes=\"auto, (max-width: 300px) 100vw, 300px\" \/><\/div>\n<div><\/div>\n<\/div>\n<\/div>\n<\/div>","protected":false},"excerpt":{"rendered":"<p>Este juguete interactivo con pelota para gatos ofrece diversi\u00f3n autom\u00e1tica e inteligente al rodar para mantener a su felino activo y entretenido todo el d\u00eda. Fabricado con ABS y silicona ecol\u00f3gicos, es ligero, duradero y perfecto para jugar a diario en interiores.<\/p>","protected":false},"featured_media":3683,"comment_status":"open","ping_status":"closed","template":"","meta":{"_acf_changed":false},"product_brand":[],"product_cat":[15,17,31],"product_tag":[],"class_list":{"0":"post-1200","1":"product","2":"type-product","3":"status-publish","4":"has-post-thumbnail","6":"product_cat-products","7":"product_cat-cat-supplies","8":"product_cat-cat-toys","10":"first","11":"instock","12":"shipping-taxable","13":"product-type-simple"},"acf":[],"_links":{"self":[{"href":"https:\/\/www.deopaws.com\/es\/wp-json\/wp\/v2\/product\/1200","targetHints":{"allow":["GET"]}}],"collection":[{"href":"https:\/\/www.deopaws.com\/es\/wp-json\/wp\/v2\/product"}],"about":[{"href":"https:\/\/www.deopaws.com\/es\/wp-json\/wp\/v2\/types\/product"}],"replies":[{"embeddable":true,"href":"https:\/\/www.deopaws.com\/es\/wp-json\/wp\/v2\/comments?post=1200"}],"wp:featuredmedia":[{"embeddable":true,"href":"https:\/\/www.deopaws.com\/es\/wp-json\/wp\/v2\/media\/3683"}],"wp:attachment":[{"href":"https:\/\/www.deopaws.com\/es\/wp-json\/wp\/v2\/media?parent=1200"}],"wp:term":[{"taxonomy":"product_brand","embeddable":true,"href":"https:\/\/www.deopaws.com\/es\/wp-json\/wp\/v2\/product_brand?post=1200"},{"taxonomy":"product_cat","embeddable":true,"href":"https:\/\/www.deopaws.com\/es\/wp-json\/wp\/v2\/product_cat?post=1200"},{"taxonomy":"product_tag","embeddable":true,"href":"https:\/\/www.deopaws.com\/es\/wp-json\/wp\/v2\/product_tag?post=1200"}],"curies":[{"name":"wp","href":"https:\/\/api.w.org\/{rel}","templated":true}]}}