{"id":1141,"date":"2025-05-12T15:59:43","date_gmt":"2025-05-12T07:59:43","guid":{"rendered":"https:\/\/www.deopaws.com\/?post_type=product&#038;p=1141"},"modified":"2026-01-04T13:15:33","modified_gmt":"2026-01-04T05:15:33","slug":"pet-fleece-blanket","status":"publish","type":"product","link":"https:\/\/www.deopaws.com\/es\/pet-fleece-blanket\/","title":{"rendered":"Manta polar para mascotas - Manta de felpa gruesa, c\u00e1lida y suave para gatos y perros"},"content":{"rendered":"<h2 data-start=\"77\" data-end=\"192\">Manta polar para mascotas:<\/h2>\n<p>&nbsp;<\/p>\n<p class=\"\" data-start=\"77\" data-end=\"192\">\u25cf En stock: Las mantas de felpa listas para enviar garantizan una entrega r\u00e1pida y un suministro constante a los minoristas.<\/p>\n<p class=\"\" data-start=\"77\" data-end=\"192\"><br data-start=\"97\" data-end=\"100\" \/>\u25cf Confort para todas las estaciones: El material de felpa suave y gruesa mantiene a las mascotas acogedoras durante todo el a\u00f1o, ya sea en invierno o en espacios con aire acondicionado.<\/p>\n<p class=\"\" data-start=\"77\" data-end=\"192\"><br data-start=\"221\" data-end=\"224\" \/>\u25cf F\u00e1cil cuidado: Lavable a mano para un uso c\u00f3modo y prolongado.<\/p>\n<p class=\"\" data-start=\"77\" data-end=\"192\"><br data-start=\"284\" data-end=\"287\" \/>\u25cf Uso vers\u00e1til: Adecuado para gatos y perros peque\u00f1os, ideal para usar en camas, transportines o sobre muebles.<\/p>\n<p class=\"\" data-start=\"77\" data-end=\"192\"><br data-start=\"387\" data-end=\"390\" \/>\u25cf Calidad certificada: Cumple las normas BSCI y SEDEX de seguridad y producci\u00f3n \u00e9tica.<\/p>\n<p class=\"\" data-start=\"77\" data-end=\"192\"><br data-start=\"484\" data-end=\"487\" \/>\u25cf M\u00faltiples tama\u00f1os: Disponible en S, M, L y XL para adaptarse a las diferentes necesidades de las mascotas.<\/p>\n<p>&nbsp;<\/p>\n<p>&nbsp;<\/p>\n<div style=\"max-width: 800px; margin: auto; padding: 20px;\">\n<p><!-- \u5de6\u56fe\u53f3\u6587 --><\/p>\n<div style=\"display: flex; align-items: center; gap: 20px; margin-bottom: 40px; flex-wrap: wrap;\">\n<p><img loading=\"lazy\" decoding=\"async\" class=\"alignnone size-medium wp-image-1147\" src=\"https:\/\/www.deopaws.com\/wp-content\/uploads\/2025\/05\/Thick-Warm-and-Soft-Plush-Blanket-for-Cats-and-Dogs-6-300x240.jpg\" alt=\"\" width=\"300\" height=\"240\" srcset=\"https:\/\/www.deopaws.com\/wp-content\/uploads\/2025\/05\/Thick-Warm-and-Soft-Plush-Blanket-for-Cats-and-Dogs-6-300x240.jpg 300w, https:\/\/www.deopaws.com\/wp-content\/uploads\/2025\/05\/Thick-Warm-and-Soft-Plush-Blanket-for-Cats-and-Dogs-6-600x480.jpg 600w, https:\/\/www.deopaws.com\/wp-content\/uploads\/2025\/05\/Thick-Warm-and-Soft-Plush-Blanket-for-Cats-and-Dogs-6.jpg 750w\" sizes=\"auto, (max-width: 300px) 100vw, 300px\" \/><\/p>\n<div style=\"flex: 1; min-width: 0;\">\n<p style=\"color: gray;\">La lana de cordero doblemente engrosada ofrece calidez y suavidad adicionales, proporcionando a las mascotas una experiencia de descanso acogedora y confortable, especialmente ideal para las estaciones fr\u00edas.<\/p>\n<\/div>\n<\/div>\n<p><!-- \u53f3\u56fe\u5de6\u6587 --><\/p>\n<div style=\"display: flex; flex-direction: row-reverse; align-items: center; gap: 20px; flex-wrap: wrap;\">\n<p><img loading=\"lazy\" decoding=\"async\" class=\"alignnone size-medium wp-image-1146\" src=\"https:\/\/www.deopaws.com\/wp-content\/uploads\/2025\/05\/Thick-Warm-and-Soft-Plush-Blanket-for-Cats-and-Dogs-5-300x240.jpg\" alt=\"\" width=\"300\" height=\"240\" srcset=\"https:\/\/www.deopaws.com\/wp-content\/uploads\/2025\/05\/Thick-Warm-and-Soft-Plush-Blanket-for-Cats-and-Dogs-5-300x240.jpg 300w, https:\/\/www.deopaws.com\/wp-content\/uploads\/2025\/05\/Thick-Warm-and-Soft-Plush-Blanket-for-Cats-and-Dogs-5-600x480.jpg 600w, https:\/\/www.deopaws.com\/wp-content\/uploads\/2025\/05\/Thick-Warm-and-Soft-Plush-Blanket-for-Cats-and-Dogs-5.jpg 750w\" sizes=\"auto, (max-width: 300px) 100vw, 300px\" \/><\/p>\n<div style=\"flex: 1; min-width: 0;\">\n<p style=\"color: gray;\">Los materiales de alta calidad garantizan una calidez y un confort superiores, con lana de cordero de primera calidad que ofrece una capa extra de aislamiento para mantener calientes a las mascotas incluso en los climas m\u00e1s fr\u00edos.<\/p>\n<\/div>\n<\/div>\n<\/div>\n<div style=\"max-width: 800px; margin: auto; padding: 20px;\">\n<p><!-- \u5de6\u56fe\u53f3\u6587 --><\/p>\n<div style=\"display: flex; align-items: center; gap: 20px; margin-bottom: 40px; flex-wrap: wrap;\">\n<p><img loading=\"lazy\" decoding=\"async\" class=\"alignnone size-medium wp-image-1143\" src=\"https:\/\/www.deopaws.com\/wp-content\/uploads\/2025\/05\/Thick-Warm-and-Soft-Plush-Blanket-for-Cats-and-Dogs-2-300x240.jpg\" alt=\"\" width=\"300\" height=\"240\" srcset=\"https:\/\/www.deopaws.com\/wp-content\/uploads\/2025\/05\/Thick-Warm-and-Soft-Plush-Blanket-for-Cats-and-Dogs-2-300x240.jpg 300w, https:\/\/www.deopaws.com\/wp-content\/uploads\/2025\/05\/Thick-Warm-and-Soft-Plush-Blanket-for-Cats-and-Dogs-2-600x480.jpg 600w, https:\/\/www.deopaws.com\/wp-content\/uploads\/2025\/05\/Thick-Warm-and-Soft-Plush-Blanket-for-Cats-and-Dogs-2.jpg 750w\" sizes=\"auto, (max-width: 300px) 100vw, 300px\" \/><\/p>\n<div style=\"flex: 1; min-width: 0;\">\n<p style=\"color: gray;\">Informaci\u00f3n sobre las tallas de los distintos modelos<\/p>\n<\/div>\n<\/div>\n<\/div>\n<h3>Pantalla de f\u00e1brica<\/h3>\n<p>&nbsp;<\/p>\n<div class=\"row\">\n<div class=\"col-lg-4\"><img loading=\"lazy\" decoding=\"async\" class=\"alignnone size-medium wp-image-142\" src=\"https:\/\/gray-bee-883835.hostingersite.com\/wp-content\/uploads\/2025\/04\/Small-pet-raincoat-3_-300x225.jpg\" alt=\"\" width=\"300\" height=\"225\" srcset=\"https:\/\/www.deopaws.com\/wp-content\/uploads\/2025\/04\/Small-pet-raincoat-3_-300x225.jpg 300w, https:\/\/www.deopaws.com\/wp-content\/uploads\/2025\/04\/Small-pet-raincoat-3_-600x450.jpg 600w, https:\/\/www.deopaws.com\/wp-content\/uploads\/2025\/04\/Small-pet-raincoat-3_-768x576.jpg 768w, https:\/\/www.deopaws.com\/wp-content\/uploads\/2025\/04\/Small-pet-raincoat-3_.jpg 800w\" sizes=\"auto, (max-width: 300px) 100vw, 300px\" \/><\/div>\n<div class=\"col-lg-4\"><img loading=\"lazy\" decoding=\"async\" class=\"alignnone size-medium wp-image-138\" src=\"https:\/\/gray-bee-883835.hostingersite.com\/wp-content\/uploads\/2025\/04\/Small-pet-raincoat-2-2-300x225.jpg\" alt=\"\" width=\"300\" height=\"225\" srcset=\"https:\/\/www.deopaws.com\/wp-content\/uploads\/2025\/04\/Small-pet-raincoat-2-2-300x225.jpg 300w, https:\/\/www.deopaws.com\/wp-content\/uploads\/2025\/04\/Small-pet-raincoat-2-2-600x450.jpg 600w, https:\/\/www.deopaws.com\/wp-content\/uploads\/2025\/04\/Small-pet-raincoat-2-2-768x576.jpg 768w, https:\/\/www.deopaws.com\/wp-content\/uploads\/2025\/04\/Small-pet-raincoat-2-2.jpg 800w\" sizes=\"auto, (max-width: 300px) 100vw, 300px\" \/><\/div>\n<div class=\"col-lg-4\"><img loading=\"lazy\" decoding=\"async\" class=\"alignnone size-medium wp-image-139\" src=\"https:\/\/gray-bee-883835.hostingersite.com\/wp-content\/uploads\/2025\/04\/Small-pet-raincoat-3-2-300x225.jpg\" alt=\"\" width=\"300\" height=\"225\" srcset=\"https:\/\/www.deopaws.com\/wp-content\/uploads\/2025\/04\/Small-pet-raincoat-3-2-300x225.jpg 300w, https:\/\/www.deopaws.com\/wp-content\/uploads\/2025\/04\/Small-pet-raincoat-3-2-600x450.jpg 600w, https:\/\/www.deopaws.com\/wp-content\/uploads\/2025\/04\/Small-pet-raincoat-3-2-768x576.jpg 768w, https:\/\/www.deopaws.com\/wp-content\/uploads\/2025\/04\/Small-pet-raincoat-3-2.jpg 800w\" sizes=\"auto, (max-width: 300px) 100vw, 300px\" \/><\/div>\n<p>&nbsp;<\/p>\n<div>\n<div class=\"row\">\n<div class=\"col-lg-4\"><img loading=\"lazy\" decoding=\"async\" class=\"alignnone size-medium wp-image-141\" src=\"https:\/\/gray-bee-883835.hostingersite.com\/wp-content\/uploads\/2025\/04\/Small-pet-raincoat-2_-300x225.jpg\" alt=\"\" width=\"300\" height=\"225\" srcset=\"https:\/\/www.deopaws.com\/wp-content\/uploads\/2025\/04\/Small-pet-raincoat-2_-300x225.jpg 300w, https:\/\/www.deopaws.com\/wp-content\/uploads\/2025\/04\/Small-pet-raincoat-2_-600x450.jpg 600w, https:\/\/www.deopaws.com\/wp-content\/uploads\/2025\/04\/Small-pet-raincoat-2_-768x576.jpg 768w, https:\/\/www.deopaws.com\/wp-content\/uploads\/2025\/04\/Small-pet-raincoat-2_.jpg 800w\" sizes=\"auto, (max-width: 300px) 100vw, 300px\" \/><\/div>\n<div class=\"col-lg-4\"><img loading=\"lazy\" decoding=\"async\" class=\"alignnone size-full wp-image-1656\" src=\"https:\/\/www.deopaws.com\/wp-content\/uploads\/2025\/05\/fact-1_\u526f\u672c.jpg\" alt=\"\" width=\"300\" height=\"225\" \/><\/div>\n<div class=\"col-lg-4\"><img loading=\"lazy\" decoding=\"async\" class=\"alignnone size-medium wp-image-137\" src=\"https:\/\/gray-bee-883835.hostingersite.com\/wp-content\/uploads\/2025\/04\/Small-pet-raincoat-1-2-300x225.jpg\" alt=\"\" width=\"300\" height=\"225\" srcset=\"https:\/\/www.deopaws.com\/wp-content\/uploads\/2025\/04\/Small-pet-raincoat-1-2-300x225.jpg 300w, https:\/\/www.deopaws.com\/wp-content\/uploads\/2025\/04\/Small-pet-raincoat-1-2-600x450.jpg 600w, https:\/\/www.deopaws.com\/wp-content\/uploads\/2025\/04\/Small-pet-raincoat-1-2-768x576.jpg 768w, https:\/\/www.deopaws.com\/wp-content\/uploads\/2025\/04\/Small-pet-raincoat-1-2.jpg 800w\" sizes=\"auto, (max-width: 300px) 100vw, 300px\" \/><\/div>\n<div><\/div>\n<\/div>\n<\/div>\n<\/div>","protected":false},"excerpt":{"rendered":"<p>Esta gruesa, c\u00e1lida y suave manta para mascotas es perfecta para mantener c\u00f3modos a los gatos y perros peque\u00f1os durante todo el a\u00f1o. Fabricada con materiales de alta calidad, es suave con el pelo, f\u00e1cil de limpiar a mano e ideal para camas, transportines o para descansar en cualquier lugar dentro de casa.<\/p>","protected":false},"featured_media":1145,"comment_status":"open","ping_status":"closed","template":"","meta":{"_acf_changed":false},"product_brand":[],"product_cat":[15,17,30],"product_tag":[],"class_list":{"0":"post-1141","1":"product","2":"type-product","3":"status-publish","4":"has-post-thumbnail","6":"product_cat-products","7":"product_cat-cat-supplies","8":"product_cat-cat-beds","10":"first","11":"instock","12":"shipping-taxable","13":"product-type-simple"},"acf":[],"_links":{"self":[{"href":"https:\/\/www.deopaws.com\/es\/wp-json\/wp\/v2\/product\/1141","targetHints":{"allow":["GET"]}}],"collection":[{"href":"https:\/\/www.deopaws.com\/es\/wp-json\/wp\/v2\/product"}],"about":[{"href":"https:\/\/www.deopaws.com\/es\/wp-json\/wp\/v2\/types\/product"}],"replies":[{"embeddable":true,"href":"https:\/\/www.deopaws.com\/es\/wp-json\/wp\/v2\/comments?post=1141"}],"wp:featuredmedia":[{"embeddable":true,"href":"https:\/\/www.deopaws.com\/es\/wp-json\/wp\/v2\/media\/1145"}],"wp:attachment":[{"href":"https:\/\/www.deopaws.com\/es\/wp-json\/wp\/v2\/media?parent=1141"}],"wp:term":[{"taxonomy":"product_brand","embeddable":true,"href":"https:\/\/www.deopaws.com\/es\/wp-json\/wp\/v2\/product_brand?post=1141"},{"taxonomy":"product_cat","embeddable":true,"href":"https:\/\/www.deopaws.com\/es\/wp-json\/wp\/v2\/product_cat?post=1141"},{"taxonomy":"product_tag","embeddable":true,"href":"https:\/\/www.deopaws.com\/es\/wp-json\/wp\/v2\/product_tag?post=1141"}],"curies":[{"name":"wp","href":"https:\/\/api.w.org\/{rel}","templated":true}]}}