{"id":1056,"date":"2025-05-12T10:26:39","date_gmt":"2025-05-12T02:26:39","guid":{"rendered":"https:\/\/www.deopaws.com\/?post_type=product&#038;p=1056"},"modified":"2025-07-29T15:36:39","modified_gmt":"2025-07-29T07:36:39","slug":"large-wooden-cat-tree-with-climbing-frame-jumping-platform-sisal-post-and-condo-pet-house-tower","status":"publish","type":"product","link":"https:\/\/www.deopaws.com\/es\/large-wooden-cat-tree-with-climbing-frame-jumping-platform-sisal-post-and-condo-pet-house-tower\/","title":{"rendered":"\u00c1rbol de madera grande para gatos con estructura para trepar, plataforma para saltar, poste de sisal y torre para casa de mascotas Condo"},"content":{"rendered":"<h2 data-start=\"0\" data-end=\"105\">\u00c1rbol de madera grande para gatos\u00c1rbol de madera grande para gatos:<\/h2>\n<p>&nbsp;<\/p>\n<p class=\"\" data-start=\"0\" data-end=\"105\">Ecol\u00f3gico: Hecho a mano de madera de ingenier\u00eda y sisal, garantizando la seguridad para su gato y el medio ambiente.<\/p>\n<p class=\"\" data-start=\"107\" data-end=\"226\">Funcional y divertido: Cuenta con un marco de escalada, plataforma de salto, poste de sisal y un acogedor condominio para el juego activo y el descanso.<\/p>\n<p class=\"\" data-start=\"228\" data-end=\"329\">Resistente y con estilo: Construcci\u00f3n duradera y dise\u00f1o cl\u00e1sico que se adapta perfectamente a cualquier decoraci\u00f3n del hogar.<\/p>\n<p class=\"\" data-start=\"331\" data-end=\"408\">\u25cf F\u00e1cil instalaci\u00f3n: Proceso de montaje r\u00e1pido y sencillo para una instalaci\u00f3n sin complicaciones.<\/p>\n<p class=\"\" data-start=\"410\" data-end=\"525\">\u25cf Ideal para gatos: Perfecto para descansar, trepar, ara\u00f1ar y proporcionar un entorno estimulante para su gato.<\/p>\n<p class=\"\" data-start=\"527\" data-end=\"596\">\u25cf MOQ bajo: cantidad m\u00ednima de pedido de 2 piezas para facilitar el pedido a granel.<\/p>\n<p>&nbsp;<\/p>\n<p>&nbsp;<\/p>\n<div style=\"max-width: 800px; margin: auto; padding: 20px;\">\n<p><!-- \u5de6\u56fe\u53f3\u6587 --><\/p>\n<div style=\"display: flex; align-items: center; gap: 20px; margin-bottom: 40px; flex-wrap: wrap;\">\n<p><img loading=\"lazy\" decoding=\"async\" class=\"alignnone wp-image-1060\" src=\"https:\/\/www.deopaws.com\/wp-content\/uploads\/2025\/05\/Large-Wooden-Cat-Tree-with-Climbing-Frame-Jumping-Platform-Sisal-Post-and-Condo-Pet-House-Tower-4-300x240.jpg\" alt=\"large wooden cat tree\" width=\"370\" height=\"296\" srcset=\"https:\/\/www.deopaws.com\/wp-content\/uploads\/2025\/05\/Large-Wooden-Cat-Tree-with-Climbing-Frame-Jumping-Platform-Sisal-Post-and-Condo-Pet-House-Tower-4-300x240.jpg 300w, https:\/\/www.deopaws.com\/wp-content\/uploads\/2025\/05\/Large-Wooden-Cat-Tree-with-Climbing-Frame-Jumping-Platform-Sisal-Post-and-Condo-Pet-House-Tower-4-600x480.jpg 600w, https:\/\/www.deopaws.com\/wp-content\/uploads\/2025\/05\/Large-Wooden-Cat-Tree-with-Climbing-Frame-Jumping-Platform-Sisal-Post-and-Condo-Pet-House-Tower-4.jpg 750w\" sizes=\"auto, (max-width: 370px) 100vw, 370px\" \/><\/p>\n<div style=\"flex: 1; min-width: 0;\">\n<p style=\"color: gray;\">Cuenta con una estructura para trepar, una plataforma para saltar, un poste de sisal y un acogedor condominio para el juego activo y el descanso.<\/p>\n<\/div>\n<\/div>\n<p><!-- \u53f3\u56fe\u5de6\u6587 --><\/p>\n<div style=\"display: flex; flex-direction: row-reverse; align-items: center; gap: 20px; flex-wrap: wrap;\">\n<p><img loading=\"lazy\" decoding=\"async\" class=\"alignnone wp-image-1059\" src=\"https:\/\/www.deopaws.com\/wp-content\/uploads\/2025\/05\/Large-Wooden-Cat-Tree-with-Climbing-Frame-Jumping-Platform-Sisal-Post-and-Condo-Pet-House-Tower-3-300x240.jpg\" alt=\"large wooden cat tree\" width=\"370\" height=\"296\" srcset=\"https:\/\/www.deopaws.com\/wp-content\/uploads\/2025\/05\/Large-Wooden-Cat-Tree-with-Climbing-Frame-Jumping-Platform-Sisal-Post-and-Condo-Pet-House-Tower-3-300x240.jpg 300w, https:\/\/www.deopaws.com\/wp-content\/uploads\/2025\/05\/Large-Wooden-Cat-Tree-with-Climbing-Frame-Jumping-Platform-Sisal-Post-and-Condo-Pet-House-Tower-3-600x480.jpg 600w, https:\/\/www.deopaws.com\/wp-content\/uploads\/2025\/05\/Large-Wooden-Cat-Tree-with-Climbing-Frame-Jumping-Platform-Sisal-Post-and-Condo-Pet-House-Tower-3.jpg 750w\" sizes=\"auto, (max-width: 370px) 100vw, 370px\" \/><\/p>\n<div style=\"flex: 1; min-width: 0;\">\n<p style=\"color: gray;\">Fabricado con madera y sisal, garantiza la seguridad de su gato y del medio ambiente.<\/p>\n<\/div>\n<\/div>\n<\/div>\n<div style=\"max-width: 800px; margin: auto; padding: 20px;\">\n<p><!-- \u5de6\u56fe\u53f3\u6587 --><\/p>\n<div style=\"display: flex; align-items: center; gap: 20px; margin-bottom: 40px; flex-wrap: wrap;\">\n<p><img loading=\"lazy\" decoding=\"async\" class=\"alignnone wp-image-1057\" src=\"https:\/\/www.deopaws.com\/wp-content\/uploads\/2025\/05\/Large-Wooden-Cat-Tree-with-Climbing-Frame-Jumping-Platform-Sisal-Post-and-Condo-Pet-House-Tower-1-300x240.jpg\" alt=\"large wooden cat tree\" width=\"370\" height=\"296\" srcset=\"https:\/\/www.deopaws.com\/wp-content\/uploads\/2025\/05\/Large-Wooden-Cat-Tree-with-Climbing-Frame-Jumping-Platform-Sisal-Post-and-Condo-Pet-House-Tower-1-300x240.jpg 300w, https:\/\/www.deopaws.com\/wp-content\/uploads\/2025\/05\/Large-Wooden-Cat-Tree-with-Climbing-Frame-Jumping-Platform-Sisal-Post-and-Condo-Pet-House-Tower-1-600x480.jpg 600w, https:\/\/www.deopaws.com\/wp-content\/uploads\/2025\/05\/Large-Wooden-Cat-Tree-with-Climbing-Frame-Jumping-Platform-Sisal-Post-and-Condo-Pet-House-Tower-1.jpg 750w\" sizes=\"auto, (max-width: 370px) 100vw, 370px\" \/><\/p>\n<div style=\"flex: 1; min-width: 0;\">\n<p style=\"color: gray;\">Construcci\u00f3n duradera y dise\u00f1o cl\u00e1sico que encaja a la perfecci\u00f3n en la decoraci\u00f3n de cualquier hogar.<\/p>\n<\/div>\n<\/div>\n<\/div>\n<h3>Pantalla de f\u00e1brica<\/h3>\n<p>&nbsp;<\/p>\n<div class=\"row\">\n<div class=\"col-lg-4\"><img loading=\"lazy\" decoding=\"async\" class=\"alignnone size-medium wp-image-142\" src=\"https:\/\/gray-bee-883835.hostingersite.com\/wp-content\/uploads\/2025\/04\/Small-pet-raincoat-3_-300x225.jpg\" alt=\"\" width=\"300\" height=\"225\" srcset=\"https:\/\/www.deopaws.com\/wp-content\/uploads\/2025\/04\/Small-pet-raincoat-3_-300x225.jpg 300w, https:\/\/www.deopaws.com\/wp-content\/uploads\/2025\/04\/Small-pet-raincoat-3_-600x450.jpg 600w, https:\/\/www.deopaws.com\/wp-content\/uploads\/2025\/04\/Small-pet-raincoat-3_-768x576.jpg 768w, https:\/\/www.deopaws.com\/wp-content\/uploads\/2025\/04\/Small-pet-raincoat-3_.jpg 800w\" sizes=\"auto, (max-width: 300px) 100vw, 300px\" \/><\/div>\n<div class=\"col-lg-4\"><img loading=\"lazy\" decoding=\"async\" class=\"alignnone size-medium wp-image-138\" src=\"https:\/\/gray-bee-883835.hostingersite.com\/wp-content\/uploads\/2025\/04\/Small-pet-raincoat-2-2-300x225.jpg\" alt=\"\" width=\"300\" height=\"225\" srcset=\"https:\/\/www.deopaws.com\/wp-content\/uploads\/2025\/04\/Small-pet-raincoat-2-2-300x225.jpg 300w, https:\/\/www.deopaws.com\/wp-content\/uploads\/2025\/04\/Small-pet-raincoat-2-2-600x450.jpg 600w, https:\/\/www.deopaws.com\/wp-content\/uploads\/2025\/04\/Small-pet-raincoat-2-2-768x576.jpg 768w, https:\/\/www.deopaws.com\/wp-content\/uploads\/2025\/04\/Small-pet-raincoat-2-2.jpg 800w\" sizes=\"auto, (max-width: 300px) 100vw, 300px\" \/><\/div>\n<div class=\"col-lg-4\"><img loading=\"lazy\" decoding=\"async\" class=\"alignnone size-medium wp-image-139\" src=\"https:\/\/gray-bee-883835.hostingersite.com\/wp-content\/uploads\/2025\/04\/Small-pet-raincoat-3-2-300x225.jpg\" alt=\"\" width=\"300\" height=\"225\" srcset=\"https:\/\/www.deopaws.com\/wp-content\/uploads\/2025\/04\/Small-pet-raincoat-3-2-300x225.jpg 300w, https:\/\/www.deopaws.com\/wp-content\/uploads\/2025\/04\/Small-pet-raincoat-3-2-600x450.jpg 600w, https:\/\/www.deopaws.com\/wp-content\/uploads\/2025\/04\/Small-pet-raincoat-3-2-768x576.jpg 768w, https:\/\/www.deopaws.com\/wp-content\/uploads\/2025\/04\/Small-pet-raincoat-3-2.jpg 800w\" sizes=\"auto, (max-width: 300px) 100vw, 300px\" \/><\/div>\n<p>&nbsp;<\/p>\n<div>\n<div class=\"row\">\n<div class=\"col-lg-4\"><img loading=\"lazy\" decoding=\"async\" class=\"alignnone size-medium wp-image-141\" src=\"https:\/\/gray-bee-883835.hostingersite.com\/wp-content\/uploads\/2025\/04\/Small-pet-raincoat-2_-300x225.jpg\" alt=\"\" width=\"300\" height=\"225\" srcset=\"https:\/\/www.deopaws.com\/wp-content\/uploads\/2025\/04\/Small-pet-raincoat-2_-300x225.jpg 300w, https:\/\/www.deopaws.com\/wp-content\/uploads\/2025\/04\/Small-pet-raincoat-2_-600x450.jpg 600w, https:\/\/www.deopaws.com\/wp-content\/uploads\/2025\/04\/Small-pet-raincoat-2_-768x576.jpg 768w, https:\/\/www.deopaws.com\/wp-content\/uploads\/2025\/04\/Small-pet-raincoat-2_.jpg 800w\" sizes=\"auto, (max-width: 300px) 100vw, 300px\" \/><\/div>\n<div class=\"col-lg-4\"><img loading=\"lazy\" decoding=\"async\" class=\"alignnone size-full wp-image-1656\" src=\"https:\/\/www.deopaws.com\/wp-content\/uploads\/2025\/05\/fact-1_\u526f\u672c.jpg\" alt=\"\" width=\"300\" height=\"225\" \/><\/div>\n<div class=\"col-lg-4\"><img loading=\"lazy\" decoding=\"async\" class=\"alignnone size-medium wp-image-137\" src=\"https:\/\/gray-bee-883835.hostingersite.com\/wp-content\/uploads\/2025\/04\/Small-pet-raincoat-1-2-300x225.jpg\" alt=\"\" width=\"300\" height=\"225\" srcset=\"https:\/\/www.deopaws.com\/wp-content\/uploads\/2025\/04\/Small-pet-raincoat-1-2-300x225.jpg 300w, https:\/\/www.deopaws.com\/wp-content\/uploads\/2025\/04\/Small-pet-raincoat-1-2-600x450.jpg 600w, https:\/\/www.deopaws.com\/wp-content\/uploads\/2025\/04\/Small-pet-raincoat-1-2-768x576.jpg 768w, https:\/\/www.deopaws.com\/wp-content\/uploads\/2025\/04\/Small-pet-raincoat-1-2.jpg 800w\" sizes=\"auto, (max-width: 300px) 100vw, 300px\" \/><\/div>\n<div><\/div>\n<\/div>\n<\/div>\n<\/div>","protected":false},"excerpt":{"rendered":"<p>Este gran \u00e1rbol de madera para gatos cuenta con una estructura para trepar, un poste de sisal y un acogedor condo, ofreciendo un espacio divertido y ecol\u00f3gico para que su gato juegue y descanse. F\u00e1cil de montar y perfecto para cualquier hogar.<\/p>","protected":false},"featured_media":1062,"comment_status":"open","ping_status":"closed","template":"","meta":{"_acf_changed":false},"product_brand":[],"product_cat":[15,17,29],"product_tag":[],"class_list":{"0":"post-1056","1":"product","2":"type-product","3":"status-publish","4":"has-post-thumbnail","6":"product_cat-products","7":"product_cat-cat-supplies","8":"product_cat-cat-trees-furniture","10":"first","11":"instock","12":"shipping-taxable","13":"product-type-simple"},"acf":[],"_links":{"self":[{"href":"https:\/\/www.deopaws.com\/es\/wp-json\/wp\/v2\/product\/1056","targetHints":{"allow":["GET"]}}],"collection":[{"href":"https:\/\/www.deopaws.com\/es\/wp-json\/wp\/v2\/product"}],"about":[{"href":"https:\/\/www.deopaws.com\/es\/wp-json\/wp\/v2\/types\/product"}],"replies":[{"embeddable":true,"href":"https:\/\/www.deopaws.com\/es\/wp-json\/wp\/v2\/comments?post=1056"}],"wp:featuredmedia":[{"embeddable":true,"href":"https:\/\/www.deopaws.com\/es\/wp-json\/wp\/v2\/media\/1062"}],"wp:attachment":[{"href":"https:\/\/www.deopaws.com\/es\/wp-json\/wp\/v2\/media?parent=1056"}],"wp:term":[{"taxonomy":"product_brand","embeddable":true,"href":"https:\/\/www.deopaws.com\/es\/wp-json\/wp\/v2\/product_brand?post=1056"},{"taxonomy":"product_cat","embeddable":true,"href":"https:\/\/www.deopaws.com\/es\/wp-json\/wp\/v2\/product_cat?post=1056"},{"taxonomy":"product_tag","embeddable":true,"href":"https:\/\/www.deopaws.com\/es\/wp-json\/wp\/v2\/product_tag?post=1056"}],"curies":[{"name":"wp","href":"https:\/\/api.w.org\/{rel}","templated":true}]}}