{"id":991,"date":"2025-05-09T16:11:05","date_gmt":"2025-05-09T08:11:05","guid":{"rendered":"https:\/\/www.deopaws.com\/?post_type=product&#038;p=991"},"modified":"2025-07-31T11:27:53","modified_gmt":"2025-07-31T03:27:53","slug":"no-spill-bowls-for-dogs","status":"publish","type":"product","link":"https:\/\/www.deopaws.com\/de\/produkt\/no-spill-bowls-for-dogs\/","title":{"rendered":"Auslaufsichere Futter- und Wassern\u00e4pfe f\u00fcr Hunde - Auslaufsichere, spritzwassergesch\u00fctzte N\u00e4pfe"},"content":{"rendered":"<h2 data-start=\"0\" data-end=\"116\">Sch\u00fcsseln f\u00fcr Hunde d\u00fcrfen nicht versch\u00fcttet werden:<\/h2>\n<p>&nbsp;<\/p>\n<p class=\"\" data-start=\"0\" data-end=\"116\">\u25cf Umweltfreundlich: Hergestellt aus ungiftigen, umweltbewussten Materialien, die sowohl Sicherheit f\u00fcr Ihr Haustier als auch f\u00fcr die Umwelt gew\u00e4hrleisten.<\/p>\n<p class=\"\" data-start=\"118\" data-end=\"233\">\u25cf Auslaufsicheres Design: Das schwimmende, spritzsichere Design verhindert, dass Wasser versch\u00fcttet wird, w\u00e4hrend Ihr Hund trinkt.<\/p>\n<p class=\"\" data-start=\"235\" data-end=\"341\">\u25cf Bequem und praktisch: Entworfen f\u00fcr die einfache Aufbewahrung von Wasser und Tiernahrung, perfekt f\u00fcr die Reise oder den Hausgebrauch.<\/p>\n<p class=\"\" data-start=\"343\" data-end=\"418\">\u25cf Leicht und tragbar: Wiegt nur 1,2 g, so dass es leicht zu tragen.<\/p>\n<p class=\"\" data-start=\"420\" data-end=\"523\">\u25cf Kompakt &amp; Effizient: Mit einer Gr\u00f6\u00dfe von 20<em data-start=\"454\" data-end=\"458\">24<\/em>10 cm, ideal f\u00fcr Haustiere aller Gr\u00f6\u00dfen, um zu trinken, ohne eine Sauerei zu machen.<\/p>\n<p class=\"\" data-start=\"525\" data-end=\"593\">\u25cf Sicher und zertifiziert: Zertifiziert mit CE und FCC f\u00fcr die Qualit\u00e4tssicherung.<\/p>\n<p>&nbsp;<\/p>\n<p>&nbsp;<\/p>\n<p>&nbsp;<\/p>\n<div style=\"max-width: 800px; margin: auto; padding: 20px;\">\n<p><!-- \u5de6\u56fe\u53f3\u6587 --><\/p>\n<div style=\"display: flex; align-items: center; gap: 20px; margin-bottom: 40px; flex-wrap: wrap;\">\n<p><img loading=\"lazy\" decoding=\"async\" class=\"alignnone wp-image-996 size-medium\" src=\"https:\/\/www.deopaws.com\/wp-content\/uploads\/2025\/05\/Water-Splash-Free-Dog-Bowl-\u2013-Floating-No-Spill-Dog-Drinking-Feeder-Anti-Splash-Design.-5-300x240.jpg\" alt=\"no spill bowls for dogs \" width=\"300\" height=\"240\" srcset=\"https:\/\/www.deopaws.com\/wp-content\/uploads\/2025\/05\/Water-Splash-Free-Dog-Bowl-\u2013-Floating-No-Spill-Dog-Drinking-Feeder-Anti-Splash-Design.-5-300x240.jpg 300w, https:\/\/www.deopaws.com\/wp-content\/uploads\/2025\/05\/Water-Splash-Free-Dog-Bowl-\u2013-Floating-No-Spill-Dog-Drinking-Feeder-Anti-Splash-Design.-5-600x480.jpg 600w, https:\/\/www.deopaws.com\/wp-content\/uploads\/2025\/05\/Water-Splash-Free-Dog-Bowl-\u2013-Floating-No-Spill-Dog-Drinking-Feeder-Anti-Splash-Design.-5.jpg 750w\" sizes=\"auto, (max-width: 300px) 100vw, 300px\" \/><\/p>\n<div style=\"flex: 1; min-width: 0;\">\n<p style=\"color: gray;\">Der gebogene Wassernapf passt sich der Mundstruktur des Hundes an und erm\u00f6glicht ihm ein sanftes und nat\u00fcrliches Trinken.<\/p>\n<\/div>\n<\/div>\n<p><!-- \u53f3\u56fe\u5de6\u6587 --><\/p>\n<div style=\"display: flex; flex-direction: row-reverse; align-items: center; gap: 20px; flex-wrap: wrap;\">\n<p><img loading=\"lazy\" decoding=\"async\" class=\"alignnone wp-image-994 size-medium\" src=\"https:\/\/www.deopaws.com\/wp-content\/uploads\/2025\/05\/Water-Splash-Free-Dog-Bowl-\u2013-Floating-No-Spill-Dog-Drinking-Feeder-Anti-Splash-Design.-3-300x240.jpg\" alt=\"no spill bowls for dogs \" width=\"300\" height=\"240\" srcset=\"https:\/\/www.deopaws.com\/wp-content\/uploads\/2025\/05\/Water-Splash-Free-Dog-Bowl-\u2013-Floating-No-Spill-Dog-Drinking-Feeder-Anti-Splash-Design.-3-300x240.jpg 300w, https:\/\/www.deopaws.com\/wp-content\/uploads\/2025\/05\/Water-Splash-Free-Dog-Bowl-\u2013-Floating-No-Spill-Dog-Drinking-Feeder-Anti-Splash-Design.-3-600x480.jpg 600w, https:\/\/www.deopaws.com\/wp-content\/uploads\/2025\/05\/Water-Splash-Free-Dog-Bowl-\u2013-Floating-No-Spill-Dog-Drinking-Feeder-Anti-Splash-Design.-3.jpg 750w\" sizes=\"auto, (max-width: 300px) 100vw, 300px\" \/><\/p>\n<div style=\"flex: 1; min-width: 0;\">\n<p style=\"color: gray;\">Die Antirutschmatte an den vier Ecken des Bodens sorgt daf\u00fcr, dass der Trinkwassernapf des Tieres stabil und sicher steht.<\/p>\n<\/div>\n<\/div>\n<\/div>\n<div style=\"max-width: 800px; margin: auto; padding: 20px;\">\n<p><!-- \u5de6\u56fe\u53f3\u6587 --><\/p>\n<div style=\"display: flex; align-items: center; gap: 20px; margin-bottom: 40px; flex-wrap: wrap;\">\n<p><img loading=\"lazy\" decoding=\"async\" class=\"alignnone wp-image-992 size-medium\" src=\"https:\/\/www.deopaws.com\/wp-content\/uploads\/2025\/05\/Water-Splash-Free-Dog-Bowl-\u2013-Floating-No-Spill-Dog-Drinking-Feeder-Anti-Splash-Design.-1-300x240.jpg\" alt=\"no spill bowls for dogs \" width=\"300\" height=\"240\" srcset=\"https:\/\/www.deopaws.com\/wp-content\/uploads\/2025\/05\/Water-Splash-Free-Dog-Bowl-\u2013-Floating-No-Spill-Dog-Drinking-Feeder-Anti-Splash-Design.-1-300x240.jpg 300w, https:\/\/www.deopaws.com\/wp-content\/uploads\/2025\/05\/Water-Splash-Free-Dog-Bowl-\u2013-Floating-No-Spill-Dog-Drinking-Feeder-Anti-Splash-Design.-1-600x480.jpg 600w, https:\/\/www.deopaws.com\/wp-content\/uploads\/2025\/05\/Water-Splash-Free-Dog-Bowl-\u2013-Floating-No-Spill-Dog-Drinking-Feeder-Anti-Splash-Design.-1.jpg 750w\" sizes=\"auto, (max-width: 300px) 100vw, 300px\" \/><\/p>\n<div style=\"flex: 1; min-width: 0;\">\n<p style=\"color: gray;\">Der Wassernapf kann zur einfachen Demontage und Reinigung geteilt werden und ist mit einer Spritzschutzleiste und einem schwimmenden Brett ausgestattet.<\/p>\n<\/div>\n<\/div>\n<p><!-- \u53f3\u56fe\u5de6\u6587 --><\/p>\n<div style=\"display: flex; flex-direction: row-reverse; align-items: center; gap: 20px; flex-wrap: wrap;\">\n<p><img loading=\"lazy\" decoding=\"async\" class=\"alignnone wp-image-999 size-medium\" src=\"https:\/\/www.deopaws.com\/wp-content\/uploads\/2025\/05\/H61599688f8a448dd8abc1438bbcd0a48v_\u526f\u672c-300x240.jpg\" alt=\"no spill bowls for dogs \" width=\"300\" height=\"240\" srcset=\"https:\/\/www.deopaws.com\/wp-content\/uploads\/2025\/05\/H61599688f8a448dd8abc1438bbcd0a48v_\u526f\u672c-300x240.jpg 300w, https:\/\/www.deopaws.com\/wp-content\/uploads\/2025\/05\/H61599688f8a448dd8abc1438bbcd0a48v_\u526f\u672c-600x480.jpg 600w, https:\/\/www.deopaws.com\/wp-content\/uploads\/2025\/05\/H61599688f8a448dd8abc1438bbcd0a48v_\u526f\u672c.jpg 750w\" sizes=\"auto, (max-width: 300px) 100vw, 300px\" \/><\/p>\n<div style=\"flex: 1; min-width: 0;\">\n<p style=\"color: gray;\">Verhindert einen feuchten Mund, beugt Gelbf\u00e4rbung vor und hilft bei der Vorbeugung von Hautkrankheiten, die durch Feuchtigkeit im Gesicht verursacht werden.<\/p>\n<\/div>\n<\/div>\n<\/div>\n<div style=\"max-width: 800px; margin: auto; padding: 20px;\">\n<p><!-- \u5de6\u56fe\u53f3\u6587 --><\/p>\n<div style=\"display: flex; align-items: center; gap: 20px; margin-bottom: 40px; flex-wrap: wrap;\">\n<p><img loading=\"lazy\" decoding=\"async\" class=\"alignnone wp-image-995 size-medium\" src=\"https:\/\/www.deopaws.com\/wp-content\/uploads\/2025\/05\/Water-Splash-Free-Dog-Bowl-\u2013-Floating-No-Spill-Dog-Drinking-Feeder-Anti-Splash-Design.-4-300x240.jpg\" alt=\"no spill bowls for dogs \" width=\"300\" height=\"240\" srcset=\"https:\/\/www.deopaws.com\/wp-content\/uploads\/2025\/05\/Water-Splash-Free-Dog-Bowl-\u2013-Floating-No-Spill-Dog-Drinking-Feeder-Anti-Splash-Design.-4-300x240.jpg 300w, https:\/\/www.deopaws.com\/wp-content\/uploads\/2025\/05\/Water-Splash-Free-Dog-Bowl-\u2013-Floating-No-Spill-Dog-Drinking-Feeder-Anti-Splash-Design.-4-600x480.jpg 600w, https:\/\/www.deopaws.com\/wp-content\/uploads\/2025\/05\/Water-Splash-Free-Dog-Bowl-\u2013-Floating-No-Spill-Dog-Drinking-Feeder-Anti-Splash-Design.-4.jpg 750w\" sizes=\"auto, (max-width: 300px) 100vw, 300px\" \/><\/p>\n<div style=\"flex: 1; min-width: 0;\">\n<p style=\"color: gray;\">Der Wassernapf f\u00fcr Hunde im Auto verf\u00fcgt \u00fcber ein spritzwassergesch\u00fctztes Streifendesign, das das Auslaufen von Wasser beim Sch\u00fctteln verhindert und sich an verschiedene Fahrzeugumgebungen anpasst.<\/p>\n<\/div>\n<\/div>\n<\/div>\n<h3>Werksanzeige<\/h3>\n<p>&nbsp;<\/p>\n<div class=\"row\">\n<div class=\"col-lg-4\"><img loading=\"lazy\" decoding=\"async\" class=\"alignnone size-medium wp-image-142\" src=\"https:\/\/gray-bee-883835.hostingersite.com\/wp-content\/uploads\/2025\/04\/Small-pet-raincoat-3_-300x225.jpg\" alt=\"\" width=\"300\" height=\"225\" srcset=\"https:\/\/www.deopaws.com\/wp-content\/uploads\/2025\/04\/Small-pet-raincoat-3_-300x225.jpg 300w, https:\/\/www.deopaws.com\/wp-content\/uploads\/2025\/04\/Small-pet-raincoat-3_-600x450.jpg 600w, https:\/\/www.deopaws.com\/wp-content\/uploads\/2025\/04\/Small-pet-raincoat-3_-768x576.jpg 768w, https:\/\/www.deopaws.com\/wp-content\/uploads\/2025\/04\/Small-pet-raincoat-3_.jpg 800w\" sizes=\"auto, (max-width: 300px) 100vw, 300px\" \/><\/div>\n<div class=\"col-lg-4\"><img loading=\"lazy\" decoding=\"async\" class=\"alignnone size-medium wp-image-138\" src=\"https:\/\/gray-bee-883835.hostingersite.com\/wp-content\/uploads\/2025\/04\/Small-pet-raincoat-2-2-300x225.jpg\" alt=\"\" width=\"300\" height=\"225\" srcset=\"https:\/\/www.deopaws.com\/wp-content\/uploads\/2025\/04\/Small-pet-raincoat-2-2-300x225.jpg 300w, https:\/\/www.deopaws.com\/wp-content\/uploads\/2025\/04\/Small-pet-raincoat-2-2-600x450.jpg 600w, https:\/\/www.deopaws.com\/wp-content\/uploads\/2025\/04\/Small-pet-raincoat-2-2-768x576.jpg 768w, https:\/\/www.deopaws.com\/wp-content\/uploads\/2025\/04\/Small-pet-raincoat-2-2.jpg 800w\" sizes=\"auto, (max-width: 300px) 100vw, 300px\" \/><\/div>\n<div class=\"col-lg-4\"><img loading=\"lazy\" decoding=\"async\" class=\"alignnone size-medium wp-image-139\" src=\"https:\/\/gray-bee-883835.hostingersite.com\/wp-content\/uploads\/2025\/04\/Small-pet-raincoat-3-2-300x225.jpg\" alt=\"\" width=\"300\" height=\"225\" srcset=\"https:\/\/www.deopaws.com\/wp-content\/uploads\/2025\/04\/Small-pet-raincoat-3-2-300x225.jpg 300w, https:\/\/www.deopaws.com\/wp-content\/uploads\/2025\/04\/Small-pet-raincoat-3-2-600x450.jpg 600w, https:\/\/www.deopaws.com\/wp-content\/uploads\/2025\/04\/Small-pet-raincoat-3-2-768x576.jpg 768w, https:\/\/www.deopaws.com\/wp-content\/uploads\/2025\/04\/Small-pet-raincoat-3-2.jpg 800w\" sizes=\"auto, (max-width: 300px) 100vw, 300px\" \/><\/div>\n<p>&nbsp;<\/p>\n<div>\n<div class=\"row\">\n<div class=\"col-lg-4\"><img loading=\"lazy\" decoding=\"async\" class=\"alignnone size-medium wp-image-141\" src=\"https:\/\/gray-bee-883835.hostingersite.com\/wp-content\/uploads\/2025\/04\/Small-pet-raincoat-2_-300x225.jpg\" alt=\"\" width=\"300\" height=\"225\" srcset=\"https:\/\/www.deopaws.com\/wp-content\/uploads\/2025\/04\/Small-pet-raincoat-2_-300x225.jpg 300w, https:\/\/www.deopaws.com\/wp-content\/uploads\/2025\/04\/Small-pet-raincoat-2_-600x450.jpg 600w, https:\/\/www.deopaws.com\/wp-content\/uploads\/2025\/04\/Small-pet-raincoat-2_-768x576.jpg 768w, https:\/\/www.deopaws.com\/wp-content\/uploads\/2025\/04\/Small-pet-raincoat-2_.jpg 800w\" sizes=\"auto, (max-width: 300px) 100vw, 300px\" \/><\/div>\n<div class=\"col-lg-4\"><img loading=\"lazy\" decoding=\"async\" class=\"alignnone size-full wp-image-1656\" src=\"https:\/\/www.deopaws.com\/wp-content\/uploads\/2025\/05\/fact-1_\u526f\u672c.jpg\" alt=\"\" width=\"300\" height=\"225\" \/><\/div>\n<div class=\"col-lg-4\"><img loading=\"lazy\" decoding=\"async\" class=\"alignnone size-medium wp-image-137\" src=\"https:\/\/gray-bee-883835.hostingersite.com\/wp-content\/uploads\/2025\/04\/Small-pet-raincoat-1-2-300x225.jpg\" alt=\"\" width=\"300\" height=\"225\" srcset=\"https:\/\/www.deopaws.com\/wp-content\/uploads\/2025\/04\/Small-pet-raincoat-1-2-300x225.jpg 300w, https:\/\/www.deopaws.com\/wp-content\/uploads\/2025\/04\/Small-pet-raincoat-1-2-600x450.jpg 600w, https:\/\/www.deopaws.com\/wp-content\/uploads\/2025\/04\/Small-pet-raincoat-1-2-768x576.jpg 768w, https:\/\/www.deopaws.com\/wp-content\/uploads\/2025\/04\/Small-pet-raincoat-1-2.jpg 800w\" sizes=\"auto, (max-width: 300px) 100vw, 300px\" \/><\/div>\n<div><\/div>\n<\/div>\n<\/div>\n<\/div>","protected":false},"excerpt":{"rendered":"<p>Die auslaufsicheren Hunden\u00e4pfe verf\u00fcgen \u00fcber ein schwimmendes, spritzgesch\u00fctztes Design, das ein Versch\u00fctten wirksam verhindert. Aus umweltfreundlichem Silikon und ABS hergestellt, sorgen diese N\u00e4pfe f\u00fcr eine saubere Fl\u00fcssigkeitszufuhr und Futteraufbewahrung. Sie sind kompakt und zertifiziert und bieten eine praktische und dauerhafte L\u00f6sung f\u00fcr die F\u00fctterung Ihres Haustiers.<\/p>","protected":false},"featured_media":998,"comment_status":"open","ping_status":"closed","template":"","meta":{"_acf_changed":false},"product_brand":[],"product_cat":[15,16,28],"product_tag":[],"class_list":{"0":"post-991","1":"product","2":"type-product","3":"status-publish","4":"has-post-thumbnail","6":"product_cat-products","7":"product_cat-dog-supplies","8":"product_cat-dog-feeding-watering-supplies","10":"first","11":"instock","12":"shipping-taxable","13":"product-type-simple"},"acf":[],"_links":{"self":[{"href":"https:\/\/www.deopaws.com\/de\/wp-json\/wp\/v2\/product\/991","targetHints":{"allow":["GET"]}}],"collection":[{"href":"https:\/\/www.deopaws.com\/de\/wp-json\/wp\/v2\/product"}],"about":[{"href":"https:\/\/www.deopaws.com\/de\/wp-json\/wp\/v2\/types\/product"}],"replies":[{"embeddable":true,"href":"https:\/\/www.deopaws.com\/de\/wp-json\/wp\/v2\/comments?post=991"}],"wp:featuredmedia":[{"embeddable":true,"href":"https:\/\/www.deopaws.com\/de\/wp-json\/wp\/v2\/media\/998"}],"wp:attachment":[{"href":"https:\/\/www.deopaws.com\/de\/wp-json\/wp\/v2\/media?parent=991"}],"wp:term":[{"taxonomy":"product_brand","embeddable":true,"href":"https:\/\/www.deopaws.com\/de\/wp-json\/wp\/v2\/product_brand?post=991"},{"taxonomy":"product_cat","embeddable":true,"href":"https:\/\/www.deopaws.com\/de\/wp-json\/wp\/v2\/product_cat?post=991"},{"taxonomy":"product_tag","embeddable":true,"href":"https:\/\/www.deopaws.com\/de\/wp-json\/wp\/v2\/product_tag?post=991"}],"curies":[{"name":"wp","href":"https:\/\/api.w.org\/{rel}","templated":true}]}}