{"id":765,"date":"2025-05-08T10:27:14","date_gmt":"2025-05-08T02:27:14","guid":{"rendered":"https:\/\/www.deopaws.com\/?post_type=product&#038;p=765"},"modified":"2025-08-01T10:37:38","modified_gmt":"2025-08-01T02:37:38","slug":"dog-crate-bed","status":"publish","type":"product","link":"https:\/\/www.deopaws.com\/de\/produkt\/dog-crate-bed\/","title":{"rendered":"Pl\u00fcsch-Hundekistenbett - weiches, waschbares und bequemes Bett f\u00fcr Haustiere f\u00fcr Kisten"},"content":{"rendered":"<h2 data-start=\"199\" data-end=\"328\">Bett in der Hundekiste:<\/h2>\n<p>&nbsp;<\/p>\n<p class=\"\" data-start=\"199\" data-end=\"328\">\u25cf Beruhigender Komfort: Entworfen als flache, gem\u00fctliche Kistenunterlage, bietet sie einen weichen und sicheren Platz, damit sich Haustiere entspannen und bequem ausruhen k\u00f6nnen.<\/p>\n<p class=\"\" data-start=\"331\" data-end=\"445\">\u25cf Weich und st\u00fctzend: Gefertigt aus umweltfreundlichem Polyester mit Pl\u00fcschf\u00fcllung f\u00fcr sanfte Unterst\u00fctzung und zus\u00e4tzliche Weichheit.<\/p>\n<p>\u25cf Waschbar und pflegeleicht: Die maschinenwaschbare Konstruktion macht die Reinigung m\u00fchelos und h\u00e4lt die Matte frisch.<\/p>\n<p>\u25cf Stilvoll und praktisch: Ein wendbares Design mit gedruckten Mustern sorgt f\u00fcr einen modernen und vielseitigen Look.<\/p>\n<p>\u25cf Leicht und tragbar: Wiegt nur 347g-631g, so dass es leicht zu bewegen, falten, oder auf Reisen nehmen.<\/p>\n<p class=\"\" data-start=\"770\" data-end=\"884\">\u25cf Ideale Gr\u00f6\u00dfe f\u00fcr Haustiere: Mit einer Gr\u00f6\u00dfe von 60\u00d743\u00d74 cm ist es f\u00fcr kleine bis mittelgro\u00dfe Hunde geeignet und ideal f\u00fcr Kisten oder B\u00f6den.<\/p>\n<p>&nbsp;<\/p>\n<p>&nbsp;<\/p>\n<div style=\"max-width: 800px; margin: auto; padding: 20px;\">\n<p><!-- \u5de6\u56fe\u53f3\u6587 --><\/p>\n<div style=\"display: flex; align-items: center; gap: 20px; margin-bottom: 40px; flex-wrap: wrap;\">\n<p><img loading=\"lazy\" decoding=\"async\" class=\"alignnone wp-image-767\" src=\"https:\/\/www.deopaws.com\/wp-content\/uploads\/2025\/05\/Custom-Wholesale-Plush-Reversible-Dog-Crate-Pad-\u2013-Soft-Washable-Pet-Bed-Mat-with-New-Design-3-300x240.jpg\" alt=\"dog crate bed\" width=\"370\" height=\"296\" srcset=\"https:\/\/www.deopaws.com\/wp-content\/uploads\/2025\/05\/Custom-Wholesale-Plush-Reversible-Dog-Crate-Pad-\u2013-Soft-Washable-Pet-Bed-Mat-with-New-Design-3-300x240.jpg 300w, https:\/\/www.deopaws.com\/wp-content\/uploads\/2025\/05\/Custom-Wholesale-Plush-Reversible-Dog-Crate-Pad-\u2013-Soft-Washable-Pet-Bed-Mat-with-New-Design-3-600x480.jpg 600w, https:\/\/www.deopaws.com\/wp-content\/uploads\/2025\/05\/Custom-Wholesale-Plush-Reversible-Dog-Crate-Pad-\u2013-Soft-Washable-Pet-Bed-Mat-with-New-Design-3.jpg 750w\" sizes=\"auto, (max-width: 370px) 100vw, 370px\" \/><\/p>\n<div style=\"flex: 1; min-width: 0;\">\n<p style=\"color: gray;\">Unsere Hundespielzeuge in Tierform und verschiedenen Farben sind so konzipiert, dass sie den nat\u00fcrlichen Instinkt der meisten Hunde befriedigen.<\/p>\n<\/div>\n<\/div>\n<p><!-- \u53f3\u56fe\u5de6\u6587 --><\/p>\n<div style=\"display: flex; flex-direction: row-reverse; align-items: center; gap: 20px; flex-wrap: wrap;\">\n<p><img loading=\"lazy\" decoding=\"async\" class=\"alignnone wp-image-771\" src=\"https:\/\/www.deopaws.com\/wp-content\/uploads\/2025\/05\/Custom-Wholesale-Plush-Reversible-Dog-Crate-Pad-\u2013-Soft-Washable-Pet-Bed-Mat-with-New-Design-7-300x240.jpg\" alt=\"dog crate bed\" width=\"370\" height=\"296\" srcset=\"https:\/\/www.deopaws.com\/wp-content\/uploads\/2025\/05\/Custom-Wholesale-Plush-Reversible-Dog-Crate-Pad-\u2013-Soft-Washable-Pet-Bed-Mat-with-New-Design-7-300x240.jpg 300w, https:\/\/www.deopaws.com\/wp-content\/uploads\/2025\/05\/Custom-Wholesale-Plush-Reversible-Dog-Crate-Pad-\u2013-Soft-Washable-Pet-Bed-Mat-with-New-Design-7-600x480.jpg 600w, https:\/\/www.deopaws.com\/wp-content\/uploads\/2025\/05\/Custom-Wholesale-Plush-Reversible-Dog-Crate-Pad-\u2013-Soft-Washable-Pet-Bed-Mat-with-New-Design-7.jpg 750w\" sizes=\"auto, (max-width: 370px) 100vw, 370px\" \/><\/p>\n<div style=\"flex: 1; min-width: 0;\">\n<p style=\"color: gray;\">Befriedigt den Kautrieb Ihres Tieres und st\u00e4rkt sein Interesse an Bewegung - auch wenn es auf einem bequemen Bett in der Hundebox ruht.<\/p>\n<\/div>\n<\/div>\n<\/div>\n<div style=\"max-width: 800px; margin: auto; padding: 20px;\">\n<p><!-- \u5de6\u56fe\u53f3\u6587 --><\/p>\n<div style=\"display: flex; align-items: center; gap: 20px; margin-bottom: 40px; flex-wrap: wrap;\">\n<p><img loading=\"lazy\" decoding=\"async\" class=\"alignnone wp-image-774\" src=\"https:\/\/www.deopaws.com\/wp-content\/uploads\/2025\/05\/Custom-Wholesale-Plush-Reversible-Dog-Crate-Pad-\u2013-Soft-Washable-Pet-Bed-Mat-with-New-Design-1-300x240.jpg\" alt=\"dog crate bed\" width=\"370\" height=\"296\" srcset=\"https:\/\/www.deopaws.com\/wp-content\/uploads\/2025\/05\/Custom-Wholesale-Plush-Reversible-Dog-Crate-Pad-\u2013-Soft-Washable-Pet-Bed-Mat-with-New-Design-1-300x240.jpg 300w, https:\/\/www.deopaws.com\/wp-content\/uploads\/2025\/05\/Custom-Wholesale-Plush-Reversible-Dog-Crate-Pad-\u2013-Soft-Washable-Pet-Bed-Mat-with-New-Design-1-600x480.jpg 600w, https:\/\/www.deopaws.com\/wp-content\/uploads\/2025\/05\/Custom-Wholesale-Plush-Reversible-Dog-Crate-Pad-\u2013-Soft-Washable-Pet-Bed-Mat-with-New-Design-1.jpg 750w\" sizes=\"auto, (max-width: 370px) 100vw, 370px\" \/><\/p>\n<div style=\"flex: 1; min-width: 0;\">\n<p style=\"color: gray;\">Dieses Spielzeug hilft, zerst\u00f6rerisches Kauen zu verhindern, indem es die Aufmerksamkeit Ihres Hundes fesselt. Gleichzeitig f\u00f6rdert es die soziale Interaktion und st\u00e4rkt die Bindung zwischen Ihnen und Ihrem Haustier durch lustiges, einnehmendes Spiel.<\/p>\n<\/div>\n<\/div>\n<p><!-- \u53f3\u56fe\u5de6\u6587 --><\/p>\n<div style=\"display: flex; flex-direction: row-reverse; align-items: center; gap: 20px; flex-wrap: wrap;\">\n<p><img loading=\"lazy\" decoding=\"async\" class=\"alignnone wp-image-164\" src=\"https:\/\/gray-bee-883835.hostingersite.com\/wp-content\/uploads\/2025\/04\/1213-300x240.jpg\" alt=\"\" width=\"370\" height=\"296\" srcset=\"https:\/\/www.deopaws.com\/wp-content\/uploads\/2025\/04\/1213-300x240.jpg 300w, https:\/\/www.deopaws.com\/wp-content\/uploads\/2025\/04\/1213-600x480.jpg 600w, https:\/\/www.deopaws.com\/wp-content\/uploads\/2025\/04\/1213.jpg 750w\" sizes=\"auto, (max-width: 370px) 100vw, 370px\" \/><\/p>\n<div style=\"flex: 1; min-width: 0;\">\n<p style=\"color: gray;\">Dieses Hundetuch ist nicht nur einzigartig, sondern auch vollst\u00e4ndig anpassbar. Sie k\u00f6nnen verschiedene Gr\u00f6\u00dfen, Farben, Muster oder personalisierte Stickereien wie Namen oder spezielle Designs anbieten, die auf den Vorlieben Ihrer Kunden basieren. Das macht jeden Pullover zu einem Unikat, das perfekt auf die Bed\u00fcrfnisse von Haustieren und Haustierbesitzern zugeschnitten ist und die Attraktivit\u00e4t und Wettbewerbsf\u00e4higkeit des Produkts steigert.<\/p>\n<\/div>\n<\/div>\n<\/div>\n<div style=\"max-width: 800px; margin: auto; padding: 20px;\">\n<p><!-- \u5de6\u56fe\u53f3\u6587 --><\/p>\n<div style=\"display: flex; align-items: center; gap: 20px; margin-bottom: 40px; flex-wrap: wrap;\">\n<p><img loading=\"lazy\" decoding=\"async\" class=\"alignnone wp-image-159\" src=\"https:\/\/gray-bee-883835.hostingersite.com\/wp-content\/uploads\/2025\/04\/111-300x240.jpg\" alt=\"\" width=\"370\" height=\"296\" srcset=\"https:\/\/www.deopaws.com\/wp-content\/uploads\/2025\/04\/111-300x240.jpg 300w, https:\/\/www.deopaws.com\/wp-content\/uploads\/2025\/04\/111-600x480.jpg 600w, https:\/\/www.deopaws.com\/wp-content\/uploads\/2025\/04\/111.jpg 750w\" sizes=\"auto, (max-width: 370px) 100vw, 370px\" \/><\/p>\n<div style=\"flex: 1; min-width: 0;\">\n<p style=\"color: gray;\">Diese Hundet\u00fccher gibt es in einer breiten Palette von Farben, die zu den verschiedenen Pers\u00f6nlichkeiten der Tiere passen. Ob warme Rott\u00f6ne, leuchtende Blaut\u00f6ne, sanfte Rosat\u00f6ne oder klassische Schwarz- und Wei\u00dft\u00f6ne - Sie k\u00f6nnen je nach den Vorlieben Ihres Tieres oder Ihrer Kunden w\u00e4hlen. Jede Farbe wurde sorgf\u00e4ltig entworfen, um sicherzustellen, dass sie sowohl stilvoll als auch f\u00fcr verschiedene Anl\u00e4sse geeignet ist und sowohl Komfort als auch Charme f\u00fcr jeden kleinen Hund bietet.<\/p>\n<\/div>\n<\/div>\n<p><!-- \u53f3\u56fe\u5de6\u6587 --><\/p>\n<div style=\"display: flex; flex-direction: row-reverse; align-items: center; gap: 20px; flex-wrap: wrap;\">\n<p><img loading=\"lazy\" decoding=\"async\" class=\"alignnone wp-image-160\" src=\"https:\/\/gray-bee-883835.hostingersite.com\/wp-content\/uploads\/2025\/04\/112-300x240.jpg\" alt=\"\" width=\"370\" height=\"296\" srcset=\"https:\/\/www.deopaws.com\/wp-content\/uploads\/2025\/04\/112-300x240.jpg 300w, https:\/\/www.deopaws.com\/wp-content\/uploads\/2025\/04\/112-600x480.jpg 600w, https:\/\/www.deopaws.com\/wp-content\/uploads\/2025\/04\/112.jpg 750w\" sizes=\"auto, (max-width: 370px) 100vw, 370px\" \/><\/p>\n<div style=\"flex: 1; min-width: 0;\">\n<p style=\"color: gray;\">Vollst\u00e4ndig anpassbar<\/p>\n<\/div>\n<\/div>\n<\/div>\n<div style=\"max-width: 800px; margin: auto; padding: 20px;\">\n<p><!-- \u5de6\u56fe\u53f3\u6587 --><\/p>\n<div style=\"display: flex; align-items: center; gap: 20px; margin-bottom: 40px; flex-wrap: wrap;\">\n<p><img loading=\"lazy\" decoding=\"async\" class=\"alignnone wp-image-161\" src=\"https:\/\/gray-bee-883835.hostingersite.com\/wp-content\/uploads\/2025\/04\/113-300x240.jpg\" alt=\"\" width=\"370\" height=\"296\" srcset=\"https:\/\/www.deopaws.com\/wp-content\/uploads\/2025\/04\/113-300x240.jpg 300w, https:\/\/www.deopaws.com\/wp-content\/uploads\/2025\/04\/113-600x480.jpg 600w, https:\/\/www.deopaws.com\/wp-content\/uploads\/2025\/04\/113.jpg 750w\" sizes=\"auto, (max-width: 370px) 100vw, 370px\" \/><\/p>\n<div style=\"flex: 1; min-width: 0;\">\n<p style=\"color: gray;\">\u00a0Sie ist aus hochwertigem Polarfleece gefertigt und bietet ein weiches Tragegef\u00fchl und eine hervorragende Isolierung f\u00fcr k\u00fchle Tage.<\/p>\n<\/div>\n<\/div>\n<p><!-- \u53f3\u56fe\u5de6\u6587 --><\/p>\n<div style=\"display: flex; flex-direction: row-reverse; align-items: center; gap: 20px; flex-wrap: wrap;\">\n<p><img loading=\"lazy\" decoding=\"async\" class=\"alignnone wp-image-157\" src=\"https:\/\/gray-bee-883835.hostingersite.com\/wp-content\/uploads\/2025\/04\/11212-300x240.jpg\" alt=\"\" width=\"370\" height=\"296\" srcset=\"https:\/\/www.deopaws.com\/wp-content\/uploads\/2025\/04\/11212-300x240.jpg 300w, https:\/\/www.deopaws.com\/wp-content\/uploads\/2025\/04\/11212-600x480.jpg 600w, https:\/\/www.deopaws.com\/wp-content\/uploads\/2025\/04\/11212.jpg 750w\" sizes=\"auto, (max-width: 370px) 100vw, 370px\" \/><\/p>\n<div style=\"flex: 1; min-width: 0;\">\n<p style=\"color: gray;\">Sie k\u00f6nnen die T\u00fccher mit Ihrem eigenen Logo versehen, um sie zu einem gro\u00dfartigen Werbeartikel f\u00fcr Ihr Unternehmen zu machen. Der Pullover kommt auch mit einem praktischen OPP-Tasche f\u00fcr einfache Lagerung und Transport.<\/p>\n<\/div>\n<\/div>\n<\/div>\n<h3>Werksanzeige<\/h3>\n<p>&nbsp;<\/p>\n<div class=\"row\">\n<div class=\"col-lg-4\"><img loading=\"lazy\" decoding=\"async\" class=\"alignnone size-medium wp-image-142\" src=\"https:\/\/gray-bee-883835.hostingersite.com\/wp-content\/uploads\/2025\/04\/Small-pet-raincoat-3_-300x225.jpg\" alt=\"\" width=\"300\" height=\"225\" srcset=\"https:\/\/www.deopaws.com\/wp-content\/uploads\/2025\/04\/Small-pet-raincoat-3_-300x225.jpg 300w, https:\/\/www.deopaws.com\/wp-content\/uploads\/2025\/04\/Small-pet-raincoat-3_-600x450.jpg 600w, https:\/\/www.deopaws.com\/wp-content\/uploads\/2025\/04\/Small-pet-raincoat-3_-768x576.jpg 768w, https:\/\/www.deopaws.com\/wp-content\/uploads\/2025\/04\/Small-pet-raincoat-3_.jpg 800w\" sizes=\"auto, (max-width: 300px) 100vw, 300px\" \/><\/div>\n<div class=\"col-lg-4\"><img loading=\"lazy\" decoding=\"async\" class=\"alignnone size-medium wp-image-138\" src=\"https:\/\/gray-bee-883835.hostingersite.com\/wp-content\/uploads\/2025\/04\/Small-pet-raincoat-2-2-300x225.jpg\" alt=\"\" width=\"300\" height=\"225\" srcset=\"https:\/\/www.deopaws.com\/wp-content\/uploads\/2025\/04\/Small-pet-raincoat-2-2-300x225.jpg 300w, https:\/\/www.deopaws.com\/wp-content\/uploads\/2025\/04\/Small-pet-raincoat-2-2-600x450.jpg 600w, https:\/\/www.deopaws.com\/wp-content\/uploads\/2025\/04\/Small-pet-raincoat-2-2-768x576.jpg 768w, https:\/\/www.deopaws.com\/wp-content\/uploads\/2025\/04\/Small-pet-raincoat-2-2.jpg 800w\" sizes=\"auto, (max-width: 300px) 100vw, 300px\" \/><\/div>\n<div class=\"col-lg-4\"><img loading=\"lazy\" decoding=\"async\" class=\"alignnone size-medium wp-image-139\" src=\"https:\/\/gray-bee-883835.hostingersite.com\/wp-content\/uploads\/2025\/04\/Small-pet-raincoat-3-2-300x225.jpg\" alt=\"\" width=\"300\" height=\"225\" srcset=\"https:\/\/www.deopaws.com\/wp-content\/uploads\/2025\/04\/Small-pet-raincoat-3-2-300x225.jpg 300w, https:\/\/www.deopaws.com\/wp-content\/uploads\/2025\/04\/Small-pet-raincoat-3-2-600x450.jpg 600w, https:\/\/www.deopaws.com\/wp-content\/uploads\/2025\/04\/Small-pet-raincoat-3-2-768x576.jpg 768w, https:\/\/www.deopaws.com\/wp-content\/uploads\/2025\/04\/Small-pet-raincoat-3-2.jpg 800w\" sizes=\"auto, (max-width: 300px) 100vw, 300px\" \/><\/div>\n<p>&nbsp;<\/p>\n<div>\n<div class=\"row\">\n<div class=\"col-lg-4\"><img loading=\"lazy\" decoding=\"async\" class=\"alignnone size-medium wp-image-141\" src=\"https:\/\/gray-bee-883835.hostingersite.com\/wp-content\/uploads\/2025\/04\/Small-pet-raincoat-2_-300x225.jpg\" alt=\"\" width=\"300\" height=\"225\" srcset=\"https:\/\/www.deopaws.com\/wp-content\/uploads\/2025\/04\/Small-pet-raincoat-2_-300x225.jpg 300w, https:\/\/www.deopaws.com\/wp-content\/uploads\/2025\/04\/Small-pet-raincoat-2_-600x450.jpg 600w, https:\/\/www.deopaws.com\/wp-content\/uploads\/2025\/04\/Small-pet-raincoat-2_-768x576.jpg 768w, https:\/\/www.deopaws.com\/wp-content\/uploads\/2025\/04\/Small-pet-raincoat-2_.jpg 800w\" sizes=\"auto, (max-width: 300px) 100vw, 300px\" \/><\/div>\n<div class=\"col-lg-4\"><img loading=\"lazy\" decoding=\"async\" class=\"alignnone size-full wp-image-1656\" src=\"https:\/\/www.deopaws.com\/wp-content\/uploads\/2025\/05\/fact-1_\u526f\u672c.jpg\" alt=\"\" width=\"300\" height=\"225\" \/><\/div>\n<div class=\"col-lg-4\"><img loading=\"lazy\" decoding=\"async\" class=\"alignnone size-medium wp-image-137\" src=\"https:\/\/gray-bee-883835.hostingersite.com\/wp-content\/uploads\/2025\/04\/Small-pet-raincoat-1-2-300x225.jpg\" alt=\"\" width=\"300\" height=\"225\" srcset=\"https:\/\/www.deopaws.com\/wp-content\/uploads\/2025\/04\/Small-pet-raincoat-1-2-300x225.jpg 300w, https:\/\/www.deopaws.com\/wp-content\/uploads\/2025\/04\/Small-pet-raincoat-1-2-600x450.jpg 600w, https:\/\/www.deopaws.com\/wp-content\/uploads\/2025\/04\/Small-pet-raincoat-1-2-768x576.jpg 768w, https:\/\/www.deopaws.com\/wp-content\/uploads\/2025\/04\/Small-pet-raincoat-1-2.jpg 800w\" sizes=\"auto, (max-width: 300px) 100vw, 300px\" \/><\/div>\n<div><\/div>\n<\/div>\n<\/div>\n<\/div>","protected":false},"excerpt":{"rendered":"<p>This plush, reversible dog crate bed offers cozy comfort and practical style for your pet. Made from eco-friendly polyester with soft filling, it&#8217;s lightweight, washable, and ideal for crates or on-the-go use. The modern printed design and dual-sided surface add versatility and charm.<\/p>","protected":false},"featured_media":770,"comment_status":"open","ping_status":"closed","template":"","meta":{"_acf_changed":false},"product_brand":[],"product_cat":[15,16,23],"product_tag":[],"class_list":{"0":"post-765","1":"product","2":"type-product","3":"status-publish","4":"has-post-thumbnail","6":"product_cat-products","7":"product_cat-dog-supplies","8":"product_cat-dog-beds","10":"first","11":"instock","12":"shipping-taxable","13":"product-type-simple"},"acf":[],"_links":{"self":[{"href":"https:\/\/www.deopaws.com\/de\/wp-json\/wp\/v2\/product\/765","targetHints":{"allow":["GET"]}}],"collection":[{"href":"https:\/\/www.deopaws.com\/de\/wp-json\/wp\/v2\/product"}],"about":[{"href":"https:\/\/www.deopaws.com\/de\/wp-json\/wp\/v2\/types\/product"}],"replies":[{"embeddable":true,"href":"https:\/\/www.deopaws.com\/de\/wp-json\/wp\/v2\/comments?post=765"}],"wp:featuredmedia":[{"embeddable":true,"href":"https:\/\/www.deopaws.com\/de\/wp-json\/wp\/v2\/media\/770"}],"wp:attachment":[{"href":"https:\/\/www.deopaws.com\/de\/wp-json\/wp\/v2\/media?parent=765"}],"wp:term":[{"taxonomy":"product_brand","embeddable":true,"href":"https:\/\/www.deopaws.com\/de\/wp-json\/wp\/v2\/product_brand?post=765"},{"taxonomy":"product_cat","embeddable":true,"href":"https:\/\/www.deopaws.com\/de\/wp-json\/wp\/v2\/product_cat?post=765"},{"taxonomy":"product_tag","embeddable":true,"href":"https:\/\/www.deopaws.com\/de\/wp-json\/wp\/v2\/product_tag?post=765"}],"curies":[{"name":"wp","href":"https:\/\/api.w.org\/{rel}","templated":true}]}}