{"id":672,"date":"2025-04-29T17:17:49","date_gmt":"2025-04-29T09:17:49","guid":{"rendered":"https:\/\/www.deopaws.com\/?post_type=product&#038;p=672"},"modified":"2025-08-01T13:57:47","modified_gmt":"2025-08-01T05:57:47","slug":"retractable-dog-leash","status":"publish","type":"product","link":"https:\/\/www.deopaws.com\/de\/produkt\/retractable-dog-leash\/","title":{"rendered":"5 m lange einziehbare Hundeleine - reflektierend, verstellbar mit LED-Licht und Schleifen-Dekor f\u00fcr sichere Spazierg\u00e4nge"},"content":{"rendered":"<h2 data-start=\"0\" data-end=\"163\">Einziehbare Hundeleine:<\/h2>\n<p>&nbsp;<\/p>\n<p class=\"\" data-start=\"0\" data-end=\"163\">\u25cf Reflektierend und verstellbar: Entwickelt f\u00fcr maximale Sichtbarkeit und Sicherheit bei Nachtspazierg\u00e4ngen, ist diese 5 m lange einziehbare Leine ideal f\u00fcr Hunde, Katzen und Kleintiere.<\/p>\n<p class=\"\" data-start=\"168\" data-end=\"318\">\u25cf Leichtg\u00e4ngiges einziehbares Design: Kontrollieren Sie m\u00fchelos die Reichweite Ihres Haustieres mit dem langlebigen Einziehmechanismus, der sowohl f\u00fcr den Innen- als auch f\u00fcr den Au\u00dfenbereich geeignet ist.<\/p>\n<p class=\"\" data-start=\"320\" data-end=\"456\">\u25cf Stilvoll und funktionell: Mit moderner Banddekoration und eingebautem LED-Licht, das Mode und Zweckm\u00e4\u00dfigkeit f\u00fcr t\u00e4gliche Spazierg\u00e4nge verbindet.<\/p>\n<p class=\"\" data-start=\"458\" data-end=\"583\">\u25cf Bequemer Griff: Der ergonomisch geformte Griff bietet einen sicheren und bequemen Halt und macht lange Spazierg\u00e4nge noch angenehmer.<\/p>\n<p class=\"\" data-start=\"585\" data-end=\"712\">\u25cf Hochwertige Materialien: Hergestellt aus umweltfreundlichem Nylon, ist diese Leine verschlei\u00dffest, stark und perfekt f\u00fcr den ganzj\u00e4hrigen Gebrauch.<\/p>\n<p class=\"\" data-start=\"714\" data-end=\"783\">\u25cf Verf\u00fcgbare Gr\u00f6\u00dfen: Erh\u00e4ltlich in S und M, um Haustieren unterschiedlicher Gr\u00f6\u00dfe zu passen.<\/p>\n<p>&nbsp;<\/p>\n<p>&nbsp;<\/p>\n<div style=\"max-width: 800px; margin: auto; padding: 20px;\">\n<p><!-- \u5de6\u56fe\u53f3\u6587 --><\/p>\n<div style=\"display: flex; align-items: center; gap: 20px; margin-bottom: 40px; flex-wrap: wrap;\">\n<p><img loading=\"lazy\" decoding=\"async\" class=\"alignnone wp-image-674\" src=\"https:\/\/www.deopaws.com\/wp-content\/uploads\/2025\/04\/5M-Reflective-Retractable-Pet-Leash-\u2013-Adjustable-with-LED-Light-and-Ribbon-Decor-for-Dogs-Cats-2-300x240.jpg\" alt=\"Retractable dog leash\" width=\"370\" height=\"296\" srcset=\"https:\/\/www.deopaws.com\/wp-content\/uploads\/2025\/04\/5M-Reflective-Retractable-Pet-Leash-\u2013-Adjustable-with-LED-Light-and-Ribbon-Decor-for-Dogs-Cats-2-300x240.jpg 300w, https:\/\/www.deopaws.com\/wp-content\/uploads\/2025\/04\/5M-Reflective-Retractable-Pet-Leash-\u2013-Adjustable-with-LED-Light-and-Ribbon-Decor-for-Dogs-Cats-2-600x480.jpg 600w, https:\/\/www.deopaws.com\/wp-content\/uploads\/2025\/04\/5M-Reflective-Retractable-Pet-Leash-\u2013-Adjustable-with-LED-Light-and-Ribbon-Decor-for-Dogs-Cats-2.jpg 750w\" sizes=\"auto, (max-width: 370px) 100vw, 370px\" \/><\/p>\n<div style=\"flex: 1; min-width: 0;\">\n<p style=\"color: gray;\">Ausgestattet mit einem verstellbaren Schultergurt, einem ergonomischen Griff, einem schnellen und dauerhaften Bremssystem, einem Haken aus einer Zinklegierung, einem abnehmbaren Verschluss, einer ABS-Au\u00dfenh\u00fclle und einem glatten Schieber ist diese Leine auf Komfort, Kontrolle und eine lange Nutzungsdauer ausgelegt.<\/p>\n<\/div>\n<\/div>\n<p><!-- \u53f3\u56fe\u5de6\u6587 --><\/p>\n<div style=\"display: flex; flex-direction: row-reverse; align-items: center; gap: 20px; flex-wrap: wrap;\">\n<p><img loading=\"lazy\" decoding=\"async\" class=\"alignnone wp-image-675\" src=\"https:\/\/www.deopaws.com\/wp-content\/uploads\/2025\/04\/5M-Reflective-Retractable-Pet-Leash-\u2013-Adjustable-with-LED-Light-and-Ribbon-Decor-for-Dogs-Cats-3-300x240.jpg\" alt=\"Retractable dog leash\" width=\"370\" height=\"296\" srcset=\"https:\/\/www.deopaws.com\/wp-content\/uploads\/2025\/04\/5M-Reflective-Retractable-Pet-Leash-\u2013-Adjustable-with-LED-Light-and-Ribbon-Decor-for-Dogs-Cats-3-300x240.jpg 300w, https:\/\/www.deopaws.com\/wp-content\/uploads\/2025\/04\/5M-Reflective-Retractable-Pet-Leash-\u2013-Adjustable-with-LED-Light-and-Ribbon-Decor-for-Dogs-Cats-3-600x480.jpg 600w, https:\/\/www.deopaws.com\/wp-content\/uploads\/2025\/04\/5M-Reflective-Retractable-Pet-Leash-\u2013-Adjustable-with-LED-Light-and-Ribbon-Decor-for-Dogs-Cats-3.jpg 750w\" sizes=\"auto, (max-width: 370px) 100vw, 370px\" \/><\/p>\n<div style=\"flex: 1; min-width: 0;\">\n<p style=\"color: gray;\">Gr\u00f6\u00dfentabelle f\u00fcr einziehbare Hundeleine<\/p>\n<\/div>\n<\/div>\n<\/div>\n<div style=\"max-width: 800px; margin: auto; padding: 20px;\">\n<p><!-- \u5de6\u56fe\u53f3\u6587 --><\/p>\n<div style=\"display: flex; align-items: center; gap: 20px; margin-bottom: 40px; flex-wrap: wrap;\">\n<p><img loading=\"lazy\" decoding=\"async\" class=\"alignnone wp-image-679\" src=\"https:\/\/www.deopaws.com\/wp-content\/uploads\/2025\/04\/5M-Reflective-Retractable-Pet-Leash-\u2013-Adjustable-with-LED-Light-and-Ribbon-Decor-for-Dogs-Cats-7-300x240.jpg\" alt=\"Retractable dog leash\" width=\"370\" height=\"296\" srcset=\"https:\/\/www.deopaws.com\/wp-content\/uploads\/2025\/04\/5M-Reflective-Retractable-Pet-Leash-\u2013-Adjustable-with-LED-Light-and-Ribbon-Decor-for-Dogs-Cats-7-300x240.jpg 300w, https:\/\/www.deopaws.com\/wp-content\/uploads\/2025\/04\/5M-Reflective-Retractable-Pet-Leash-\u2013-Adjustable-with-LED-Light-and-Ribbon-Decor-for-Dogs-Cats-7-600x480.jpg 600w, https:\/\/www.deopaws.com\/wp-content\/uploads\/2025\/04\/5M-Reflective-Retractable-Pet-Leash-\u2013-Adjustable-with-LED-Light-and-Ribbon-Decor-for-Dogs-Cats-7.jpg 750w\" sizes=\"auto, (max-width: 370px) 100vw, 370px\" \/><\/p>\n<div style=\"flex: 1; min-width: 0;\">\n<p style=\"color: gray;\">Diese Leine verf\u00fcgt \u00fcber ein schnelles und dauerhaftes Bremssystem mit zwei Modi: Modus 1 bietet eine Langzeitsperre durch Dr\u00fccken des gro\u00dfen Knopfes und Schieben des kleinen Knopfes nach vorne (Entsperren durch Zur\u00fcckschieben), w\u00e4hrend Modus 2 eine kurze Sperre durch einfaches Dr\u00fccken des gro\u00dfen Knopfes bietet - f\u00fcr Sicherheit und Kontrolle bei jedem Spaziergang.<\/p>\n<\/div>\n<\/div>\n<p><!-- \u53f3\u56fe\u5de6\u6587 --><\/p>\n<div style=\"display: flex; flex-direction: row-reverse; align-items: center; gap: 20px; flex-wrap: wrap;\">\n<p><img loading=\"lazy\" decoding=\"async\" class=\"alignnone wp-image-676\" src=\"https:\/\/www.deopaws.com\/wp-content\/uploads\/2025\/04\/5M-Reflective-Retractable-Pet-Leash-\u2013-Adjustable-with-LED-Light-and-Ribbon-Decor-for-Dogs-Cats-4-300x240.jpg\" alt=\"Retractable dog leash\" width=\"370\" height=\"296\" srcset=\"https:\/\/www.deopaws.com\/wp-content\/uploads\/2025\/04\/5M-Reflective-Retractable-Pet-Leash-\u2013-Adjustable-with-LED-Light-and-Ribbon-Decor-for-Dogs-Cats-4-300x240.jpg 300w, https:\/\/www.deopaws.com\/wp-content\/uploads\/2025\/04\/5M-Reflective-Retractable-Pet-Leash-\u2013-Adjustable-with-LED-Light-and-Ribbon-Decor-for-Dogs-Cats-4-600x480.jpg 600w, https:\/\/www.deopaws.com\/wp-content\/uploads\/2025\/04\/5M-Reflective-Retractable-Pet-Leash-\u2013-Adjustable-with-LED-Light-and-Ribbon-Decor-for-Dogs-Cats-4.jpg 750w\" sizes=\"auto, (max-width: 370px) 100vw, 370px\" \/><\/p>\n<div style=\"flex: 1; min-width: 0;\">\n<p style=\"color: gray;\">Das W-f\u00f6rmige Design des Leinenausgangs sorgt f\u00fcr eine reibungslose 360\u00b0-Verl\u00e4ngerung ohne Verheddern, so dass Ihr Haustier mehr Freiheit hat und gleichzeitig die Kontrolle beh\u00e4lt.<\/p>\n<\/div>\n<\/div>\n<\/div>\n<div style=\"max-width: 800px; margin: auto; padding: 20px;\">\n<p><!-- \u5de6\u56fe\u53f3\u6587 --><\/p>\n<div style=\"display: flex; align-items: center; gap: 20px; margin-bottom: 40px; flex-wrap: wrap;\">\n<p><img loading=\"lazy\" decoding=\"async\" class=\"alignnone wp-image-677\" src=\"https:\/\/www.deopaws.com\/wp-content\/uploads\/2025\/04\/5M-Reflective-Retractable-Pet-Leash-\u2013-Adjustable-with-LED-Light-and-Ribbon-Decor-for-Dogs-Cats-5-300x240.jpg\" alt=\"Retractable dog leash\" width=\"370\" height=\"296\" srcset=\"https:\/\/www.deopaws.com\/wp-content\/uploads\/2025\/04\/5M-Reflective-Retractable-Pet-Leash-\u2013-Adjustable-with-LED-Light-and-Ribbon-Decor-for-Dogs-Cats-5-300x240.jpg 300w, https:\/\/www.deopaws.com\/wp-content\/uploads\/2025\/04\/5M-Reflective-Retractable-Pet-Leash-\u2013-Adjustable-with-LED-Light-and-Ribbon-Decor-for-Dogs-Cats-5-600x480.jpg 600w, https:\/\/www.deopaws.com\/wp-content\/uploads\/2025\/04\/5M-Reflective-Retractable-Pet-Leash-\u2013-Adjustable-with-LED-Light-and-Ribbon-Decor-for-Dogs-Cats-5.jpg 750w\" sizes=\"auto, (max-width: 370px) 100vw, 370px\" \/><\/p>\n<div style=\"flex: 1; min-width: 0;\">\n<p style=\"color: gray;\">Der aus TPE-Material gefertigte Griff bietet einen weichen, bequemen und rutschfesten Griff f\u00fcr ausgedehnte Spazierg\u00e4nge.<\/p>\n<\/div>\n<\/div>\n<p><!-- \u53f3\u56fe\u5de6\u6587 --><\/p>\n<div style=\"display: flex; flex-direction: row-reverse; align-items: center; gap: 20px; flex-wrap: wrap;\">\n<p><img loading=\"lazy\" decoding=\"async\" class=\"alignnone wp-image-680\" src=\"https:\/\/www.deopaws.com\/wp-content\/uploads\/2025\/04\/5M-Reflective-Retractable-Pet-Leash-\u2013-Adjustable-with-LED-Light-and-Ribbon-Decor-for-Dogs-Cats-8-300x240.jpg\" alt=\"Retractable dog leash\" width=\"370\" height=\"296\" srcset=\"https:\/\/www.deopaws.com\/wp-content\/uploads\/2025\/04\/5M-Reflective-Retractable-Pet-Leash-\u2013-Adjustable-with-LED-Light-and-Ribbon-Decor-for-Dogs-Cats-8-300x240.jpg 300w, https:\/\/www.deopaws.com\/wp-content\/uploads\/2025\/04\/5M-Reflective-Retractable-Pet-Leash-\u2013-Adjustable-with-LED-Light-and-Ribbon-Decor-for-Dogs-Cats-8-600x480.jpg 600w, https:\/\/www.deopaws.com\/wp-content\/uploads\/2025\/04\/5M-Reflective-Retractable-Pet-Leash-\u2013-Adjustable-with-LED-Light-and-Ribbon-Decor-for-Dogs-Cats-8.jpg 750w\" sizes=\"auto, (max-width: 370px) 100vw, 370px\" \/><\/p>\n<div style=\"flex: 1; min-width: 0;\">\n<p style=\"color: gray;\">Der Haken aus einer Zinklegierung ist mit einem TPE-Polstermodul kombiniert, das einen Aufprall auf den Griff beim schnellen Zur\u00fcckziehen wirksam verhindert und so Sicherheit und Haltbarkeit gew\u00e4hrleistet.<\/p>\n<\/div>\n<\/div>\n<\/div>\n<div style=\"max-width: 800px; margin: auto; padding: 20px;\">\n<p><!-- \u5de6\u56fe\u53f3\u6587 --><\/p>\n<div style=\"display: flex; align-items: center; gap: 20px; margin-bottom: 40px; flex-wrap: wrap;\">\n<p><img loading=\"lazy\" decoding=\"async\" class=\"alignnone wp-image-673\" src=\"https:\/\/www.deopaws.com\/wp-content\/uploads\/2025\/04\/5M-Reflective-Retractable-Pet-Leash-\u2013-Adjustable-with-LED-Light-and-Ribbon-Decor-for-Dogs-Cats-1-300x240.jpg\" alt=\"\" width=\"370\" height=\"296\" srcset=\"https:\/\/www.deopaws.com\/wp-content\/uploads\/2025\/04\/5M-Reflective-Retractable-Pet-Leash-\u2013-Adjustable-with-LED-Light-and-Ribbon-Decor-for-Dogs-Cats-1-300x240.jpg 300w, https:\/\/www.deopaws.com\/wp-content\/uploads\/2025\/04\/5M-Reflective-Retractable-Pet-Leash-\u2013-Adjustable-with-LED-Light-and-Ribbon-Decor-for-Dogs-Cats-1-600x480.jpg 600w, https:\/\/www.deopaws.com\/wp-content\/uploads\/2025\/04\/5M-Reflective-Retractable-Pet-Leash-\u2013-Adjustable-with-LED-Light-and-Ribbon-Decor-for-Dogs-Cats-1.jpg 750w\" sizes=\"auto, (max-width: 370px) 100vw, 370px\" \/><\/p>\n<div style=\"flex: 1; min-width: 0;\">\n<p style=\"color: gray;\">Das reflektierende Gurtband sorgt f\u00fcr Sichtbarkeit und Sicherheit bei Nachtspazierg\u00e4ngen, w\u00e4hrend das hochdichte Polyestermaterial St\u00e4rke und Strapazierf\u00e4higkeit bietet - und die L\u00e4nge von 5 Metern bietet Ihrem Haustier mehr Freiheit f\u00fcr Erkundungen.<\/p>\n<\/div>\n<\/div>\n<p><!-- \u53f3\u56fe\u5de6\u6587 --><\/p>\n<div style=\"display: flex; flex-direction: row-reverse; align-items: center; gap: 20px; flex-wrap: wrap;\">\n<p><img loading=\"lazy\" decoding=\"async\" class=\"alignnone wp-image-164\" src=\"https:\/\/gray-bee-883835.hostingersite.com\/wp-content\/uploads\/2025\/04\/1213-300x240.jpg\" alt=\"\" width=\"370\" height=\"296\" srcset=\"https:\/\/www.deopaws.com\/wp-content\/uploads\/2025\/04\/1213-300x240.jpg 300w, https:\/\/www.deopaws.com\/wp-content\/uploads\/2025\/04\/1213-600x480.jpg 600w, https:\/\/www.deopaws.com\/wp-content\/uploads\/2025\/04\/1213.jpg 750w\" sizes=\"auto, (max-width: 370px) 100vw, 370px\" \/><\/p>\n<div style=\"flex: 1; min-width: 0;\">\n<p style=\"color: gray;\">Dieses Hundetuch ist nicht nur einzigartig, sondern auch vollst\u00e4ndig anpassbar. Sie k\u00f6nnen verschiedene Gr\u00f6\u00dfen, Farben, Muster oder personalisierte Stickereien wie Namen oder spezielle Designs anbieten, die auf den Vorlieben Ihrer Kunden basieren. Das macht jeden Pullover zu einem Unikat, das perfekt auf die Bed\u00fcrfnisse von Haustieren und Haustierbesitzern zugeschnitten ist und die Attraktivit\u00e4t und Wettbewerbsf\u00e4higkeit des Produkts steigert.<\/p>\n<\/div>\n<\/div>\n<\/div>\n<div style=\"max-width: 800px; margin: auto; padding: 20px;\">\n<p><!-- \u5de6\u56fe\u53f3\u6587 --><\/p>\n<div style=\"display: flex; align-items: center; gap: 20px; margin-bottom: 40px; flex-wrap: wrap;\">\n<p><img loading=\"lazy\" decoding=\"async\" class=\"alignnone wp-image-159\" src=\"https:\/\/gray-bee-883835.hostingersite.com\/wp-content\/uploads\/2025\/04\/111-300x240.jpg\" alt=\"\" width=\"370\" height=\"296\" srcset=\"https:\/\/www.deopaws.com\/wp-content\/uploads\/2025\/04\/111-300x240.jpg 300w, https:\/\/www.deopaws.com\/wp-content\/uploads\/2025\/04\/111-600x480.jpg 600w, https:\/\/www.deopaws.com\/wp-content\/uploads\/2025\/04\/111.jpg 750w\" sizes=\"auto, (max-width: 370px) 100vw, 370px\" \/><\/p>\n<div style=\"flex: 1; min-width: 0;\">\n<p style=\"color: gray;\">Diese Hundet\u00fccher gibt es in einer breiten Palette von Farben, die zu den verschiedenen Pers\u00f6nlichkeiten der Tiere passen. Ob warme Rott\u00f6ne, leuchtende Blaut\u00f6ne, sanfte Rosat\u00f6ne oder klassische Schwarz- und Wei\u00dft\u00f6ne - Sie k\u00f6nnen je nach den Vorlieben Ihres Tieres oder Ihrer Kunden w\u00e4hlen. Jede Farbe wurde sorgf\u00e4ltig entworfen, um sicherzustellen, dass sie sowohl stilvoll als auch f\u00fcr verschiedene Anl\u00e4sse geeignet ist und sowohl Komfort als auch Charme f\u00fcr jeden kleinen Hund bietet.<\/p>\n<\/div>\n<\/div>\n<p><!-- \u53f3\u56fe\u5de6\u6587 --><\/p>\n<div style=\"display: flex; flex-direction: row-reverse; align-items: center; gap: 20px; flex-wrap: wrap;\">\n<p><img loading=\"lazy\" decoding=\"async\" class=\"alignnone wp-image-160\" src=\"https:\/\/gray-bee-883835.hostingersite.com\/wp-content\/uploads\/2025\/04\/112-300x240.jpg\" alt=\"\" width=\"370\" height=\"296\" srcset=\"https:\/\/www.deopaws.com\/wp-content\/uploads\/2025\/04\/112-300x240.jpg 300w, https:\/\/www.deopaws.com\/wp-content\/uploads\/2025\/04\/112-600x480.jpg 600w, https:\/\/www.deopaws.com\/wp-content\/uploads\/2025\/04\/112.jpg 750w\" sizes=\"auto, (max-width: 370px) 100vw, 370px\" \/><\/p>\n<div style=\"flex: 1; min-width: 0;\">\n<p style=\"color: gray;\">Vollst\u00e4ndig anpassbar<\/p>\n<\/div>\n<\/div>\n<\/div>\n<div style=\"max-width: 800px; margin: auto; padding: 20px;\">\n<p><!-- \u5de6\u56fe\u53f3\u6587 --><\/p>\n<div style=\"display: flex; align-items: center; gap: 20px; margin-bottom: 40px; flex-wrap: wrap;\">\n<p><img loading=\"lazy\" decoding=\"async\" class=\"alignnone wp-image-161\" src=\"https:\/\/gray-bee-883835.hostingersite.com\/wp-content\/uploads\/2025\/04\/113-300x240.jpg\" alt=\"\" width=\"370\" height=\"296\" srcset=\"https:\/\/www.deopaws.com\/wp-content\/uploads\/2025\/04\/113-300x240.jpg 300w, https:\/\/www.deopaws.com\/wp-content\/uploads\/2025\/04\/113-600x480.jpg 600w, https:\/\/www.deopaws.com\/wp-content\/uploads\/2025\/04\/113.jpg 750w\" sizes=\"auto, (max-width: 370px) 100vw, 370px\" \/><\/p>\n<div style=\"flex: 1; min-width: 0;\">\n<p style=\"color: gray;\">\u00a0Sie ist aus hochwertigem Polarfleece gefertigt und bietet ein weiches Tragegef\u00fchl und eine hervorragende Isolierung f\u00fcr k\u00fchle Tage.<\/p>\n<\/div>\n<\/div>\n<p><!-- \u53f3\u56fe\u5de6\u6587 --><\/p>\n<div style=\"display: flex; flex-direction: row-reverse; align-items: center; gap: 20px; flex-wrap: wrap;\">\n<p><img loading=\"lazy\" decoding=\"async\" class=\"alignnone wp-image-157\" src=\"https:\/\/gray-bee-883835.hostingersite.com\/wp-content\/uploads\/2025\/04\/11212-300x240.jpg\" alt=\"\" width=\"370\" height=\"296\" srcset=\"https:\/\/www.deopaws.com\/wp-content\/uploads\/2025\/04\/11212-300x240.jpg 300w, https:\/\/www.deopaws.com\/wp-content\/uploads\/2025\/04\/11212-600x480.jpg 600w, https:\/\/www.deopaws.com\/wp-content\/uploads\/2025\/04\/11212.jpg 750w\" sizes=\"auto, (max-width: 370px) 100vw, 370px\" \/><\/p>\n<div style=\"flex: 1; min-width: 0;\">\n<p style=\"color: gray;\">Sie k\u00f6nnen die T\u00fccher mit Ihrem eigenen Logo versehen, um sie zu einem gro\u00dfartigen Werbeartikel f\u00fcr Ihr Unternehmen zu machen. Der Pullover kommt auch mit einem praktischen OPP-Tasche f\u00fcr einfache Lagerung und Transport.<\/p>\n<\/div>\n<\/div>\n<\/div>\n<h3>Werksanzeige<\/h3>\n<p>&nbsp;<\/p>\n<div class=\"row\">\n<div class=\"col-lg-4\"><img loading=\"lazy\" decoding=\"async\" class=\"alignnone size-medium wp-image-142\" src=\"https:\/\/gray-bee-883835.hostingersite.com\/wp-content\/uploads\/2025\/04\/Small-pet-raincoat-3_-300x225.jpg\" alt=\"\" width=\"300\" height=\"225\" srcset=\"https:\/\/www.deopaws.com\/wp-content\/uploads\/2025\/04\/Small-pet-raincoat-3_-300x225.jpg 300w, https:\/\/www.deopaws.com\/wp-content\/uploads\/2025\/04\/Small-pet-raincoat-3_-600x450.jpg 600w, https:\/\/www.deopaws.com\/wp-content\/uploads\/2025\/04\/Small-pet-raincoat-3_-768x576.jpg 768w, https:\/\/www.deopaws.com\/wp-content\/uploads\/2025\/04\/Small-pet-raincoat-3_.jpg 800w\" sizes=\"auto, (max-width: 300px) 100vw, 300px\" \/><\/div>\n<div class=\"col-lg-4\"><img loading=\"lazy\" decoding=\"async\" class=\"alignnone size-medium wp-image-138\" src=\"https:\/\/gray-bee-883835.hostingersite.com\/wp-content\/uploads\/2025\/04\/Small-pet-raincoat-2-2-300x225.jpg\" alt=\"\" width=\"300\" height=\"225\" srcset=\"https:\/\/www.deopaws.com\/wp-content\/uploads\/2025\/04\/Small-pet-raincoat-2-2-300x225.jpg 300w, https:\/\/www.deopaws.com\/wp-content\/uploads\/2025\/04\/Small-pet-raincoat-2-2-600x450.jpg 600w, https:\/\/www.deopaws.com\/wp-content\/uploads\/2025\/04\/Small-pet-raincoat-2-2-768x576.jpg 768w, https:\/\/www.deopaws.com\/wp-content\/uploads\/2025\/04\/Small-pet-raincoat-2-2.jpg 800w\" sizes=\"auto, (max-width: 300px) 100vw, 300px\" \/><\/div>\n<div class=\"col-lg-4\"><img loading=\"lazy\" decoding=\"async\" class=\"alignnone size-medium wp-image-139\" src=\"https:\/\/gray-bee-883835.hostingersite.com\/wp-content\/uploads\/2025\/04\/Small-pet-raincoat-3-2-300x225.jpg\" alt=\"\" width=\"300\" height=\"225\" srcset=\"https:\/\/www.deopaws.com\/wp-content\/uploads\/2025\/04\/Small-pet-raincoat-3-2-300x225.jpg 300w, https:\/\/www.deopaws.com\/wp-content\/uploads\/2025\/04\/Small-pet-raincoat-3-2-600x450.jpg 600w, https:\/\/www.deopaws.com\/wp-content\/uploads\/2025\/04\/Small-pet-raincoat-3-2-768x576.jpg 768w, https:\/\/www.deopaws.com\/wp-content\/uploads\/2025\/04\/Small-pet-raincoat-3-2.jpg 800w\" sizes=\"auto, (max-width: 300px) 100vw, 300px\" \/><\/div>\n<p>&nbsp;<\/p>\n<div>\n<div class=\"row\">\n<div class=\"col-lg-4\"><img loading=\"lazy\" decoding=\"async\" class=\"alignnone size-medium wp-image-141\" src=\"https:\/\/gray-bee-883835.hostingersite.com\/wp-content\/uploads\/2025\/04\/Small-pet-raincoat-2_-300x225.jpg\" alt=\"\" width=\"300\" height=\"225\" srcset=\"https:\/\/www.deopaws.com\/wp-content\/uploads\/2025\/04\/Small-pet-raincoat-2_-300x225.jpg 300w, https:\/\/www.deopaws.com\/wp-content\/uploads\/2025\/04\/Small-pet-raincoat-2_-600x450.jpg 600w, https:\/\/www.deopaws.com\/wp-content\/uploads\/2025\/04\/Small-pet-raincoat-2_-768x576.jpg 768w, https:\/\/www.deopaws.com\/wp-content\/uploads\/2025\/04\/Small-pet-raincoat-2_.jpg 800w\" sizes=\"auto, (max-width: 300px) 100vw, 300px\" \/><\/div>\n<div class=\"col-lg-4\"><img loading=\"lazy\" decoding=\"async\" class=\"alignnone size-full wp-image-1656\" src=\"https:\/\/www.deopaws.com\/wp-content\/uploads\/2025\/05\/fact-1_\u526f\u672c.jpg\" alt=\"\" width=\"300\" height=\"225\" \/><\/div>\n<div class=\"col-lg-4\"><img loading=\"lazy\" decoding=\"async\" class=\"alignnone size-medium wp-image-137\" src=\"https:\/\/gray-bee-883835.hostingersite.com\/wp-content\/uploads\/2025\/04\/Small-pet-raincoat-1-2-300x225.jpg\" alt=\"\" width=\"300\" height=\"225\" srcset=\"https:\/\/www.deopaws.com\/wp-content\/uploads\/2025\/04\/Small-pet-raincoat-1-2-300x225.jpg 300w, https:\/\/www.deopaws.com\/wp-content\/uploads\/2025\/04\/Small-pet-raincoat-1-2-600x450.jpg 600w, https:\/\/www.deopaws.com\/wp-content\/uploads\/2025\/04\/Small-pet-raincoat-1-2-768x576.jpg 768w, https:\/\/www.deopaws.com\/wp-content\/uploads\/2025\/04\/Small-pet-raincoat-1-2.jpg 800w\" sizes=\"auto, (max-width: 300px) 100vw, 300px\" \/><\/div>\n<div><\/div>\n<\/div>\n<\/div>\n<\/div>","protected":false},"excerpt":{"rendered":"<p>Diese 5 m lange einziehbare Hundeleine ist eine reflektierende, einziehbare Leine f\u00fcr Haustiere, die Sicherheit und Stil mit einem eingebauten LED-Licht, einer strapazierf\u00e4higen Nylonschnur und einer Schleifenverzierung kombiniert - perfekt f\u00fcr Hunde, Katzen und Kleintiere bei Spazierg\u00e4ngen am Tag oder in der Nacht.<\/p>","protected":false},"featured_media":678,"comment_status":"open","ping_status":"closed","template":"","meta":{"_acf_changed":false},"product_brand":[],"product_cat":[15,16,27],"product_tag":[],"class_list":{"0":"post-672","1":"product","2":"type-product","3":"status-publish","4":"has-post-thumbnail","6":"product_cat-products","7":"product_cat-dog-supplies","8":"product_cat-dog-collarsleashes-harnesses","10":"first","11":"instock","12":"shipping-taxable","13":"product-type-simple"},"acf":[],"_links":{"self":[{"href":"https:\/\/www.deopaws.com\/de\/wp-json\/wp\/v2\/product\/672","targetHints":{"allow":["GET"]}}],"collection":[{"href":"https:\/\/www.deopaws.com\/de\/wp-json\/wp\/v2\/product"}],"about":[{"href":"https:\/\/www.deopaws.com\/de\/wp-json\/wp\/v2\/types\/product"}],"replies":[{"embeddable":true,"href":"https:\/\/www.deopaws.com\/de\/wp-json\/wp\/v2\/comments?post=672"}],"wp:featuredmedia":[{"embeddable":true,"href":"https:\/\/www.deopaws.com\/de\/wp-json\/wp\/v2\/media\/678"}],"wp:attachment":[{"href":"https:\/\/www.deopaws.com\/de\/wp-json\/wp\/v2\/media?parent=672"}],"wp:term":[{"taxonomy":"product_brand","embeddable":true,"href":"https:\/\/www.deopaws.com\/de\/wp-json\/wp\/v2\/product_brand?post=672"},{"taxonomy":"product_cat","embeddable":true,"href":"https:\/\/www.deopaws.com\/de\/wp-json\/wp\/v2\/product_cat?post=672"},{"taxonomy":"product_tag","embeddable":true,"href":"https:\/\/www.deopaws.com\/de\/wp-json\/wp\/v2\/product_tag?post=672"}],"curies":[{"name":"wp","href":"https:\/\/api.w.org\/{rel}","templated":true}]}}