{"id":527,"date":"2025-04-25T16:17:36","date_gmt":"2025-04-25T08:17:36","guid":{"rendered":"https:\/\/gray-bee-883835.hostingersite.com\/?post_type=product&#038;p=527"},"modified":"2026-01-04T14:46:43","modified_gmt":"2026-01-04T06:46:43","slug":"custom-summer-dog-clothes-thin-and-fashionable","status":"publish","type":"product","link":"https:\/\/www.deopaws.com\/de\/produkt\/custom-summer-dog-clothes-thin-and-fashionable\/","title":{"rendered":"Individuelle Sommerhundekleidung - D\u00fcnnes und modisches Hawaii-Hundehemd"},"content":{"rendered":"<h2 data-start=\"197\" data-end=\"351\">Sommerkleidung f\u00fcr Hunde:<\/h2>\n<p>&nbsp;<\/p>\n<p class=\"\" data-start=\"197\" data-end=\"351\">\u25cf <strong data-start=\"199\" data-end=\"229\">Leicht und atmungsaktiv<\/strong>: Diese Sommerweste aus umweltfreundlicher Baumwolle sorgt daf\u00fcr, dass Ihr Hund sich bei hei\u00dfem Wetter wohl f\u00fchlt und k\u00fchl bleibt.<\/p>\n<p class=\"\" data-start=\"353\" data-end=\"489\">\u25cf <strong data-start=\"355\" data-end=\"379\">Perfekte Passform f\u00fcr Hunde<\/strong>: Ma\u00dfgeschneidert f\u00fcr kleine bis mittelgro\u00dfe Hunde, mit Gr\u00f6\u00dfen von S bis 2XL, die eine bequeme Passform gew\u00e4hrleisten.<\/p>\n<p class=\"\" data-start=\"491\" data-end=\"622\">\u25cf <strong data-start=\"493\" data-end=\"520\">Charmantes Streifendesign<\/strong>: Das stilvolle Streifenmuster verleiht der Garderobe Ihres Haustiers einen Hauch von Spa\u00df und modernem Flair.<\/p>\n<p class=\"\" data-start=\"624\" data-end=\"772\">\u25cf <strong data-start=\"626\" data-end=\"646\">Ideal f\u00fcr den Sommer<\/strong>: Perfekt f\u00fcr Aktivit\u00e4ten im Freien bei warmem Wetter, bietet Ihrem Hund atmungsaktiven Komfort bei Spazierg\u00e4ngen, beim Spielen oder beim Faulenzen.<\/p>\n<p class=\"\" data-start=\"774\" data-end=\"894\">\u25cf <strong data-start=\"776\" data-end=\"798\">Modern und stilvoll<\/strong>: Das schlichte, modische Design l\u00e4sst Ihr Haustier bezaubernd aussehen, w\u00e4hrend es k\u00fchl und bequem bleibt.<\/p>\n<p>&nbsp;<\/p>\n<p>&nbsp;<\/p>\n<div style=\"max-width: 800px; margin: auto; padding: 20px;\">\n<p><!-- \u5de6\u56fe\u53f3\u6587 --><\/p>\n<div style=\"display: flex; align-items: center; gap: 20px; margin-bottom: 40px; flex-wrap: wrap;\">\n<p><img loading=\"lazy\" decoding=\"async\" class=\"alignnone wp-image-532\" src=\"https:\/\/gray-bee-883835.hostingersite.com\/wp-content\/uploads\/2025\/04\/Custom-Summer-Dog-Clothes-\u2013-Thin-and-Fashionable-Hawaii-Dog-Shirt-6-300x300.jpg\" alt=\"summer dog clothes\" width=\"370\" height=\"370\" srcset=\"https:\/\/www.deopaws.com\/wp-content\/uploads\/2025\/04\/Custom-Summer-Dog-Clothes-\u2013-Thin-and-Fashionable-Hawaii-Dog-Shirt-6-300x300.jpg 300w, https:\/\/www.deopaws.com\/wp-content\/uploads\/2025\/04\/Custom-Summer-Dog-Clothes-\u2013-Thin-and-Fashionable-Hawaii-Dog-Shirt-6-100x100.jpg 100w, https:\/\/www.deopaws.com\/wp-content\/uploads\/2025\/04\/Custom-Summer-Dog-Clothes-\u2013-Thin-and-Fashionable-Hawaii-Dog-Shirt-6-600x600.jpg 600w, https:\/\/www.deopaws.com\/wp-content\/uploads\/2025\/04\/Custom-Summer-Dog-Clothes-\u2013-Thin-and-Fashionable-Hawaii-Dog-Shirt-6-150x150.jpg 150w, https:\/\/www.deopaws.com\/wp-content\/uploads\/2025\/04\/Custom-Summer-Dog-Clothes-\u2013-Thin-and-Fashionable-Hawaii-Dog-Shirt-6.jpg 720w\" sizes=\"auto, (max-width: 370px) 100vw, 370px\" \/><\/p>\n<div style=\"flex: 1; min-width: 0;\">\n<p style=\"color: gray;\">Diese Sommerweste aus umweltfreundlicher Baumwolle sorgt daf\u00fcr, dass sich Ihr Hund bei hei\u00dfem Wetter wohl f\u00fchlt und k\u00fchl bleibt.<\/p>\n<\/div>\n<\/div>\n<p><!-- \u53f3\u56fe\u5de6\u6587 --><\/p>\n<div style=\"display: flex; flex-direction: row-reverse; align-items: center; gap: 20px; flex-wrap: wrap;\">\n<p><img loading=\"lazy\" decoding=\"async\" class=\"alignnone wp-image-531\" src=\"https:\/\/gray-bee-883835.hostingersite.com\/wp-content\/uploads\/2025\/04\/Custom-Summer-Dog-Clothes-\u2013-Thin-and-Fashionable-Hawaii-Dog-Shirt-5-300x300.jpg\" alt=\"summer dog clothes\" width=\"370\" height=\"370\" srcset=\"https:\/\/www.deopaws.com\/wp-content\/uploads\/2025\/04\/Custom-Summer-Dog-Clothes-\u2013-Thin-and-Fashionable-Hawaii-Dog-Shirt-5-300x300.jpg 300w, https:\/\/www.deopaws.com\/wp-content\/uploads\/2025\/04\/Custom-Summer-Dog-Clothes-\u2013-Thin-and-Fashionable-Hawaii-Dog-Shirt-5-100x100.jpg 100w, https:\/\/www.deopaws.com\/wp-content\/uploads\/2025\/04\/Custom-Summer-Dog-Clothes-\u2013-Thin-and-Fashionable-Hawaii-Dog-Shirt-5-600x600.jpg 600w, https:\/\/www.deopaws.com\/wp-content\/uploads\/2025\/04\/Custom-Summer-Dog-Clothes-\u2013-Thin-and-Fashionable-Hawaii-Dog-Shirt-5-150x150.jpg 150w, https:\/\/www.deopaws.com\/wp-content\/uploads\/2025\/04\/Custom-Summer-Dog-Clothes-\u2013-Thin-and-Fashionable-Hawaii-Dog-Shirt-5.jpg 720w\" sizes=\"auto, (max-width: 370px) 100vw, 370px\" \/><\/p>\n<div style=\"flex: 1; min-width: 0;\">\n<p style=\"color: gray;\">Ma\u00dfgeschneidert f\u00fcr kleine bis mittelgro\u00dfe Hunde, mit Gr\u00f6\u00dfen von S bis 2XL, die eine bequeme Passform gew\u00e4hrleisten.<\/p>\n<\/div>\n<\/div>\n<\/div>\n<div style=\"max-width: 800px; margin: auto; padding: 20px;\">\n<p><!-- \u5de6\u56fe\u53f3\u6587 --><\/p>\n<div style=\"display: flex; align-items: center; gap: 20px; margin-bottom: 40px; flex-wrap: wrap;\">\n<p><img loading=\"lazy\" decoding=\"async\" class=\"alignnone wp-image-528\" src=\"https:\/\/gray-bee-883835.hostingersite.com\/wp-content\/uploads\/2025\/04\/Custom-Summer-Dog-Clothes-\u2013-Thin-and-Fashionable-Hawaii-Dog-Shirt-2-300x300.jpg\" alt=\"summer dog clothes\" width=\"370\" height=\"370\" srcset=\"https:\/\/www.deopaws.com\/wp-content\/uploads\/2025\/04\/Custom-Summer-Dog-Clothes-\u2013-Thin-and-Fashionable-Hawaii-Dog-Shirt-2-300x300.jpg 300w, https:\/\/www.deopaws.com\/wp-content\/uploads\/2025\/04\/Custom-Summer-Dog-Clothes-\u2013-Thin-and-Fashionable-Hawaii-Dog-Shirt-2-100x100.jpg 100w, https:\/\/www.deopaws.com\/wp-content\/uploads\/2025\/04\/Custom-Summer-Dog-Clothes-\u2013-Thin-and-Fashionable-Hawaii-Dog-Shirt-2-600x600.jpg 600w, https:\/\/www.deopaws.com\/wp-content\/uploads\/2025\/04\/Custom-Summer-Dog-Clothes-\u2013-Thin-and-Fashionable-Hawaii-Dog-Shirt-2-150x150.jpg 150w, https:\/\/www.deopaws.com\/wp-content\/uploads\/2025\/04\/Custom-Summer-Dog-Clothes-\u2013-Thin-and-Fashionable-Hawaii-Dog-Shirt-2.jpg 720w\" sizes=\"auto, (max-width: 370px) 100vw, 370px\" \/><\/p>\n<div style=\"flex: 1; min-width: 0;\">\n<p style=\"color: gray;\">Das schlichte, modische Design dieser Sommerhundekleidung l\u00e4sst Ihr Haustier bezaubernd aussehen, w\u00e4hrend es k\u00fchl und bequem bleibt.<\/p>\n<\/div>\n<\/div>\n<p><!-- \u53f3\u56fe\u5de6\u6587 --><\/p>\n<div style=\"display: flex; flex-direction: row-reverse; align-items: center; gap: 20px; flex-wrap: wrap;\">\n<p><img loading=\"lazy\" decoding=\"async\" class=\"alignnone wp-image-164\" src=\"https:\/\/gray-bee-883835.hostingersite.com\/wp-content\/uploads\/2025\/04\/1213-300x240.jpg\" alt=\"\" width=\"370\" height=\"296\" srcset=\"https:\/\/www.deopaws.com\/wp-content\/uploads\/2025\/04\/1213-300x240.jpg 300w, https:\/\/www.deopaws.com\/wp-content\/uploads\/2025\/04\/1213-600x480.jpg 600w, https:\/\/www.deopaws.com\/wp-content\/uploads\/2025\/04\/1213.jpg 750w\" sizes=\"auto, (max-width: 370px) 100vw, 370px\" \/><\/p>\n<div style=\"flex: 1; min-width: 0;\">\n<p style=\"color: gray;\">Dieses Hundetuch ist nicht nur einzigartig, sondern auch vollst\u00e4ndig anpassbar. Sie k\u00f6nnen verschiedene Gr\u00f6\u00dfen, Farben, Muster oder personalisierte Stickereien wie Namen oder spezielle Designs anbieten, die auf den Vorlieben Ihrer Kunden basieren. Das macht jeden Pullover zu einem Unikat, das perfekt auf die Bed\u00fcrfnisse von Haustieren und Haustierbesitzern zugeschnitten ist und die Attraktivit\u00e4t und Wettbewerbsf\u00e4higkeit des Produkts steigert.<\/p>\n<\/div>\n<\/div>\n<\/div>\n<div style=\"max-width: 800px; margin: auto; padding: 20px;\">\n<p><!-- \u5de6\u56fe\u53f3\u6587 --><\/p>\n<div style=\"display: flex; align-items: center; gap: 20px; margin-bottom: 40px; flex-wrap: wrap;\">\n<p><img loading=\"lazy\" decoding=\"async\" class=\"alignnone wp-image-159\" src=\"https:\/\/gray-bee-883835.hostingersite.com\/wp-content\/uploads\/2025\/04\/111-300x240.jpg\" alt=\"\" width=\"370\" height=\"296\" srcset=\"https:\/\/www.deopaws.com\/wp-content\/uploads\/2025\/04\/111-300x240.jpg 300w, https:\/\/www.deopaws.com\/wp-content\/uploads\/2025\/04\/111-600x480.jpg 600w, https:\/\/www.deopaws.com\/wp-content\/uploads\/2025\/04\/111.jpg 750w\" sizes=\"auto, (max-width: 370px) 100vw, 370px\" \/><\/p>\n<div style=\"flex: 1; min-width: 0;\">\n<p style=\"color: gray;\">Diese Hundet\u00fccher gibt es in einer breiten Palette von Farben, die zu den verschiedenen Pers\u00f6nlichkeiten der Tiere passen. Ob warme Rott\u00f6ne, leuchtende Blaut\u00f6ne, sanfte Rosat\u00f6ne oder klassische Schwarz- und Wei\u00dft\u00f6ne - Sie k\u00f6nnen je nach den Vorlieben Ihres Tieres oder Ihrer Kunden w\u00e4hlen. Jede Farbe wurde sorgf\u00e4ltig entworfen, um sicherzustellen, dass sie sowohl stilvoll als auch f\u00fcr verschiedene Anl\u00e4sse geeignet ist und sowohl Komfort als auch Charme f\u00fcr jeden kleinen Hund bietet.<\/p>\n<\/div>\n<\/div>\n<p><!-- \u53f3\u56fe\u5de6\u6587 --><\/p>\n<div style=\"display: flex; flex-direction: row-reverse; align-items: center; gap: 20px; flex-wrap: wrap;\">\n<p><img loading=\"lazy\" decoding=\"async\" class=\"alignnone wp-image-160\" src=\"https:\/\/gray-bee-883835.hostingersite.com\/wp-content\/uploads\/2025\/04\/112-300x240.jpg\" alt=\"\" width=\"370\" height=\"296\" srcset=\"https:\/\/www.deopaws.com\/wp-content\/uploads\/2025\/04\/112-300x240.jpg 300w, https:\/\/www.deopaws.com\/wp-content\/uploads\/2025\/04\/112-600x480.jpg 600w, https:\/\/www.deopaws.com\/wp-content\/uploads\/2025\/04\/112.jpg 750w\" sizes=\"auto, (max-width: 370px) 100vw, 370px\" \/><\/p>\n<div style=\"flex: 1; min-width: 0;\">\n<p style=\"color: gray;\">Vollst\u00e4ndig anpassbar<\/p>\n<\/div>\n<\/div>\n<\/div>\n<div style=\"max-width: 800px; margin: auto; padding: 20px;\">\n<p><!-- \u5de6\u56fe\u53f3\u6587 --><\/p>\n<div style=\"display: flex; align-items: center; gap: 20px; margin-bottom: 40px; flex-wrap: wrap;\">\n<p><img loading=\"lazy\" decoding=\"async\" class=\"alignnone wp-image-161\" src=\"https:\/\/gray-bee-883835.hostingersite.com\/wp-content\/uploads\/2025\/04\/113-300x240.jpg\" alt=\"\" width=\"370\" height=\"296\" srcset=\"https:\/\/www.deopaws.com\/wp-content\/uploads\/2025\/04\/113-300x240.jpg 300w, https:\/\/www.deopaws.com\/wp-content\/uploads\/2025\/04\/113-600x480.jpg 600w, https:\/\/www.deopaws.com\/wp-content\/uploads\/2025\/04\/113.jpg 750w\" sizes=\"auto, (max-width: 370px) 100vw, 370px\" \/><\/p>\n<div style=\"flex: 1; min-width: 0;\">\n<p style=\"color: gray;\">\u00a0Sie ist aus hochwertigem Polarfleece gefertigt und bietet ein weiches Tragegef\u00fchl und eine hervorragende Isolierung f\u00fcr k\u00fchle Tage.<\/p>\n<\/div>\n<\/div>\n<p><!-- \u53f3\u56fe\u5de6\u6587 --><\/p>\n<div style=\"display: flex; flex-direction: row-reverse; align-items: center; gap: 20px; flex-wrap: wrap;\">\n<p><img loading=\"lazy\" decoding=\"async\" class=\"alignnone wp-image-157\" src=\"https:\/\/gray-bee-883835.hostingersite.com\/wp-content\/uploads\/2025\/04\/11212-300x240.jpg\" alt=\"\" width=\"370\" height=\"296\" srcset=\"https:\/\/www.deopaws.com\/wp-content\/uploads\/2025\/04\/11212-300x240.jpg 300w, https:\/\/www.deopaws.com\/wp-content\/uploads\/2025\/04\/11212-600x480.jpg 600w, https:\/\/www.deopaws.com\/wp-content\/uploads\/2025\/04\/11212.jpg 750w\" sizes=\"auto, (max-width: 370px) 100vw, 370px\" \/><\/p>\n<div style=\"flex: 1; min-width: 0;\">\n<p style=\"color: gray;\">Sie k\u00f6nnen die T\u00fccher mit Ihrem eigenen Logo versehen, um sie zu einem gro\u00dfartigen Werbeartikel f\u00fcr Ihr Unternehmen zu machen. Der Pullover kommt auch mit einem praktischen OPP-Tasche f\u00fcr einfache Lagerung und Transport.<\/p>\n<\/div>\n<\/div>\n<\/div>\n<h3>Werksanzeige<\/h3>\n<p>&nbsp;<\/p>\n<div class=\"row\">\n<div class=\"col-lg-4\"><img loading=\"lazy\" decoding=\"async\" class=\"alignnone size-medium wp-image-142\" src=\"https:\/\/gray-bee-883835.hostingersite.com\/wp-content\/uploads\/2025\/04\/Small-pet-raincoat-3_-300x225.jpg\" alt=\"\" width=\"300\" height=\"225\" srcset=\"https:\/\/www.deopaws.com\/wp-content\/uploads\/2025\/04\/Small-pet-raincoat-3_-300x225.jpg 300w, https:\/\/www.deopaws.com\/wp-content\/uploads\/2025\/04\/Small-pet-raincoat-3_-600x450.jpg 600w, https:\/\/www.deopaws.com\/wp-content\/uploads\/2025\/04\/Small-pet-raincoat-3_-768x576.jpg 768w, https:\/\/www.deopaws.com\/wp-content\/uploads\/2025\/04\/Small-pet-raincoat-3_.jpg 800w\" sizes=\"auto, (max-width: 300px) 100vw, 300px\" \/><\/div>\n<div class=\"col-lg-4\"><img loading=\"lazy\" decoding=\"async\" class=\"alignnone size-medium wp-image-138\" src=\"https:\/\/gray-bee-883835.hostingersite.com\/wp-content\/uploads\/2025\/04\/Small-pet-raincoat-2-2-300x225.jpg\" alt=\"\" width=\"300\" height=\"225\" srcset=\"https:\/\/www.deopaws.com\/wp-content\/uploads\/2025\/04\/Small-pet-raincoat-2-2-300x225.jpg 300w, https:\/\/www.deopaws.com\/wp-content\/uploads\/2025\/04\/Small-pet-raincoat-2-2-600x450.jpg 600w, https:\/\/www.deopaws.com\/wp-content\/uploads\/2025\/04\/Small-pet-raincoat-2-2-768x576.jpg 768w, https:\/\/www.deopaws.com\/wp-content\/uploads\/2025\/04\/Small-pet-raincoat-2-2.jpg 800w\" sizes=\"auto, (max-width: 300px) 100vw, 300px\" \/><\/div>\n<div class=\"col-lg-4\"><img loading=\"lazy\" decoding=\"async\" class=\"alignnone size-medium wp-image-139\" src=\"https:\/\/gray-bee-883835.hostingersite.com\/wp-content\/uploads\/2025\/04\/Small-pet-raincoat-3-2-300x225.jpg\" alt=\"\" width=\"300\" height=\"225\" srcset=\"https:\/\/www.deopaws.com\/wp-content\/uploads\/2025\/04\/Small-pet-raincoat-3-2-300x225.jpg 300w, https:\/\/www.deopaws.com\/wp-content\/uploads\/2025\/04\/Small-pet-raincoat-3-2-600x450.jpg 600w, https:\/\/www.deopaws.com\/wp-content\/uploads\/2025\/04\/Small-pet-raincoat-3-2-768x576.jpg 768w, https:\/\/www.deopaws.com\/wp-content\/uploads\/2025\/04\/Small-pet-raincoat-3-2.jpg 800w\" sizes=\"auto, (max-width: 300px) 100vw, 300px\" \/><\/div>\n<p>&nbsp;<\/p>\n<div>\n<div class=\"row\">\n<div class=\"col-lg-4\"><img loading=\"lazy\" decoding=\"async\" class=\"alignnone size-medium wp-image-141\" src=\"https:\/\/gray-bee-883835.hostingersite.com\/wp-content\/uploads\/2025\/04\/Small-pet-raincoat-2_-300x225.jpg\" alt=\"\" width=\"300\" height=\"225\" srcset=\"https:\/\/www.deopaws.com\/wp-content\/uploads\/2025\/04\/Small-pet-raincoat-2_-300x225.jpg 300w, https:\/\/www.deopaws.com\/wp-content\/uploads\/2025\/04\/Small-pet-raincoat-2_-600x450.jpg 600w, https:\/\/www.deopaws.com\/wp-content\/uploads\/2025\/04\/Small-pet-raincoat-2_-768x576.jpg 768w, https:\/\/www.deopaws.com\/wp-content\/uploads\/2025\/04\/Small-pet-raincoat-2_.jpg 800w\" sizes=\"auto, (max-width: 300px) 100vw, 300px\" \/><\/div>\n<div class=\"col-lg-4\"><img loading=\"lazy\" decoding=\"async\" class=\"alignnone size-full wp-image-1656\" src=\"https:\/\/www.deopaws.com\/wp-content\/uploads\/2025\/05\/fact-1_\u526f\u672c.jpg\" alt=\"\" width=\"300\" height=\"225\" \/><\/div>\n<div class=\"col-lg-4\"><img loading=\"lazy\" decoding=\"async\" class=\"alignnone size-medium wp-image-137\" src=\"https:\/\/gray-bee-883835.hostingersite.com\/wp-content\/uploads\/2025\/04\/Small-pet-raincoat-1-2-300x225.jpg\" alt=\"\" width=\"300\" height=\"225\" srcset=\"https:\/\/www.deopaws.com\/wp-content\/uploads\/2025\/04\/Small-pet-raincoat-1-2-300x225.jpg 300w, https:\/\/www.deopaws.com\/wp-content\/uploads\/2025\/04\/Small-pet-raincoat-1-2-600x450.jpg 600w, https:\/\/www.deopaws.com\/wp-content\/uploads\/2025\/04\/Small-pet-raincoat-1-2-768x576.jpg 768w, https:\/\/www.deopaws.com\/wp-content\/uploads\/2025\/04\/Small-pet-raincoat-1-2.jpg 800w\" sizes=\"auto, (max-width: 300px) 100vw, 300px\" \/><\/div>\n<div><\/div>\n<\/div>\n<\/div>\n<\/div>","protected":false},"excerpt":{"rendered":"<p>Dieses leichte, umweltfreundliche Hawaii-Hundehemd aus Baumwolle ist Teil unserer Sommerhundekollektion. Das modische Streifendesign ist perfekt, um Ihren Hund in den Sommermonaten k\u00fchl und modisch zu halten.<\/p>","protected":false},"featured_media":3705,"comment_status":"open","ping_status":"closed","template":"","meta":{"_acf_changed":false},"product_brand":[],"product_cat":[15,17,39,16,25],"product_tag":[],"class_list":{"0":"post-527","1":"product","2":"type-product","3":"status-publish","4":"has-post-thumbnail","6":"product_cat-products","7":"product_cat-cat-supplies","8":"product_cat-cat-apparel-accessories","9":"product_cat-dog-supplies","10":"product_cat-dog-apparel-accessories","12":"first","13":"instock","14":"shipping-taxable","15":"product-type-simple"},"acf":[],"_links":{"self":[{"href":"https:\/\/www.deopaws.com\/de\/wp-json\/wp\/v2\/product\/527","targetHints":{"allow":["GET"]}}],"collection":[{"href":"https:\/\/www.deopaws.com\/de\/wp-json\/wp\/v2\/product"}],"about":[{"href":"https:\/\/www.deopaws.com\/de\/wp-json\/wp\/v2\/types\/product"}],"replies":[{"embeddable":true,"href":"https:\/\/www.deopaws.com\/de\/wp-json\/wp\/v2\/comments?post=527"}],"wp:featuredmedia":[{"embeddable":true,"href":"https:\/\/www.deopaws.com\/de\/wp-json\/wp\/v2\/media\/3705"}],"wp:attachment":[{"href":"https:\/\/www.deopaws.com\/de\/wp-json\/wp\/v2\/media?parent=527"}],"wp:term":[{"taxonomy":"product_brand","embeddable":true,"href":"https:\/\/www.deopaws.com\/de\/wp-json\/wp\/v2\/product_brand?post=527"},{"taxonomy":"product_cat","embeddable":true,"href":"https:\/\/www.deopaws.com\/de\/wp-json\/wp\/v2\/product_cat?post=527"},{"taxonomy":"product_tag","embeddable":true,"href":"https:\/\/www.deopaws.com\/de\/wp-json\/wp\/v2\/product_tag?post=527"}],"curies":[{"name":"wp","href":"https:\/\/api.w.org\/{rel}","templated":true}]}}