{"id":516,"date":"2025-04-24T17:19:25","date_gmt":"2025-04-24T09:19:25","guid":{"rendered":"https:\/\/gray-bee-883835.hostingersite.com\/?post_type=product&#038;p=516"},"modified":"2026-01-04T15:28:47","modified_gmt":"2026-01-04T07:28:47","slug":"winter-dog-dresses","status":"publish","type":"product","link":"https:\/\/www.deopaws.com\/de\/produkt\/winter-dog-dresses\/","title":{"rendered":"Niedliche und stilvolle Hundekleider - perfekt f\u00fcr Partys, Fotos und den t\u00e4glichen Gebrauch"},"content":{"rendered":"<h2 data-start=\"245\" data-end=\"404\">Dog dresses:<\/h2>\n<p>&nbsp;<\/p>\n<p class=\"\" data-start=\"245\" data-end=\"404\">\u25cf <strong data-start=\"247\" data-end=\"271\">Warm and Comfortable<\/strong>: Crafted from eco-friendly acrylic material, this pet dress provides just the right warmth for cooler fall, spring, and winter days.<\/p>\n<p class=\"\" data-start=\"406\" data-end=\"554\">\u25cf <strong data-start=\"408\" data-end=\"434\">Adorable Designer Look<\/strong>: Featuring a playful animal pattern and cute dress silhouette, it adds a fashionable charm to your pet\u2019s everyday wear.<\/p>\n<p class=\"\" data-start=\"556\" data-end=\"692\">\u25cf <strong data-start=\"558\" data-end=\"590\">Weiches und haustierfreundliches Material<\/strong>: The acrylic fabric is lightweight, gentle on your pet\u2019s skin, and easy to wear for extended periods.<\/p>\n<p class=\"\" data-start=\"694\" data-end=\"833\">\u25cf <strong data-start=\"696\" data-end=\"727\">Tailored Fit for Small Pets<\/strong>: Designed specifically for small dog breeds, with sizes ranging from XS to XL for a snug and stylish fit.<\/p>\n<p class=\"\" data-start=\"835\" data-end=\"954\">\u25cf <strong data-start=\"837\" data-end=\"867\">Perfect for Cooler Seasons<\/strong>: Ideal for outdoor walks or indoor lounging during the transitional and colder months.<\/p>\n<p class=\"\" data-start=\"956\" data-end=\"1086\">\u25cf <strong data-start=\"958\" data-end=\"980\">Customizable Style<\/strong>: This dress supports private label and custom embroidery options\u2014great for pet boutiques and wholesalers.<\/p>\n<p>&nbsp;<\/p>\n<p>&nbsp;<\/p>\n<div style=\"max-width: 800px; margin: auto; padding: 20px;\">\n<p><!-- \u5de6\u56fe\u53f3\u6587 --><\/p>\n<div style=\"display: flex; align-items: center; gap: 20px; margin-bottom: 40px; flex-wrap: wrap;\">\n<p><img loading=\"lazy\" decoding=\"async\" class=\"alignnone wp-image-521\" src=\"https:\/\/gray-bee-883835.hostingersite.com\/wp-content\/uploads\/2025\/04\/Cute-and-Stylish-Winter-Dress-for-Dogs-and-Cats-\u2013-Custom-Designer-Pet-Apparel-7-300x240.jpg\" alt=\"dog dresses\" width=\"370\" height=\"296\" srcset=\"https:\/\/www.deopaws.com\/wp-content\/uploads\/2025\/04\/Cute-and-Stylish-Winter-Dress-for-Dogs-and-Cats-\u2013-Custom-Designer-Pet-Apparel-7-300x240.jpg 300w, https:\/\/www.deopaws.com\/wp-content\/uploads\/2025\/04\/Cute-and-Stylish-Winter-Dress-for-Dogs-and-Cats-\u2013-Custom-Designer-Pet-Apparel-7-600x480.jpg 600w, https:\/\/www.deopaws.com\/wp-content\/uploads\/2025\/04\/Cute-and-Stylish-Winter-Dress-for-Dogs-and-Cats-\u2013-Custom-Designer-Pet-Apparel-7.jpg 750w\" sizes=\"auto, (max-width: 370px) 100vw, 370px\" \/><\/p>\n<div style=\"flex: 1; min-width: 0;\">\n<p style=\"color: gray;\">The back of our dog dresses features an adorable bow that adds a sweet, elegant touch, making your pet stand out in any setting.<\/p>\n<\/div>\n<\/div>\n<p><!-- \u53f3\u56fe\u5de6\u6587 --><\/p>\n<div style=\"display: flex; flex-direction: row-reverse; align-items: center; gap: 20px; flex-wrap: wrap;\">\n<p><img loading=\"lazy\" decoding=\"async\" class=\"alignnone wp-image-520\" src=\"https:\/\/gray-bee-883835.hostingersite.com\/wp-content\/uploads\/2025\/04\/Cute-and-Stylish-Winter-Dress-for-Dogs-and-Cats-\u2013-Custom-Designer-Pet-Apparel-6-300x240.jpg\" alt=\"dog dresses\" width=\"370\" height=\"296\" srcset=\"https:\/\/www.deopaws.com\/wp-content\/uploads\/2025\/04\/Cute-and-Stylish-Winter-Dress-for-Dogs-and-Cats-\u2013-Custom-Designer-Pet-Apparel-6-300x240.jpg 300w, https:\/\/www.deopaws.com\/wp-content\/uploads\/2025\/04\/Cute-and-Stylish-Winter-Dress-for-Dogs-and-Cats-\u2013-Custom-Designer-Pet-Apparel-6-600x480.jpg 600w, https:\/\/www.deopaws.com\/wp-content\/uploads\/2025\/04\/Cute-and-Stylish-Winter-Dress-for-Dogs-and-Cats-\u2013-Custom-Designer-Pet-Apparel-6.jpg 750w\" sizes=\"auto, (max-width: 370px) 100vw, 370px\" \/><\/p>\n<div style=\"flex: 1; min-width: 0;\">\n<p style=\"color: gray;\">Ein praktischer Leinenring erleichtert die Befestigung und verbindet Stil mit Funktionalit\u00e4t f\u00fcr sichere und stilvolle Spazierg\u00e4nge im Freien.<\/p>\n<\/div>\n<\/div>\n<\/div>\n<div style=\"max-width: 800px; margin: auto; padding: 20px;\">\n<p><!-- \u5de6\u56fe\u53f3\u6587 --><\/p>\n<div style=\"display: flex; align-items: center; gap: 20px; margin-bottom: 40px; flex-wrap: wrap;\">\n<p><img loading=\"lazy\" decoding=\"async\" class=\"alignnone wp-image-524\" src=\"https:\/\/gray-bee-883835.hostingersite.com\/wp-content\/uploads\/2025\/04\/Cute-and-Stylish-Winter-Dress-for-Dogs-and-Cats-\u2013-Custom-Designer-Pet-Apparel-1-300x240.jpg\" alt=\"dog dresses\" width=\"370\" height=\"296\" srcset=\"https:\/\/www.deopaws.com\/wp-content\/uploads\/2025\/04\/Cute-and-Stylish-Winter-Dress-for-Dogs-and-Cats-\u2013-Custom-Designer-Pet-Apparel-1-300x240.jpg 300w, https:\/\/www.deopaws.com\/wp-content\/uploads\/2025\/04\/Cute-and-Stylish-Winter-Dress-for-Dogs-and-Cats-\u2013-Custom-Designer-Pet-Apparel-1-600x480.jpg 600w, https:\/\/www.deopaws.com\/wp-content\/uploads\/2025\/04\/Cute-and-Stylish-Winter-Dress-for-Dogs-and-Cats-\u2013-Custom-Designer-Pet-Apparel-1.jpg 750w\" sizes=\"auto, (max-width: 370px) 100vw, 370px\" \/><\/p>\n<div style=\"flex: 1; min-width: 0;\">\n<p style=\"color: gray;\">Crafted from eco-friendly acrylic material, this pet dress provides just the right warmth for cooler fall, spring, and winter days.<\/p>\n<\/div>\n<\/div>\n<p><!-- \u53f3\u56fe\u5de6\u6587 --><\/p>\n<div style=\"display: flex; flex-direction: row-reverse; align-items: center; gap: 20px; flex-wrap: wrap;\">\n<p><img loading=\"lazy\" decoding=\"async\" class=\"alignnone wp-image-164\" src=\"https:\/\/gray-bee-883835.hostingersite.com\/wp-content\/uploads\/2025\/04\/1213-300x240.jpg\" alt=\"\" width=\"370\" height=\"296\" srcset=\"https:\/\/www.deopaws.com\/wp-content\/uploads\/2025\/04\/1213-300x240.jpg 300w, https:\/\/www.deopaws.com\/wp-content\/uploads\/2025\/04\/1213-600x480.jpg 600w, https:\/\/www.deopaws.com\/wp-content\/uploads\/2025\/04\/1213.jpg 750w\" sizes=\"auto, (max-width: 370px) 100vw, 370px\" \/><\/p>\n<div style=\"flex: 1; min-width: 0;\">\n<p style=\"color: gray;\">Dieses Hundetuch ist nicht nur einzigartig, sondern auch vollst\u00e4ndig anpassbar. Sie k\u00f6nnen verschiedene Gr\u00f6\u00dfen, Farben, Muster oder personalisierte Stickereien wie Namen oder spezielle Designs anbieten, die auf den Vorlieben Ihrer Kunden basieren. Das macht jeden Pullover zu einem Unikat, das perfekt auf die Bed\u00fcrfnisse von Haustieren und Haustierbesitzern zugeschnitten ist und die Attraktivit\u00e4t und Wettbewerbsf\u00e4higkeit des Produkts steigert.<\/p>\n<\/div>\n<\/div>\n<\/div>\n<div style=\"max-width: 800px; margin: auto; padding: 20px;\">\n<p><!-- \u5de6\u56fe\u53f3\u6587 --><\/p>\n<div style=\"display: flex; align-items: center; gap: 20px; margin-bottom: 40px; flex-wrap: wrap;\">\n<p><img loading=\"lazy\" decoding=\"async\" class=\"alignnone wp-image-159\" src=\"https:\/\/gray-bee-883835.hostingersite.com\/wp-content\/uploads\/2025\/04\/111-300x240.jpg\" alt=\"\" width=\"370\" height=\"296\" srcset=\"https:\/\/www.deopaws.com\/wp-content\/uploads\/2025\/04\/111-300x240.jpg 300w, https:\/\/www.deopaws.com\/wp-content\/uploads\/2025\/04\/111-600x480.jpg 600w, https:\/\/www.deopaws.com\/wp-content\/uploads\/2025\/04\/111.jpg 750w\" sizes=\"auto, (max-width: 370px) 100vw, 370px\" \/><\/p>\n<div style=\"flex: 1; min-width: 0;\">\n<p style=\"color: gray;\">Diese Hundet\u00fccher gibt es in einer breiten Palette von Farben, die zu den verschiedenen Pers\u00f6nlichkeiten der Tiere passen. Ob warme Rott\u00f6ne, leuchtende Blaut\u00f6ne, sanfte Rosat\u00f6ne oder klassische Schwarz- und Wei\u00dft\u00f6ne - Sie k\u00f6nnen je nach den Vorlieben Ihres Tieres oder Ihrer Kunden w\u00e4hlen. Jede Farbe wurde sorgf\u00e4ltig entworfen, um sicherzustellen, dass sie sowohl stilvoll als auch f\u00fcr verschiedene Anl\u00e4sse geeignet ist und sowohl Komfort als auch Charme f\u00fcr jeden kleinen Hund bietet.<\/p>\n<\/div>\n<\/div>\n<p><!-- \u53f3\u56fe\u5de6\u6587 --><\/p>\n<div style=\"display: flex; flex-direction: row-reverse; align-items: center; gap: 20px; flex-wrap: wrap;\">\n<p><img loading=\"lazy\" decoding=\"async\" class=\"alignnone wp-image-160\" src=\"https:\/\/gray-bee-883835.hostingersite.com\/wp-content\/uploads\/2025\/04\/112-300x240.jpg\" alt=\"\" width=\"370\" height=\"296\" srcset=\"https:\/\/www.deopaws.com\/wp-content\/uploads\/2025\/04\/112-300x240.jpg 300w, https:\/\/www.deopaws.com\/wp-content\/uploads\/2025\/04\/112-600x480.jpg 600w, https:\/\/www.deopaws.com\/wp-content\/uploads\/2025\/04\/112.jpg 750w\" sizes=\"auto, (max-width: 370px) 100vw, 370px\" \/><\/p>\n<div style=\"flex: 1; min-width: 0;\">\n<p style=\"color: gray;\">Vollst\u00e4ndig anpassbar<\/p>\n<\/div>\n<\/div>\n<\/div>\n<div style=\"max-width: 800px; margin: auto; padding: 20px;\">\n<p><!-- \u5de6\u56fe\u53f3\u6587 --><\/p>\n<div style=\"display: flex; align-items: center; gap: 20px; margin-bottom: 40px; flex-wrap: wrap;\">\n<p><img loading=\"lazy\" decoding=\"async\" class=\"alignnone wp-image-161\" src=\"https:\/\/gray-bee-883835.hostingersite.com\/wp-content\/uploads\/2025\/04\/113-300x240.jpg\" alt=\"\" width=\"370\" height=\"296\" srcset=\"https:\/\/www.deopaws.com\/wp-content\/uploads\/2025\/04\/113-300x240.jpg 300w, https:\/\/www.deopaws.com\/wp-content\/uploads\/2025\/04\/113-600x480.jpg 600w, https:\/\/www.deopaws.com\/wp-content\/uploads\/2025\/04\/113.jpg 750w\" sizes=\"auto, (max-width: 370px) 100vw, 370px\" \/><\/p>\n<div style=\"flex: 1; min-width: 0;\">\n<p style=\"color: gray;\">\u00a0Sie ist aus hochwertigem Polarfleece gefertigt und bietet ein weiches Tragegef\u00fchl und eine hervorragende Isolierung f\u00fcr k\u00fchle Tage.<\/p>\n<\/div>\n<\/div>\n<p><!-- \u53f3\u56fe\u5de6\u6587 --><\/p>\n<div style=\"display: flex; flex-direction: row-reverse; align-items: center; gap: 20px; flex-wrap: wrap;\">\n<p><img loading=\"lazy\" decoding=\"async\" class=\"alignnone wp-image-157\" src=\"https:\/\/gray-bee-883835.hostingersite.com\/wp-content\/uploads\/2025\/04\/11212-300x240.jpg\" alt=\"\" width=\"370\" height=\"296\" srcset=\"https:\/\/www.deopaws.com\/wp-content\/uploads\/2025\/04\/11212-300x240.jpg 300w, https:\/\/www.deopaws.com\/wp-content\/uploads\/2025\/04\/11212-600x480.jpg 600w, https:\/\/www.deopaws.com\/wp-content\/uploads\/2025\/04\/11212.jpg 750w\" sizes=\"auto, (max-width: 370px) 100vw, 370px\" \/><\/p>\n<div style=\"flex: 1; min-width: 0;\">\n<p style=\"color: gray;\">Sie k\u00f6nnen die T\u00fccher mit Ihrem eigenen Logo versehen, um sie zu einem gro\u00dfartigen Werbeartikel f\u00fcr Ihr Unternehmen zu machen. Der Pullover kommt auch mit einem praktischen OPP-Tasche f\u00fcr einfache Lagerung und Transport.<\/p>\n<\/div>\n<\/div>\n<\/div>\n<h3>Werksanzeige<\/h3>\n<p>&nbsp;<\/p>\n<div class=\"row\">\n<div class=\"col-lg-4\"><img loading=\"lazy\" decoding=\"async\" class=\"alignnone size-medium wp-image-142\" src=\"https:\/\/gray-bee-883835.hostingersite.com\/wp-content\/uploads\/2025\/04\/Small-pet-raincoat-3_-300x225.jpg\" alt=\"\" width=\"300\" height=\"225\" srcset=\"https:\/\/www.deopaws.com\/wp-content\/uploads\/2025\/04\/Small-pet-raincoat-3_-300x225.jpg 300w, https:\/\/www.deopaws.com\/wp-content\/uploads\/2025\/04\/Small-pet-raincoat-3_-600x450.jpg 600w, https:\/\/www.deopaws.com\/wp-content\/uploads\/2025\/04\/Small-pet-raincoat-3_-768x576.jpg 768w, https:\/\/www.deopaws.com\/wp-content\/uploads\/2025\/04\/Small-pet-raincoat-3_.jpg 800w\" sizes=\"auto, (max-width: 300px) 100vw, 300px\" \/><\/div>\n<div class=\"col-lg-4\"><img loading=\"lazy\" decoding=\"async\" class=\"alignnone size-medium wp-image-138\" src=\"https:\/\/gray-bee-883835.hostingersite.com\/wp-content\/uploads\/2025\/04\/Small-pet-raincoat-2-2-300x225.jpg\" alt=\"\" width=\"300\" height=\"225\" srcset=\"https:\/\/www.deopaws.com\/wp-content\/uploads\/2025\/04\/Small-pet-raincoat-2-2-300x225.jpg 300w, https:\/\/www.deopaws.com\/wp-content\/uploads\/2025\/04\/Small-pet-raincoat-2-2-600x450.jpg 600w, https:\/\/www.deopaws.com\/wp-content\/uploads\/2025\/04\/Small-pet-raincoat-2-2-768x576.jpg 768w, https:\/\/www.deopaws.com\/wp-content\/uploads\/2025\/04\/Small-pet-raincoat-2-2.jpg 800w\" sizes=\"auto, (max-width: 300px) 100vw, 300px\" \/><\/div>\n<div class=\"col-lg-4\"><img loading=\"lazy\" decoding=\"async\" class=\"alignnone size-medium wp-image-139\" src=\"https:\/\/gray-bee-883835.hostingersite.com\/wp-content\/uploads\/2025\/04\/Small-pet-raincoat-3-2-300x225.jpg\" alt=\"\" width=\"300\" height=\"225\" srcset=\"https:\/\/www.deopaws.com\/wp-content\/uploads\/2025\/04\/Small-pet-raincoat-3-2-300x225.jpg 300w, https:\/\/www.deopaws.com\/wp-content\/uploads\/2025\/04\/Small-pet-raincoat-3-2-600x450.jpg 600w, https:\/\/www.deopaws.com\/wp-content\/uploads\/2025\/04\/Small-pet-raincoat-3-2-768x576.jpg 768w, https:\/\/www.deopaws.com\/wp-content\/uploads\/2025\/04\/Small-pet-raincoat-3-2.jpg 800w\" sizes=\"auto, (max-width: 300px) 100vw, 300px\" \/><\/div>\n<p>&nbsp;<\/p>\n<div>\n<div class=\"row\">\n<div class=\"col-lg-4\"><img loading=\"lazy\" decoding=\"async\" class=\"alignnone size-medium wp-image-141\" src=\"https:\/\/gray-bee-883835.hostingersite.com\/wp-content\/uploads\/2025\/04\/Small-pet-raincoat-2_-300x225.jpg\" alt=\"\" width=\"300\" height=\"225\" srcset=\"https:\/\/www.deopaws.com\/wp-content\/uploads\/2025\/04\/Small-pet-raincoat-2_-300x225.jpg 300w, https:\/\/www.deopaws.com\/wp-content\/uploads\/2025\/04\/Small-pet-raincoat-2_-600x450.jpg 600w, https:\/\/www.deopaws.com\/wp-content\/uploads\/2025\/04\/Small-pet-raincoat-2_-768x576.jpg 768w, https:\/\/www.deopaws.com\/wp-content\/uploads\/2025\/04\/Small-pet-raincoat-2_.jpg 800w\" sizes=\"auto, (max-width: 300px) 100vw, 300px\" \/><\/div>\n<div class=\"col-lg-4\"><img loading=\"lazy\" decoding=\"async\" class=\"alignnone size-full wp-image-1656\" src=\"https:\/\/www.deopaws.com\/wp-content\/uploads\/2025\/05\/fact-1_\u526f\u672c.jpg\" alt=\"\" width=\"300\" height=\"225\" \/><\/div>\n<div class=\"col-lg-4\"><img loading=\"lazy\" decoding=\"async\" class=\"alignnone size-medium wp-image-137\" src=\"https:\/\/gray-bee-883835.hostingersite.com\/wp-content\/uploads\/2025\/04\/Small-pet-raincoat-1-2-300x225.jpg\" alt=\"\" width=\"300\" height=\"225\" srcset=\"https:\/\/www.deopaws.com\/wp-content\/uploads\/2025\/04\/Small-pet-raincoat-1-2-300x225.jpg 300w, https:\/\/www.deopaws.com\/wp-content\/uploads\/2025\/04\/Small-pet-raincoat-1-2-600x450.jpg 600w, https:\/\/www.deopaws.com\/wp-content\/uploads\/2025\/04\/Small-pet-raincoat-1-2-768x576.jpg 768w, https:\/\/www.deopaws.com\/wp-content\/uploads\/2025\/04\/Small-pet-raincoat-1-2.jpg 800w\" sizes=\"auto, (max-width: 300px) 100vw, 300px\" \/><\/div>\n<div><\/div>\n<\/div>\n<\/div>\n<\/div>","protected":false},"excerpt":{"rendered":"<p>This eco-friendly acrylic pet dress is part of our dog dresses collection, combining warmth, cuteness, and custom style\u2014perfect for small dogs and cats to stay cozy and fashionable in fall and winter.<\/p>","protected":false},"featured_media":3712,"comment_status":"open","ping_status":"closed","template":"","meta":{"_acf_changed":false},"product_brand":[],"product_cat":[15,17,39,16,25],"product_tag":[],"class_list":{"0":"post-516","1":"product","2":"type-product","3":"status-publish","4":"has-post-thumbnail","6":"product_cat-products","7":"product_cat-cat-supplies","8":"product_cat-cat-apparel-accessories","9":"product_cat-dog-supplies","10":"product_cat-dog-apparel-accessories","12":"first","13":"instock","14":"shipping-taxable","15":"product-type-simple"},"acf":[],"_links":{"self":[{"href":"https:\/\/www.deopaws.com\/de\/wp-json\/wp\/v2\/product\/516","targetHints":{"allow":["GET"]}}],"collection":[{"href":"https:\/\/www.deopaws.com\/de\/wp-json\/wp\/v2\/product"}],"about":[{"href":"https:\/\/www.deopaws.com\/de\/wp-json\/wp\/v2\/types\/product"}],"replies":[{"embeddable":true,"href":"https:\/\/www.deopaws.com\/de\/wp-json\/wp\/v2\/comments?post=516"}],"wp:featuredmedia":[{"embeddable":true,"href":"https:\/\/www.deopaws.com\/de\/wp-json\/wp\/v2\/media\/3712"}],"wp:attachment":[{"href":"https:\/\/www.deopaws.com\/de\/wp-json\/wp\/v2\/media?parent=516"}],"wp:term":[{"taxonomy":"product_brand","embeddable":true,"href":"https:\/\/www.deopaws.com\/de\/wp-json\/wp\/v2\/product_brand?post=516"},{"taxonomy":"product_cat","embeddable":true,"href":"https:\/\/www.deopaws.com\/de\/wp-json\/wp\/v2\/product_cat?post=516"},{"taxonomy":"product_tag","embeddable":true,"href":"https:\/\/www.deopaws.com\/de\/wp-json\/wp\/v2\/product_tag?post=516"}],"curies":[{"name":"wp","href":"https:\/\/api.w.org\/{rel}","templated":true}]}}