{"id":3949,"date":"2026-03-17T13:54:26","date_gmt":"2026-03-17T05:54:26","guid":{"rendered":"https:\/\/www.deopaws.com\/?post_type=product&#038;p=3949"},"modified":"2026-03-17T14:20:42","modified_gmt":"2026-03-17T06:20:42","slug":"escape-proof-dog-harness","status":"publish","type":"product","link":"https:\/\/www.deopaws.com\/de\/produkt\/escape-proof-dog-harness\/","title":{"rendered":"Leichte Leine f\u00fcr kleine Hunde mit Entweichungsschutz in Form einer Weste"},"content":{"rendered":"<h2 data-start=\"77\" data-end=\"192\">Escape Proof Dog Harness\u200b \uff1a<\/h2>\n<p>&nbsp;<\/p>\n<p data-start=\"506\" data-end=\"605\"><strong data-start=\"506\" data-end=\"530\">\u25cf Escape-Proof Design:<\/strong> Secure vest structure helps prevent pets from slipping out during walks.<\/p>\n<p>&nbsp;<\/p>\n<p data-start=\"608\" data-end=\"698\"><strong data-start=\"608\" data-end=\"638\">\u25cf Leicht und bequem:<\/strong> Soft breathable polyester keeps dogs comfortable all day.<\/p>\n<p>&nbsp;<\/p>\n<p data-start=\"701\" data-end=\"788\"><strong data-start=\"701\" data-end=\"720\">\u25cf Better Control:<\/strong> Vest-style harness distributes pressure evenly to reduce pulling.<\/p>\n<p>&nbsp;<\/p>\n<p data-start=\"791\" data-end=\"883\"><strong data-start=\"791\" data-end=\"810\">\u25cf Einstellbare Passform:<\/strong> Multiple sizes ensure a snug and secure fit for small and medium dogs.<\/p>\n<p>&nbsp;<\/p>\n<p data-start=\"886\" data-end=\"969\"><strong data-start=\"886\" data-end=\"909\">\u25cf Durable &amp; Reliable:<\/strong> Strong stitching and durable materials for long-term use.<\/p>\n<p>&nbsp;<\/p>\n<p data-start=\"972\" data-end=\"1053\"><strong data-start=\"972\" data-end=\"1000\">\u25cf Perfect for Daily Walks:<\/strong> Ideal for walking, training, and outdoor activities.<\/p>\n<p>&nbsp;<\/p>\n<p>&nbsp;<\/p>\n<div style=\"max-width: 800px; margin: auto; padding: 20px;\">\n<p><!-- \u5de6\u56fe\u53f3\u6587 --><\/p>\n<div style=\"display: flex; align-items: center; gap: 20px; margin-bottom: 40px; flex-wrap: wrap;\">\n<p><img loading=\"lazy\" decoding=\"async\" class=\"alignnone wp-image-3959 size-full\" src=\"https:\/\/www.deopaws.com\/wp-content\/uploads\/2026\/03\/icfg.jpg\" alt=\"\" width=\"380\" height=\"300\" srcset=\"https:\/\/www.deopaws.com\/wp-content\/uploads\/2026\/03\/icfg.jpg 380w, https:\/\/www.deopaws.com\/wp-content\/uploads\/2026\/03\/icfg-300x237.jpg 300w, https:\/\/www.deopaws.com\/wp-content\/uploads\/2026\/03\/icfg-15x12.jpg 15w\" sizes=\"auto, (max-width: 380px) 100vw, 380px\" \/><\/p>\n<div style=\"flex: 1; min-width: 0;\">\n<p>Multi-directional reflective surround effect.<\/p>\n<p>Multi-angle reflective effect makes nighttime travel safer.<\/p>\n<\/div>\n<\/div>\n<p><!-- \u53f3\u56fe\u5de6\u6587 --><\/p>\n<div style=\"display: flex; flex-direction: row-reverse; align-items: center; gap: 20px; flex-wrap: wrap;\">\n<p><img loading=\"lazy\" decoding=\"async\" class=\"alignnone wp-image-3958 size-full\" src=\"https:\/\/www.deopaws.com\/wp-content\/uploads\/2026\/03\/jnu.jpg\" alt=\"\" width=\"380\" height=\"300\" srcset=\"https:\/\/www.deopaws.com\/wp-content\/uploads\/2026\/03\/jnu.jpg 380w, https:\/\/www.deopaws.com\/wp-content\/uploads\/2026\/03\/jnu-300x237.jpg 300w, https:\/\/www.deopaws.com\/wp-content\/uploads\/2026\/03\/jnu-15x12.jpg 15w\" sizes=\"auto, (max-width: 380px) 100vw, 380px\" \/><\/p>\n<div style=\"flex: 1; min-width: 0;\">\n<p>Breathable and comfortable perforated mesh fabric.<\/p>\n<p>Suitable for all seasons, gentle on hair, lightweight and comfortable.<\/p>\n<\/div>\n<\/div>\n<\/div>\n<div style=\"max-width: 800px; margin: auto; padding: 20px;\">\n<p><!-- \u5de6\u56fe\u53f3\u6587 --><\/p>\n<div style=\"display: flex; align-items: center; gap: 20px; margin-bottom: 40px; flex-wrap: wrap;\">\n<p><img loading=\"lazy\" decoding=\"async\" class=\"alignnone wp-image-3957 size-full\" src=\"https:\/\/www.deopaws.com\/wp-content\/uploads\/2026\/03\/cgf.jpg\" alt=\"\" width=\"380\" height=\"300\" srcset=\"https:\/\/www.deopaws.com\/wp-content\/uploads\/2026\/03\/cgf.jpg 380w, https:\/\/www.deopaws.com\/wp-content\/uploads\/2026\/03\/cgf-300x237.jpg 300w, https:\/\/www.deopaws.com\/wp-content\/uploads\/2026\/03\/cgf-15x12.jpg 15w\" sizes=\"auto, (max-width: 380px) 100vw, 380px\" \/><\/p>\n<div style=\"flex: 1; min-width: 0;\">\n<p>High-strength adhesive Velcro.<\/p>\n<p>Not easily detached; adjustable bust size; easy to wear.<\/p>\n<\/div>\n<\/div>\n<p><!-- \u53f3\u56fe\u5de6\u6587 --><\/p>\n<div style=\"display: flex; flex-direction: row-reverse; align-items: center; gap: 20px; flex-wrap: wrap;\">\n<p><img loading=\"lazy\" decoding=\"async\" class=\"alignnone wp-image-3960 size-full\" src=\"https:\/\/www.deopaws.com\/wp-content\/uploads\/2026\/03\/yfhv.jpg\" alt=\"\" width=\"380\" height=\"300\" srcset=\"https:\/\/www.deopaws.com\/wp-content\/uploads\/2026\/03\/yfhv.jpg 380w, https:\/\/www.deopaws.com\/wp-content\/uploads\/2026\/03\/yfhv-300x237.jpg 300w, https:\/\/www.deopaws.com\/wp-content\/uploads\/2026\/03\/yfhv-15x12.jpg 15w\" sizes=\"auto, (max-width: 380px) 100vw, 380px\" \/><\/p>\n<div style=\"flex: 1; min-width: 0;\">\n<p style=\"color: gray;\">\u00dcbersichtliche Gr\u00f6\u00dfentabelle - Hilft den K\u00e4ufern bei der Auswahl der richtigen Gr\u00f6\u00dfe f\u00fcr ihre Haustiere und gew\u00e4hrleistet Komfort und Sicherheit.<\/p>\n<\/div>\n<\/div>\n<\/div>\n<div style=\"max-width: 800px; margin: auto; padding: 20px;\"><\/div>\n<h3>Werksanzeige<\/h3>\n<p>&nbsp;<\/p>\n<div class=\"row\">\n<div class=\"col-lg-4\"><img loading=\"lazy\" decoding=\"async\" class=\"alignnone size-medium wp-image-142\" src=\"https:\/\/gray-bee-883835.hostingersite.com\/wp-content\/uploads\/2025\/04\/Small-pet-raincoat-3_-300x225.jpg\" alt=\"\" width=\"300\" height=\"225\" srcset=\"https:\/\/www.deopaws.com\/wp-content\/uploads\/2025\/04\/Small-pet-raincoat-3_-300x225.jpg 300w, https:\/\/www.deopaws.com\/wp-content\/uploads\/2025\/04\/Small-pet-raincoat-3_-600x450.jpg 600w, https:\/\/www.deopaws.com\/wp-content\/uploads\/2025\/04\/Small-pet-raincoat-3_-768x576.jpg 768w, https:\/\/www.deopaws.com\/wp-content\/uploads\/2025\/04\/Small-pet-raincoat-3_.jpg 800w\" sizes=\"auto, (max-width: 300px) 100vw, 300px\" \/><\/div>\n<div class=\"col-lg-4\"><img loading=\"lazy\" decoding=\"async\" class=\"alignnone size-medium wp-image-138\" src=\"https:\/\/gray-bee-883835.hostingersite.com\/wp-content\/uploads\/2025\/04\/Small-pet-raincoat-2-2-300x225.jpg\" alt=\"\" width=\"300\" height=\"225\" srcset=\"https:\/\/www.deopaws.com\/wp-content\/uploads\/2025\/04\/Small-pet-raincoat-2-2-300x225.jpg 300w, https:\/\/www.deopaws.com\/wp-content\/uploads\/2025\/04\/Small-pet-raincoat-2-2-600x450.jpg 600w, https:\/\/www.deopaws.com\/wp-content\/uploads\/2025\/04\/Small-pet-raincoat-2-2-768x576.jpg 768w, https:\/\/www.deopaws.com\/wp-content\/uploads\/2025\/04\/Small-pet-raincoat-2-2.jpg 800w\" sizes=\"auto, (max-width: 300px) 100vw, 300px\" \/><\/div>\n<div class=\"col-lg-4\"><img loading=\"lazy\" decoding=\"async\" class=\"alignnone size-medium wp-image-139\" src=\"https:\/\/gray-bee-883835.hostingersite.com\/wp-content\/uploads\/2025\/04\/Small-pet-raincoat-3-2-300x225.jpg\" alt=\"\" width=\"300\" height=\"225\" srcset=\"https:\/\/www.deopaws.com\/wp-content\/uploads\/2025\/04\/Small-pet-raincoat-3-2-300x225.jpg 300w, https:\/\/www.deopaws.com\/wp-content\/uploads\/2025\/04\/Small-pet-raincoat-3-2-600x450.jpg 600w, https:\/\/www.deopaws.com\/wp-content\/uploads\/2025\/04\/Small-pet-raincoat-3-2-768x576.jpg 768w, https:\/\/www.deopaws.com\/wp-content\/uploads\/2025\/04\/Small-pet-raincoat-3-2.jpg 800w\" sizes=\"auto, (max-width: 300px) 100vw, 300px\" \/><\/div>\n<p>&nbsp;<\/p>\n<div>\n<div class=\"row\">\n<div class=\"col-lg-4\"><img loading=\"lazy\" decoding=\"async\" class=\"alignnone size-medium wp-image-141\" src=\"https:\/\/gray-bee-883835.hostingersite.com\/wp-content\/uploads\/2025\/04\/Small-pet-raincoat-2_-300x225.jpg\" alt=\"\" width=\"300\" height=\"225\" srcset=\"https:\/\/www.deopaws.com\/wp-content\/uploads\/2025\/04\/Small-pet-raincoat-2_-300x225.jpg 300w, https:\/\/www.deopaws.com\/wp-content\/uploads\/2025\/04\/Small-pet-raincoat-2_-600x450.jpg 600w, https:\/\/www.deopaws.com\/wp-content\/uploads\/2025\/04\/Small-pet-raincoat-2_-768x576.jpg 768w, https:\/\/www.deopaws.com\/wp-content\/uploads\/2025\/04\/Small-pet-raincoat-2_.jpg 800w\" sizes=\"auto, (max-width: 300px) 100vw, 300px\" \/><\/div>\n<div class=\"col-lg-4\"><img loading=\"lazy\" decoding=\"async\" class=\"alignnone size-full wp-image-1656\" src=\"https:\/\/www.deopaws.com\/wp-content\/uploads\/2025\/05\/fact-1_\u526f\u672c.jpg\" alt=\"\" width=\"300\" height=\"225\" \/><\/div>\n<div class=\"col-lg-4\"><img loading=\"lazy\" decoding=\"async\" class=\"alignnone size-medium wp-image-137\" src=\"https:\/\/gray-bee-883835.hostingersite.com\/wp-content\/uploads\/2025\/04\/Small-pet-raincoat-1-2-300x225.jpg\" alt=\"\" width=\"300\" height=\"225\" srcset=\"https:\/\/www.deopaws.com\/wp-content\/uploads\/2025\/04\/Small-pet-raincoat-1-2-300x225.jpg 300w, https:\/\/www.deopaws.com\/wp-content\/uploads\/2025\/04\/Small-pet-raincoat-1-2-600x450.jpg 600w, https:\/\/www.deopaws.com\/wp-content\/uploads\/2025\/04\/Small-pet-raincoat-1-2-768x576.jpg 768w, https:\/\/www.deopaws.com\/wp-content\/uploads\/2025\/04\/Small-pet-raincoat-1-2.jpg 800w\" sizes=\"auto, (max-width: 300px) 100vw, 300px\" \/><\/div>\n<div><\/div>\n<\/div>\n<\/div>\n<\/div>","protected":false},"excerpt":{"rendered":"<p>Dieses ausbruchsichere Hundegeschirr verf\u00fcgt \u00fcber ein sicheres Westendesign, das verhindert, dass Haustiere beim Spazierengehen herausrutschen. Es ist aus leichtem, atmungsaktivem Polyester gefertigt und bietet Komfort, Sicherheit und bessere Kontrolle f\u00fcr kleine und mittlere Hunde.<\/p>","protected":false},"featured_media":3950,"comment_status":"closed","ping_status":"closed","template":"","meta":{"_acf_changed":false},"product_brand":[],"product_cat":[16,27],"product_tag":[],"class_list":{"0":"post-3949","1":"product","2":"type-product","3":"status-publish","4":"has-post-thumbnail","6":"product_cat-dog-supplies","7":"product_cat-dog-collarsleashes-harnesses","9":"first","10":"instock","11":"shipping-taxable","12":"product-type-simple"},"acf":[],"_links":{"self":[{"href":"https:\/\/www.deopaws.com\/de\/wp-json\/wp\/v2\/product\/3949","targetHints":{"allow":["GET"]}}],"collection":[{"href":"https:\/\/www.deopaws.com\/de\/wp-json\/wp\/v2\/product"}],"about":[{"href":"https:\/\/www.deopaws.com\/de\/wp-json\/wp\/v2\/types\/product"}],"replies":[{"embeddable":true,"href":"https:\/\/www.deopaws.com\/de\/wp-json\/wp\/v2\/comments?post=3949"}],"wp:featuredmedia":[{"embeddable":true,"href":"https:\/\/www.deopaws.com\/de\/wp-json\/wp\/v2\/media\/3950"}],"wp:attachment":[{"href":"https:\/\/www.deopaws.com\/de\/wp-json\/wp\/v2\/media?parent=3949"}],"wp:term":[{"taxonomy":"product_brand","embeddable":true,"href":"https:\/\/www.deopaws.com\/de\/wp-json\/wp\/v2\/product_brand?post=3949"},{"taxonomy":"product_cat","embeddable":true,"href":"https:\/\/www.deopaws.com\/de\/wp-json\/wp\/v2\/product_cat?post=3949"},{"taxonomy":"product_tag","embeddable":true,"href":"https:\/\/www.deopaws.com\/de\/wp-json\/wp\/v2\/product_tag?post=3949"}],"curies":[{"name":"wp","href":"https:\/\/api.w.org\/{rel}","templated":true}]}}