{"id":3925,"date":"2026-03-16T17:20:32","date_gmt":"2026-03-16T09:20:32","guid":{"rendered":"https:\/\/www.deopaws.com\/?post_type=product&#038;p=3925"},"modified":"2026-03-17T10:29:02","modified_gmt":"2026-03-17T02:29:02","slug":"cat-harnesses-for-walking","status":"publish","type":"product","link":"https:\/\/www.deopaws.com\/de\/produkt\/cat-harnesses-for-walking\/","title":{"rendered":"Dopamine Weste-Stil Katze Brustgeschirr mit reflektierenden Anti-Flucht-Leine"},"content":{"rendered":"<h2 data-start=\"77\" data-end=\"192\">Katzengeschirr f\u00fcr Spazierg\u00e4nge \uff1a<\/h2>\n<p>&nbsp;<\/p>\n<p data-start=\"65\" data-end=\"153\"><strong data-start=\"65\" data-end=\"99\">\u25cf <\/strong><strong data-start=\"515\" data-end=\"539\">Ausbruchssicheres Design:<\/strong> Die sichere Struktur der Weste verhindert, dass die Katze bei Spazierg\u00e4ngen herausrutscht.<\/p>\n<p>&nbsp;<\/p>\n<p data-start=\"617\" data-end=\"714\"><strong data-start=\"617\" data-end=\"639\">\u25cf Reflektierende Sicherheit:<\/strong> Reflektierende Streifen verbessern die Sichtbarkeit und Sicherheit bei schlechten Lichtverh\u00e4ltnissen.<\/p>\n<p>&nbsp;<\/p>\n<p data-start=\"717\" data-end=\"813\"><strong data-start=\"717\" data-end=\"742\">\u25cf Bequeme Passform der Weste:<\/strong> Weiche und atmungsaktive Materialien sorgen daf\u00fcr, dass sich die Katzen auch bei l\u00e4ngerem Tragen wohl f\u00fchlen.<\/p>\n<p>&nbsp;<\/p>\n<p data-start=\"816\" data-end=\"909\"><strong data-start=\"816\" data-end=\"845\">\u25cf Leicht und verstellbar:<\/strong> Die verstellbaren Riemen sorgen f\u00fcr eine gute Passform f\u00fcr Katzen und kleine Hunde.<\/p>\n<p>&nbsp;<\/p>\n<p data-start=\"912\" data-end=\"1006\"><strong data-start=\"912\" data-end=\"942\">\u25cf Perfekt f\u00fcr Spazierg\u00e4nge im Freien:<\/strong> Ideal f\u00fcr Spazierg\u00e4nge, Reisen und Erkundungen im Freien mit Haustieren.<\/p>\n<p>&nbsp;<\/p>\n<p data-start=\"1009\" data-end=\"1100\"><strong data-start=\"1009\" data-end=\"1036\">\u25cf Inklusive strapazierf\u00e4higer Leine:<\/strong> Die robuste Leine sorgt f\u00fcr zuverl\u00e4ssige Kontrolle und Sicherheit der Haustiere.<\/p>\n<p>&nbsp;<\/p>\n<p>&nbsp;<\/p>\n<div style=\"max-width: 800px; margin: auto; padding: 20px;\">\n<p><!-- \u5de6\u56fe\u53f3\u6587 --><\/p>\n<div style=\"display: flex; align-items: center; gap: 20px; margin-bottom: 40px; flex-wrap: wrap;\">\n<p><img loading=\"lazy\" decoding=\"async\" class=\"alignnone wp-image-3933 size-full\" src=\"https:\/\/www.deopaws.com\/wp-content\/uploads\/2026\/03\/tg.jpg\" alt=\"\" width=\"300\" height=\"240\" srcset=\"https:\/\/www.deopaws.com\/wp-content\/uploads\/2026\/03\/tg.jpg 300w, https:\/\/www.deopaws.com\/wp-content\/uploads\/2026\/03\/tg-15x12.jpg 15w\" sizes=\"auto, (max-width: 300px) 100vw, 300px\" \/><\/p>\n<div style=\"flex: 1; min-width: 0;\">\n<p>Traktionsschnalle aus Metall f\u00fcr sicheren Halt.<\/p>\n<p>Klettverschluss-Design f\u00fcr einfaches Tragen.<\/p>\n<\/div>\n<\/div>\n<p><!-- \u53f3\u56fe\u5de6\u6587 --><\/p>\n<div style=\"display: flex; flex-direction: row-reverse; align-items: center; gap: 20px; flex-wrap: wrap;\">\n<p><img loading=\"lazy\" decoding=\"async\" class=\"alignnone wp-image-3934 size-full\" src=\"https:\/\/www.deopaws.com\/wp-content\/uploads\/2026\/03\/djcfur.jpg\" alt=\"\" width=\"300\" height=\"240\" srcset=\"https:\/\/www.deopaws.com\/wp-content\/uploads\/2026\/03\/djcfur.jpg 300w, https:\/\/www.deopaws.com\/wp-content\/uploads\/2026\/03\/djcfur-15x12.jpg 15w\" sizes=\"auto, (max-width: 300px) 100vw, 300px\" \/><\/p>\n<div style=\"flex: 1; min-width: 0;\">\n<p>Bequemer Druckknopfverschluss, einfach zu bedienen.<\/p>\n<p>Leichtg\u00e4ngige D-Ring-Schnalle, einfach zu verstellen.<\/p>\n<\/div>\n<\/div>\n<\/div>\n<div style=\"max-width: 800px; margin: auto; padding: 20px;\">\n<p><!-- \u5de6\u56fe\u53f3\u6587 --><\/p>\n<div style=\"display: flex; align-items: center; gap: 20px; margin-bottom: 40px; flex-wrap: wrap;\">\n<p><img loading=\"lazy\" decoding=\"async\" class=\"alignnone wp-image-3935 size-full\" src=\"https:\/\/www.deopaws.com\/wp-content\/uploads\/2026\/03\/djc.jpg\" alt=\"\" width=\"300\" height=\"240\" srcset=\"https:\/\/www.deopaws.com\/wp-content\/uploads\/2026\/03\/djc.jpg 300w, https:\/\/www.deopaws.com\/wp-content\/uploads\/2026\/03\/djc-15x12.jpg 15w\" sizes=\"auto, (max-width: 300px) 100vw, 300px\" \/><\/p>\n<div style=\"flex: 1; min-width: 0;\">\n<p>Die \u00e4u\u00dfere Schicht besteht aus einem einlagigen Netzgewebe, das f\u00fcr Atmungsaktivit\u00e4t und Komfort sorgt.<\/p>\n<p>Das Innenfutter besteht aus passendem, geb\u00fcrstetem Stoff, der fusselfrei und leicht zu reinigen ist.<\/p>\n<p>Sorgen Sie daf\u00fcr, dass sich Ihr Haustier beim Tragen wohl f\u00fchlt.<\/p>\n<\/div>\n<\/div>\n<div style=\"max-width: 800px; margin: auto; padding: 20px;\">\n<div style=\"display: flex; flex-direction: row-reverse; align-items: center; gap: 20px; flex-wrap: wrap;\">\n<p><img loading=\"lazy\" decoding=\"async\" class=\"alignnone wp-image-3936\" src=\"https:\/\/www.deopaws.com\/wp-content\/uploads\/2026\/03\/dxh.jpg\" alt=\"\" width=\"300\" height=\"240\" srcset=\"https:\/\/www.deopaws.com\/wp-content\/uploads\/2026\/03\/dxh.jpg 300w, https:\/\/www.deopaws.com\/wp-content\/uploads\/2026\/03\/dxh-15x12.jpg 15w\" sizes=\"auto, (max-width: 300px) 100vw, 300px\" \/><\/p>\n<div style=\"flex: 1; min-width: 0;\">\n<p>Niedliches kleines Blumenmuster.<\/p>\n<p>Jede Farbe ist mit einer andersfarbigen kleinen Blume gepaart, was sie liebenswert und sch\u00f6n macht.<\/p>\n<\/div>\n<\/div>\n<\/div>\n<div style=\"display: flex; align-items: center; gap: 20px; margin-bottom: 40px; flex-wrap: wrap;\">\n<p><img loading=\"lazy\" decoding=\"async\" class=\"alignnone wp-image-3937 size-full\" src=\"https:\/\/www.deopaws.com\/wp-content\/uploads\/2026\/03\/jcfv.jpg\" alt=\"\" width=\"300\" height=\"240\" srcset=\"https:\/\/www.deopaws.com\/wp-content\/uploads\/2026\/03\/jcfv.jpg 300w, https:\/\/www.deopaws.com\/wp-content\/uploads\/2026\/03\/jcfv-15x12.jpg 15w\" sizes=\"auto, (max-width: 300px) 100vw, 300px\" \/><\/p>\n<div style=\"flex: 1; min-width: 0;\">\n<p data-start=\"56\" data-end=\"422\">Gr\u00f6\u00dfentabelle - Es sind verschiedene Gr\u00f6\u00dfen erh\u00e4ltlich, die f\u00fcr Katzen unterschiedlicher Gr\u00f6\u00dfe geeignet sind.<\/p>\n<\/div>\n<\/div>\n<h3>Werksanzeige<\/h3>\n<p>&nbsp;<\/p>\n<div class=\"row\">\n<div class=\"col-lg-4\"><img loading=\"lazy\" decoding=\"async\" class=\"alignnone size-medium wp-image-142\" src=\"https:\/\/gray-bee-883835.hostingersite.com\/wp-content\/uploads\/2025\/04\/Small-pet-raincoat-3_-300x225.jpg\" alt=\"\" width=\"300\" height=\"225\" srcset=\"https:\/\/www.deopaws.com\/wp-content\/uploads\/2025\/04\/Small-pet-raincoat-3_-300x225.jpg 300w, https:\/\/www.deopaws.com\/wp-content\/uploads\/2025\/04\/Small-pet-raincoat-3_-600x450.jpg 600w, https:\/\/www.deopaws.com\/wp-content\/uploads\/2025\/04\/Small-pet-raincoat-3_-768x576.jpg 768w, https:\/\/www.deopaws.com\/wp-content\/uploads\/2025\/04\/Small-pet-raincoat-3_.jpg 800w\" sizes=\"auto, (max-width: 300px) 100vw, 300px\" \/><\/div>\n<div class=\"col-lg-4\"><img loading=\"lazy\" decoding=\"async\" class=\"alignnone size-medium wp-image-138\" src=\"https:\/\/gray-bee-883835.hostingersite.com\/wp-content\/uploads\/2025\/04\/Small-pet-raincoat-2-2-300x225.jpg\" alt=\"\" width=\"300\" height=\"225\" srcset=\"https:\/\/www.deopaws.com\/wp-content\/uploads\/2025\/04\/Small-pet-raincoat-2-2-300x225.jpg 300w, https:\/\/www.deopaws.com\/wp-content\/uploads\/2025\/04\/Small-pet-raincoat-2-2-600x450.jpg 600w, https:\/\/www.deopaws.com\/wp-content\/uploads\/2025\/04\/Small-pet-raincoat-2-2-768x576.jpg 768w, https:\/\/www.deopaws.com\/wp-content\/uploads\/2025\/04\/Small-pet-raincoat-2-2.jpg 800w\" sizes=\"auto, (max-width: 300px) 100vw, 300px\" \/><\/div>\n<div class=\"col-lg-4\"><img loading=\"lazy\" decoding=\"async\" class=\"alignnone size-medium wp-image-139\" src=\"https:\/\/gray-bee-883835.hostingersite.com\/wp-content\/uploads\/2025\/04\/Small-pet-raincoat-3-2-300x225.jpg\" alt=\"\" width=\"300\" height=\"225\" srcset=\"https:\/\/www.deopaws.com\/wp-content\/uploads\/2025\/04\/Small-pet-raincoat-3-2-300x225.jpg 300w, https:\/\/www.deopaws.com\/wp-content\/uploads\/2025\/04\/Small-pet-raincoat-3-2-600x450.jpg 600w, https:\/\/www.deopaws.com\/wp-content\/uploads\/2025\/04\/Small-pet-raincoat-3-2-768x576.jpg 768w, https:\/\/www.deopaws.com\/wp-content\/uploads\/2025\/04\/Small-pet-raincoat-3-2.jpg 800w\" sizes=\"auto, (max-width: 300px) 100vw, 300px\" \/><\/div>\n<p>&nbsp;<\/p>\n<div>\n<div class=\"row\">\n<div class=\"col-lg-4\"><img loading=\"lazy\" decoding=\"async\" class=\"alignnone size-medium wp-image-141\" src=\"https:\/\/gray-bee-883835.hostingersite.com\/wp-content\/uploads\/2025\/04\/Small-pet-raincoat-2_-300x225.jpg\" alt=\"\" width=\"300\" height=\"225\" srcset=\"https:\/\/www.deopaws.com\/wp-content\/uploads\/2025\/04\/Small-pet-raincoat-2_-300x225.jpg 300w, https:\/\/www.deopaws.com\/wp-content\/uploads\/2025\/04\/Small-pet-raincoat-2_-600x450.jpg 600w, https:\/\/www.deopaws.com\/wp-content\/uploads\/2025\/04\/Small-pet-raincoat-2_-768x576.jpg 768w, https:\/\/www.deopaws.com\/wp-content\/uploads\/2025\/04\/Small-pet-raincoat-2_.jpg 800w\" sizes=\"auto, (max-width: 300px) 100vw, 300px\" \/><\/div>\n<div class=\"col-lg-4\"><img loading=\"lazy\" decoding=\"async\" class=\"alignnone size-full wp-image-1656\" src=\"https:\/\/www.deopaws.com\/wp-content\/uploads\/2025\/05\/fact-1_\u526f\u672c.jpg\" alt=\"\" width=\"300\" height=\"225\" \/><\/div>\n<div class=\"col-lg-4\"><img loading=\"lazy\" decoding=\"async\" class=\"alignnone size-medium wp-image-137\" src=\"https:\/\/gray-bee-883835.hostingersite.com\/wp-content\/uploads\/2025\/04\/Small-pet-raincoat-1-2-300x225.jpg\" alt=\"\" width=\"300\" height=\"225\" srcset=\"https:\/\/www.deopaws.com\/wp-content\/uploads\/2025\/04\/Small-pet-raincoat-1-2-300x225.jpg 300w, https:\/\/www.deopaws.com\/wp-content\/uploads\/2025\/04\/Small-pet-raincoat-1-2-600x450.jpg 600w, https:\/\/www.deopaws.com\/wp-content\/uploads\/2025\/04\/Small-pet-raincoat-1-2-768x576.jpg 768w, https:\/\/www.deopaws.com\/wp-content\/uploads\/2025\/04\/Small-pet-raincoat-1-2.jpg 800w\" sizes=\"auto, (max-width: 300px) 100vw, 300px\" \/><\/div>\n<div><\/div>\n<\/div>\n<\/div>\n<\/div>\n<\/div>","protected":false},"excerpt":{"rendered":"<p>Dieses Katzengeschirr mit Leine verf\u00fcgt \u00fcber ein sicheres Westendesign, das ein Entweichen verhindert und gleichzeitig den Komfort der Katze gew\u00e4hrleistet. Mit reflektierenden Details und leichtem, atmungsaktivem Material ist es perfekt f\u00fcr sichere Spazierg\u00e4nge im Freien und t\u00e4gliche Abenteuer mit Ihrer Katze.<\/p>","protected":false},"featured_media":3930,"comment_status":"closed","ping_status":"closed","template":"","meta":{"_acf_changed":false},"product_brand":[],"product_cat":[15,17,33],"product_tag":[],"class_list":{"0":"post-3925","1":"product","2":"type-product","3":"status-publish","4":"has-post-thumbnail","6":"product_cat-products","7":"product_cat-cat-supplies","8":"product_cat-cat-collarsleashes-harnesses","10":"first","11":"instock","12":"shipping-taxable","13":"product-type-simple"},"acf":[],"_links":{"self":[{"href":"https:\/\/www.deopaws.com\/de\/wp-json\/wp\/v2\/product\/3925","targetHints":{"allow":["GET"]}}],"collection":[{"href":"https:\/\/www.deopaws.com\/de\/wp-json\/wp\/v2\/product"}],"about":[{"href":"https:\/\/www.deopaws.com\/de\/wp-json\/wp\/v2\/types\/product"}],"replies":[{"embeddable":true,"href":"https:\/\/www.deopaws.com\/de\/wp-json\/wp\/v2\/comments?post=3925"}],"wp:featuredmedia":[{"embeddable":true,"href":"https:\/\/www.deopaws.com\/de\/wp-json\/wp\/v2\/media\/3930"}],"wp:attachment":[{"href":"https:\/\/www.deopaws.com\/de\/wp-json\/wp\/v2\/media?parent=3925"}],"wp:term":[{"taxonomy":"product_brand","embeddable":true,"href":"https:\/\/www.deopaws.com\/de\/wp-json\/wp\/v2\/product_brand?post=3925"},{"taxonomy":"product_cat","embeddable":true,"href":"https:\/\/www.deopaws.com\/de\/wp-json\/wp\/v2\/product_cat?post=3925"},{"taxonomy":"product_tag","embeddable":true,"href":"https:\/\/www.deopaws.com\/de\/wp-json\/wp\/v2\/product_tag?post=3925"}],"curies":[{"name":"wp","href":"https:\/\/api.w.org\/{rel}","templated":true}]}}