{"id":3574,"date":"2025-12-18T14:45:07","date_gmt":"2025-12-18T06:45:07","guid":{"rendered":"https:\/\/www.deopaws.com\/?post_type=product&#038;p=3574"},"modified":"2025-12-18T16:24:02","modified_gmt":"2025-12-18T08:24:02","slug":"dopamine-enhancing-color-blocked-pet-harness","status":"publish","type":"product","link":"https:\/\/www.deopaws.com\/de\/produkt\/dopamine-enhancing-color-blocked-pet-harness\/","title":{"rendered":"Dopaminf\u00f6rderndes, farblich abgestimmtes Hunde- und Katzengeschirr"},"content":{"rendered":"<h2 data-start=\"77\" data-end=\"192\">Haustier-Geschirr \uff1a<\/h2>\n<p>&nbsp;<\/p>\n<div style=\"width: 960px;\" class=\"wp-video\"><video class=\"wp-video-shortcode\" id=\"video-3574-1\" width=\"960\" height=\"540\" preload=\"metadata\" controls=\"controls\"><source type=\"video\/mp4\" src=\"https:\/\/www.deopaws.com\/wp-content\/uploads\/2025\/12\/\u89c6\u989101_20251218_14592455.mp4?_=1\" \/><a href=\"https:\/\/www.deopaws.com\/wp-content\/uploads\/2025\/12\/\u89c6\u989101_20251218_14592455.mp4\">https:\/\/www.deopaws.com\/wp-content\/uploads\/2025\/12\/\u89c6\u989101_20251218_14592455.mp4<\/a><\/video><\/div>\n<p>&nbsp;<\/p>\n<p data-start=\"65\" data-end=\"280\">Das kreuzfarbige, reflektierende Dopamin-Haustiergeschirr ist sowohl stilvoll als auch praktisch und bietet Ihrem Haustier bei Spazierg\u00e4ngen und Abenteuern im Freien hervorragende Sichtbarkeit und Komfort.<\/p>\n<p data-start=\"282\" data-end=\"467\">\u25cf <strong data-start=\"284\" data-end=\"307\">Verbesserte Sichtbarkeit<\/strong>: Mit seinen reflektierenden Streifen sorgt dieses Geschirr daf\u00fcr, dass Ihr Hund auch bei schlechten Lichtverh\u00e4ltnissen sichtbar bleibt, was ihn bei Spazierg\u00e4ngen am fr\u00fchen Morgen oder sp\u00e4ten Abend sicherer macht.<\/p>\n<p data-start=\"469\" data-end=\"655\">\u25cf <strong data-start=\"471\" data-end=\"499\">Leicht und atmungsaktiv<\/strong>: Das aus atmungsaktivem Mesh und dopaminfarbenem Stoff gefertigte Geschirr ist leicht und bequem, so dass sich Ihr Hund frei bewegen kann, ohne sich unwohl zu f\u00fchlen.<\/p>\n<p data-start=\"657\" data-end=\"822\">\u25cf <strong data-start=\"659\" data-end=\"679\">Stilvoll &amp; trendig<\/strong>: Das auff\u00e4llige, farbige Design f\u00e4llt nicht nur auf, sondern sorgt auch f\u00fcr einen Hauch von Flair, so dass Ihr Hund beim Spaziergang im Mittelpunkt der Aufmerksamkeit steht.<\/p>\n<p data-start=\"824\" data-end=\"993\">\u25cf <strong data-start=\"826\" data-end=\"846\">Anpassbare Passform<\/strong>: Das mit verstellbaren Gurten ausgestattete Geschirr ist f\u00fcr kleine Hunde konzipiert und sorgt f\u00fcr einen festen und sicheren Sitz, w\u00e4hrend es gleichzeitig Flexibilit\u00e4t und Komfort bietet.<\/p>\n<p data-start=\"995\" data-end=\"1126\">\u25cf <strong data-start=\"997\" data-end=\"1014\">Langlebige Leine<\/strong>: Inklusive einer robusten Leine, mit der Sie Ihren Hund beim Spazierengehen voll unter Kontrolle haben und ihn sicher halten k\u00f6nnen.<\/p>\n<p data-start=\"1128\" data-end=\"1315\">\u25cf <strong data-start=\"1130\" data-end=\"1148\">Ganzj\u00e4hrige Verwendung<\/strong>: Das atmungsaktive Material sorgt daf\u00fcr, dass Ihr Hund sich zu jeder Jahreszeit wohlf\u00fchlt - es h\u00e4lt ihn im Sommer k\u00fchl und bei k\u00fchlerem Wetter warm und ist somit perfekt f\u00fcr den ganzj\u00e4hrigen Gebrauch.<\/p>\n<p>&nbsp;<\/p>\n<div style=\"max-width: 800px; margin: auto; padding: 20px;\">\n<p><!-- \u5de6\u56fe\u53f3\u6587 --><\/p>\n<div style=\"display: flex; align-items: center; gap: 20px; margin-bottom: 40px; flex-wrap: wrap;\">\n<p><img loading=\"lazy\" decoding=\"async\" class=\"alignnone wp-image-3577 size-medium\" src=\"https:\/\/www.deopaws.com\/wp-content\/uploads\/2025\/12\/\u8be6\u60c5\u56fe10-4-300x240.jpg\" alt=\"\" width=\"300\" height=\"240\" srcset=\"https:\/\/www.deopaws.com\/wp-content\/uploads\/2025\/12\/\u8be6\u60c5\u56fe10-4-300x240.jpg 300w, https:\/\/www.deopaws.com\/wp-content\/uploads\/2025\/12\/\u8be6\u60c5\u56fe10-4-15x12.jpg 15w, https:\/\/www.deopaws.com\/wp-content\/uploads\/2025\/12\/\u8be6\u60c5\u56fe10-4.jpg 600w\" sizes=\"auto, (max-width: 300px) 100vw, 300px\" \/><\/p>\n<div style=\"flex: 1; min-width: 0;\">\n<p>K\u00fchler und atmungsaktiver Stoff<\/p>\n<p>Atmungsaktive, gro\u00dfporige Mesh-Oberfl\u00e4che, flexibel und strapazierf\u00e4hig, erm\u00f6glicht die Luftzirkulation innen und au\u00dfen.<\/p>\n<\/div>\n<\/div>\n<p><!-- \u53f3\u56fe\u5de6\u6587 --><\/p>\n<div style=\"display: flex; flex-direction: row-reverse; align-items: center; gap: 20px; flex-wrap: wrap;\">\n<p><img loading=\"lazy\" decoding=\"async\" class=\"alignnone wp-image-3578 size-medium\" src=\"https:\/\/www.deopaws.com\/wp-content\/uploads\/2025\/12\/\u8be6\u60c5\u56fe11-300x240.jpg\" alt=\"\" width=\"300\" height=\"240\" srcset=\"https:\/\/www.deopaws.com\/wp-content\/uploads\/2025\/12\/\u8be6\u60c5\u56fe11-300x240.jpg 300w, https:\/\/www.deopaws.com\/wp-content\/uploads\/2025\/12\/\u8be6\u60c5\u56fe11-15x12.jpg 15w, https:\/\/www.deopaws.com\/wp-content\/uploads\/2025\/12\/\u8be6\u60c5\u56fe11.jpg 600w\" sizes=\"auto, (max-width: 300px) 100vw, 300px\" \/><\/p>\n<div style=\"flex: 1; min-width: 0;\">\n<p>Reflektierendes Streifendesign<\/p>\n<p>Mehr Sicherheit bei n\u00e4chtlichen Fahrten.<\/p>\n<\/div>\n<\/div>\n<\/div>\n<div style=\"max-width: 800px; margin: auto; padding: 20px;\">\n<p><!-- \u5de6\u56fe\u53f3\u6587 --><\/p>\n<div style=\"display: flex; align-items: center; gap: 20px; margin-bottom: 40px; flex-wrap: wrap;\">\n<p><img loading=\"lazy\" decoding=\"async\" class=\"alignnone wp-image-3580 size-medium\" src=\"https:\/\/www.deopaws.com\/wp-content\/uploads\/2025\/12\/\u8be6\u60c5\u56fe13-2-300x240.jpg\" alt=\"\" width=\"300\" height=\"240\" srcset=\"https:\/\/www.deopaws.com\/wp-content\/uploads\/2025\/12\/\u8be6\u60c5\u56fe13-2-300x240.jpg 300w, https:\/\/www.deopaws.com\/wp-content\/uploads\/2025\/12\/\u8be6\u60c5\u56fe13-2-15x12.jpg 15w, https:\/\/www.deopaws.com\/wp-content\/uploads\/2025\/12\/\u8be6\u60c5\u56fe13-2.jpg 600w\" sizes=\"auto, (max-width: 300px) 100vw, 300px\" \/><\/p>\n<div style=\"flex: 1; min-width: 0;\">\n<p>Bequemer und sicherer Verriegelungsmechanismus f\u00fcr eine schnelle und einfache Verwendung.<\/p>\n<p>Einstellbare Verriegelung.<\/p>\n<\/div>\n<\/div>\n<p><!-- \u53f3\u56fe\u5de6\u6587 --><\/p>\n<div style=\"display: flex; flex-direction: row-reverse; align-items: center; gap: 20px; flex-wrap: wrap;\">\n<p><img loading=\"lazy\" decoding=\"async\" class=\"alignnone wp-image-3579 size-medium\" src=\"https:\/\/www.deopaws.com\/wp-content\/uploads\/2025\/12\/\u8be6\u60c5\u56fe12-2-300x240.jpg\" alt=\"pet harness\" width=\"300\" height=\"240\" srcset=\"https:\/\/www.deopaws.com\/wp-content\/uploads\/2025\/12\/\u8be6\u60c5\u56fe12-2-300x240.jpg 300w, https:\/\/www.deopaws.com\/wp-content\/uploads\/2025\/12\/\u8be6\u60c5\u56fe12-2-15x12.jpg 15w, https:\/\/www.deopaws.com\/wp-content\/uploads\/2025\/12\/\u8be6\u60c5\u56fe12-2.jpg 600w\" sizes=\"auto, (max-width: 300px) 100vw, 300px\" \/><\/p>\n<div style=\"flex: 1; min-width: 0;\">\n<p>Das 3D-Design in Kombination mit dem kontrastierenden Gurtband sorgt f\u00fcr ein reichhaltiges Gef\u00fchl der Schichtung.<\/p>\n<p>Das Design der Leine verhindert, dass Haustiere verloren gehen.<\/p>\n<\/div>\n<\/div>\n<\/div>\n<div style=\"max-width: 800px; margin: auto; padding: 20px;\">\n<p><!-- \u5de6\u56fe\u53f3\u6587 --><\/p>\n<div style=\"display: flex; align-items: center; gap: 20px; margin-bottom: 40px; flex-wrap: wrap;\">\n<p><img loading=\"lazy\" decoding=\"async\" class=\"alignnone wp-image-3576 size-medium\" src=\"https:\/\/www.deopaws.com\/wp-content\/uploads\/2025\/12\/\u8be6\u60c5\u56fe05-5-300x240.jpg\" alt=\"\" width=\"300\" height=\"240\" srcset=\"https:\/\/www.deopaws.com\/wp-content\/uploads\/2025\/12\/\u8be6\u60c5\u56fe05-5-300x240.jpg 300w, https:\/\/www.deopaws.com\/wp-content\/uploads\/2025\/12\/\u8be6\u60c5\u56fe05-5-15x12.jpg 15w, https:\/\/www.deopaws.com\/wp-content\/uploads\/2025\/12\/\u8be6\u60c5\u56fe05-5.jpg 600w\" sizes=\"auto, (max-width: 300px) 100vw, 300px\" \/><\/p>\n<div style=\"flex: 1; min-width: 0;\">\n<p data-start=\"56\" data-end=\"422\">Gr\u00f6\u00dfentabelle - Es sind verschiedene Gr\u00f6\u00dfen erh\u00e4ltlich, die f\u00fcr Hunde unterschiedlicher Gr\u00f6\u00dfe geeignet sind.<\/p>\n<\/div>\n<\/div>\n<\/div>\n<h3>Werksanzeige<\/h3>\n<p>&nbsp;<\/p>\n<div class=\"row\">\n<div class=\"col-lg-4\"><img loading=\"lazy\" decoding=\"async\" class=\"alignnone size-medium wp-image-142\" src=\"https:\/\/gray-bee-883835.hostingersite.com\/wp-content\/uploads\/2025\/04\/Small-pet-raincoat-3_-300x225.jpg\" alt=\"\" width=\"300\" height=\"225\" srcset=\"https:\/\/www.deopaws.com\/wp-content\/uploads\/2025\/04\/Small-pet-raincoat-3_-300x225.jpg 300w, https:\/\/www.deopaws.com\/wp-content\/uploads\/2025\/04\/Small-pet-raincoat-3_-600x450.jpg 600w, https:\/\/www.deopaws.com\/wp-content\/uploads\/2025\/04\/Small-pet-raincoat-3_-768x576.jpg 768w, https:\/\/www.deopaws.com\/wp-content\/uploads\/2025\/04\/Small-pet-raincoat-3_.jpg 800w\" sizes=\"auto, (max-width: 300px) 100vw, 300px\" \/><\/div>\n<div class=\"col-lg-4\"><img loading=\"lazy\" decoding=\"async\" class=\"alignnone size-medium wp-image-138\" src=\"https:\/\/gray-bee-883835.hostingersite.com\/wp-content\/uploads\/2025\/04\/Small-pet-raincoat-2-2-300x225.jpg\" alt=\"\" width=\"300\" height=\"225\" srcset=\"https:\/\/www.deopaws.com\/wp-content\/uploads\/2025\/04\/Small-pet-raincoat-2-2-300x225.jpg 300w, https:\/\/www.deopaws.com\/wp-content\/uploads\/2025\/04\/Small-pet-raincoat-2-2-600x450.jpg 600w, https:\/\/www.deopaws.com\/wp-content\/uploads\/2025\/04\/Small-pet-raincoat-2-2-768x576.jpg 768w, https:\/\/www.deopaws.com\/wp-content\/uploads\/2025\/04\/Small-pet-raincoat-2-2.jpg 800w\" sizes=\"auto, (max-width: 300px) 100vw, 300px\" \/><\/div>\n<div class=\"col-lg-4\"><img loading=\"lazy\" decoding=\"async\" class=\"alignnone size-medium wp-image-139\" src=\"https:\/\/gray-bee-883835.hostingersite.com\/wp-content\/uploads\/2025\/04\/Small-pet-raincoat-3-2-300x225.jpg\" alt=\"\" width=\"300\" height=\"225\" srcset=\"https:\/\/www.deopaws.com\/wp-content\/uploads\/2025\/04\/Small-pet-raincoat-3-2-300x225.jpg 300w, https:\/\/www.deopaws.com\/wp-content\/uploads\/2025\/04\/Small-pet-raincoat-3-2-600x450.jpg 600w, https:\/\/www.deopaws.com\/wp-content\/uploads\/2025\/04\/Small-pet-raincoat-3-2-768x576.jpg 768w, https:\/\/www.deopaws.com\/wp-content\/uploads\/2025\/04\/Small-pet-raincoat-3-2.jpg 800w\" sizes=\"auto, (max-width: 300px) 100vw, 300px\" \/><\/div>\n<p>&nbsp;<\/p>\n<div>\n<div class=\"row\">\n<div class=\"col-lg-4\"><img loading=\"lazy\" decoding=\"async\" class=\"alignnone size-medium wp-image-141\" src=\"https:\/\/gray-bee-883835.hostingersite.com\/wp-content\/uploads\/2025\/04\/Small-pet-raincoat-2_-300x225.jpg\" alt=\"\" width=\"300\" height=\"225\" srcset=\"https:\/\/www.deopaws.com\/wp-content\/uploads\/2025\/04\/Small-pet-raincoat-2_-300x225.jpg 300w, https:\/\/www.deopaws.com\/wp-content\/uploads\/2025\/04\/Small-pet-raincoat-2_-600x450.jpg 600w, https:\/\/www.deopaws.com\/wp-content\/uploads\/2025\/04\/Small-pet-raincoat-2_-768x576.jpg 768w, https:\/\/www.deopaws.com\/wp-content\/uploads\/2025\/04\/Small-pet-raincoat-2_.jpg 800w\" sizes=\"auto, (max-width: 300px) 100vw, 300px\" \/><\/div>\n<div class=\"col-lg-4\"><img loading=\"lazy\" decoding=\"async\" class=\"alignnone size-full wp-image-1656\" src=\"https:\/\/www.deopaws.com\/wp-content\/uploads\/2025\/05\/fact-1_\u526f\u672c.jpg\" alt=\"\" width=\"300\" height=\"225\" \/><\/div>\n<div class=\"col-lg-4\"><img loading=\"lazy\" decoding=\"async\" class=\"alignnone size-medium wp-image-137\" src=\"https:\/\/gray-bee-883835.hostingersite.com\/wp-content\/uploads\/2025\/04\/Small-pet-raincoat-1-2-300x225.jpg\" alt=\"\" width=\"300\" height=\"225\" srcset=\"https:\/\/www.deopaws.com\/wp-content\/uploads\/2025\/04\/Small-pet-raincoat-1-2-300x225.jpg 300w, https:\/\/www.deopaws.com\/wp-content\/uploads\/2025\/04\/Small-pet-raincoat-1-2-600x450.jpg 600w, https:\/\/www.deopaws.com\/wp-content\/uploads\/2025\/04\/Small-pet-raincoat-1-2-768x576.jpg 768w, https:\/\/www.deopaws.com\/wp-content\/uploads\/2025\/04\/Small-pet-raincoat-1-2.jpg 800w\" sizes=\"auto, (max-width: 300px) 100vw, 300px\" \/><\/div>\n<div><\/div>\n<\/div>\n<\/div>\n<\/div>","protected":false},"excerpt":{"rendered":"<p data-start=\"155\" data-end=\"486\">Dieses dopaminfarbene, kontrastierende Geschirr f\u00fcr Haustiere wurde f\u00fcr kleine Haustiere entwickelt und kombiniert Stil und Funktionalit\u00e4t. Es ist aus atmungsaktivem und leichtem Material gefertigt und bietet Ihrem Haustier Komfort bei den t\u00e4glichen Spazierg\u00e4ngen. Der auff\u00e4llige Farbkontrast verbessert die Sichtbarkeit und sorgt f\u00fcr mehr Sicherheit unterwegs. Das westen\u00e4hnliche Design bietet einen passgenauen Sitz, reduziert den Zugdruck und bietet Ihrem Haustier mehr Freiheit und Komfort.<\/p>","protected":false},"featured_media":3585,"comment_status":"closed","ping_status":"closed","template":"","meta":{"_acf_changed":false},"product_brand":[],"product_cat":[15,16,27],"product_tag":[],"class_list":{"0":"post-3574","1":"product","2":"type-product","3":"status-publish","4":"has-post-thumbnail","6":"product_cat-products","7":"product_cat-dog-supplies","8":"product_cat-dog-collarsleashes-harnesses","10":"first","11":"instock","12":"shipping-taxable","13":"product-type-simple"},"acf":[],"_links":{"self":[{"href":"https:\/\/www.deopaws.com\/de\/wp-json\/wp\/v2\/product\/3574","targetHints":{"allow":["GET"]}}],"collection":[{"href":"https:\/\/www.deopaws.com\/de\/wp-json\/wp\/v2\/product"}],"about":[{"href":"https:\/\/www.deopaws.com\/de\/wp-json\/wp\/v2\/types\/product"}],"replies":[{"embeddable":true,"href":"https:\/\/www.deopaws.com\/de\/wp-json\/wp\/v2\/comments?post=3574"}],"wp:featuredmedia":[{"embeddable":true,"href":"https:\/\/www.deopaws.com\/de\/wp-json\/wp\/v2\/media\/3585"}],"wp:attachment":[{"href":"https:\/\/www.deopaws.com\/de\/wp-json\/wp\/v2\/media?parent=3574"}],"wp:term":[{"taxonomy":"product_brand","embeddable":true,"href":"https:\/\/www.deopaws.com\/de\/wp-json\/wp\/v2\/product_brand?post=3574"},{"taxonomy":"product_cat","embeddable":true,"href":"https:\/\/www.deopaws.com\/de\/wp-json\/wp\/v2\/product_cat?post=3574"},{"taxonomy":"product_tag","embeddable":true,"href":"https:\/\/www.deopaws.com\/de\/wp-json\/wp\/v2\/product_tag?post=3574"}],"curies":[{"name":"wp","href":"https:\/\/api.w.org\/{rel}","templated":true}]}}