{"id":3401,"date":"2025-12-01T10:49:19","date_gmt":"2025-12-01T02:49:19","guid":{"rendered":"https:\/\/www.deopaws.com\/?post_type=product&#038;p=3401"},"modified":"2025-12-01T11:16:27","modified_gmt":"2025-12-01T03:16:27","slug":"high-neck-dog-fleece-coat","status":"publish","type":"product","link":"https:\/\/www.deopaws.com\/de\/produkt\/high-neck-dog-fleece-coat\/","title":{"rendered":"Hochgeschlossener Hundemantel aus Fleece"},"content":{"rendered":"<h2 data-start=\"77\" data-end=\"192\">Hundemantel aus Fleece \uff1a<\/h2>\n<p data-start=\"84\" data-end=\"250\"><strong data-start=\"65\" data-end=\"117\">\u25cfAnti-Pinch-Design: <\/strong>Sorgf\u00e4ltig verarbeitet, mit feinen N\u00e4hten und Kantenschutz, um zu verhindern, dass das Fell eingeklemmt wird, damit sich Ihr Hund jederzeit wohl f\u00fchlt. Perfekt zum Laufen, Spielen oder Spazierengehen. Das Fell bleibt geschmeidig und gepflegt - f\u00fcr ein stressfreies Erlebnis.<\/p>\n<p data-start=\"84\" data-end=\"250\"><strong data-start=\"84\" data-end=\"112\">\u25cfVerstellbare Taille und hautfreundlicher Stoff:<\/strong>Die Taille l\u00e4sst sich leicht an verschiedene K\u00f6rperformen anpassen und bietet einen bequemen Sitz. Der weiche, hautfreundliche Stoff ist sanft zu empfindlicher Haut und h\u00e4lt Ihren Hund den ganzen Tag \u00fcber warm und kuschelig.<\/p>\n<p data-start=\"84\" data-end=\"250\"><strong data-start=\"622\" data-end=\"659\">\u25cfAbnehmbarer und verstellbarer Hals und vier Farben verf\u00fcgbar\uff1a<\/strong>Das abnehmbare und h\u00f6henverstellbare Halsteil sorgt f\u00fcr vielseitiges Styling und Komfort. Erh\u00e4ltlich in vier modischen Farben - Fashion Grey, Classic Blue, Warm Brown und Vibrant Red -, damit Ihr Hund \u00fcberall warm, bequem und modisch bleiben kann.<\/p>\n<p>&nbsp;<\/p>\n<div style=\"max-width: 800px; margin: auto; padding: 20px;\">\n<p><!-- \u5de6\u56fe\u53f3\u6587 --><\/p>\n<div style=\"display: flex; align-items: center; gap: 20px; margin-bottom: 40px; flex-wrap: wrap;\">\n<p><img loading=\"lazy\" decoding=\"async\" class=\"alignnone wp-image-3166 size-medium\" src=\"https:\/\/www.deopaws.com\/wp-content\/uploads\/2025\/12\/\u8be6\u60c5\u9875001-1.jpg\" alt=\"\" width=\"300\" height=\"203\" \/><\/p>\n<div style=\"flex: 1; min-width: 0;\">\n<p style=\"color: gray;\">Das Halsband ist abnehmbar und verstellbar f\u00fcr eine individuelle Passform; erh\u00e4ltlich in vier modischen Farben, die zu jedem Stil passen.<\/p>\n<\/div>\n<\/div>\n<p><!-- \u53f3\u56fe\u5de6\u6587 --><\/p>\n<div style=\"display: flex; flex-direction: row-reverse; align-items: center; gap: 20px; flex-wrap: wrap;\">\n<p><img loading=\"lazy\" decoding=\"async\" class=\"alignnone wp-image-3165 size-medium\" src=\"https:\/\/www.deopaws.com\/wp-content\/uploads\/2025\/12\/\u8be6\u60c5\u56fe05-1.jpg\" alt=\"\" width=\"300\" height=\"240\" \/><\/p>\n<div style=\"flex: 1; min-width: 0;\">\n<p style=\"color: gray;\">Das Design verhindert das Ziehen an den Haaren und erleichtert das An- und Ausziehen; das weiche, hautfreundliche Material sch\u00fctzt die empfindliche Haut Ihres Hundes.<\/p>\n<\/div>\n<\/div>\n<\/div>\n<div style=\"max-width: 800px; margin: auto; padding: 20px;\">\n<p><!-- \u5de6\u56fe\u53f3\u6587 --><\/p>\n<div style=\"display: flex; align-items: center; gap: 20px; margin-bottom: 40px; flex-wrap: wrap;\">\n<p><img loading=\"lazy\" decoding=\"async\" class=\"alignnone wp-image-3164 size-medium\" src=\"https:\/\/www.deopaws.com\/wp-content\/uploads\/2025\/12\/\u8be6\u60c5\u56fe06-1.jpg\" alt=\"\" width=\"300\" height=\"200\" \/><\/p>\n<div style=\"flex: 1; min-width: 0;\">\n<p data-start=\"56\" data-end=\"422\">Die Taille ist verstellbar, so dass sie Hunden verschiedener Gr\u00f6\u00dfen gut passt. Der hohe Halsausschnitt ist abnehmbar und verstellbar, so dass er sich an unterschiedliche Wetterbedingungen und Komfortbed\u00fcrfnisse anpassen l\u00e4sst.<\/p>\n<\/div>\n<\/div>\n<p><!-- \u53f3\u56fe\u5de6\u6587 --><\/p>\n<div style=\"display: flex; flex-direction: row-reverse; align-items: center; gap: 20px; flex-wrap: wrap;\">\n<p><img loading=\"lazy\" decoding=\"async\" class=\"alignnone wp-image-3171 size-medium\" src=\"https:\/\/www.deopaws.com\/wp-content\/uploads\/2025\/12\/\u8be6\u60c5\u56fe04-2.jpg\" alt=\"\" width=\"300\" height=\"200\" \/><\/p>\n<div style=\"flex: 1; min-width: 0;\">\n<p style=\"color: gray;\">Gr\u00f6\u00dfentabelle - Es sind verschiedene Gr\u00f6\u00dfen erh\u00e4ltlich, die f\u00fcr Hunde unterschiedlicher Gr\u00f6\u00dfe geeignet sind.<\/p>\n<\/div>\n<\/div>\n<\/div>\n<h3>Werksanzeige<\/h3>\n<p>&nbsp;<\/p>\n<div class=\"row\">\n<div class=\"col-lg-4\"><img loading=\"lazy\" decoding=\"async\" class=\"alignnone size-medium wp-image-142\" src=\"https:\/\/gray-bee-883835.hostingersite.com\/wp-content\/uploads\/2025\/04\/Small-pet-raincoat-3_-300x225.jpg\" alt=\"\" width=\"300\" height=\"225\" srcset=\"https:\/\/www.deopaws.com\/wp-content\/uploads\/2025\/04\/Small-pet-raincoat-3_-300x225.jpg 300w, https:\/\/www.deopaws.com\/wp-content\/uploads\/2025\/04\/Small-pet-raincoat-3_-600x450.jpg 600w, https:\/\/www.deopaws.com\/wp-content\/uploads\/2025\/04\/Small-pet-raincoat-3_-768x576.jpg 768w, https:\/\/www.deopaws.com\/wp-content\/uploads\/2025\/04\/Small-pet-raincoat-3_.jpg 800w\" sizes=\"auto, (max-width: 300px) 100vw, 300px\" \/><\/div>\n<div class=\"col-lg-4\"><img loading=\"lazy\" decoding=\"async\" class=\"alignnone size-medium wp-image-138\" src=\"https:\/\/gray-bee-883835.hostingersite.com\/wp-content\/uploads\/2025\/04\/Small-pet-raincoat-2-2-300x225.jpg\" alt=\"\" width=\"300\" height=\"225\" srcset=\"https:\/\/www.deopaws.com\/wp-content\/uploads\/2025\/04\/Small-pet-raincoat-2-2-300x225.jpg 300w, https:\/\/www.deopaws.com\/wp-content\/uploads\/2025\/04\/Small-pet-raincoat-2-2-600x450.jpg 600w, https:\/\/www.deopaws.com\/wp-content\/uploads\/2025\/04\/Small-pet-raincoat-2-2-768x576.jpg 768w, https:\/\/www.deopaws.com\/wp-content\/uploads\/2025\/04\/Small-pet-raincoat-2-2.jpg 800w\" sizes=\"auto, (max-width: 300px) 100vw, 300px\" \/><\/div>\n<div class=\"col-lg-4\"><img loading=\"lazy\" decoding=\"async\" class=\"alignnone size-medium wp-image-139\" src=\"https:\/\/gray-bee-883835.hostingersite.com\/wp-content\/uploads\/2025\/04\/Small-pet-raincoat-3-2-300x225.jpg\" alt=\"\" width=\"300\" height=\"225\" srcset=\"https:\/\/www.deopaws.com\/wp-content\/uploads\/2025\/04\/Small-pet-raincoat-3-2-300x225.jpg 300w, https:\/\/www.deopaws.com\/wp-content\/uploads\/2025\/04\/Small-pet-raincoat-3-2-600x450.jpg 600w, https:\/\/www.deopaws.com\/wp-content\/uploads\/2025\/04\/Small-pet-raincoat-3-2-768x576.jpg 768w, https:\/\/www.deopaws.com\/wp-content\/uploads\/2025\/04\/Small-pet-raincoat-3-2.jpg 800w\" sizes=\"auto, (max-width: 300px) 100vw, 300px\" \/><\/div>\n<p>&nbsp;<\/p>\n<div>\n<div class=\"row\">\n<div class=\"col-lg-4\"><img loading=\"lazy\" decoding=\"async\" class=\"alignnone size-medium wp-image-141\" src=\"https:\/\/gray-bee-883835.hostingersite.com\/wp-content\/uploads\/2025\/04\/Small-pet-raincoat-2_-300x225.jpg\" alt=\"\" width=\"300\" height=\"225\" srcset=\"https:\/\/www.deopaws.com\/wp-content\/uploads\/2025\/04\/Small-pet-raincoat-2_-300x225.jpg 300w, https:\/\/www.deopaws.com\/wp-content\/uploads\/2025\/04\/Small-pet-raincoat-2_-600x450.jpg 600w, https:\/\/www.deopaws.com\/wp-content\/uploads\/2025\/04\/Small-pet-raincoat-2_-768x576.jpg 768w, https:\/\/www.deopaws.com\/wp-content\/uploads\/2025\/04\/Small-pet-raincoat-2_.jpg 800w\" sizes=\"auto, (max-width: 300px) 100vw, 300px\" \/><\/div>\n<div class=\"col-lg-4\"><img loading=\"lazy\" decoding=\"async\" class=\"alignnone size-full wp-image-1656\" src=\"https:\/\/www.deopaws.com\/wp-content\/uploads\/2025\/05\/fact-1_\u526f\u672c.jpg\" alt=\"\" width=\"300\" height=\"225\" \/><\/div>\n<div class=\"col-lg-4\"><img loading=\"lazy\" decoding=\"async\" class=\"alignnone size-medium wp-image-137\" src=\"https:\/\/gray-bee-883835.hostingersite.com\/wp-content\/uploads\/2025\/04\/Small-pet-raincoat-1-2-300x225.jpg\" alt=\"\" width=\"300\" height=\"225\" srcset=\"https:\/\/www.deopaws.com\/wp-content\/uploads\/2025\/04\/Small-pet-raincoat-1-2-300x225.jpg 300w, https:\/\/www.deopaws.com\/wp-content\/uploads\/2025\/04\/Small-pet-raincoat-1-2-600x450.jpg 600w, https:\/\/www.deopaws.com\/wp-content\/uploads\/2025\/04\/Small-pet-raincoat-1-2-768x576.jpg 768w, https:\/\/www.deopaws.com\/wp-content\/uploads\/2025\/04\/Small-pet-raincoat-1-2.jpg 800w\" sizes=\"auto, (max-width: 300px) 100vw, 300px\" \/><\/div>\n<div><\/div>\n<\/div>\n<\/div>\n<\/div>","protected":false},"excerpt":{"rendered":"<div class=\"flex max-w-full flex-col grow\">\n<div class=\"min-h-8 text-message relative flex w-full flex-col items-end gap-2 text-start break-words whitespace-normal [.text-message+&amp;]:mt-1\" dir=\"auto\" data-message-author-role=\"assistant\" data-message-id=\"0e6667b7-0449-40ea-b152-5f3a51bb3a1c\" data-message-model-slug=\"gpt-5-mini\">\n<div class=\"flex w-full flex-col gap-1 empty:hidden first:pt-[1px]\">\n<div class=\"markdown prose dark:prose-invert w-full break-words light markdown-new-styling\">\n<p data-start=\"240\" data-end=\"687\">Dieser hochgeschlossene Hundefleecemantel verf\u00fcgt \u00fcber ein Anti-Pinch-Design, damit das Fell glatt bleibt und sich Ihr Hund beim Spielen oder Spazierengehen frei und bequem bewegen kann. Die verstellbare Taille passt sich verschiedenen K\u00f6rperformen an und sorgt in Kombination mit dem weichen, hautfreundlichen Stoff f\u00fcr ganzt\u00e4gigen Tragekomfort. Der abnehmbare und verstellbare Halsausschnitt passt sich verschiedenen Wetter- und Stylinganforderungen an, w\u00e4hrend vier modische Farben Ihren Hund sowohl warm als auch modisch halten.<\/p>\n<\/div>\n<\/div>\n<\/div>\n<\/div>","protected":false},"featured_media":3407,"comment_status":"closed","ping_status":"closed","template":"","meta":{"_acf_changed":false},"product_brand":[],"product_cat":[16,25],"product_tag":[],"class_list":{"0":"post-3401","1":"product","2":"type-product","3":"status-publish","4":"has-post-thumbnail","6":"product_cat-dog-supplies","7":"product_cat-dog-apparel-accessories","9":"first","10":"instock","11":"shipping-taxable","12":"product-type-simple"},"acf":[],"_links":{"self":[{"href":"https:\/\/www.deopaws.com\/de\/wp-json\/wp\/v2\/product\/3401","targetHints":{"allow":["GET"]}}],"collection":[{"href":"https:\/\/www.deopaws.com\/de\/wp-json\/wp\/v2\/product"}],"about":[{"href":"https:\/\/www.deopaws.com\/de\/wp-json\/wp\/v2\/types\/product"}],"replies":[{"embeddable":true,"href":"https:\/\/www.deopaws.com\/de\/wp-json\/wp\/v2\/comments?post=3401"}],"wp:featuredmedia":[{"embeddable":true,"href":"https:\/\/www.deopaws.com\/de\/wp-json\/wp\/v2\/media\/3407"}],"wp:attachment":[{"href":"https:\/\/www.deopaws.com\/de\/wp-json\/wp\/v2\/media?parent=3401"}],"wp:term":[{"taxonomy":"product_brand","embeddable":true,"href":"https:\/\/www.deopaws.com\/de\/wp-json\/wp\/v2\/product_brand?post=3401"},{"taxonomy":"product_cat","embeddable":true,"href":"https:\/\/www.deopaws.com\/de\/wp-json\/wp\/v2\/product_cat?post=3401"},{"taxonomy":"product_tag","embeddable":true,"href":"https:\/\/www.deopaws.com\/de\/wp-json\/wp\/v2\/product_tag?post=3401"}],"curies":[{"name":"wp","href":"https:\/\/api.w.org\/{rel}","templated":true}]}}