{"id":3322,"date":"2025-11-28T14:27:12","date_gmt":"2025-11-28T06:27:12","guid":{"rendered":"https:\/\/www.deopaws.com\/?post_type=product&#038;p=3322"},"modified":"2025-11-28T15:35:28","modified_gmt":"2025-11-28T07:35:28","slug":"dog-elizabethan-cone-with-cute-sunflower-design","status":"publish","type":"product","link":"https:\/\/www.deopaws.com\/de\/produkt\/dog-elizabethan-cone-with-cute-sunflower-design\/","title":{"rendered":"Hund elisabethanischen Kegel mit niedlichen Sonnenblume Design"},"content":{"rendered":"<h2 data-start=\"77\" data-end=\"192\"><strong data-start=\"84\" data-end=\"112\">Dog Elizabethan Cone<\/strong>\u200b \uff1a<\/h2>\n<p data-start=\"84\" data-end=\"250\"><strong data-start=\"84\" data-end=\"112\">The dog elizabethan cone features a flower-shaped protective design that gently surrounds the neck, preventing licking or scratching while ensuring a relaxed and comfortable wearing experience.<\/strong><\/p>\n<p data-start=\"84\" data-end=\"250\"><strong data-start=\"84\" data-end=\"112\">\u25cfAdjustable Drawstring Fit: <\/strong>The adjustable drawstring allows a custom fit for different dog sizes, staying secure without restricting movement during daily activities.<\/p>\n<p data-start=\"84\" data-end=\"250\"><strong data-start=\"622\" data-end=\"659\">\u25cfWaterproof &amp; Soft Fabric:<\/strong>Crafted from waterproof, skin-friendly soft fabric, it remains gentle on fur, breathable, and comfortable even for extended wear.<\/p>\n<p data-start=\"84\" data-end=\"250\"><strong data-start=\"84\" data-end=\"112\">\u25cfEasy Button Closure: <\/strong>The convenient button closure enables quick on-and-off without pulling fur, reducing stress for both pets and owners.<\/p>\n<p data-start=\"84\" data-end=\"250\"><strong data-start=\"84\" data-end=\"112\">\u25cfMulti-Scenario Use: <\/strong>Ideal for bathing, grooming, post-surgery care, feeding, or everyday protection\u2014combining practicality with a charming design to gently care for your pet.<\/p>\n<p>&nbsp;<\/p>\n<div style=\"max-width: 800px; margin: auto; padding: 20px;\">\n<p><!-- \u5de6\u56fe\u53f3\u6587 --><\/p>\n<div style=\"display: flex; align-items: center; gap: 20px; margin-bottom: 40px; flex-wrap: wrap;\">\n<p><img loading=\"lazy\" decoding=\"async\" class=\"alignnone wp-image-3166 size-medium\" src=\"https:\/\/www.deopaws.com\/wp-content\/uploads\/2025\/11\/\u8be6\u60c5\u56fe2.jpg\" alt=\"\" width=\"300\" height=\"203\" \/><\/p>\n<div style=\"flex: 1; min-width: 0;\">\n<p style=\"color: gray;\">The flower-shaped design gently surrounds the neck, preventing licking and scratching while staying cute and comfortable.<\/p>\n<\/div>\n<\/div>\n<p><!-- \u53f3\u56fe\u5de6\u6587 --><\/p>\n<div style=\"display: flex; flex-direction: row-reverse; align-items: center; gap: 20px; flex-wrap: wrap;\">\n<p><img loading=\"lazy\" decoding=\"async\" class=\"alignnone wp-image-3165 size-medium\" src=\"https:\/\/www.deopaws.com\/wp-content\/uploads\/2025\/11\/\u8be6\u60c5\u56fe3.jpg\" alt=\"\" width=\"300\" height=\"240\" \/><\/p>\n<div style=\"flex: 1; min-width: 0;\">\n<p style=\"color: gray;\">Soft waterproof fabric is gentle on fur, lightweight, and breathable for daily wear or care.<\/p>\n<\/div>\n<\/div>\n<\/div>\n<div style=\"max-width: 800px; margin: auto; padding: 20px;\">\n<p><!-- \u5de6\u56fe\u53f3\u6587 --><\/p>\n<div style=\"display: flex; align-items: center; gap: 20px; margin-bottom: 40px; flex-wrap: wrap;\">\n<p><img loading=\"lazy\" decoding=\"async\" class=\"alignnone wp-image-3164 size-medium\" src=\"https:\/\/www.deopaws.com\/wp-content\/uploads\/2025\/11\/\u8be6\u60c5\u56fe4.jpg\" alt=\"\" width=\"300\" height=\"200\" \/><\/p>\n<div style=\"flex: 1; min-width: 0;\">\n<p data-start=\"56\" data-end=\"422\">The adjustable drawstring allows precise neck tightening for different dog sizes, ensuring a secure, slip-resistant fit that allows free movement.<\/p>\n<\/div>\n<\/div>\n<p><!-- \u53f3\u56fe\u5de6\u6587 --><\/p>\n<div style=\"display: flex; flex-direction: row-reverse; align-items: center; gap: 20px; flex-wrap: wrap;\">\n<p><img loading=\"lazy\" decoding=\"async\" class=\"alignnone wp-image-3171 size-medium\" src=\"https:\/\/www.deopaws.com\/wp-content\/uploads\/2025\/11\/\u8be6\u60c5\u56fe5.jpg\" alt=\"\" width=\"300\" height=\"200\" \/><\/p>\n<div style=\"flex: 1; min-width: 0;\">\n<p style=\"color: gray;\">Gr\u00f6\u00dfentabelle - Es sind verschiedene Gr\u00f6\u00dfen erh\u00e4ltlich, die f\u00fcr Hunde unterschiedlicher Gr\u00f6\u00dfe geeignet sind.<\/p>\n<\/div>\n<\/div>\n<\/div>\n<h3>Werksanzeige<\/h3>\n<p>&nbsp;<\/p>\n<div class=\"row\">\n<div class=\"col-lg-4\"><img loading=\"lazy\" decoding=\"async\" class=\"alignnone size-medium wp-image-142\" src=\"https:\/\/gray-bee-883835.hostingersite.com\/wp-content\/uploads\/2025\/04\/Small-pet-raincoat-3_-300x225.jpg\" alt=\"\" width=\"300\" height=\"225\" srcset=\"https:\/\/www.deopaws.com\/wp-content\/uploads\/2025\/04\/Small-pet-raincoat-3_-300x225.jpg 300w, https:\/\/www.deopaws.com\/wp-content\/uploads\/2025\/04\/Small-pet-raincoat-3_-600x450.jpg 600w, https:\/\/www.deopaws.com\/wp-content\/uploads\/2025\/04\/Small-pet-raincoat-3_-768x576.jpg 768w, https:\/\/www.deopaws.com\/wp-content\/uploads\/2025\/04\/Small-pet-raincoat-3_.jpg 800w\" sizes=\"auto, (max-width: 300px) 100vw, 300px\" \/><\/div>\n<div class=\"col-lg-4\"><img loading=\"lazy\" decoding=\"async\" class=\"alignnone size-medium wp-image-138\" src=\"https:\/\/gray-bee-883835.hostingersite.com\/wp-content\/uploads\/2025\/04\/Small-pet-raincoat-2-2-300x225.jpg\" alt=\"\" width=\"300\" height=\"225\" srcset=\"https:\/\/www.deopaws.com\/wp-content\/uploads\/2025\/04\/Small-pet-raincoat-2-2-300x225.jpg 300w, https:\/\/www.deopaws.com\/wp-content\/uploads\/2025\/04\/Small-pet-raincoat-2-2-600x450.jpg 600w, https:\/\/www.deopaws.com\/wp-content\/uploads\/2025\/04\/Small-pet-raincoat-2-2-768x576.jpg 768w, https:\/\/www.deopaws.com\/wp-content\/uploads\/2025\/04\/Small-pet-raincoat-2-2.jpg 800w\" sizes=\"auto, (max-width: 300px) 100vw, 300px\" \/><\/div>\n<div class=\"col-lg-4\"><img loading=\"lazy\" decoding=\"async\" class=\"alignnone size-medium wp-image-139\" src=\"https:\/\/gray-bee-883835.hostingersite.com\/wp-content\/uploads\/2025\/04\/Small-pet-raincoat-3-2-300x225.jpg\" alt=\"\" width=\"300\" height=\"225\" srcset=\"https:\/\/www.deopaws.com\/wp-content\/uploads\/2025\/04\/Small-pet-raincoat-3-2-300x225.jpg 300w, https:\/\/www.deopaws.com\/wp-content\/uploads\/2025\/04\/Small-pet-raincoat-3-2-600x450.jpg 600w, https:\/\/www.deopaws.com\/wp-content\/uploads\/2025\/04\/Small-pet-raincoat-3-2-768x576.jpg 768w, https:\/\/www.deopaws.com\/wp-content\/uploads\/2025\/04\/Small-pet-raincoat-3-2.jpg 800w\" sizes=\"auto, (max-width: 300px) 100vw, 300px\" \/><\/div>\n<p>&nbsp;<\/p>\n<div>\n<div class=\"row\">\n<div class=\"col-lg-4\"><img loading=\"lazy\" decoding=\"async\" class=\"alignnone size-medium wp-image-141\" src=\"https:\/\/gray-bee-883835.hostingersite.com\/wp-content\/uploads\/2025\/04\/Small-pet-raincoat-2_-300x225.jpg\" alt=\"\" width=\"300\" height=\"225\" srcset=\"https:\/\/www.deopaws.com\/wp-content\/uploads\/2025\/04\/Small-pet-raincoat-2_-300x225.jpg 300w, https:\/\/www.deopaws.com\/wp-content\/uploads\/2025\/04\/Small-pet-raincoat-2_-600x450.jpg 600w, https:\/\/www.deopaws.com\/wp-content\/uploads\/2025\/04\/Small-pet-raincoat-2_-768x576.jpg 768w, https:\/\/www.deopaws.com\/wp-content\/uploads\/2025\/04\/Small-pet-raincoat-2_.jpg 800w\" sizes=\"auto, (max-width: 300px) 100vw, 300px\" \/><\/div>\n<div class=\"col-lg-4\"><img loading=\"lazy\" decoding=\"async\" class=\"alignnone size-full wp-image-1656\" src=\"https:\/\/www.deopaws.com\/wp-content\/uploads\/2025\/05\/fact-1_\u526f\u672c.jpg\" alt=\"\" width=\"300\" height=\"225\" \/><\/div>\n<div class=\"col-lg-4\"><img loading=\"lazy\" decoding=\"async\" class=\"alignnone size-medium wp-image-137\" src=\"https:\/\/gray-bee-883835.hostingersite.com\/wp-content\/uploads\/2025\/04\/Small-pet-raincoat-1-2-300x225.jpg\" alt=\"\" width=\"300\" height=\"225\" srcset=\"https:\/\/www.deopaws.com\/wp-content\/uploads\/2025\/04\/Small-pet-raincoat-1-2-300x225.jpg 300w, https:\/\/www.deopaws.com\/wp-content\/uploads\/2025\/04\/Small-pet-raincoat-1-2-600x450.jpg 600w, https:\/\/www.deopaws.com\/wp-content\/uploads\/2025\/04\/Small-pet-raincoat-1-2-768x576.jpg 768w, https:\/\/www.deopaws.com\/wp-content\/uploads\/2025\/04\/Small-pet-raincoat-1-2.jpg 800w\" sizes=\"auto, (max-width: 300px) 100vw, 300px\" \/><\/div>\n<div><\/div>\n<\/div>\n<\/div>\n<\/div>","protected":false},"excerpt":{"rendered":"<p data-start=\"155\" data-end=\"486\">Dieses Hundehalsband aus wasserdichtem und weichem Material ist sanft zur Haut und leicht zu tragen. Das bezaubernde, blumenf\u00f6rmige Design bietet moderaten Schutz beim Baden, bei der Fellpflege oder bei der Nachbehandlung. Der verstellbare Kordelzug erm\u00f6glicht eine flexible Passform f\u00fcr verschiedene Hundegr\u00f6\u00dfen, w\u00e4hrend der sichere Knopfverschluss ein schnelles An- und Ablegen ohne Ziehen am Fell erm\u00f6glicht - f\u00fcr t\u00e4glichen Komfort und Seelenfrieden.<\/p>","protected":false},"featured_media":3314,"comment_status":"closed","ping_status":"closed","template":"","meta":{"_acf_changed":false},"product_brand":[],"product_cat":[16,27],"product_tag":[],"class_list":{"0":"post-3322","1":"product","2":"type-product","3":"status-publish","4":"has-post-thumbnail","6":"product_cat-dog-supplies","7":"product_cat-dog-collarsleashes-harnesses","9":"first","10":"instock","11":"shipping-taxable","12":"product-type-simple"},"acf":[],"_links":{"self":[{"href":"https:\/\/www.deopaws.com\/de\/wp-json\/wp\/v2\/product\/3322","targetHints":{"allow":["GET"]}}],"collection":[{"href":"https:\/\/www.deopaws.com\/de\/wp-json\/wp\/v2\/product"}],"about":[{"href":"https:\/\/www.deopaws.com\/de\/wp-json\/wp\/v2\/types\/product"}],"replies":[{"embeddable":true,"href":"https:\/\/www.deopaws.com\/de\/wp-json\/wp\/v2\/comments?post=3322"}],"wp:featuredmedia":[{"embeddable":true,"href":"https:\/\/www.deopaws.com\/de\/wp-json\/wp\/v2\/media\/3314"}],"wp:attachment":[{"href":"https:\/\/www.deopaws.com\/de\/wp-json\/wp\/v2\/media?parent=3322"}],"wp:term":[{"taxonomy":"product_brand","embeddable":true,"href":"https:\/\/www.deopaws.com\/de\/wp-json\/wp\/v2\/product_brand?post=3322"},{"taxonomy":"product_cat","embeddable":true,"href":"https:\/\/www.deopaws.com\/de\/wp-json\/wp\/v2\/product_cat?post=3322"},{"taxonomy":"product_tag","embeddable":true,"href":"https:\/\/www.deopaws.com\/de\/wp-json\/wp\/v2\/product_tag?post=3322"}],"curies":[{"name":"wp","href":"https:\/\/api.w.org\/{rel}","templated":true}]}}