{"id":3161,"date":"2025-10-21T14:09:24","date_gmt":"2025-10-21T06:09:24","guid":{"rendered":"https:\/\/www.deopaws.com\/?post_type=product&#038;p=3161"},"modified":"2025-10-24T13:05:55","modified_gmt":"2025-10-24T05:05:55","slug":"two-tone-reflective-dog-raincoat","status":"publish","type":"product","link":"https:\/\/www.deopaws.com\/de\/produkt\/two-tone-reflective-dog-raincoat\/","title":{"rendered":"Zweifarbige reflektierende Hunderegenmanteljacke"},"content":{"rendered":"<h2 data-start=\"77\" data-end=\"192\">Reflektierender Hunderegenmantel Streifen \uff1a<\/h2>\n<p data-start=\"84\" data-end=\"250\"><strong data-start=\"84\" data-end=\"112\">\u25cf Dreidimensionale Anpassung:<\/strong> Der ergonomische Schnitt passt sich der K\u00f6rperform Ihres Hundes an und sorgt f\u00fcr einen bequemen, nat\u00fcrlichen Sitz bei Spazierg\u00e4ngen und Aktivit\u00e4ten im Freien.<\/p>\n<p data-start=\"252\" data-end=\"399\"><strong data-start=\"252\" data-end=\"272\">\u25cf Vielseitig einsetzbar:<\/strong> Perfekt f\u00fcr Regentage, Spazierg\u00e4nge bei schlechten Lichtverh\u00e4ltnissen oder Outdoor-Abenteuer, denn sie kombiniert Schutz, Sichtbarkeit und Alltagstauglichkeit.<\/p>\n<p data-start=\"401\" data-end=\"572\"><strong data-start=\"401\" data-end=\"432\">\u25cf Leicht und tragbar:<\/strong> Der aus leichtem, faltbarem Material gefertigte Regenmantel l\u00e4sst sich leicht aufbewahren, transportieren und f\u00fcr die Reise verpacken, was Ausfl\u00fcge f\u00fcr Haustierbesitzer bequem macht.<\/p>\n<p data-start=\"574\" data-end=\"722\"><strong data-start=\"574\" data-end=\"600\">\u25cf Haustierfreundliches Design:<\/strong> Das weiche, flexible Gewebe erm\u00f6glicht uneingeschr\u00e4nkte Bewegungsfreiheit, so dass sich die Haustiere wohlf\u00fchlen und der Besitzer sie leicht an- und ausziehen kann.<\/p>\n<p data-start=\"724\" data-end=\"916\"><strong data-start=\"724\" data-end=\"761\">\u25cf Wasserdichtes und reflektierendes Gewebe:<\/strong> Hochwertiges, wasserdichtes Polyester weist Regen und Feuchtigkeit ab, w\u00e4hrend reflektierende Streifen die Sichtbarkeit erh\u00f6hen und Ihren Hund bei allen Bedingungen sicher und trocken halten.<\/p>\n<p>&nbsp;<\/p>\n<p>&nbsp;<\/p>\n<div style=\"max-width: 800px; margin: auto; padding: 20px;\">\n<p><!-- \u5de6\u56fe\u53f3\u6587 --><\/p>\n<div style=\"display: flex; align-items: center; gap: 20px; margin-bottom: 40px; flex-wrap: wrap;\">\n<p><img loading=\"lazy\" decoding=\"async\" class=\"alignnone wp-image-3166 size-medium\" src=\"https:\/\/www.deopaws.com\/wp-content\/uploads\/2025\/10\/wechat_2025-10-09_093731_210-300x203.png\" alt=\"\" width=\"300\" height=\"203\" srcset=\"https:\/\/www.deopaws.com\/wp-content\/uploads\/2025\/10\/wechat_2025-10-09_093731_210-300x203.png 300w, https:\/\/www.deopaws.com\/wp-content\/uploads\/2025\/10\/wechat_2025-10-09_093731_210.png 575w\" sizes=\"auto, (max-width: 300px) 100vw, 300px\" \/><\/p>\n<div style=\"flex: 1; min-width: 0;\">\n<p style=\"color: gray;\">Erh\u00e4ltlich in den Farben Pink + Braun und Navy + Rot, sieht das leuchtende zweifarbige Blocking nicht nur stilvoll aus, sondern l\u00e4sst Ihr Haustier auch bei Spazierg\u00e4ngen oder Aktivit\u00e4ten im Freien auffallen.<\/p>\n<\/div>\n<\/div>\n<p><!-- \u53f3\u56fe\u5de6\u6587 --><\/p>\n<div style=\"display: flex; flex-direction: row-reverse; align-items: center; gap: 20px; flex-wrap: wrap;\">\n<p><img loading=\"lazy\" decoding=\"async\" class=\"alignnone wp-image-3165 size-medium\" src=\"https:\/\/www.deopaws.com\/wp-content\/uploads\/2025\/10\/wechat_2025-10-09_093715_707-300x240.png\" alt=\"\" width=\"300\" height=\"240\" srcset=\"https:\/\/www.deopaws.com\/wp-content\/uploads\/2025\/10\/wechat_2025-10-09_093715_707-300x240.png 300w, https:\/\/www.deopaws.com\/wp-content\/uploads\/2025\/10\/wechat_2025-10-09_093715_707-600x480.png 600w, https:\/\/www.deopaws.com\/wp-content\/uploads\/2025\/10\/wechat_2025-10-09_093715_707.png 637w\" sizes=\"auto, (max-width: 300px) 100vw, 300px\" \/><\/p>\n<div style=\"flex: 1; min-width: 0;\">\n<p style=\"color: gray;\">Durch das faltbare und leichte Design l\u00e4sst er sich leicht transportieren, aufbewahren oder f\u00fcr die Reise einpacken, was f\u00fcr Haustierbesitzer, die viel unterwegs sind, sehr praktisch ist.<\/p>\n<\/div>\n<\/div>\n<\/div>\n<div style=\"max-width: 800px; margin: auto; padding: 20px;\">\n<p><!-- \u5de6\u56fe\u53f3\u6587 --><\/p>\n<div style=\"display: flex; align-items: center; gap: 20px; margin-bottom: 40px; flex-wrap: wrap;\">\n<p><img loading=\"lazy\" decoding=\"async\" class=\"alignnone wp-image-3164 size-medium\" src=\"https:\/\/www.deopaws.com\/wp-content\/uploads\/2025\/10\/wechat_2025-10-09_093657_611.png-300x200.jpg\" alt=\"\" width=\"300\" height=\"200\" srcset=\"https:\/\/www.deopaws.com\/wp-content\/uploads\/2025\/10\/wechat_2025-10-09_093657_611.png-300x200.jpg 300w, https:\/\/www.deopaws.com\/wp-content\/uploads\/2025\/10\/wechat_2025-10-09_093657_611.png.jpg 600w\" sizes=\"auto, (max-width: 300px) 100vw, 300px\" \/><\/p>\n<div style=\"flex: 1; min-width: 0;\">\n<p data-start=\"56\" data-end=\"422\">Dieser Regenmantel aus hochwertigem, wasserdichtem Polyester weist Regen, Feuchtigkeit und Spritzer effektiv ab und h\u00e4lt Ihren Hund auch bei starkem Regen trocken und komfortabel.<\/p>\n<\/div>\n<\/div>\n<p><!-- \u53f3\u56fe\u5de6\u6587 --><\/p>\n<div style=\"display: flex; flex-direction: row-reverse; align-items: center; gap: 20px; flex-wrap: wrap;\">\n<p><img loading=\"lazy\" decoding=\"async\" class=\"alignnone wp-image-3171 size-medium\" src=\"https:\/\/www.deopaws.com\/wp-content\/uploads\/2025\/10\/\u4e3b\u56fe04-4-300x200.jpg\" alt=\"\" width=\"300\" height=\"200\" srcset=\"https:\/\/www.deopaws.com\/wp-content\/uploads\/2025\/10\/\u4e3b\u56fe04-4-300x200.jpg 300w, https:\/\/www.deopaws.com\/wp-content\/uploads\/2025\/10\/\u4e3b\u56fe04-4.jpg 600w\" sizes=\"auto, (max-width: 300px) 100vw, 300px\" \/><\/p>\n<div style=\"flex: 1; min-width: 0;\">\n<p style=\"color: gray;\">Gr\u00f6\u00dfentabelle - Es sind verschiedene Gr\u00f6\u00dfen erh\u00e4ltlich, die f\u00fcr Hunde unterschiedlicher Gr\u00f6\u00dfe geeignet sind.<\/p>\n<\/div>\n<\/div>\n<\/div>\n<h3>Werksanzeige<\/h3>\n<p>&nbsp;<\/p>\n<div class=\"row\">\n<div class=\"col-lg-4\"><img loading=\"lazy\" decoding=\"async\" class=\"alignnone size-medium wp-image-142\" src=\"https:\/\/gray-bee-883835.hostingersite.com\/wp-content\/uploads\/2025\/04\/Small-pet-raincoat-3_-300x225.jpg\" alt=\"\" width=\"300\" height=\"225\" srcset=\"https:\/\/www.deopaws.com\/wp-content\/uploads\/2025\/04\/Small-pet-raincoat-3_-300x225.jpg 300w, https:\/\/www.deopaws.com\/wp-content\/uploads\/2025\/04\/Small-pet-raincoat-3_-600x450.jpg 600w, https:\/\/www.deopaws.com\/wp-content\/uploads\/2025\/04\/Small-pet-raincoat-3_-768x576.jpg 768w, https:\/\/www.deopaws.com\/wp-content\/uploads\/2025\/04\/Small-pet-raincoat-3_.jpg 800w\" sizes=\"auto, (max-width: 300px) 100vw, 300px\" \/><\/div>\n<div class=\"col-lg-4\"><img loading=\"lazy\" decoding=\"async\" class=\"alignnone size-medium wp-image-138\" src=\"https:\/\/gray-bee-883835.hostingersite.com\/wp-content\/uploads\/2025\/04\/Small-pet-raincoat-2-2-300x225.jpg\" alt=\"\" width=\"300\" height=\"225\" srcset=\"https:\/\/www.deopaws.com\/wp-content\/uploads\/2025\/04\/Small-pet-raincoat-2-2-300x225.jpg 300w, https:\/\/www.deopaws.com\/wp-content\/uploads\/2025\/04\/Small-pet-raincoat-2-2-600x450.jpg 600w, https:\/\/www.deopaws.com\/wp-content\/uploads\/2025\/04\/Small-pet-raincoat-2-2-768x576.jpg 768w, https:\/\/www.deopaws.com\/wp-content\/uploads\/2025\/04\/Small-pet-raincoat-2-2.jpg 800w\" sizes=\"auto, (max-width: 300px) 100vw, 300px\" \/><\/div>\n<div class=\"col-lg-4\"><img loading=\"lazy\" decoding=\"async\" class=\"alignnone size-medium wp-image-139\" src=\"https:\/\/gray-bee-883835.hostingersite.com\/wp-content\/uploads\/2025\/04\/Small-pet-raincoat-3-2-300x225.jpg\" alt=\"\" width=\"300\" height=\"225\" srcset=\"https:\/\/www.deopaws.com\/wp-content\/uploads\/2025\/04\/Small-pet-raincoat-3-2-300x225.jpg 300w, https:\/\/www.deopaws.com\/wp-content\/uploads\/2025\/04\/Small-pet-raincoat-3-2-600x450.jpg 600w, https:\/\/www.deopaws.com\/wp-content\/uploads\/2025\/04\/Small-pet-raincoat-3-2-768x576.jpg 768w, https:\/\/www.deopaws.com\/wp-content\/uploads\/2025\/04\/Small-pet-raincoat-3-2.jpg 800w\" sizes=\"auto, (max-width: 300px) 100vw, 300px\" \/><\/div>\n<p>&nbsp;<\/p>\n<div>\n<div class=\"row\">\n<div class=\"col-lg-4\"><img loading=\"lazy\" decoding=\"async\" class=\"alignnone size-medium wp-image-141\" src=\"https:\/\/gray-bee-883835.hostingersite.com\/wp-content\/uploads\/2025\/04\/Small-pet-raincoat-2_-300x225.jpg\" alt=\"\" width=\"300\" height=\"225\" srcset=\"https:\/\/www.deopaws.com\/wp-content\/uploads\/2025\/04\/Small-pet-raincoat-2_-300x225.jpg 300w, https:\/\/www.deopaws.com\/wp-content\/uploads\/2025\/04\/Small-pet-raincoat-2_-600x450.jpg 600w, https:\/\/www.deopaws.com\/wp-content\/uploads\/2025\/04\/Small-pet-raincoat-2_-768x576.jpg 768w, https:\/\/www.deopaws.com\/wp-content\/uploads\/2025\/04\/Small-pet-raincoat-2_.jpg 800w\" sizes=\"auto, (max-width: 300px) 100vw, 300px\" \/><\/div>\n<div class=\"col-lg-4\"><img loading=\"lazy\" decoding=\"async\" class=\"alignnone size-full wp-image-1656\" src=\"https:\/\/www.deopaws.com\/wp-content\/uploads\/2025\/05\/fact-1_\u526f\u672c.jpg\" alt=\"\" width=\"300\" height=\"225\" \/><\/div>\n<div class=\"col-lg-4\"><img loading=\"lazy\" decoding=\"async\" class=\"alignnone size-medium wp-image-137\" src=\"https:\/\/gray-bee-883835.hostingersite.com\/wp-content\/uploads\/2025\/04\/Small-pet-raincoat-1-2-300x225.jpg\" alt=\"\" width=\"300\" height=\"225\" srcset=\"https:\/\/www.deopaws.com\/wp-content\/uploads\/2025\/04\/Small-pet-raincoat-1-2-300x225.jpg 300w, https:\/\/www.deopaws.com\/wp-content\/uploads\/2025\/04\/Small-pet-raincoat-1-2-600x450.jpg 600w, https:\/\/www.deopaws.com\/wp-content\/uploads\/2025\/04\/Small-pet-raincoat-1-2-768x576.jpg 768w, https:\/\/www.deopaws.com\/wp-content\/uploads\/2025\/04\/Small-pet-raincoat-1-2.jpg 800w\" sizes=\"auto, (max-width: 300px) 100vw, 300px\" \/><\/div>\n<div><\/div>\n<\/div>\n<\/div>\n<\/div>","protected":false},"excerpt":{"rendered":"<p data-start=\"155\" data-end=\"486\">Halten Sie Ihren pelzigen Freund trocken, sicher und stilvoll mit diesem zweifarbigen, reflektierenden Hunderegenmantel, der in den Farbkombinationen Pink + Braun und Navy + Rot erh\u00e4ltlich ist. Er wurde f\u00fcr kleine bis mittelgro\u00dfe Hunde entwickelt und kombiniert vollst\u00e4ndige Abdeckung mit hochsichtbaren Reflexstreifen, um die Sicherheit bei regnerischen Spazierg\u00e4ngen oder schlechten Lichtverh\u00e4ltnissen zu gew\u00e4hrleisten.<\/p>\n<p data-start=\"488\" data-end=\"748\">Dieser Regenmantel aus leichtem, wasserdichtem Polyester weist Regen und Feuchtigkeit wirksam ab und ist gleichzeitig atmungsaktiv f\u00fcr ganzt\u00e4gigen Komfort. Das weiche, flexible Material bietet Bewegungsfreiheit und sorgt daf\u00fcr, dass sich Haustiere wohlf\u00fchlen, ohne eingeschr\u00e4nkt zu werden.<\/p>","protected":false},"featured_media":3163,"comment_status":"closed","ping_status":"closed","template":"","meta":{"_acf_changed":false},"product_brand":[],"product_cat":[16,25],"product_tag":[],"class_list":{"0":"post-3161","1":"product","2":"type-product","3":"status-publish","4":"has-post-thumbnail","6":"product_cat-dog-supplies","7":"product_cat-dog-apparel-accessories","9":"first","10":"instock","11":"shipping-taxable","12":"product-type-simple"},"acf":[],"_links":{"self":[{"href":"https:\/\/www.deopaws.com\/de\/wp-json\/wp\/v2\/product\/3161","targetHints":{"allow":["GET"]}}],"collection":[{"href":"https:\/\/www.deopaws.com\/de\/wp-json\/wp\/v2\/product"}],"about":[{"href":"https:\/\/www.deopaws.com\/de\/wp-json\/wp\/v2\/types\/product"}],"replies":[{"embeddable":true,"href":"https:\/\/www.deopaws.com\/de\/wp-json\/wp\/v2\/comments?post=3161"}],"wp:featuredmedia":[{"embeddable":true,"href":"https:\/\/www.deopaws.com\/de\/wp-json\/wp\/v2\/media\/3163"}],"wp:attachment":[{"href":"https:\/\/www.deopaws.com\/de\/wp-json\/wp\/v2\/media?parent=3161"}],"wp:term":[{"taxonomy":"product_brand","embeddable":true,"href":"https:\/\/www.deopaws.com\/de\/wp-json\/wp\/v2\/product_brand?post=3161"},{"taxonomy":"product_cat","embeddable":true,"href":"https:\/\/www.deopaws.com\/de\/wp-json\/wp\/v2\/product_cat?post=3161"},{"taxonomy":"product_tag","embeddable":true,"href":"https:\/\/www.deopaws.com\/de\/wp-json\/wp\/v2\/product_tag?post=3161"}],"curies":[{"name":"wp","href":"https:\/\/api.w.org\/{rel}","templated":true}]}}