{"id":3153,"date":"2025-10-21T13:59:40","date_gmt":"2025-10-21T05:59:40","guid":{"rendered":"https:\/\/www.deopaws.com\/?post_type=product&#038;p=3153"},"modified":"2025-10-24T13:05:14","modified_gmt":"2025-10-24T05:05:14","slug":"waterproof-dog-full-body-raincoat","status":"publish","type":"product","link":"https:\/\/www.deopaws.com\/de\/produkt\/waterproof-dog-full-body-raincoat\/","title":{"rendered":"Gelber und wei\u00dfer Hund Ganzk\u00f6rper-Regenmantel Jacke"},"content":{"rendered":"<h2 data-start=\"77\" data-end=\"192\">Hund Ganzk\u00f6rper-Regenmantel mit Reflektorstreifen \uff1a<\/h2>\n<p data-start=\"92\" data-end=\"261\"><strong data-start=\"92\" data-end=\"120\">\u25cf Dreidimensionale Anpassung:<\/strong> Der ergonomische Schnitt passt sich der K\u00f6rperform Ihres Hundes an und sorgt f\u00fcr einen bequemen und nat\u00fcrlichen Sitz bei Spazierg\u00e4ngen und Aktivit\u00e4ten im Freien.<\/p>\n<p data-start=\"263\" data-end=\"405\"><strong data-start=\"263\" data-end=\"283\">\u25cf Vielseitig einsetzbar:<\/strong> Dieser Regenmantel eignet sich perfekt f\u00fcr Regentage, Outdoor-Abenteuer oder l\u00e4ssige Spazierg\u00e4nge und verbindet Funktionalit\u00e4t mit Alltagsstil.<\/p>\n<p data-start=\"407\" data-end=\"570\"><strong data-start=\"407\" data-end=\"438\">\u25cf Leicht und tragbar:<\/strong> Er ist aus leichtem, faltbarem Material gefertigt und l\u00e4sst sich leicht transportieren, aufbewahren oder f\u00fcr die Reise einpacken, was Ausfl\u00fcge f\u00fcr Haustierbesitzer bequemer macht.<\/p>\n<p data-start=\"572\" data-end=\"723\"><strong data-start=\"572\" data-end=\"598\">\u25cf Haustierfreundliches Design:<\/strong> Das weiche, flexible Material erm\u00f6glicht uneingeschr\u00e4nkte Bewegungsfreiheit und sorgt f\u00fcr ein einfaches An- und Ausziehen, damit sich Ihr Hund jederzeit wohl f\u00fchlt.<\/p>\n<p data-start=\"725\" data-end=\"876\"><strong data-start=\"725\" data-end=\"749\">\u25cf Wasserdichtes Gewebe:<\/strong> Sie ist aus hochwertigem, wasserdichtem Polyester gefertigt und weist Regen und Feuchtigkeit wirksam ab, damit Ihr Haustier trocken und gesch\u00fctzt bleibt.<\/p>\n<p>&nbsp;<\/p>\n<div style=\"max-width: 800px; margin: auto; padding: 20px;\">\n<p><!-- \u5de6\u56fe\u53f3\u6587 --><\/p>\n<div style=\"display: flex; align-items: center; gap: 20px; margin-bottom: 40px; flex-wrap: wrap;\">\n<p><img loading=\"lazy\" decoding=\"async\" class=\"alignnone wp-image-3155 size-medium\" src=\"https:\/\/www.deopaws.com\/wp-content\/uploads\/2025\/10\/wechat_2025-10-09_100623_353-300x214.png\" alt=\"\" width=\"300\" height=\"214\" srcset=\"https:\/\/www.deopaws.com\/wp-content\/uploads\/2025\/10\/wechat_2025-10-09_100623_353-300x214.png 300w, https:\/\/www.deopaws.com\/wp-content\/uploads\/2025\/10\/wechat_2025-10-09_100623_353-600x428.png 600w, https:\/\/www.deopaws.com\/wp-content\/uploads\/2025\/10\/wechat_2025-10-09_100623_353.png 682w\" sizes=\"auto, (max-width: 300px) 100vw, 300px\" \/><\/p>\n<div style=\"flex: 1; min-width: 0;\">\n<p style=\"color: gray;\">Fachm\u00e4nnisch gefertigt mit einem dreidimensionalen Schnitt, der sich der K\u00f6rperstruktur Ihres Hundes anpasst und eine bequeme und nat\u00fcrliche Passform bietet. Hochwertige N\u00e4hte und Liebe zum Detail sorgen f\u00fcr Strapazierf\u00e4higkeit und lang anhaltenden Tragekomfort.<\/p>\n<\/div>\n<\/div>\n<p><!-- \u53f3\u56fe\u5de6\u6587 --><\/p>\n<div style=\"display: flex; flex-direction: row-reverse; align-items: center; gap: 20px; flex-wrap: wrap;\">\n<p><img loading=\"lazy\" decoding=\"async\" class=\"alignnone wp-image-3156 size-medium\" src=\"https:\/\/www.deopaws.com\/wp-content\/uploads\/2025\/10\/wechat_2025-10-09_100640_074.png-300x200.jpg\" alt=\"\" width=\"300\" height=\"200\" srcset=\"https:\/\/www.deopaws.com\/wp-content\/uploads\/2025\/10\/wechat_2025-10-09_100640_074.png-300x200.jpg 300w, https:\/\/www.deopaws.com\/wp-content\/uploads\/2025\/10\/wechat_2025-10-09_100640_074.png.jpg 600w\" sizes=\"auto, (max-width: 300px) 100vw, 300px\" \/><\/p>\n<div style=\"flex: 1; min-width: 0;\">\n<p data-start=\"110\" data-end=\"319\">Dieser Regenmantel aus hochwertigem, wasserdichtem Polyester weist Regen, Feuchtigkeit und Spritzer effektiv ab und h\u00e4lt Ihren Hund auch bei starkem Regen trocken und komfortabel.<\/p>\n<p data-start=\"321\" data-end=\"533\">Die Jacke ist mit strategisch platzierten Reflektorstreifen ausgestattet, die die Sichtbarkeit bei schlechten Lichtverh\u00e4ltnissen oder n\u00e4chtlichen Spazierg\u00e4ngen erh\u00f6hen und so die Sicherheit Ihres Haustiers gew\u00e4hrleisten und gleichzeitig einen modischen Akzent setzen.<\/p>\n<\/div>\n<\/div>\n<\/div>\n<div style=\"max-width: 800px; margin: auto; padding: 20px;\">\n<p><!-- \u5de6\u56fe\u53f3\u6587 --><\/p>\n<div style=\"display: flex; align-items: center; gap: 20px; margin-bottom: 40px; flex-wrap: wrap;\">\n<p><img loading=\"lazy\" decoding=\"async\" class=\"alignnone wp-image-3160 size-medium\" src=\"https:\/\/www.deopaws.com\/wp-content\/uploads\/2025\/10\/\u4e3b\u56fe04-3-300x200.jpg\" alt=\"\" width=\"300\" height=\"200\" srcset=\"https:\/\/www.deopaws.com\/wp-content\/uploads\/2025\/10\/\u4e3b\u56fe04-3-300x200.jpg 300w, https:\/\/www.deopaws.com\/wp-content\/uploads\/2025\/10\/\u4e3b\u56fe04-3.jpg 600w\" sizes=\"auto, (max-width: 300px) 100vw, 300px\" \/><\/p>\n<div style=\"flex: 1; min-width: 0;\">\n<p data-start=\"56\" data-end=\"422\">Gr\u00f6\u00dfentabelle - Es sind verschiedene Gr\u00f6\u00dfen erh\u00e4ltlich, die f\u00fcr Hunde unterschiedlicher Gr\u00f6\u00dfe geeignet sind.<\/p>\n<\/div>\n<\/div>\n<\/div>\n<h3>Werksanzeige<\/h3>\n<p>&nbsp;<\/p>\n<div class=\"row\">\n<div class=\"col-lg-4\"><img loading=\"lazy\" decoding=\"async\" class=\"alignnone size-medium wp-image-142\" src=\"https:\/\/gray-bee-883835.hostingersite.com\/wp-content\/uploads\/2025\/04\/Small-pet-raincoat-3_-300x225.jpg\" alt=\"\" width=\"300\" height=\"225\" srcset=\"https:\/\/www.deopaws.com\/wp-content\/uploads\/2025\/04\/Small-pet-raincoat-3_-300x225.jpg 300w, https:\/\/www.deopaws.com\/wp-content\/uploads\/2025\/04\/Small-pet-raincoat-3_-600x450.jpg 600w, https:\/\/www.deopaws.com\/wp-content\/uploads\/2025\/04\/Small-pet-raincoat-3_-768x576.jpg 768w, https:\/\/www.deopaws.com\/wp-content\/uploads\/2025\/04\/Small-pet-raincoat-3_.jpg 800w\" sizes=\"auto, (max-width: 300px) 100vw, 300px\" \/><\/div>\n<div class=\"col-lg-4\"><img loading=\"lazy\" decoding=\"async\" class=\"alignnone size-medium wp-image-138\" src=\"https:\/\/gray-bee-883835.hostingersite.com\/wp-content\/uploads\/2025\/04\/Small-pet-raincoat-2-2-300x225.jpg\" alt=\"\" width=\"300\" height=\"225\" srcset=\"https:\/\/www.deopaws.com\/wp-content\/uploads\/2025\/04\/Small-pet-raincoat-2-2-300x225.jpg 300w, https:\/\/www.deopaws.com\/wp-content\/uploads\/2025\/04\/Small-pet-raincoat-2-2-600x450.jpg 600w, https:\/\/www.deopaws.com\/wp-content\/uploads\/2025\/04\/Small-pet-raincoat-2-2-768x576.jpg 768w, https:\/\/www.deopaws.com\/wp-content\/uploads\/2025\/04\/Small-pet-raincoat-2-2.jpg 800w\" sizes=\"auto, (max-width: 300px) 100vw, 300px\" \/><\/div>\n<div class=\"col-lg-4\"><img loading=\"lazy\" decoding=\"async\" class=\"alignnone size-medium wp-image-139\" src=\"https:\/\/gray-bee-883835.hostingersite.com\/wp-content\/uploads\/2025\/04\/Small-pet-raincoat-3-2-300x225.jpg\" alt=\"\" width=\"300\" height=\"225\" srcset=\"https:\/\/www.deopaws.com\/wp-content\/uploads\/2025\/04\/Small-pet-raincoat-3-2-300x225.jpg 300w, https:\/\/www.deopaws.com\/wp-content\/uploads\/2025\/04\/Small-pet-raincoat-3-2-600x450.jpg 600w, https:\/\/www.deopaws.com\/wp-content\/uploads\/2025\/04\/Small-pet-raincoat-3-2-768x576.jpg 768w, https:\/\/www.deopaws.com\/wp-content\/uploads\/2025\/04\/Small-pet-raincoat-3-2.jpg 800w\" sizes=\"auto, (max-width: 300px) 100vw, 300px\" \/><\/div>\n<p>&nbsp;<\/p>\n<div>\n<div class=\"row\">\n<div class=\"col-lg-4\"><img loading=\"lazy\" decoding=\"async\" class=\"alignnone size-medium wp-image-141\" src=\"https:\/\/gray-bee-883835.hostingersite.com\/wp-content\/uploads\/2025\/04\/Small-pet-raincoat-2_-300x225.jpg\" alt=\"\" width=\"300\" height=\"225\" srcset=\"https:\/\/www.deopaws.com\/wp-content\/uploads\/2025\/04\/Small-pet-raincoat-2_-300x225.jpg 300w, https:\/\/www.deopaws.com\/wp-content\/uploads\/2025\/04\/Small-pet-raincoat-2_-600x450.jpg 600w, https:\/\/www.deopaws.com\/wp-content\/uploads\/2025\/04\/Small-pet-raincoat-2_-768x576.jpg 768w, https:\/\/www.deopaws.com\/wp-content\/uploads\/2025\/04\/Small-pet-raincoat-2_.jpg 800w\" sizes=\"auto, (max-width: 300px) 100vw, 300px\" \/><\/div>\n<div class=\"col-lg-4\"><img loading=\"lazy\" decoding=\"async\" class=\"alignnone size-full wp-image-1656\" src=\"https:\/\/www.deopaws.com\/wp-content\/uploads\/2025\/05\/fact-1_\u526f\u672c.jpg\" alt=\"\" width=\"300\" height=\"225\" \/><\/div>\n<div class=\"col-lg-4\"><img loading=\"lazy\" decoding=\"async\" class=\"alignnone size-medium wp-image-137\" src=\"https:\/\/gray-bee-883835.hostingersite.com\/wp-content\/uploads\/2025\/04\/Small-pet-raincoat-1-2-300x225.jpg\" alt=\"\" width=\"300\" height=\"225\" srcset=\"https:\/\/www.deopaws.com\/wp-content\/uploads\/2025\/04\/Small-pet-raincoat-1-2-300x225.jpg 300w, https:\/\/www.deopaws.com\/wp-content\/uploads\/2025\/04\/Small-pet-raincoat-1-2-600x450.jpg 600w, https:\/\/www.deopaws.com\/wp-content\/uploads\/2025\/04\/Small-pet-raincoat-1-2-768x576.jpg 768w, https:\/\/www.deopaws.com\/wp-content\/uploads\/2025\/04\/Small-pet-raincoat-1-2.jpg 800w\" sizes=\"auto, (max-width: 300px) 100vw, 300px\" \/><\/div>\n<div><\/div>\n<\/div>\n<\/div>\n<\/div>","protected":false},"excerpt":{"rendered":"<p data-start=\"187\" data-end=\"428\">Halten Sie Ihren pelzigen Freund an regnerischen Tagen trocken und stilvoll mit dieser gelben und wei\u00dfen Ganzk\u00f6rper-Regenjacke f\u00fcr Hunde. Sie sch\u00fctzt Hunde vor Regen, Schlamm und Wind und sorgt gleichzeitig f\u00fcr Komfort und Bewegungsfreiheit.<\/p>\n<p data-start=\"430\" data-end=\"693\">Dieser Regenmantel aus leichtem, wasserdichtem und strapazierf\u00e4higem Polyester sch\u00fctzt Ihr Haustier vor nassem Wetter, ohne sich schwer oder einschr\u00e4nkend anzuf\u00fchlen. Das atmungsaktive Material verhindert eine \u00dcberhitzung und ist somit perfekt f\u00fcr Spazierg\u00e4nge, Outdoor-Abenteuer oder regnerische Fahrten.<\/p>\n<p data-start=\"965\" data-end=\"1130\">Dieser Regenmantel l\u00e4sst sich leicht an- und ausziehen und ist ideal f\u00fcr t\u00e4gliche Spazierg\u00e4nge, Reisen oder Spiele im Freien. Er h\u00e4lt Haustiere bei jedem Wetter trocken, sauber und komfortabel.<\/p>","protected":false},"featured_media":3154,"comment_status":"closed","ping_status":"closed","template":"","meta":{"_acf_changed":false},"product_brand":[],"product_cat":[16,25],"product_tag":[],"class_list":{"0":"post-3153","1":"product","2":"type-product","3":"status-publish","4":"has-post-thumbnail","6":"product_cat-dog-supplies","7":"product_cat-dog-apparel-accessories","9":"first","10":"instock","11":"shipping-taxable","12":"product-type-simple"},"acf":[],"_links":{"self":[{"href":"https:\/\/www.deopaws.com\/de\/wp-json\/wp\/v2\/product\/3153","targetHints":{"allow":["GET"]}}],"collection":[{"href":"https:\/\/www.deopaws.com\/de\/wp-json\/wp\/v2\/product"}],"about":[{"href":"https:\/\/www.deopaws.com\/de\/wp-json\/wp\/v2\/types\/product"}],"replies":[{"embeddable":true,"href":"https:\/\/www.deopaws.com\/de\/wp-json\/wp\/v2\/comments?post=3153"}],"wp:featuredmedia":[{"embeddable":true,"href":"https:\/\/www.deopaws.com\/de\/wp-json\/wp\/v2\/media\/3154"}],"wp:attachment":[{"href":"https:\/\/www.deopaws.com\/de\/wp-json\/wp\/v2\/media?parent=3153"}],"wp:term":[{"taxonomy":"product_brand","embeddable":true,"href":"https:\/\/www.deopaws.com\/de\/wp-json\/wp\/v2\/product_brand?post=3153"},{"taxonomy":"product_cat","embeddable":true,"href":"https:\/\/www.deopaws.com\/de\/wp-json\/wp\/v2\/product_cat?post=3153"},{"taxonomy":"product_tag","embeddable":true,"href":"https:\/\/www.deopaws.com\/de\/wp-json\/wp\/v2\/product_tag?post=3153"}],"curies":[{"name":"wp","href":"https:\/\/api.w.org\/{rel}","templated":true}]}}