{"id":3096,"date":"2025-10-21T11:11:27","date_gmt":"2025-10-21T03:11:27","guid":{"rendered":"https:\/\/www.deopaws.com\/?post_type=product&#038;p=3096"},"modified":"2025-10-24T13:16:39","modified_gmt":"2025-10-24T05:16:39","slug":"halloween-pet-clothes-ghost-spider-gauze-scarf","status":"publish","type":"product","link":"https:\/\/www.deopaws.com\/de\/produkt\/halloween-pet-clothes-ghost-spider-gauze-scarf\/","title":{"rendered":"Halloween Haustier Kleidung Geist Spinne Gaze Schal"},"content":{"rendered":"<h2 data-start=\"77\" data-end=\"192\">Halloween Haustier-Kleidung \uff1a<\/h2>\n<p>&nbsp;<\/p>\n<p>\u25cf<strong> Festliches Design<\/strong> - Leichter Spinnennetz-Schal in gruseligem Lila-Schwarz oder leuchtendem Orange-Schwarz mit Totenkopf- oder K\u00fcrbis-Akzenten f\u00fcr eine verspielte Halloween-Note.<\/p>\n<p>\u25cf<strong> Bequeme Passform<\/strong> - Weiches, atmungsaktives Mesh-Gewebe h\u00e4lt Ihr Haustier kuschelig warm und erm\u00f6glicht gleichzeitig freie Bewegung und spielerische Aktivit\u00e4ten.<\/p>\n<p>\u25cf <strong>Praktische Kleidung<\/strong> - Leicht anzulegen und zu sichern, ohne Unbehagen zu verursachen, perfekt f\u00fcr kleine Hunde und Katzen.<\/p>\n<p>\u25cf <strong>Vielseitiger Einsatz<\/strong> - Ideal f\u00fcr Halloween-Partys, themenbezogene Fotoshootings, S\u00fc\u00dfes oder Saures oder um den t\u00e4glichen Spaziergang festlich zu gestalten.<\/p>\n<p>\u25cf <strong>Marktanreiz<\/strong> - Ein stilvolles und lustiges saisonales Accessoire, das alle Blicke auf sich zieht und Haustierbesitzer anspricht, die nach niedlichen und kreativen Halloween-Outfits suchen.<\/p>\n<p>&nbsp;<\/p>\n<p>&nbsp;<\/p>\n<div style=\"max-width: 800px; margin: auto; padding: 20px;\">\n<p><!-- \u5de6\u56fe\u53f3\u6587 --><\/p>\n<div style=\"display: flex; align-items: center; gap: 20px; margin-bottom: 40px; flex-wrap: wrap;\">\n<p><img loading=\"lazy\" decoding=\"async\" class=\"alignnone wp-image-3104 size-medium\" src=\"https:\/\/www.deopaws.com\/wp-content\/uploads\/2025\/10\/\u8be6\u60c5\u56fe03-1-e1761017190245-300x240.jpg\" alt=\"\" width=\"300\" height=\"240\" srcset=\"https:\/\/www.deopaws.com\/wp-content\/uploads\/2025\/10\/\u8be6\u60c5\u56fe03-1-e1761017190245-300x240.jpg 300w, https:\/\/www.deopaws.com\/wp-content\/uploads\/2025\/10\/\u8be6\u60c5\u56fe03-1-e1761017190245-600x480.jpg 600w, https:\/\/www.deopaws.com\/wp-content\/uploads\/2025\/10\/\u8be6\u60c5\u56fe03-1-e1761017190245.jpg 750w\" sizes=\"auto, (max-width: 300px) 100vw, 300px\" \/><\/p>\n<div style=\"flex: 1; min-width: 0;\">\n<p style=\"color: gray;\">Die orange-schwarze Version f\u00e4ngt die fr\u00f6hliche Essenz von Halloween mit einem leuchtenden K\u00fcrbisakzent in der Mitte ein. Die warmen, festlichen T\u00f6ne eignen sich perfekt f\u00fcr S\u00fc\u00dfes oder Saures, Fotos und saisonale Zusammenk\u00fcnfte.<\/p>\n<\/div>\n<\/div>\n<p><!-- \u53f3\u56fe\u5de6\u6587 --><\/p>\n<div style=\"display: flex; flex-direction: row-reverse; align-items: center; gap: 20px; flex-wrap: wrap;\">\n<p><img loading=\"lazy\" decoding=\"async\" class=\"alignnone wp-image-3105 size-medium\" src=\"https:\/\/www.deopaws.com\/wp-content\/uploads\/2025\/10\/\u8be6\u60c5\u56fe16-e1761017234115-300x240.jpg\" alt=\"\" width=\"300\" height=\"240\" srcset=\"https:\/\/www.deopaws.com\/wp-content\/uploads\/2025\/10\/\u8be6\u60c5\u56fe16-e1761017234115-300x240.jpg 300w, https:\/\/www.deopaws.com\/wp-content\/uploads\/2025\/10\/\u8be6\u60c5\u56fe16-e1761017234115-600x480.jpg 600w, https:\/\/www.deopaws.com\/wp-content\/uploads\/2025\/10\/\u8be6\u60c5\u56fe16-e1761017234115.jpg 750w\" sizes=\"auto, (max-width: 300px) 100vw, 300px\" \/><\/p>\n<div style=\"flex: 1; min-width: 0;\">\n<p style=\"color: gray;\">Dieses Halloween-Spinnennetz-Tuch ist aus leichtem, atmungsaktivem Mesh-Gewebe gefertigt, das sanft zur Haut Ihres Haustiers ist.<\/p>\n<\/div>\n<\/div>\n<\/div>\n<div style=\"max-width: 800px; margin: auto; padding: 20px;\">\n<p><!-- \u5de6\u56fe\u53f3\u6587 --><\/p>\n<div style=\"display: flex; align-items: center; gap: 20px; margin-bottom: 40px; flex-wrap: wrap;\">\n<p><img loading=\"lazy\" decoding=\"async\" class=\"alignnone wp-image-3106 size-medium\" src=\"https:\/\/www.deopaws.com\/wp-content\/uploads\/2025\/10\/\u8be6\u60c5\u56fe24-e1761017264808-300x240.jpg\" alt=\"\" width=\"300\" height=\"240\" srcset=\"https:\/\/www.deopaws.com\/wp-content\/uploads\/2025\/10\/\u8be6\u60c5\u56fe24-e1761017264808-300x240.jpg 300w, https:\/\/www.deopaws.com\/wp-content\/uploads\/2025\/10\/\u8be6\u60c5\u56fe24-e1761017264808-600x480.jpg 600w, https:\/\/www.deopaws.com\/wp-content\/uploads\/2025\/10\/\u8be6\u60c5\u56fe24-e1761017264808.jpg 750w\" sizes=\"auto, (max-width: 300px) 100vw, 300px\" \/><\/p>\n<div style=\"flex: 1; min-width: 0;\">\n<p data-start=\"56\" data-end=\"422\">Das lila-schwarze Spinnennetz-Halstuch hat eine zarte Netzstruktur und ein Totenkopf-Ornament in der Mitte, das f\u00fcr einen geheimnisvollen und doch verspielten Halloween-Look sorgt. Ideal f\u00fcr Haustiere, die in der gruseligen Jahreszeit einen Hauch von Gothic-Charme m\u00f6gen.<\/p>\n<\/div>\n<\/div>\n<\/div>\n<h3>Werksanzeige<\/h3>\n<p>&nbsp;<\/p>\n<div class=\"row\">\n<div class=\"col-lg-4\"><img loading=\"lazy\" decoding=\"async\" class=\"alignnone size-medium wp-image-142\" src=\"https:\/\/gray-bee-883835.hostingersite.com\/wp-content\/uploads\/2025\/04\/Small-pet-raincoat-3_-300x225.jpg\" alt=\"\" width=\"300\" height=\"225\" srcset=\"https:\/\/www.deopaws.com\/wp-content\/uploads\/2025\/04\/Small-pet-raincoat-3_-300x225.jpg 300w, https:\/\/www.deopaws.com\/wp-content\/uploads\/2025\/04\/Small-pet-raincoat-3_-600x450.jpg 600w, https:\/\/www.deopaws.com\/wp-content\/uploads\/2025\/04\/Small-pet-raincoat-3_-768x576.jpg 768w, https:\/\/www.deopaws.com\/wp-content\/uploads\/2025\/04\/Small-pet-raincoat-3_.jpg 800w\" sizes=\"auto, (max-width: 300px) 100vw, 300px\" \/><\/div>\n<div class=\"col-lg-4\"><img loading=\"lazy\" decoding=\"async\" class=\"alignnone size-medium wp-image-138\" src=\"https:\/\/gray-bee-883835.hostingersite.com\/wp-content\/uploads\/2025\/04\/Small-pet-raincoat-2-2-300x225.jpg\" alt=\"\" width=\"300\" height=\"225\" srcset=\"https:\/\/www.deopaws.com\/wp-content\/uploads\/2025\/04\/Small-pet-raincoat-2-2-300x225.jpg 300w, https:\/\/www.deopaws.com\/wp-content\/uploads\/2025\/04\/Small-pet-raincoat-2-2-600x450.jpg 600w, https:\/\/www.deopaws.com\/wp-content\/uploads\/2025\/04\/Small-pet-raincoat-2-2-768x576.jpg 768w, https:\/\/www.deopaws.com\/wp-content\/uploads\/2025\/04\/Small-pet-raincoat-2-2.jpg 800w\" sizes=\"auto, (max-width: 300px) 100vw, 300px\" \/><\/div>\n<div class=\"col-lg-4\"><img loading=\"lazy\" decoding=\"async\" class=\"alignnone size-medium wp-image-139\" src=\"https:\/\/gray-bee-883835.hostingersite.com\/wp-content\/uploads\/2025\/04\/Small-pet-raincoat-3-2-300x225.jpg\" alt=\"\" width=\"300\" height=\"225\" srcset=\"https:\/\/www.deopaws.com\/wp-content\/uploads\/2025\/04\/Small-pet-raincoat-3-2-300x225.jpg 300w, https:\/\/www.deopaws.com\/wp-content\/uploads\/2025\/04\/Small-pet-raincoat-3-2-600x450.jpg 600w, https:\/\/www.deopaws.com\/wp-content\/uploads\/2025\/04\/Small-pet-raincoat-3-2-768x576.jpg 768w, https:\/\/www.deopaws.com\/wp-content\/uploads\/2025\/04\/Small-pet-raincoat-3-2.jpg 800w\" sizes=\"auto, (max-width: 300px) 100vw, 300px\" \/><\/div>\n<p>&nbsp;<\/p>\n<div>\n<div class=\"row\">\n<div class=\"col-lg-4\"><img loading=\"lazy\" decoding=\"async\" class=\"alignnone size-medium wp-image-141\" src=\"https:\/\/gray-bee-883835.hostingersite.com\/wp-content\/uploads\/2025\/04\/Small-pet-raincoat-2_-300x225.jpg\" alt=\"\" width=\"300\" height=\"225\" srcset=\"https:\/\/www.deopaws.com\/wp-content\/uploads\/2025\/04\/Small-pet-raincoat-2_-300x225.jpg 300w, https:\/\/www.deopaws.com\/wp-content\/uploads\/2025\/04\/Small-pet-raincoat-2_-600x450.jpg 600w, https:\/\/www.deopaws.com\/wp-content\/uploads\/2025\/04\/Small-pet-raincoat-2_-768x576.jpg 768w, https:\/\/www.deopaws.com\/wp-content\/uploads\/2025\/04\/Small-pet-raincoat-2_.jpg 800w\" sizes=\"auto, (max-width: 300px) 100vw, 300px\" \/><\/div>\n<div class=\"col-lg-4\"><img loading=\"lazy\" decoding=\"async\" class=\"alignnone size-full wp-image-1656\" src=\"https:\/\/www.deopaws.com\/wp-content\/uploads\/2025\/05\/fact-1_\u526f\u672c.jpg\" alt=\"\" width=\"300\" height=\"225\" \/><\/div>\n<div class=\"col-lg-4\"><img loading=\"lazy\" decoding=\"async\" class=\"alignnone size-medium wp-image-137\" src=\"https:\/\/gray-bee-883835.hostingersite.com\/wp-content\/uploads\/2025\/04\/Small-pet-raincoat-1-2-300x225.jpg\" alt=\"\" width=\"300\" height=\"225\" srcset=\"https:\/\/www.deopaws.com\/wp-content\/uploads\/2025\/04\/Small-pet-raincoat-1-2-300x225.jpg 300w, https:\/\/www.deopaws.com\/wp-content\/uploads\/2025\/04\/Small-pet-raincoat-1-2-600x450.jpg 600w, https:\/\/www.deopaws.com\/wp-content\/uploads\/2025\/04\/Small-pet-raincoat-1-2-768x576.jpg 768w, https:\/\/www.deopaws.com\/wp-content\/uploads\/2025\/04\/Small-pet-raincoat-1-2.jpg 800w\" sizes=\"auto, (max-width: 300px) 100vw, 300px\" \/><\/div>\n<div><\/div>\n<\/div>\n<\/div>\n<\/div>","protected":false},"excerpt":{"rendered":"<p data-start=\"198\" data-end=\"494\">Kleiden Sie Ihren pelzigen Freund in Halloween-Stimmung mit diesem Spider Web Mesh Scarf, das gruseligen Charme mit liebenswerter Eleganz verbindet. Es ist aus leichtem, atmungsaktivem Mesh-Gewebe gefertigt und verleiht ihm einen festlichen Touch, ohne unangenehm zu sein - perfekt f\u00fcr kleine Hunde und Katzen, die gerne mitmachen. Leicht, einfach zu tragen und voller Halloween-Pers\u00f6nlichkeit ist dies das perfekte Accessoire, mit dem Ihr Haustier bei jeder gruseligen Feier auff\u00e4llt.<\/p>\n<p data-start=\"496\" data-end=\"580\">","protected":false},"featured_media":3103,"comment_status":"closed","ping_status":"closed","template":"","meta":{"_acf_changed":false},"product_brand":[],"product_cat":[16,25],"product_tag":[],"class_list":{"0":"post-3096","1":"product","2":"type-product","3":"status-publish","4":"has-post-thumbnail","6":"product_cat-dog-supplies","7":"product_cat-dog-apparel-accessories","9":"first","10":"instock","11":"shipping-taxable","12":"product-type-simple"},"acf":[],"_links":{"self":[{"href":"https:\/\/www.deopaws.com\/de\/wp-json\/wp\/v2\/product\/3096","targetHints":{"allow":["GET"]}}],"collection":[{"href":"https:\/\/www.deopaws.com\/de\/wp-json\/wp\/v2\/product"}],"about":[{"href":"https:\/\/www.deopaws.com\/de\/wp-json\/wp\/v2\/types\/product"}],"replies":[{"embeddable":true,"href":"https:\/\/www.deopaws.com\/de\/wp-json\/wp\/v2\/comments?post=3096"}],"wp:featuredmedia":[{"embeddable":true,"href":"https:\/\/www.deopaws.com\/de\/wp-json\/wp\/v2\/media\/3103"}],"wp:attachment":[{"href":"https:\/\/www.deopaws.com\/de\/wp-json\/wp\/v2\/media?parent=3096"}],"wp:term":[{"taxonomy":"product_brand","embeddable":true,"href":"https:\/\/www.deopaws.com\/de\/wp-json\/wp\/v2\/product_brand?post=3096"},{"taxonomy":"product_cat","embeddable":true,"href":"https:\/\/www.deopaws.com\/de\/wp-json\/wp\/v2\/product_cat?post=3096"},{"taxonomy":"product_tag","embeddable":true,"href":"https:\/\/www.deopaws.com\/de\/wp-json\/wp\/v2\/product_tag?post=3096"}],"curies":[{"name":"wp","href":"https:\/\/api.w.org\/{rel}","templated":true}]}}