{"id":2545,"date":"2025-08-28T10:38:35","date_gmt":"2025-08-28T02:38:35","guid":{"rendered":"https:\/\/www.deopaws.com\/?post_type=product&#038;p=2545"},"modified":"2025-08-28T10:44:21","modified_gmt":"2025-08-28T02:44:21","slug":"dog-full-body-raincoat-with-reflective-strip","status":"publish","type":"product","link":"https:\/\/www.deopaws.com\/de\/produkt\/dog-full-body-raincoat-with-reflective-strip\/","title":{"rendered":"Hunderegenmantel mit Reflektorstreifen"},"content":{"rendered":"<h2 data-start=\"77\" data-end=\"192\">Hund Ganzk\u00f6rper-Regenmantel mit Reflektorstreifen \uff1a<\/h2>\n<p data-start=\"65\" data-end=\"153\"><strong>\u25cf Dreidimensionaler Sitz:<\/strong> Der dreidimensionale Schnitt passt sich dem K\u00f6rperbau Ihres Hundes an und sorgt so f\u00fcr einen bequemen und nat\u00fcrlichen Sitz.<\/p>\n<p data-start=\"65\" data-end=\"153\"><strong>\u25cf Vielseitig:<\/strong> Ob an regnerischen Tagen oder bei Outdoor-Aktivit\u00e4ten, sie bietet bequemen Schutz und vereint Funktionalit\u00e4t mit Alltagstauglichkeit.<\/p>\n<p data-start=\"65\" data-end=\"153\"><strong>\u25cf Leicht und einfach zu tragen:<\/strong> Das leichte Material l\u00e4sst sich zur einfachen Aufbewahrung und zum Transport zusammenfalten, so dass es f\u00fcr die Besitzer bequemer zu reisen ist.<\/p>\n<p data-start=\"65\" data-end=\"153\"><strong>\u25cf Haustierfreundliches Design:<\/strong> Sie ist weich und bequem und schr\u00e4nkt die Bewegungsfreiheit Ihres Hundes nicht ein, w\u00e4hrend sie gleichzeitig das An- und Ausziehen f\u00fcr den Besitzer erleichtert.<\/p>\n<p data-start=\"65\" data-end=\"153\"><strong>\u25cf Wasserdichtes Gewebe:<\/strong> Hochwertiges, wasserdichtes Material weist Regen und Feuchtigkeit ab und h\u00e4lt Ihren Hund trocken.<\/p>\n<p>&nbsp;<\/p>\n<p>&nbsp;<\/p>\n<div style=\"max-width: 800px; margin: auto; padding: 20px;\">\n<p><!-- \u5de6\u56fe\u53f3\u6587 --><\/p>\n<div style=\"display: flex; align-items: center; gap: 20px; margin-bottom: 40px; flex-wrap: wrap;\">\n<p><img loading=\"lazy\" decoding=\"async\" class=\"alignnone wp-image-2368\" src=\"\/wp-content\/uploads\/2025\/08\/Dog-Full-Body-Raincoat-With-Reflective-Strip1-9.jpg\" alt=\"dog full body raincoat, reflective dog raincoat\u200b\" width=\"370\" height=\"296\" \/><\/p>\n<div style=\"flex: 1; min-width: 0;\">\n<p style=\"color: gray;\">Doppelter Klettverschluss und Schnappverschluss - Sorgt f\u00fcr einen sicheren Sitz, verhindert ein Verrutschen und gew\u00e4hrleistet die Sicherheit Ihres Hundes bei Aktivit\u00e4ten.<br \/>\nClip f\u00fcr die Halsleine - L\u00e4sst sich bequem an einer Leine befestigen, um das Reisen sicherer und bequemer zu machen.<\/p>\n<\/div>\n<\/div>\n<p><!-- \u53f3\u56fe\u5de6\u6587 --><\/p>\n<div style=\"display: flex; flex-direction: row-reverse; align-items: center; gap: 20px; flex-wrap: wrap;\">\n<p><img loading=\"lazy\" decoding=\"async\" class=\"alignnone wp-image-2369\" src=\"\/wp-content\/uploads\/2025\/08\/Dog-Full-Body-Raincoat-With-Reflective-Strip1-7.jpg\" alt=\"dog full body raincoat, reflective dog raincoat\u200b\" width=\"370\" height=\"296\" \/><\/p>\n<div style=\"flex: 1; min-width: 0;\">\n<p style=\"color: gray;\">Untere Abdeckung - Bedeckt den Bauchbereich f\u00fcr mehr W\u00e4rme und Komfort.<br \/>\nVerstellbarer Halsgurt - Passt sich der Gr\u00f6\u00dfe Ihres Hundes an und sorgt so f\u00fcr einen perfekten Sitz.<\/p>\n<\/div>\n<\/div>\n<\/div>\n<div style=\"max-width: 800px; margin: auto; padding: 20px;\">\n<p><!-- \u5de6\u56fe\u53f3\u6587 --><\/p>\n<div style=\"display: flex; align-items: center; gap: 20px; margin-bottom: 40px; flex-wrap: wrap;\">\n<p><img loading=\"lazy\" decoding=\"async\" class=\"alignnone wp-image-2370\" src=\"\/wp-content\/uploads\/2025\/08\/Dog-Full-Body-Raincoat-With-Reflective-Strip1-8.jpg\" alt=\"dog full body raincoat, reflective dog raincoat\u200b\" width=\"370\" height=\"296\" \/><\/p>\n<div style=\"flex: 1; min-width: 0;\">\n<p data-start=\"56\" data-end=\"422\">Kordelzug am Kopf und reflektierende Warnstreifen - Verstellen Sie das Kopfband f\u00fcr einen bequemen Sitz. Reflektierende Streifen an den Beinen erh\u00f6hen die Sichtbarkeit und Sicherheit bei Nacht.<\/p>\n<\/div>\n<\/div>\n<p><!-- \u53f3\u56fe\u5de6\u6587 --><\/p>\n<div style=\"display: flex; flex-direction: row-reverse; align-items: center; gap: 20px; flex-wrap: wrap;\">\n<p><img loading=\"lazy\" decoding=\"async\" class=\"alignnone wp-image-2371\" src=\"\/wp-content\/uploads\/2025\/08\/Dog-Full-Body-Raincoat-With-Reflective-Strip1-6.jpg\" alt=\"dog full body raincoat, reflective dog raincoat\u200b\" width=\"370\" height=\"296\" \/><\/p>\n<div style=\"flex: 1; min-width: 0;\">\n<p style=\"color: gray;\">V\u00f6llig wind- und wasserdicht - Die breite Abdeckung h\u00e4lt Wind und Regen ab, damit sich Ihr Hund den ganzen Tag lang wohl f\u00fchlt.<\/p>\n<\/div>\n<\/div>\n<\/div>\n<div style=\"max-width: 800px; margin: auto; padding: 20px;\">\n<p><!-- \u5de6\u56fe\u53f3\u6587 --><\/p>\n<div style=\"display: flex; align-items: center; gap: 20px; margin-bottom: 40px; flex-wrap: wrap;\">\n<p><img loading=\"lazy\" decoding=\"async\" class=\"alignnone wp-image-2372\" src=\"\/wp-content\/uploads\/2025\/08\/Dog-Full-Body-Raincoat-With-Reflective-Strip1-2.jpg\" alt=\"dog full body raincoat, reflective dog raincoat\u200bs\" width=\"370\" height=\"296\" \/><\/p>\n<div style=\"flex: 1; min-width: 0;\">\n<p data-start=\"27\" data-end=\"106\">Integrierte Kapuze und K\u00f6rper - Die Kapuze und das Gewand sind in einem St\u00fcck integriert und bieten so zus\u00e4tzlichen Schutz f\u00fcr den Kopf und den Gesamtschutz.<\/p>\n<\/div>\n<\/div>\n<p><!-- \u53f3\u56fe\u5de6\u6587 --><\/p>\n<div style=\"display: flex; flex-direction: row-reverse; align-items: center; gap: 20px; flex-wrap: wrap;\">\n<p><img loading=\"lazy\" decoding=\"async\" class=\"alignnone wp-image-2371\" src=\"\/wp-content\/uploads\/2025\/08\/Dog-Full-Body-Raincoat-With-Reflective-Strip1-5.jpg\" alt=\"dog full body raincoat, reflective dog raincoat\u200b\" width=\"370\" height=\"296\" \/><\/p>\n<div style=\"flex: 1; min-width: 0;\">\n<p style=\"color: gray;\">Gr\u00f6\u00dfentabelle - Es sind verschiedene Gr\u00f6\u00dfen erh\u00e4ltlich, die f\u00fcr Hunde unterschiedlicher Gr\u00f6\u00dfe geeignet sind.<\/p>\n<\/div>\n<\/div>\n<\/div>\n<h3>Werksanzeige<\/h3>\n<p>&nbsp;<\/p>\n<div class=\"row\">\n<div class=\"col-lg-4\"><img loading=\"lazy\" decoding=\"async\" class=\"alignnone size-medium wp-image-142\" src=\"https:\/\/gray-bee-883835.hostingersite.com\/wp-content\/uploads\/2025\/04\/Small-pet-raincoat-3_-300x225.jpg\" alt=\"\" width=\"300\" height=\"225\" srcset=\"https:\/\/www.deopaws.com\/wp-content\/uploads\/2025\/04\/Small-pet-raincoat-3_-300x225.jpg 300w, https:\/\/www.deopaws.com\/wp-content\/uploads\/2025\/04\/Small-pet-raincoat-3_-600x450.jpg 600w, https:\/\/www.deopaws.com\/wp-content\/uploads\/2025\/04\/Small-pet-raincoat-3_-768x576.jpg 768w, https:\/\/www.deopaws.com\/wp-content\/uploads\/2025\/04\/Small-pet-raincoat-3_.jpg 800w\" sizes=\"auto, (max-width: 300px) 100vw, 300px\" \/><\/div>\n<div class=\"col-lg-4\"><img loading=\"lazy\" decoding=\"async\" class=\"alignnone size-medium wp-image-138\" src=\"https:\/\/gray-bee-883835.hostingersite.com\/wp-content\/uploads\/2025\/04\/Small-pet-raincoat-2-2-300x225.jpg\" alt=\"\" width=\"300\" height=\"225\" srcset=\"https:\/\/www.deopaws.com\/wp-content\/uploads\/2025\/04\/Small-pet-raincoat-2-2-300x225.jpg 300w, https:\/\/www.deopaws.com\/wp-content\/uploads\/2025\/04\/Small-pet-raincoat-2-2-600x450.jpg 600w, https:\/\/www.deopaws.com\/wp-content\/uploads\/2025\/04\/Small-pet-raincoat-2-2-768x576.jpg 768w, https:\/\/www.deopaws.com\/wp-content\/uploads\/2025\/04\/Small-pet-raincoat-2-2.jpg 800w\" sizes=\"auto, (max-width: 300px) 100vw, 300px\" \/><\/div>\n<div class=\"col-lg-4\"><img loading=\"lazy\" decoding=\"async\" class=\"alignnone size-medium wp-image-139\" src=\"https:\/\/gray-bee-883835.hostingersite.com\/wp-content\/uploads\/2025\/04\/Small-pet-raincoat-3-2-300x225.jpg\" alt=\"\" width=\"300\" height=\"225\" srcset=\"https:\/\/www.deopaws.com\/wp-content\/uploads\/2025\/04\/Small-pet-raincoat-3-2-300x225.jpg 300w, https:\/\/www.deopaws.com\/wp-content\/uploads\/2025\/04\/Small-pet-raincoat-3-2-600x450.jpg 600w, https:\/\/www.deopaws.com\/wp-content\/uploads\/2025\/04\/Small-pet-raincoat-3-2-768x576.jpg 768w, https:\/\/www.deopaws.com\/wp-content\/uploads\/2025\/04\/Small-pet-raincoat-3-2.jpg 800w\" sizes=\"auto, (max-width: 300px) 100vw, 300px\" \/><\/div>\n<p>&nbsp;<\/p>\n<div>\n<div class=\"row\">\n<div class=\"col-lg-4\"><img loading=\"lazy\" decoding=\"async\" class=\"alignnone size-medium wp-image-141\" src=\"https:\/\/gray-bee-883835.hostingersite.com\/wp-content\/uploads\/2025\/04\/Small-pet-raincoat-2_-300x225.jpg\" alt=\"\" width=\"300\" height=\"225\" srcset=\"https:\/\/www.deopaws.com\/wp-content\/uploads\/2025\/04\/Small-pet-raincoat-2_-300x225.jpg 300w, https:\/\/www.deopaws.com\/wp-content\/uploads\/2025\/04\/Small-pet-raincoat-2_-600x450.jpg 600w, https:\/\/www.deopaws.com\/wp-content\/uploads\/2025\/04\/Small-pet-raincoat-2_-768x576.jpg 768w, https:\/\/www.deopaws.com\/wp-content\/uploads\/2025\/04\/Small-pet-raincoat-2_.jpg 800w\" sizes=\"auto, (max-width: 300px) 100vw, 300px\" \/><\/div>\n<div class=\"col-lg-4\"><img loading=\"lazy\" decoding=\"async\" class=\"alignnone size-full wp-image-1656\" src=\"https:\/\/www.deopaws.com\/wp-content\/uploads\/2025\/05\/fact-1_\u526f\u672c.jpg\" alt=\"\" width=\"300\" height=\"225\" \/><\/div>\n<div class=\"col-lg-4\"><img loading=\"lazy\" decoding=\"async\" class=\"alignnone size-medium wp-image-137\" src=\"https:\/\/gray-bee-883835.hostingersite.com\/wp-content\/uploads\/2025\/04\/Small-pet-raincoat-1-2-300x225.jpg\" alt=\"\" width=\"300\" height=\"225\" srcset=\"https:\/\/www.deopaws.com\/wp-content\/uploads\/2025\/04\/Small-pet-raincoat-1-2-300x225.jpg 300w, https:\/\/www.deopaws.com\/wp-content\/uploads\/2025\/04\/Small-pet-raincoat-1-2-600x450.jpg 600w, https:\/\/www.deopaws.com\/wp-content\/uploads\/2025\/04\/Small-pet-raincoat-1-2-768x576.jpg 768w, https:\/\/www.deopaws.com\/wp-content\/uploads\/2025\/04\/Small-pet-raincoat-1-2.jpg 800w\" sizes=\"auto, (max-width: 300px) 100vw, 300px\" \/><\/div>\n<div><\/div>\n<\/div>\n<\/div>\n<\/div>","protected":false},"excerpt":{"rendered":"<p>This dog&#8217;s full-body raincoat is made of waterproof fabric and a three-dimensional cut, providing full wind and water resistance. It is lightweight and comfortable, and features reflective strips for added safety in rainy weather.<\/p>","protected":false},"featured_media":2553,"comment_status":"closed","ping_status":"closed","template":"","meta":{"_acf_changed":false},"product_brand":[],"product_cat":[16,25],"product_tag":[],"class_list":{"0":"post-2545","1":"product","2":"type-product","3":"status-publish","4":"has-post-thumbnail","6":"product_cat-dog-supplies","7":"product_cat-dog-apparel-accessories","9":"first","10":"instock","11":"shipping-taxable","12":"product-type-simple"},"acf":[],"_links":{"self":[{"href":"https:\/\/www.deopaws.com\/de\/wp-json\/wp\/v2\/product\/2545","targetHints":{"allow":["GET"]}}],"collection":[{"href":"https:\/\/www.deopaws.com\/de\/wp-json\/wp\/v2\/product"}],"about":[{"href":"https:\/\/www.deopaws.com\/de\/wp-json\/wp\/v2\/types\/product"}],"replies":[{"embeddable":true,"href":"https:\/\/www.deopaws.com\/de\/wp-json\/wp\/v2\/comments?post=2545"}],"wp:featuredmedia":[{"embeddable":true,"href":"https:\/\/www.deopaws.com\/de\/wp-json\/wp\/v2\/media\/2553"}],"wp:attachment":[{"href":"https:\/\/www.deopaws.com\/de\/wp-json\/wp\/v2\/media?parent=2545"}],"wp:term":[{"taxonomy":"product_brand","embeddable":true,"href":"https:\/\/www.deopaws.com\/de\/wp-json\/wp\/v2\/product_brand?post=2545"},{"taxonomy":"product_cat","embeddable":true,"href":"https:\/\/www.deopaws.com\/de\/wp-json\/wp\/v2\/product_cat?post=2545"},{"taxonomy":"product_tag","embeddable":true,"href":"https:\/\/www.deopaws.com\/de\/wp-json\/wp\/v2\/product_tag?post=2545"}],"curies":[{"name":"wp","href":"https:\/\/api.w.org\/{rel}","templated":true}]}}