{"id":245,"date":"2025-04-18T13:55:06","date_gmt":"2025-04-18T05:55:06","guid":{"rendered":"https:\/\/gray-bee-883835.hostingersite.com\/?post_type=product&#038;p=245"},"modified":"2025-08-05T10:02:49","modified_gmt":"2025-08-05T02:02:49","slug":"waterproof-dog-jacket","status":"publish","type":"product","link":"https:\/\/www.deopaws.com\/de\/produkt\/waterproof-dog-jacket\/","title":{"rendered":"Wasserdichte Hundejacke f\u00fcr gro\u00dfe Hunde - Leichter, atmungsaktiver und reflektierender Regenmantel f\u00fcr Haustiere"},"content":{"rendered":"<h2>Wasserdichte Hundejacke:<\/h2>\n<p>&nbsp;<\/p>\n<p><strong>\u25cf Warm und gem\u00fctlich:<\/strong>\u00a0Dieser Mantel\/diese Jacke wurde entwickelt, um Ihren Hund bei kaltem Wetter kuschelig warm zu halten.<\/p>\n<p>&nbsp;<\/p>\n<p><strong>\u25cf Perfekte Passform f\u00fcr Hunde:<\/strong>\u00a0Speziell auf Hunde aller Rassen und Gr\u00f6\u00dfen (S-3XL) zugeschnitten, um eine bequeme Passform zu gew\u00e4hrleisten.<\/p>\n<p>&nbsp;<\/p>\n<p><strong>\u25cf Weiches Polyester-Material:<\/strong>\u00a0Sie ist aus hochwertigem Polyester gefertigt und bietet Strapazierf\u00e4higkeit und hervorragende Isolierung f\u00fcr k\u00fchle Tage.<\/p>\n<p>&nbsp;<\/p>\n<p><strong>\u25cf Einfaches und elegantes Design:<\/strong>\u00a0Mit einem einfarbigen Muster, das einen klaren, klassischen Look vermittelt.<\/p>\n<p>&nbsp;<\/p>\n<p><strong>\u25cf Ideal f\u00fcr Herbst und Winter:<\/strong>\u00a0Dieser Mantel bzw. diese Jacke ist perfekt f\u00fcr die Herbst- und Wintersaison und bietet zus\u00e4tzliche W\u00e4rme f\u00fcr Spazierg\u00e4nge im Freien oder zum Faulenzen im Haus.<\/p>\n<p>&nbsp;<\/p>\n<p><strong>\u25cf Klassischer Stil:<\/strong>\u00a0Ein zeitloses Design, das Mode und Funktion miteinander verbindet und Ihr Haustier bezaubernd und stilvoll aussehen l\u00e4sst.<\/p>\n<p>&nbsp;<\/p>\n<p><strong>\u25cf Funktionelle Oberbekleidung:<\/strong>\u00a0Bietet eine Ganzk\u00f6rperbedeckung f\u00fcr zus\u00e4tzliche W\u00e4rme und Schutz vor K\u00e4lte.<\/p>\n<p>&nbsp;<\/p>\n<p><strong>\u25cf In mehreren Gr\u00f6\u00dfen erh\u00e4ltlich:<\/strong>\u00a0Erh\u00e4ltlich in den Gr\u00f6\u00dfen von S bis 3XL, geeignet f\u00fcr kleine bis gro\u00dfe Hunde.<\/p>\n<p>&nbsp;<\/p>\n<p>&nbsp;<\/p>\n<div style=\"max-width: 800px; margin: auto; padding: 20px;\">\n<p><!-- \u5de6\u56fe\u53f3\u6587 --><\/p>\n<div style=\"display: flex; align-items: center; gap: 20px; margin-bottom: 40px; flex-wrap: wrap;\">\n<p><img loading=\"lazy\" decoding=\"async\" class=\"alignnone wp-image-248\" src=\"https:\/\/gray-bee-883835.hostingersite.com\/wp-content\/uploads\/2025\/04\/Fashion-Casual-Dog-Waterproof-Coats-and-Pet-Apparel-with-Reflective-Features-Big-Size-Raincoat-3-300x240.jpg\" alt=\"waterproof dog jacket\" width=\"370\" height=\"296\" srcset=\"https:\/\/www.deopaws.com\/wp-content\/uploads\/2025\/04\/Fashion-Casual-Dog-Waterproof-Coats-and-Pet-Apparel-with-Reflective-Features-Big-Size-Raincoat-3-300x240.jpg 300w, https:\/\/www.deopaws.com\/wp-content\/uploads\/2025\/04\/Fashion-Casual-Dog-Waterproof-Coats-and-Pet-Apparel-with-Reflective-Features-Big-Size-Raincoat-3-600x480.jpg 600w, https:\/\/www.deopaws.com\/wp-content\/uploads\/2025\/04\/Fashion-Casual-Dog-Waterproof-Coats-and-Pet-Apparel-with-Reflective-Features-Big-Size-Raincoat-3.jpg 750w\" sizes=\"auto, (max-width: 370px) 100vw, 370px\" \/><\/p>\n<div style=\"flex: 1; min-width: 0;\">\n<p style=\"color: gray;\">Erh\u00e4ltlich in den Gr\u00f6\u00dfen von S bis 3XL, geeignet f\u00fcr kleine bis gro\u00dfe Hunde.<\/p>\n<\/div>\n<\/div>\n<p><!-- \u53f3\u56fe\u5de6\u6587 --><\/p>\n<div style=\"display: flex; flex-direction: row-reverse; align-items: center; gap: 20px; flex-wrap: wrap;\">\n<p><img loading=\"lazy\" decoding=\"async\" class=\"alignnone wp-image-247\" src=\"https:\/\/gray-bee-883835.hostingersite.com\/wp-content\/uploads\/2025\/04\/Fashion-Casual-Dog-Waterproof-Coats-and-Pet-Apparel-with-Reflective-Features-Big-Size-Raincoat-2-300x240.jpg\" alt=\"waterproof dog jacket\" width=\"370\" height=\"296\" srcset=\"https:\/\/www.deopaws.com\/wp-content\/uploads\/2025\/04\/Fashion-Casual-Dog-Waterproof-Coats-and-Pet-Apparel-with-Reflective-Features-Big-Size-Raincoat-2-300x240.jpg 300w, https:\/\/www.deopaws.com\/wp-content\/uploads\/2025\/04\/Fashion-Casual-Dog-Waterproof-Coats-and-Pet-Apparel-with-Reflective-Features-Big-Size-Raincoat-2-600x480.jpg 600w, https:\/\/www.deopaws.com\/wp-content\/uploads\/2025\/04\/Fashion-Casual-Dog-Waterproof-Coats-and-Pet-Apparel-with-Reflective-Features-Big-Size-Raincoat-2.jpg 750w\" sizes=\"auto, (max-width: 370px) 100vw, 370px\" \/><\/p>\n<div style=\"flex: 1; min-width: 0;\">\n<p style=\"color: gray;\">Dieser Kapuzenpulli wurde entwickelt, um Ihren Hund bei kaltem Wetter kuschelig warm zu halten.<\/p>\n<\/div>\n<\/div>\n<\/div>\n<div style=\"max-width: 800px; margin: auto; padding: 20px;\">\n<p><!-- \u5de6\u56fe\u53f3\u6587 --><\/p>\n<div style=\"display: flex; align-items: center; gap: 20px; margin-bottom: 40px; flex-wrap: wrap;\">\n<p><img loading=\"lazy\" decoding=\"async\" class=\"alignnone wp-image-249 size-medium\" src=\"https:\/\/www.deopaws.com\/wp-content\/uploads\/2025\/04\/Fashion-Casual-Dog-Waterproof-Coats-and-Pet-Apparel-with-Reflective-Features-Big-Size-Raincoat-4-300x240.jpg\" alt=\"waterproof dog jacket\" width=\"300\" height=\"240\" srcset=\"https:\/\/www.deopaws.com\/wp-content\/uploads\/2025\/04\/Fashion-Casual-Dog-Waterproof-Coats-and-Pet-Apparel-with-Reflective-Features-Big-Size-Raincoat-4-300x240.jpg 300w, https:\/\/www.deopaws.com\/wp-content\/uploads\/2025\/04\/Fashion-Casual-Dog-Waterproof-Coats-and-Pet-Apparel-with-Reflective-Features-Big-Size-Raincoat-4-600x480.jpg 600w, https:\/\/www.deopaws.com\/wp-content\/uploads\/2025\/04\/Fashion-Casual-Dog-Waterproof-Coats-and-Pet-Apparel-with-Reflective-Features-Big-Size-Raincoat-4.jpg 750w\" sizes=\"auto, (max-width: 300px) 100vw, 300px\" \/><\/p>\n<div style=\"flex: 1; min-width: 0;\">\n<p style=\"color: gray;\">Geeignet f\u00fcr Hunde aller Gr\u00f6\u00dfen<\/p>\n<\/div>\n<\/div>\n<p><!-- \u53f3\u56fe\u5de6\u6587 --><\/p>\n<div style=\"display: flex; flex-direction: row-reverse; align-items: center; gap: 20px; flex-wrap: wrap;\">\n<p><img loading=\"lazy\" decoding=\"async\" class=\"alignnone wp-image-164\" src=\"https:\/\/gray-bee-883835.hostingersite.com\/wp-content\/uploads\/2025\/04\/1213-300x240.jpg\" alt=\"\" width=\"370\" height=\"296\" srcset=\"https:\/\/www.deopaws.com\/wp-content\/uploads\/2025\/04\/1213-300x240.jpg 300w, https:\/\/www.deopaws.com\/wp-content\/uploads\/2025\/04\/1213-600x480.jpg 600w, https:\/\/www.deopaws.com\/wp-content\/uploads\/2025\/04\/1213.jpg 750w\" sizes=\"auto, (max-width: 370px) 100vw, 370px\" \/><\/p>\n<div style=\"flex: 1; min-width: 0;\">\n<p style=\"color: gray;\">Dieses Hundetuch ist nicht nur einzigartig, sondern auch vollst\u00e4ndig anpassbar. Sie k\u00f6nnen verschiedene Gr\u00f6\u00dfen, Farben, Muster oder personalisierte Stickereien wie Namen oder spezielle Designs anbieten, die auf den Vorlieben Ihrer Kunden basieren. Das macht jeden Pullover zu einem Unikat, das perfekt auf die Bed\u00fcrfnisse von Haustieren und Haustierbesitzern zugeschnitten ist und die Attraktivit\u00e4t und Wettbewerbsf\u00e4higkeit des Produkts steigert.<\/p>\n<\/div>\n<\/div>\n<\/div>\n<div style=\"max-width: 800px; margin: auto; padding: 20px;\">\n<p><!-- \u5de6\u56fe\u53f3\u6587 --><\/p>\n<div style=\"display: flex; align-items: center; gap: 20px; margin-bottom: 40px; flex-wrap: wrap;\">\n<p><img loading=\"lazy\" decoding=\"async\" class=\"alignnone wp-image-159\" src=\"https:\/\/gray-bee-883835.hostingersite.com\/wp-content\/uploads\/2025\/04\/111-300x240.jpg\" alt=\"\" width=\"370\" height=\"296\" srcset=\"https:\/\/www.deopaws.com\/wp-content\/uploads\/2025\/04\/111-300x240.jpg 300w, https:\/\/www.deopaws.com\/wp-content\/uploads\/2025\/04\/111-600x480.jpg 600w, https:\/\/www.deopaws.com\/wp-content\/uploads\/2025\/04\/111.jpg 750w\" sizes=\"auto, (max-width: 370px) 100vw, 370px\" \/><\/p>\n<div style=\"flex: 1; min-width: 0;\">\n<p style=\"color: gray;\">Diese Hundet\u00fccher gibt es in einer breiten Palette von Farben, die zu den verschiedenen Pers\u00f6nlichkeiten der Tiere passen. Ob warme Rott\u00f6ne, leuchtende Blaut\u00f6ne, sanfte Rosat\u00f6ne oder klassische Schwarz- und Wei\u00dft\u00f6ne - Sie k\u00f6nnen je nach den Vorlieben Ihres Tieres oder Ihrer Kunden w\u00e4hlen. Jede Farbe wurde sorgf\u00e4ltig entworfen, um sicherzustellen, dass sie sowohl stilvoll als auch f\u00fcr verschiedene Anl\u00e4sse geeignet ist und sowohl Komfort als auch Charme f\u00fcr jeden kleinen Hund bietet.<\/p>\n<\/div>\n<\/div>\n<p><!-- \u53f3\u56fe\u5de6\u6587 --><\/p>\n<div style=\"display: flex; flex-direction: row-reverse; align-items: center; gap: 20px; flex-wrap: wrap;\">\n<p><img loading=\"lazy\" decoding=\"async\" class=\"alignnone wp-image-160\" src=\"https:\/\/gray-bee-883835.hostingersite.com\/wp-content\/uploads\/2025\/04\/112-300x240.jpg\" alt=\"\" width=\"370\" height=\"296\" srcset=\"https:\/\/www.deopaws.com\/wp-content\/uploads\/2025\/04\/112-300x240.jpg 300w, https:\/\/www.deopaws.com\/wp-content\/uploads\/2025\/04\/112-600x480.jpg 600w, https:\/\/www.deopaws.com\/wp-content\/uploads\/2025\/04\/112.jpg 750w\" sizes=\"auto, (max-width: 370px) 100vw, 370px\" \/><\/p>\n<div style=\"flex: 1; min-width: 0;\">\n<p style=\"color: gray;\">Vollst\u00e4ndig anpassbar<\/p>\n<\/div>\n<\/div>\n<\/div>\n<div style=\"max-width: 800px; margin: auto; padding: 20px;\">\n<p><!-- \u5de6\u56fe\u53f3\u6587 --><\/p>\n<div style=\"display: flex; align-items: center; gap: 20px; margin-bottom: 40px; flex-wrap: wrap;\">\n<p><img loading=\"lazy\" decoding=\"async\" class=\"alignnone wp-image-161\" src=\"https:\/\/gray-bee-883835.hostingersite.com\/wp-content\/uploads\/2025\/04\/113-300x240.jpg\" alt=\"\" width=\"370\" height=\"296\" srcset=\"https:\/\/www.deopaws.com\/wp-content\/uploads\/2025\/04\/113-300x240.jpg 300w, https:\/\/www.deopaws.com\/wp-content\/uploads\/2025\/04\/113-600x480.jpg 600w, https:\/\/www.deopaws.com\/wp-content\/uploads\/2025\/04\/113.jpg 750w\" sizes=\"auto, (max-width: 370px) 100vw, 370px\" \/><\/p>\n<div style=\"flex: 1; min-width: 0;\">\n<p style=\"color: gray;\">\u00a0Sie ist aus hochwertigem Polarfleece gefertigt und bietet ein weiches Tragegef\u00fchl und eine hervorragende Isolierung f\u00fcr k\u00fchle Tage.<\/p>\n<\/div>\n<\/div>\n<p><!-- \u53f3\u56fe\u5de6\u6587 --><\/p>\n<div style=\"display: flex; flex-direction: row-reverse; align-items: center; gap: 20px; flex-wrap: wrap;\">\n<p><img loading=\"lazy\" decoding=\"async\" class=\"alignnone wp-image-157\" src=\"https:\/\/gray-bee-883835.hostingersite.com\/wp-content\/uploads\/2025\/04\/11212-300x240.jpg\" alt=\"\" width=\"370\" height=\"296\" srcset=\"https:\/\/www.deopaws.com\/wp-content\/uploads\/2025\/04\/11212-300x240.jpg 300w, https:\/\/www.deopaws.com\/wp-content\/uploads\/2025\/04\/11212-600x480.jpg 600w, https:\/\/www.deopaws.com\/wp-content\/uploads\/2025\/04\/11212.jpg 750w\" sizes=\"auto, (max-width: 370px) 100vw, 370px\" \/><\/p>\n<div style=\"flex: 1; min-width: 0;\">\n<p style=\"color: gray;\">Sie k\u00f6nnen die T\u00fccher mit Ihrem eigenen Logo versehen, um sie zu einem gro\u00dfartigen Werbeartikel f\u00fcr Ihr Unternehmen zu machen. Der Pullover kommt auch mit einem praktischen OPP-Tasche f\u00fcr einfache Lagerung und Transport.<\/p>\n<\/div>\n<\/div>\n<\/div>\n<h3>Werksanzeige<\/h3>\n<p>&nbsp;<\/p>\n<div class=\"row\">\n<div class=\"col-lg-4\"><img loading=\"lazy\" decoding=\"async\" class=\"alignnone size-medium wp-image-142\" src=\"https:\/\/gray-bee-883835.hostingersite.com\/wp-content\/uploads\/2025\/04\/Small-pet-raincoat-3_-300x225.jpg\" alt=\"\" width=\"300\" height=\"225\" srcset=\"https:\/\/www.deopaws.com\/wp-content\/uploads\/2025\/04\/Small-pet-raincoat-3_-300x225.jpg 300w, https:\/\/www.deopaws.com\/wp-content\/uploads\/2025\/04\/Small-pet-raincoat-3_-600x450.jpg 600w, https:\/\/www.deopaws.com\/wp-content\/uploads\/2025\/04\/Small-pet-raincoat-3_-768x576.jpg 768w, https:\/\/www.deopaws.com\/wp-content\/uploads\/2025\/04\/Small-pet-raincoat-3_.jpg 800w\" sizes=\"auto, (max-width: 300px) 100vw, 300px\" \/><\/div>\n<div class=\"col-lg-4\"><img loading=\"lazy\" decoding=\"async\" class=\"alignnone size-medium wp-image-138\" src=\"https:\/\/gray-bee-883835.hostingersite.com\/wp-content\/uploads\/2025\/04\/Small-pet-raincoat-2-2-300x225.jpg\" alt=\"\" width=\"300\" height=\"225\" srcset=\"https:\/\/www.deopaws.com\/wp-content\/uploads\/2025\/04\/Small-pet-raincoat-2-2-300x225.jpg 300w, https:\/\/www.deopaws.com\/wp-content\/uploads\/2025\/04\/Small-pet-raincoat-2-2-600x450.jpg 600w, https:\/\/www.deopaws.com\/wp-content\/uploads\/2025\/04\/Small-pet-raincoat-2-2-768x576.jpg 768w, https:\/\/www.deopaws.com\/wp-content\/uploads\/2025\/04\/Small-pet-raincoat-2-2.jpg 800w\" sizes=\"auto, (max-width: 300px) 100vw, 300px\" \/><\/div>\n<div class=\"col-lg-4\"><img loading=\"lazy\" decoding=\"async\" class=\"alignnone size-medium wp-image-139\" src=\"https:\/\/gray-bee-883835.hostingersite.com\/wp-content\/uploads\/2025\/04\/Small-pet-raincoat-3-2-300x225.jpg\" alt=\"\" width=\"300\" height=\"225\" srcset=\"https:\/\/www.deopaws.com\/wp-content\/uploads\/2025\/04\/Small-pet-raincoat-3-2-300x225.jpg 300w, https:\/\/www.deopaws.com\/wp-content\/uploads\/2025\/04\/Small-pet-raincoat-3-2-600x450.jpg 600w, https:\/\/www.deopaws.com\/wp-content\/uploads\/2025\/04\/Small-pet-raincoat-3-2-768x576.jpg 768w, https:\/\/www.deopaws.com\/wp-content\/uploads\/2025\/04\/Small-pet-raincoat-3-2.jpg 800w\" sizes=\"auto, (max-width: 300px) 100vw, 300px\" \/><\/div>\n<p>&nbsp;<\/p>\n<div>\n<div class=\"row\">\n<div class=\"col-lg-4\"><img loading=\"lazy\" decoding=\"async\" class=\"alignnone size-medium wp-image-141\" src=\"https:\/\/gray-bee-883835.hostingersite.com\/wp-content\/uploads\/2025\/04\/Small-pet-raincoat-2_-300x225.jpg\" alt=\"\" width=\"300\" height=\"225\" srcset=\"https:\/\/www.deopaws.com\/wp-content\/uploads\/2025\/04\/Small-pet-raincoat-2_-300x225.jpg 300w, https:\/\/www.deopaws.com\/wp-content\/uploads\/2025\/04\/Small-pet-raincoat-2_-600x450.jpg 600w, https:\/\/www.deopaws.com\/wp-content\/uploads\/2025\/04\/Small-pet-raincoat-2_-768x576.jpg 768w, https:\/\/www.deopaws.com\/wp-content\/uploads\/2025\/04\/Small-pet-raincoat-2_.jpg 800w\" sizes=\"auto, (max-width: 300px) 100vw, 300px\" \/><\/div>\n<div class=\"col-lg-4\"><img loading=\"lazy\" decoding=\"async\" class=\"alignnone size-full wp-image-1656\" src=\"https:\/\/www.deopaws.com\/wp-content\/uploads\/2025\/05\/fact-1_\u526f\u672c.jpg\" alt=\"\" width=\"300\" height=\"225\" \/><\/div>\n<div class=\"col-lg-4\"><img loading=\"lazy\" decoding=\"async\" class=\"alignnone size-medium wp-image-137\" src=\"https:\/\/gray-bee-883835.hostingersite.com\/wp-content\/uploads\/2025\/04\/Small-pet-raincoat-1-2-300x225.jpg\" alt=\"\" width=\"300\" height=\"225\" srcset=\"https:\/\/www.deopaws.com\/wp-content\/uploads\/2025\/04\/Small-pet-raincoat-1-2-300x225.jpg 300w, https:\/\/www.deopaws.com\/wp-content\/uploads\/2025\/04\/Small-pet-raincoat-1-2-600x450.jpg 600w, https:\/\/www.deopaws.com\/wp-content\/uploads\/2025\/04\/Small-pet-raincoat-1-2-768x576.jpg 768w, https:\/\/www.deopaws.com\/wp-content\/uploads\/2025\/04\/Small-pet-raincoat-1-2.jpg 800w\" sizes=\"auto, (max-width: 300px) 100vw, 300px\" \/><\/div>\n<div><\/div>\n<\/div>\n<\/div>\n<\/div>","protected":false},"excerpt":{"rendered":"<p>Halten Sie Ihren Hund im Herbst und Winter warm und stilvoll mit dieser klassischen, umweltfreundlichen Hundejacke aus Polyester. Diese wasserdichte Hundejacke ist in den Gr\u00f6\u00dfen S-3XL erh\u00e4ltlich und bietet eine perfekte Passform und zuverl\u00e4ssigen Wetterschutz.<\/p>","protected":false},"featured_media":252,"comment_status":"open","ping_status":"closed","template":"","meta":{"_acf_changed":false},"product_brand":[],"product_cat":[15,17,39,16,25],"product_tag":[],"class_list":{"0":"post-245","1":"product","2":"type-product","3":"status-publish","4":"has-post-thumbnail","6":"product_cat-products","7":"product_cat-cat-supplies","8":"product_cat-cat-apparel-accessories","9":"product_cat-dog-supplies","10":"product_cat-dog-apparel-accessories","12":"first","13":"instock","14":"shipping-taxable","15":"product-type-simple"},"acf":[],"_links":{"self":[{"href":"https:\/\/www.deopaws.com\/de\/wp-json\/wp\/v2\/product\/245","targetHints":{"allow":["GET"]}}],"collection":[{"href":"https:\/\/www.deopaws.com\/de\/wp-json\/wp\/v2\/product"}],"about":[{"href":"https:\/\/www.deopaws.com\/de\/wp-json\/wp\/v2\/types\/product"}],"replies":[{"embeddable":true,"href":"https:\/\/www.deopaws.com\/de\/wp-json\/wp\/v2\/comments?post=245"}],"wp:featuredmedia":[{"embeddable":true,"href":"https:\/\/www.deopaws.com\/de\/wp-json\/wp\/v2\/media\/252"}],"wp:attachment":[{"href":"https:\/\/www.deopaws.com\/de\/wp-json\/wp\/v2\/media?parent=245"}],"wp:term":[{"taxonomy":"product_brand","embeddable":true,"href":"https:\/\/www.deopaws.com\/de\/wp-json\/wp\/v2\/product_brand?post=245"},{"taxonomy":"product_cat","embeddable":true,"href":"https:\/\/www.deopaws.com\/de\/wp-json\/wp\/v2\/product_cat?post=245"},{"taxonomy":"product_tag","embeddable":true,"href":"https:\/\/www.deopaws.com\/de\/wp-json\/wp\/v2\/product_tag?post=245"}],"curies":[{"name":"wp","href":"https:\/\/api.w.org\/{rel}","templated":true}]}}