{"id":2367,"date":"2025-08-14T15:12:30","date_gmt":"2025-08-14T07:12:30","guid":{"rendered":"https:\/\/www.deopaws.com\/?post_type=product&#038;p=2367"},"modified":"2025-08-14T15:12:46","modified_gmt":"2025-08-14T07:12:46","slug":"cat-carrier-harness","status":"publish","type":"product","link":"https:\/\/www.deopaws.com\/de\/produkt\/cat-carrier-harness\/","title":{"rendered":"Katzentragegeschirr - leicht, taktische Weste, verstellbar und ausbruchsicher"},"content":{"rendered":"<h2 data-start=\"77\" data-end=\"192\">Katzentransportgeschirr \uff1a<\/h2>\n<p>&nbsp;<\/p>\n<p data-start=\"65\" data-end=\"153\"><strong data-start=\"65\" data-end=\"99\">\u25cf D\u00fcnnes und leichtes taktisches Design<\/strong> - Bequem f\u00fcr Katzen ohne zus\u00e4tzliches Gewicht.<\/p>\n<p data-start=\"157\" data-end=\"243\"><strong data-start=\"157\" data-end=\"176\">\u25cf Atmungsaktives Mesh<\/strong> - Sorgt daf\u00fcr, dass Haustiere k\u00fchl und bequem bleiben, und verhindert so Verstopfung.<\/p>\n<p data-start=\"247\" data-end=\"340\"><strong data-start=\"247\" data-end=\"265\">\u25cf Einstellbare Passform<\/strong> - Passt problemlos Katzen unterschiedlicher Gr\u00f6\u00dfe mit sicherem Klettverschluss.<\/p>\n<p data-start=\"344\" data-end=\"425\"><strong data-start=\"344\" data-end=\"363\">\u25cf Sicherheitsmerkmale<\/strong> - Zwei gro\u00dfe Sicherheitsschl\u00f6sser und eine sichere Konstruktion verhindern ein Entweichen.<\/p>\n<p data-start=\"429\" data-end=\"527\"><strong data-start=\"429\" data-end=\"450\">\u25cf Reflektierendes Design<\/strong> - Die umlaufenden reflektierenden Elemente sorgen f\u00fcr gute Sichtbarkeit bei Nachtwanderungen.<\/p>\n<p>&nbsp;<\/p>\n<p>&nbsp;<\/p>\n<div style=\"max-width: 800px; margin: auto; padding: 20px;\">\n<p><!-- \u5de6\u56fe\u53f3\u6587 --><\/p>\n<div style=\"display: flex; align-items: center; gap: 20px; margin-bottom: 40px; flex-wrap: wrap;\">\n<p><img loading=\"lazy\" decoding=\"async\" class=\"alignnone wp-image-2368\" src=\"https:\/\/www.deopaws.com\/wp-content\/uploads\/2025\/08\/cat-carrier-harness-1-300x240.jpg\" alt=\"cat carrier harness\" width=\"370\" height=\"296\" srcset=\"https:\/\/www.deopaws.com\/wp-content\/uploads\/2025\/08\/cat-carrier-harness-1-300x240.jpg 300w, https:\/\/www.deopaws.com\/wp-content\/uploads\/2025\/08\/cat-carrier-harness-1-600x480.jpg 600w, https:\/\/www.deopaws.com\/wp-content\/uploads\/2025\/08\/cat-carrier-harness-1.jpg 750w\" sizes=\"auto, (max-width: 370px) 100vw, 370px\" \/><\/p>\n<div style=\"flex: 1; min-width: 0;\">\n<p style=\"color: gray;\">Gr\u00f6\u00dfenverstellbar - Leicht verstellbar f\u00fcr eine bequeme, passgenaue Passform, damit Haustiere bei Spazierg\u00e4ngen oder auf Reisen sicher und gem\u00fctlich bleiben.<\/p>\n<\/div>\n<\/div>\n<p><!-- \u53f3\u56fe\u5de6\u6587 --><\/p>\n<div style=\"display: flex; flex-direction: row-reverse; align-items: center; gap: 20px; flex-wrap: wrap;\">\n<p><img loading=\"lazy\" decoding=\"async\" class=\"alignnone wp-image-2369\" src=\"https:\/\/www.deopaws.com\/wp-content\/uploads\/2025\/08\/cat-carrier-harness-2-300x240.jpg\" alt=\"cat carrier harness\" width=\"370\" height=\"296\" srcset=\"https:\/\/www.deopaws.com\/wp-content\/uploads\/2025\/08\/cat-carrier-harness-2-300x240.jpg 300w, https:\/\/www.deopaws.com\/wp-content\/uploads\/2025\/08\/cat-carrier-harness-2-600x480.jpg 600w, https:\/\/www.deopaws.com\/wp-content\/uploads\/2025\/08\/cat-carrier-harness-2.jpg 750w\" sizes=\"auto, (max-width: 370px) 100vw, 370px\" \/><\/p>\n<div style=\"flex: 1; min-width: 0;\">\n<p style=\"color: gray;\">Bequemer H\u00e4ndedruck - In Sekundenschnelle zugreifen und loslegen, so dass Spazierg\u00e4nge schnell, einfach und bequem sind.<\/p>\n<\/div>\n<\/div>\n<\/div>\n<div style=\"max-width: 800px; margin: auto; padding: 20px;\">\n<p><!-- \u5de6\u56fe\u53f3\u6587 --><\/p>\n<div style=\"display: flex; align-items: center; gap: 20px; margin-bottom: 40px; flex-wrap: wrap;\">\n<p><img loading=\"lazy\" decoding=\"async\" class=\"alignnone wp-image-2370\" src=\"https:\/\/www.deopaws.com\/wp-content\/uploads\/2025\/08\/cat-carrier-harness-3-300x240.jpg\" alt=\"cat carrier harness\" width=\"370\" height=\"296\" srcset=\"https:\/\/www.deopaws.com\/wp-content\/uploads\/2025\/08\/cat-carrier-harness-3-300x240.jpg 300w, https:\/\/www.deopaws.com\/wp-content\/uploads\/2025\/08\/cat-carrier-harness-3-600x480.jpg 600w, https:\/\/www.deopaws.com\/wp-content\/uploads\/2025\/08\/cat-carrier-harness-3.jpg 750w\" sizes=\"auto, (max-width: 370px) 100vw, 370px\" \/><\/p>\n<div style=\"flex: 1; min-width: 0;\">\n<p data-start=\"56\" data-end=\"422\">Atmungsaktives Mesh - H\u00e4lt Haustiere bequem, ohne sie zu verstopfen und ohne sie zu belasten.<\/p>\n<\/div>\n<\/div>\n<p><!-- \u53f3\u56fe\u5de6\u6587 --><\/p>\n<div style=\"display: flex; flex-direction: row-reverse; align-items: center; gap: 20px; flex-wrap: wrap;\">\n<p><img loading=\"lazy\" decoding=\"async\" class=\"alignnone wp-image-2371\" src=\"https:\/\/www.deopaws.com\/wp-content\/uploads\/2025\/08\/cat-carrier-harness-4-300x240.jpg\" alt=\"cat carrier harness\" width=\"370\" height=\"296\" srcset=\"https:\/\/www.deopaws.com\/wp-content\/uploads\/2025\/08\/cat-carrier-harness-4-300x240.jpg 300w, https:\/\/www.deopaws.com\/wp-content\/uploads\/2025\/08\/cat-carrier-harness-4-600x480.jpg 600w, https:\/\/www.deopaws.com\/wp-content\/uploads\/2025\/08\/cat-carrier-harness-4.jpg 750w\" sizes=\"auto, (max-width: 370px) 100vw, 370px\" \/><\/p>\n<div style=\"flex: 1; min-width: 0;\">\n<p style=\"color: gray;\">Zwei wichtige Sicherheitsmerkmale - Garantiert Sicherheit f\u00fcr Ihr Haustier bei Spazierg\u00e4ngen.<\/p>\n<\/div>\n<\/div>\n<\/div>\n<div style=\"max-width: 800px; margin: auto; padding: 20px;\">\n<p><!-- \u5de6\u56fe\u53f3\u6587 --><\/p>\n<div style=\"display: flex; align-items: center; gap: 20px; margin-bottom: 40px; flex-wrap: wrap;\">\n<p><img loading=\"lazy\" decoding=\"async\" class=\"alignnone wp-image-2372\" src=\"https:\/\/www.deopaws.com\/wp-content\/uploads\/2025\/08\/cat-carrier-harness-5-300x240.jpg\" alt=\"cat carrier harness\" width=\"370\" height=\"296\" srcset=\"https:\/\/www.deopaws.com\/wp-content\/uploads\/2025\/08\/cat-carrier-harness-5-300x240.jpg 300w, https:\/\/www.deopaws.com\/wp-content\/uploads\/2025\/08\/cat-carrier-harness-5-600x480.jpg 600w, https:\/\/www.deopaws.com\/wp-content\/uploads\/2025\/08\/cat-carrier-harness-5.jpg 750w\" sizes=\"auto, (max-width: 370px) 100vw, 370px\" \/><\/p>\n<div style=\"flex: 1; min-width: 0;\">\n<p data-start=\"27\" data-end=\"106\">Reflektierendes Design - Bietet hohe Sichtbarkeit in der Nacht, damit Haustiere bei abendlichen Spazierg\u00e4ngen sicher sind.<\/p>\n<\/div>\n<\/div>\n<\/div>\n<div style=\"max-width: 800px; margin: auto; padding: 20px;\">\n<div style=\"display: flex; flex-direction: row-reverse; align-items: center; gap: 20px; flex-wrap: wrap;\">\n<p><img loading=\"lazy\" decoding=\"async\" class=\"alignnone wp-image-2374\" src=\"https:\/\/www.deopaws.com\/wp-content\/uploads\/2025\/08\/cat-carrier-harness-7-300x300.jpg\" alt=\"cat carrier harness\" width=\"370\" height=\"370\" srcset=\"https:\/\/www.deopaws.com\/wp-content\/uploads\/2025\/08\/cat-carrier-harness-7-300x300.jpg 300w, https:\/\/www.deopaws.com\/wp-content\/uploads\/2025\/08\/cat-carrier-harness-7-150x150.jpg 150w, https:\/\/www.deopaws.com\/wp-content\/uploads\/2025\/08\/cat-carrier-harness-7-600x600.jpg 600w, https:\/\/www.deopaws.com\/wp-content\/uploads\/2025\/08\/cat-carrier-harness-7-100x100.jpg 100w, https:\/\/www.deopaws.com\/wp-content\/uploads\/2025\/08\/cat-carrier-harness-7.jpg 750w\" sizes=\"auto, (max-width: 370px) 100vw, 370px\" \/><\/p>\n<div style=\"flex: 1; min-width: 0;\">\n<p style=\"color: gray;\">D\u00fcnnes und leichtes Design - Taktisches Brustgeschirr, das f\u00fcr Katzen bequem ist, ohne zus\u00e4tzliches Gewicht.<\/p>\n<\/div>\n<\/div>\n<\/div>\n<div style=\"max-width: 800px; margin: auto; padding: 20px;\">\n<p><!-- \u5de6\u56fe\u53f3\u6587 --><\/p>\n<div style=\"display: flex; align-items: center; gap: 20px; margin-bottom: 40px; flex-wrap: wrap;\">\n<p><img loading=\"lazy\" decoding=\"async\" class=\"alignnone wp-image-2375\" src=\"https:\/\/www.deopaws.com\/wp-content\/uploads\/2025\/08\/cat-carrier-harness-8-300x300.jpg\" alt=\"cat carrier harness\" width=\"370\" height=\"370\" srcset=\"https:\/\/www.deopaws.com\/wp-content\/uploads\/2025\/08\/cat-carrier-harness-8-300x300.jpg 300w, https:\/\/www.deopaws.com\/wp-content\/uploads\/2025\/08\/cat-carrier-harness-8-150x150.jpg 150w, https:\/\/www.deopaws.com\/wp-content\/uploads\/2025\/08\/cat-carrier-harness-8-600x600.jpg 600w, https:\/\/www.deopaws.com\/wp-content\/uploads\/2025\/08\/cat-carrier-harness-8-100x100.jpg 100w, https:\/\/www.deopaws.com\/wp-content\/uploads\/2025\/08\/cat-carrier-harness-8.jpg 750w\" sizes=\"auto, (max-width: 370px) 100vw, 370px\" \/><\/p>\n<div style=\"flex: 1; min-width: 0;\">\n<p style=\"color: gray;\">Gratdesign-Klettverschluss - Bietet sicheren Halt und einfache Anpassung f\u00fcr einen passgenauen Sitz.<\/p>\n<\/div>\n<\/div>\n<\/div>\n<div style=\"max-width: 800px; margin: auto; padding: 20px;\">\n<div style=\"display: flex; flex-direction: row-reverse; align-items: center; gap: 20px; flex-wrap: wrap;\">\n<p><img loading=\"lazy\" decoding=\"async\" class=\"alignnone wp-image-2373\" src=\"https:\/\/www.deopaws.com\/wp-content\/uploads\/2025\/08\/cat-carrier-harness-6-200x300.jpg\" alt=\"cat carrier harness\" width=\"270\" height=\"405\" srcset=\"https:\/\/www.deopaws.com\/wp-content\/uploads\/2025\/08\/cat-carrier-harness-6-200x300.jpg 200w, https:\/\/www.deopaws.com\/wp-content\/uploads\/2025\/08\/cat-carrier-harness-6-683x1024.jpg 683w, https:\/\/www.deopaws.com\/wp-content\/uploads\/2025\/08\/cat-carrier-harness-6-600x900.jpg 600w, https:\/\/www.deopaws.com\/wp-content\/uploads\/2025\/08\/cat-carrier-harness-6.jpg 750w\" sizes=\"auto, (max-width: 270px) 100vw, 270px\" \/><\/p>\n<div style=\"flex: 1; min-width: 0;\">\n<p style=\"color: gray;\">\u00dcbersichtliche Gr\u00f6\u00dfentabelle - Hilft den K\u00e4ufern bei der Auswahl der richtigen Gr\u00f6\u00dfe f\u00fcr ihre Katzen und gew\u00e4hrleistet Komfort und Sicherheit.<\/p>\n<\/div>\n<\/div>\n<\/div>\n<h3>Werksanzeige<\/h3>\n<p>&nbsp;<\/p>\n<div class=\"row\">\n<div class=\"col-lg-4\"><img loading=\"lazy\" decoding=\"async\" class=\"alignnone size-medium wp-image-142\" src=\"https:\/\/gray-bee-883835.hostingersite.com\/wp-content\/uploads\/2025\/04\/Small-pet-raincoat-3_-300x225.jpg\" alt=\"\" width=\"300\" height=\"225\" srcset=\"https:\/\/www.deopaws.com\/wp-content\/uploads\/2025\/04\/Small-pet-raincoat-3_-300x225.jpg 300w, https:\/\/www.deopaws.com\/wp-content\/uploads\/2025\/04\/Small-pet-raincoat-3_-600x450.jpg 600w, https:\/\/www.deopaws.com\/wp-content\/uploads\/2025\/04\/Small-pet-raincoat-3_-768x576.jpg 768w, https:\/\/www.deopaws.com\/wp-content\/uploads\/2025\/04\/Small-pet-raincoat-3_.jpg 800w\" sizes=\"auto, (max-width: 300px) 100vw, 300px\" \/><\/div>\n<div class=\"col-lg-4\"><img loading=\"lazy\" decoding=\"async\" class=\"alignnone size-medium wp-image-138\" src=\"https:\/\/gray-bee-883835.hostingersite.com\/wp-content\/uploads\/2025\/04\/Small-pet-raincoat-2-2-300x225.jpg\" alt=\"\" width=\"300\" height=\"225\" srcset=\"https:\/\/www.deopaws.com\/wp-content\/uploads\/2025\/04\/Small-pet-raincoat-2-2-300x225.jpg 300w, https:\/\/www.deopaws.com\/wp-content\/uploads\/2025\/04\/Small-pet-raincoat-2-2-600x450.jpg 600w, https:\/\/www.deopaws.com\/wp-content\/uploads\/2025\/04\/Small-pet-raincoat-2-2-768x576.jpg 768w, https:\/\/www.deopaws.com\/wp-content\/uploads\/2025\/04\/Small-pet-raincoat-2-2.jpg 800w\" sizes=\"auto, (max-width: 300px) 100vw, 300px\" \/><\/div>\n<div class=\"col-lg-4\"><img loading=\"lazy\" decoding=\"async\" class=\"alignnone size-medium wp-image-139\" src=\"https:\/\/gray-bee-883835.hostingersite.com\/wp-content\/uploads\/2025\/04\/Small-pet-raincoat-3-2-300x225.jpg\" alt=\"\" width=\"300\" height=\"225\" srcset=\"https:\/\/www.deopaws.com\/wp-content\/uploads\/2025\/04\/Small-pet-raincoat-3-2-300x225.jpg 300w, https:\/\/www.deopaws.com\/wp-content\/uploads\/2025\/04\/Small-pet-raincoat-3-2-600x450.jpg 600w, https:\/\/www.deopaws.com\/wp-content\/uploads\/2025\/04\/Small-pet-raincoat-3-2-768x576.jpg 768w, https:\/\/www.deopaws.com\/wp-content\/uploads\/2025\/04\/Small-pet-raincoat-3-2.jpg 800w\" sizes=\"auto, (max-width: 300px) 100vw, 300px\" \/><\/div>\n<p>&nbsp;<\/p>\n<div>\n<div class=\"row\">\n<div class=\"col-lg-4\"><img loading=\"lazy\" decoding=\"async\" class=\"alignnone size-medium wp-image-141\" src=\"https:\/\/gray-bee-883835.hostingersite.com\/wp-content\/uploads\/2025\/04\/Small-pet-raincoat-2_-300x225.jpg\" alt=\"\" width=\"300\" height=\"225\" srcset=\"https:\/\/www.deopaws.com\/wp-content\/uploads\/2025\/04\/Small-pet-raincoat-2_-300x225.jpg 300w, https:\/\/www.deopaws.com\/wp-content\/uploads\/2025\/04\/Small-pet-raincoat-2_-600x450.jpg 600w, https:\/\/www.deopaws.com\/wp-content\/uploads\/2025\/04\/Small-pet-raincoat-2_-768x576.jpg 768w, https:\/\/www.deopaws.com\/wp-content\/uploads\/2025\/04\/Small-pet-raincoat-2_.jpg 800w\" sizes=\"auto, (max-width: 300px) 100vw, 300px\" \/><\/div>\n<div class=\"col-lg-4\"><img loading=\"lazy\" decoding=\"async\" class=\"alignnone size-full wp-image-1656\" src=\"https:\/\/www.deopaws.com\/wp-content\/uploads\/2025\/05\/fact-1_\u526f\u672c.jpg\" alt=\"\" width=\"300\" height=\"225\" \/><\/div>\n<div class=\"col-lg-4\"><img loading=\"lazy\" decoding=\"async\" class=\"alignnone size-medium wp-image-137\" src=\"https:\/\/gray-bee-883835.hostingersite.com\/wp-content\/uploads\/2025\/04\/Small-pet-raincoat-1-2-300x225.jpg\" alt=\"\" width=\"300\" height=\"225\" srcset=\"https:\/\/www.deopaws.com\/wp-content\/uploads\/2025\/04\/Small-pet-raincoat-1-2-300x225.jpg 300w, https:\/\/www.deopaws.com\/wp-content\/uploads\/2025\/04\/Small-pet-raincoat-1-2-600x450.jpg 600w, https:\/\/www.deopaws.com\/wp-content\/uploads\/2025\/04\/Small-pet-raincoat-1-2-768x576.jpg 768w, https:\/\/www.deopaws.com\/wp-content\/uploads\/2025\/04\/Small-pet-raincoat-1-2.jpg 800w\" sizes=\"auto, (max-width: 300px) 100vw, 300px\" \/><\/div>\n<div><\/div>\n<\/div>\n<\/div>\n<\/div>","protected":false},"excerpt":{"rendered":"<p>D\u00fcnnes und leichtes Katzentransportgeschirr mit atmungsaktivem Netz, verstellbaren Riemen und sicherem Verschluss. Mit Sicherheitsverschl\u00fcssen und reflektierendem Design f\u00fcr komfortable, sichtbare und sichere Spazierg\u00e4nge im Freien. Ideal f\u00fcr Reisen und die Versorgung mit gr\u00f6\u00dferen Mengen.<\/p>","protected":false},"featured_media":2376,"comment_status":"closed","ping_status":"closed","template":"","meta":{"_acf_changed":false},"product_brand":[],"product_cat":[15,17,33],"product_tag":[],"class_list":{"0":"post-2367","1":"product","2":"type-product","3":"status-publish","4":"has-post-thumbnail","6":"product_cat-products","7":"product_cat-cat-supplies","8":"product_cat-cat-collarsleashes-harnesses","10":"first","11":"instock","12":"shipping-taxable","13":"product-type-simple"},"acf":[],"_links":{"self":[{"href":"https:\/\/www.deopaws.com\/de\/wp-json\/wp\/v2\/product\/2367","targetHints":{"allow":["GET"]}}],"collection":[{"href":"https:\/\/www.deopaws.com\/de\/wp-json\/wp\/v2\/product"}],"about":[{"href":"https:\/\/www.deopaws.com\/de\/wp-json\/wp\/v2\/types\/product"}],"replies":[{"embeddable":true,"href":"https:\/\/www.deopaws.com\/de\/wp-json\/wp\/v2\/comments?post=2367"}],"wp:featuredmedia":[{"embeddable":true,"href":"https:\/\/www.deopaws.com\/de\/wp-json\/wp\/v2\/media\/2376"}],"wp:attachment":[{"href":"https:\/\/www.deopaws.com\/de\/wp-json\/wp\/v2\/media?parent=2367"}],"wp:term":[{"taxonomy":"product_brand","embeddable":true,"href":"https:\/\/www.deopaws.com\/de\/wp-json\/wp\/v2\/product_brand?post=2367"},{"taxonomy":"product_cat","embeddable":true,"href":"https:\/\/www.deopaws.com\/de\/wp-json\/wp\/v2\/product_cat?post=2367"},{"taxonomy":"product_tag","embeddable":true,"href":"https:\/\/www.deopaws.com\/de\/wp-json\/wp\/v2\/product_tag?post=2367"}],"curies":[{"name":"wp","href":"https:\/\/api.w.org\/{rel}","templated":true}]}}