{"id":2300,"date":"2025-08-14T13:44:23","date_gmt":"2025-08-14T05:44:23","guid":{"rendered":"https:\/\/www.deopaws.com\/?post_type=product&#038;p=2300"},"modified":"2025-08-14T13:44:33","modified_gmt":"2025-08-14T05:44:33","slug":"led-retractable-dog-leashes","status":"publish","type":"product","link":"https:\/\/www.deopaws.com\/de\/produkt\/led-retractable-dog-leashes\/","title":{"rendered":"LED-Hundeleinen mit Aufrollmechanismus - Direktlieferung ab Werk, OEM &amp; Gro\u00dfbestellungen f\u00fcr kleine und mittlere Hunde"},"content":{"rendered":"<h2 data-start=\"77\" data-end=\"192\">LED Einziehbare Hundeleinen \uff1a<\/h2>\n<p>&nbsp;<\/p>\n<p data-start=\"49\" data-end=\"152\"><strong data-start=\"49\" data-end=\"79\">\u25cf Doppelseitige RGB-Lichtringe<\/strong> - Automatische Atem\u00fcberg\u00e4nge erzeugen einen stilvollen und sichtbaren Effekt.<\/p>\n<p data-start=\"156\" data-end=\"239\"><strong data-start=\"156\" data-end=\"184\">\u25cf 6-farbige funkelnde Lichter<\/strong> - Sorgt f\u00fcr Spa\u00df und Sicherheit bei Nachtwanderungen und Reisen.<\/p>\n<p data-start=\"243\" data-end=\"356\"><strong data-start=\"243\" data-end=\"275\">\u25cf Hohe Helligkeit der Beleuchtung<\/strong> - 100m Lampenhelligkeit mit 5m Beleuchtungsabstand f\u00fcr hervorragende Sichtbarkeit.<\/p>\n<p data-start=\"360\" data-end=\"463\"><strong data-start=\"360\" data-end=\"396\">\u25cf Spotlighting LED-Einbauleuchten<\/strong> - Die Beleuchtung mit gr\u00f6\u00dferer Reichweite erh\u00f6ht die Sicherheit bei schlechten Lichtverh\u00e4ltnissen.<\/p>\n<p data-start=\"467\" data-end=\"593\"><strong data-start=\"467\" data-end=\"497\">\u25cf Langlebiges versenkbares Design<\/strong> - Einfache Einhand-Bedienung, geeignet f\u00fcr kleine und mittelgro\u00dfe Hunde, ideal f\u00fcr OEM und Gro\u00dflieferungen.<\/p>\n<p>&nbsp;<\/p>\n<p>&nbsp;<\/p>\n<div style=\"max-width: 800px; margin: auto; padding: 20px;\">\n<p><!-- \u5de6\u56fe\u53f3\u6587 --><\/p>\n<div style=\"display: flex; align-items: center; gap: 20px; margin-bottom: 40px; flex-wrap: wrap;\">\n<p><img loading=\"lazy\" decoding=\"async\" class=\"alignnone wp-image-2305\" src=\"https:\/\/www.deopaws.com\/wp-content\/uploads\/2025\/08\/retractable-dog-leashes-6-203x300.jpg\" alt=\"retractable dog leashes\" width=\"270\" height=\"399\" srcset=\"https:\/\/www.deopaws.com\/wp-content\/uploads\/2025\/08\/retractable-dog-leashes-6-203x300.jpg 203w, https:\/\/www.deopaws.com\/wp-content\/uploads\/2025\/08\/retractable-dog-leashes-6-693x1024.jpg 693w, https:\/\/www.deopaws.com\/wp-content\/uploads\/2025\/08\/retractable-dog-leashes-6-600x886.jpg 600w, https:\/\/www.deopaws.com\/wp-content\/uploads\/2025\/08\/retractable-dog-leashes-6.jpg 750w\" sizes=\"auto, (max-width: 270px) 100vw, 270px\" \/><\/p>\n<div style=\"flex: 1; min-width: 0;\">\n<p style=\"color: gray;\">Unsere einziehbaren LED-Hundeleinen sind einfach mit einer Hand zu bedienen und bieten Hunden mit dem integrierten LED-Licht Sicherheit. Die einziehbare L\u00e4nge l\u00e4sst Hunde frei erkunden, w\u00e4hrend sie unter Kontrolle bleiben. Langlebig und geeignet f\u00fcr kleine und mittelgro\u00dfe Hunde, perfekt f\u00fcr die Gro\u00dfabnahme.<\/p>\n<\/div>\n<\/div>\n<p><!-- \u53f3\u56fe\u5de6\u6587 --><\/p>\n<div style=\"display: flex; flex-direction: row-reverse; align-items: center; gap: 20px; flex-wrap: wrap;\">\n<p><img loading=\"lazy\" decoding=\"async\" class=\"alignnone wp-image-2304\" src=\"https:\/\/www.deopaws.com\/wp-content\/uploads\/2025\/08\/retractable-dog-leashes-5-200x300.jpg\" alt=\"retractable dog leashes\" width=\"280\" height=\"420\" srcset=\"https:\/\/www.deopaws.com\/wp-content\/uploads\/2025\/08\/retractable-dog-leashes-5-200x300.jpg 200w, https:\/\/www.deopaws.com\/wp-content\/uploads\/2025\/08\/retractable-dog-leashes-5-683x1024.jpg 683w, https:\/\/www.deopaws.com\/wp-content\/uploads\/2025\/08\/retractable-dog-leashes-5-600x900.jpg 600w, https:\/\/www.deopaws.com\/wp-content\/uploads\/2025\/08\/retractable-dog-leashes-5.jpg 750w\" sizes=\"auto, (max-width: 280px) 100vw, 280px\" \/><\/p>\n<div style=\"flex: 1; min-width: 0;\">\n<p style=\"color: gray;\">Ein niedliches und s\u00fc\u00dfes Produktdisplay mit drei Farboptionen, die \u00fcbersichtlich angeordnet sind. Daneben befindet sich eine \u00fcbersichtliche Gr\u00f6\u00dfentabelle, die es den Kunden leicht macht, die richtige Gr\u00f6\u00dfe zu w\u00e4hlen. Das Layout ist sauber und optisch ansprechend und hebt sowohl den Stil als auch die praktischen Gr\u00f6\u00dfeninformationen hervor.<\/p>\n<\/div>\n<\/div>\n<\/div>\n<div style=\"max-width: 800px; margin: auto; padding: 20px;\">\n<p><!-- \u5de6\u56fe\u53f3\u6587 --><\/p>\n<div style=\"display: flex; align-items: center; gap: 20px; margin-bottom: 40px; flex-wrap: wrap;\">\n<p><img loading=\"lazy\" decoding=\"async\" class=\"alignnone wp-image-2307\" src=\"https:\/\/www.deopaws.com\/wp-content\/uploads\/2025\/08\/retractable-dog-leashes-8-300x300.jpg\" alt=\"retractable dog leashes\" width=\"370\" height=\"370\" srcset=\"https:\/\/www.deopaws.com\/wp-content\/uploads\/2025\/08\/retractable-dog-leashes-8-300x300.jpg 300w, https:\/\/www.deopaws.com\/wp-content\/uploads\/2025\/08\/retractable-dog-leashes-8-150x150.jpg 150w, https:\/\/www.deopaws.com\/wp-content\/uploads\/2025\/08\/retractable-dog-leashes-8-600x600.jpg 600w, https:\/\/www.deopaws.com\/wp-content\/uploads\/2025\/08\/retractable-dog-leashes-8-100x100.jpg 100w, https:\/\/www.deopaws.com\/wp-content\/uploads\/2025\/08\/retractable-dog-leashes-8.jpg 750w\" sizes=\"auto, (max-width: 370px) 100vw, 370px\" \/><\/p>\n<div style=\"flex: 1; min-width: 0;\">\n<p data-start=\"56\" data-end=\"422\">Die LED-Hundeleine mit aufrollbaren Lichtern in 6 verschiedenen Farben sorgt f\u00fcr einen funkelnden Effekt, der sichere und lustige Spazierg\u00e4nge garantiert, ideal f\u00fcr Reisen und kleine bis mittlere Hunde.<\/p>\n<\/div>\n<\/div>\n<p><!-- \u53f3\u56fe\u5de6\u6587 --><\/p>\n<div style=\"display: flex; flex-direction: row-reverse; align-items: center; gap: 20px; flex-wrap: wrap;\">\n<p><img loading=\"lazy\" decoding=\"async\" class=\"alignnone wp-image-2306\" src=\"https:\/\/www.deopaws.com\/wp-content\/uploads\/2025\/08\/retractable-dog-leashes-7-300x300.jpg\" alt=\"retractable dog leashes\" width=\"370\" height=\"370\" srcset=\"https:\/\/www.deopaws.com\/wp-content\/uploads\/2025\/08\/retractable-dog-leashes-7-300x300.jpg 300w, https:\/\/www.deopaws.com\/wp-content\/uploads\/2025\/08\/retractable-dog-leashes-7-150x150.jpg 150w, https:\/\/www.deopaws.com\/wp-content\/uploads\/2025\/08\/retractable-dog-leashes-7-600x600.jpg 600w, https:\/\/www.deopaws.com\/wp-content\/uploads\/2025\/08\/retractable-dog-leashes-7-100x100.jpg 100w, https:\/\/www.deopaws.com\/wp-content\/uploads\/2025\/08\/retractable-dog-leashes-7.jpg 750w\" sizes=\"auto, (max-width: 370px) 100vw, 370px\" \/><\/p>\n<div style=\"flex: 1; min-width: 0;\">\n<p style=\"color: gray;\">LED-Hundeleinen mit Aufrollfunktion sorgen daf\u00fcr, dass Hunde die Dunkelheit nicht f\u00fcrchten m\u00fcssen, und sind mit coolen Lichtern f\u00fcr sicheres und stilvolles Reisen ausgestattet.<\/p>\n<\/div>\n<\/div>\n<\/div>\n<div style=\"max-width: 800px; margin: auto; padding: 20px;\">\n<p><!-- \u5de6\u56fe\u53f3\u6587 --><\/p>\n<div style=\"display: flex; align-items: center; gap: 20px; margin-bottom: 40px; flex-wrap: wrap;\">\n<p><img loading=\"lazy\" decoding=\"async\" class=\"alignnone wp-image-2320\" src=\"https:\/\/www.deopaws.com\/wp-content\/uploads\/2025\/08\/retractable-dog-leashes-1-300x240.jpg\" alt=\"retractable dog leashes\" width=\"371\" height=\"297\" srcset=\"https:\/\/www.deopaws.com\/wp-content\/uploads\/2025\/08\/retractable-dog-leashes-1-300x240.jpg 300w, https:\/\/www.deopaws.com\/wp-content\/uploads\/2025\/08\/retractable-dog-leashes-1-600x480.jpg 600w, https:\/\/www.deopaws.com\/wp-content\/uploads\/2025\/08\/retractable-dog-leashes-1.jpg 750w\" sizes=\"auto, (max-width: 371px) 100vw, 371px\" \/><\/p>\n<div style=\"flex: 1; min-width: 0;\">\n<p data-start=\"27\" data-end=\"106\">100 m Lampenhelligkeit und 5 m Leuchtweite sorgen f\u00fcr hervorragende Sichtbarkeit und machen Nachtwanderungen sicher und sorgenfrei. Die k\u00fchlen Lichter verleihen einen stilvollen Touch, perfekt f\u00fcr Reisen und den Einsatz im Freien.<\/p>\n<\/div>\n<\/div>\n<\/div>\n<div style=\"max-width: 800px; margin: auto; padding: 20px;\">\n<div style=\"display: flex; flex-direction: row-reverse; align-items: center; gap: 20px; flex-wrap: wrap;\">\n<p><img loading=\"lazy\" decoding=\"async\" class=\"alignnone wp-image-2321\" src=\"https:\/\/www.deopaws.com\/wp-content\/uploads\/2025\/08\/retractable-dog-leashes-2-300x240.jpg\" alt=\"retractable dog leashes\" width=\"370\" height=\"296\" srcset=\"https:\/\/www.deopaws.com\/wp-content\/uploads\/2025\/08\/retractable-dog-leashes-2-300x240.jpg 300w, https:\/\/www.deopaws.com\/wp-content\/uploads\/2025\/08\/retractable-dog-leashes-2-600x480.jpg 600w, https:\/\/www.deopaws.com\/wp-content\/uploads\/2025\/08\/retractable-dog-leashes-2.jpg 750w\" sizes=\"auto, (max-width: 370px) 100vw, 370px\" \/><\/p>\n<div style=\"flex: 1; min-width: 0;\">\n<p style=\"color: gray;\">Beidseitige RGB-Lichtringe mit automatischem Atmungs\u00fcbergang sorgen f\u00fcr einen dynamischen und stilvollen Lichteffekt. LED-Einbauleuchten mit Spotlighting sorgen f\u00fcr eine weitreichendere Beleuchtung und verbessern die Sichtbarkeit und Sicherheit bei Nachtwanderungen.<\/p>\n<\/div>\n<\/div>\n<\/div>\n<div style=\"max-width: 800px; margin: auto; padding: 20px;\">\n<p><!-- \u5de6\u56fe\u53f3\u6587 --><\/p>\n<div style=\"display: flex; align-items: center; gap: 20px; margin-bottom: 40px; flex-wrap: wrap;\">\n<p><img loading=\"lazy\" decoding=\"async\" class=\"alignnone wp-image-2308\" src=\"https:\/\/www.deopaws.com\/wp-content\/uploads\/2025\/08\/retractable-dog-leashes-9-300x300.jpg\" alt=\"retractable dog leashes\" width=\"369\" height=\"369\" srcset=\"https:\/\/www.deopaws.com\/wp-content\/uploads\/2025\/08\/retractable-dog-leashes-9-300x300.jpg 300w, https:\/\/www.deopaws.com\/wp-content\/uploads\/2025\/08\/retractable-dog-leashes-9-150x150.jpg 150w, https:\/\/www.deopaws.com\/wp-content\/uploads\/2025\/08\/retractable-dog-leashes-9-600x600.jpg 600w, https:\/\/www.deopaws.com\/wp-content\/uploads\/2025\/08\/retractable-dog-leashes-9-100x100.jpg 100w, https:\/\/www.deopaws.com\/wp-content\/uploads\/2025\/08\/retractable-dog-leashes-9.jpg 750w\" sizes=\"auto, (max-width: 369px) 100vw, 369px\" \/><\/p>\n<div style=\"flex: 1; min-width: 0;\">\n<p style=\"color: gray;\">Die F\u00fcnf-Meter-Beleuchtung mit hoher Leuchtkraft sorgt f\u00fcr hervorragende Sichtbarkeit, sch\u00fctzt Hunde bei n\u00e4chtlichen Fahrten und sorgt f\u00fcr sichere und sorgenfreie Spazierg\u00e4nge.<\/p>\n<\/div>\n<\/div>\n<\/div>\n<h3>Werksanzeige<\/h3>\n<p>&nbsp;<\/p>\n<div class=\"row\">\n<div class=\"col-lg-4\"><img loading=\"lazy\" decoding=\"async\" class=\"alignnone size-medium wp-image-142\" src=\"https:\/\/gray-bee-883835.hostingersite.com\/wp-content\/uploads\/2025\/04\/Small-pet-raincoat-3_-300x225.jpg\" alt=\"\" width=\"300\" height=\"225\" srcset=\"https:\/\/www.deopaws.com\/wp-content\/uploads\/2025\/04\/Small-pet-raincoat-3_-300x225.jpg 300w, https:\/\/www.deopaws.com\/wp-content\/uploads\/2025\/04\/Small-pet-raincoat-3_-600x450.jpg 600w, https:\/\/www.deopaws.com\/wp-content\/uploads\/2025\/04\/Small-pet-raincoat-3_-768x576.jpg 768w, https:\/\/www.deopaws.com\/wp-content\/uploads\/2025\/04\/Small-pet-raincoat-3_.jpg 800w\" sizes=\"auto, (max-width: 300px) 100vw, 300px\" \/><\/div>\n<div class=\"col-lg-4\"><img loading=\"lazy\" decoding=\"async\" class=\"alignnone size-medium wp-image-138\" src=\"https:\/\/gray-bee-883835.hostingersite.com\/wp-content\/uploads\/2025\/04\/Small-pet-raincoat-2-2-300x225.jpg\" alt=\"\" width=\"300\" height=\"225\" srcset=\"https:\/\/www.deopaws.com\/wp-content\/uploads\/2025\/04\/Small-pet-raincoat-2-2-300x225.jpg 300w, https:\/\/www.deopaws.com\/wp-content\/uploads\/2025\/04\/Small-pet-raincoat-2-2-600x450.jpg 600w, https:\/\/www.deopaws.com\/wp-content\/uploads\/2025\/04\/Small-pet-raincoat-2-2-768x576.jpg 768w, https:\/\/www.deopaws.com\/wp-content\/uploads\/2025\/04\/Small-pet-raincoat-2-2.jpg 800w\" sizes=\"auto, (max-width: 300px) 100vw, 300px\" \/><\/div>\n<div class=\"col-lg-4\"><img loading=\"lazy\" decoding=\"async\" class=\"alignnone size-medium wp-image-139\" src=\"https:\/\/gray-bee-883835.hostingersite.com\/wp-content\/uploads\/2025\/04\/Small-pet-raincoat-3-2-300x225.jpg\" alt=\"\" width=\"300\" height=\"225\" srcset=\"https:\/\/www.deopaws.com\/wp-content\/uploads\/2025\/04\/Small-pet-raincoat-3-2-300x225.jpg 300w, https:\/\/www.deopaws.com\/wp-content\/uploads\/2025\/04\/Small-pet-raincoat-3-2-600x450.jpg 600w, https:\/\/www.deopaws.com\/wp-content\/uploads\/2025\/04\/Small-pet-raincoat-3-2-768x576.jpg 768w, https:\/\/www.deopaws.com\/wp-content\/uploads\/2025\/04\/Small-pet-raincoat-3-2.jpg 800w\" sizes=\"auto, (max-width: 300px) 100vw, 300px\" \/><\/div>\n<p>&nbsp;<\/p>\n<div>\n<div class=\"row\">\n<div class=\"col-lg-4\"><img loading=\"lazy\" decoding=\"async\" class=\"alignnone size-medium wp-image-141\" src=\"https:\/\/gray-bee-883835.hostingersite.com\/wp-content\/uploads\/2025\/04\/Small-pet-raincoat-2_-300x225.jpg\" alt=\"\" width=\"300\" height=\"225\" srcset=\"https:\/\/www.deopaws.com\/wp-content\/uploads\/2025\/04\/Small-pet-raincoat-2_-300x225.jpg 300w, https:\/\/www.deopaws.com\/wp-content\/uploads\/2025\/04\/Small-pet-raincoat-2_-600x450.jpg 600w, https:\/\/www.deopaws.com\/wp-content\/uploads\/2025\/04\/Small-pet-raincoat-2_-768x576.jpg 768w, https:\/\/www.deopaws.com\/wp-content\/uploads\/2025\/04\/Small-pet-raincoat-2_.jpg 800w\" sizes=\"auto, (max-width: 300px) 100vw, 300px\" \/><\/div>\n<div class=\"col-lg-4\"><img loading=\"lazy\" decoding=\"async\" class=\"alignnone size-full wp-image-1656\" src=\"https:\/\/www.deopaws.com\/wp-content\/uploads\/2025\/05\/fact-1_\u526f\u672c.jpg\" alt=\"\" width=\"300\" height=\"225\" \/><\/div>\n<div class=\"col-lg-4\"><img loading=\"lazy\" decoding=\"async\" class=\"alignnone size-medium wp-image-137\" src=\"https:\/\/gray-bee-883835.hostingersite.com\/wp-content\/uploads\/2025\/04\/Small-pet-raincoat-1-2-300x225.jpg\" alt=\"\" width=\"300\" height=\"225\" srcset=\"https:\/\/www.deopaws.com\/wp-content\/uploads\/2025\/04\/Small-pet-raincoat-1-2-300x225.jpg 300w, https:\/\/www.deopaws.com\/wp-content\/uploads\/2025\/04\/Small-pet-raincoat-1-2-600x450.jpg 600w, https:\/\/www.deopaws.com\/wp-content\/uploads\/2025\/04\/Small-pet-raincoat-1-2-768x576.jpg 768w, https:\/\/www.deopaws.com\/wp-content\/uploads\/2025\/04\/Small-pet-raincoat-1-2.jpg 800w\" sizes=\"auto, (max-width: 300px) 100vw, 300px\" \/><\/div>\n<div><\/div>\n<\/div>\n<\/div>\n<\/div>","protected":false},"excerpt":{"rendered":"<p>Die LED-Hundeleinen f\u00fcr kleine und mittelgro\u00dfe Hunde verf\u00fcgen \u00fcber beidseitige RGB-Leuchten, 6-farbige Glitzereffekte und eine hohe Leuchtkraft von bis zu 5 Metern. Langlebig und einfach zu bedienen, sorgen sie f\u00fcr sichere Nachtspazierg\u00e4nge und sind ideal f\u00fcr Reisen, OEM und Gro\u00dflieferungen.<\/p>","protected":false},"featured_media":2309,"comment_status":"closed","ping_status":"closed","template":"","meta":{"_acf_changed":false},"product_brand":[],"product_cat":[15,16,27],"product_tag":[],"class_list":{"0":"post-2300","1":"product","2":"type-product","3":"status-publish","4":"has-post-thumbnail","6":"product_cat-products","7":"product_cat-dog-supplies","8":"product_cat-dog-collarsleashes-harnesses","10":"first","11":"instock","12":"shipping-taxable","13":"product-type-simple"},"acf":[],"_links":{"self":[{"href":"https:\/\/www.deopaws.com\/de\/wp-json\/wp\/v2\/product\/2300","targetHints":{"allow":["GET"]}}],"collection":[{"href":"https:\/\/www.deopaws.com\/de\/wp-json\/wp\/v2\/product"}],"about":[{"href":"https:\/\/www.deopaws.com\/de\/wp-json\/wp\/v2\/types\/product"}],"replies":[{"embeddable":true,"href":"https:\/\/www.deopaws.com\/de\/wp-json\/wp\/v2\/comments?post=2300"}],"wp:featuredmedia":[{"embeddable":true,"href":"https:\/\/www.deopaws.com\/de\/wp-json\/wp\/v2\/media\/2309"}],"wp:attachment":[{"href":"https:\/\/www.deopaws.com\/de\/wp-json\/wp\/v2\/media?parent=2300"}],"wp:term":[{"taxonomy":"product_brand","embeddable":true,"href":"https:\/\/www.deopaws.com\/de\/wp-json\/wp\/v2\/product_brand?post=2300"},{"taxonomy":"product_cat","embeddable":true,"href":"https:\/\/www.deopaws.com\/de\/wp-json\/wp\/v2\/product_cat?post=2300"},{"taxonomy":"product_tag","embeddable":true,"href":"https:\/\/www.deopaws.com\/de\/wp-json\/wp\/v2\/product_tag?post=2300"}],"curies":[{"name":"wp","href":"https:\/\/api.w.org\/{rel}","templated":true}]}}