{"id":2248,"date":"2025-08-08T10:27:22","date_gmt":"2025-08-08T02:27:22","guid":{"rendered":"https:\/\/www.deopaws.com\/?post_type=product&#038;p=2248"},"modified":"2025-08-08T10:27:32","modified_gmt":"2025-08-08T02:27:32","slug":"shoes-for-small-dogs","status":"publish","type":"product","link":"https:\/\/www.deopaws.com\/de\/produkt\/shoes-for-small-dogs\/","title":{"rendered":"Langlebige Schuhe f\u00fcr kleine Hunde - atmungsaktiv, rutschfest und bequem"},"content":{"rendered":"<h2 data-start=\"77\" data-end=\"192\">Schuhe f\u00fcr kleine Hunde \uff1a<\/h2>\n<p>&nbsp;<\/p>\n<p data-start=\"24\" data-end=\"109\">\u25cf Verwendet die fortschrittliche Verdunstungsk\u00fchlungstechnologie, um die K\u00f6rpertemperatur Ihres Hundes zu senken.<\/p>\n<p data-start=\"113\" data-end=\"176\">\u25cf Aus atmungsaktivem, leichtem Stoff f\u00fcr maximalen Komfort.<\/p>\n<p data-start=\"180\" data-end=\"248\">\u25cf Bietet UPF 50+ Sonnenschutz zum Schutz vor sch\u00e4dlichen UV-Strahlen.<\/p>\n<p data-start=\"252\" data-end=\"314\">\u25cf Verstellbares Design f\u00fcr mittlere bis gro\u00dfe Hunde (Gr\u00f6\u00dfen 3XL-6XL).<\/p>\n<p data-start=\"318\" data-end=\"368\">\u25cf Strapazierf\u00e4higes, schnell trocknendes Material ist leicht zu reinigen.<\/p>\n<p data-start=\"372\" data-end=\"434\" data-is-last-node=\"\">\u25cf Inklusive Sicherheitsschnalle und D-Ring zur sicheren Befestigung der Leine.<\/p>\n<p>&nbsp;<\/p>\n<p>&nbsp;<\/p>\n<div style=\"max-width: 800px; margin: auto; padding: 20px;\">\n<p><!-- \u5de6\u56fe\u53f3\u6587 --><\/p>\n<div style=\"display: flex; align-items: center; gap: 20px; margin-bottom: 40px; flex-wrap: wrap;\">\n<p><img loading=\"lazy\" decoding=\"async\" class=\"alignnone size-medium wp-image-2253\" src=\"https:\/\/www.deopaws.com\/wp-content\/uploads\/2025\/08\/shoes-for-small-dogs-5-300x240.jpg\" alt=\"shoes for small dogs\" width=\"300\" height=\"240\" srcset=\"https:\/\/www.deopaws.com\/wp-content\/uploads\/2025\/08\/shoes-for-small-dogs-5-300x240.jpg 300w, https:\/\/www.deopaws.com\/wp-content\/uploads\/2025\/08\/shoes-for-small-dogs-5-600x480.jpg 600w, https:\/\/www.deopaws.com\/wp-content\/uploads\/2025\/08\/shoes-for-small-dogs-5.jpg 750w\" sizes=\"auto, (max-width: 300px) 100vw, 300px\" \/><\/p>\n<div style=\"flex: 1; min-width: 0;\">\n<p style=\"color: gray;\">Weite Schuh\u00f6ffnungen f\u00fcr einfaches An- und Ausziehen, ausgestattet mit rutschfesten Sohlen und reflektierenden Streifen f\u00fcr mehr Sicherheit bei n\u00e4chtlichen Spazierg\u00e4ngen. Das Quick-Wear-Design sorgt f\u00fcr Bequemlichkeit und einen sicheren Sitz bei jeder Gelegenheit.<\/p>\n<\/div>\n<\/div>\n<p><!-- \u53f3\u56fe\u5de6\u6587 --><\/p>\n<div style=\"display: flex; flex-direction: row-reverse; align-items: center; gap: 20px; flex-wrap: wrap;\">\n<p><img loading=\"lazy\" decoding=\"async\" class=\"alignnone size-medium wp-image-2254\" src=\"https:\/\/www.deopaws.com\/wp-content\/uploads\/2025\/08\/shoes-for-small-dogs-6-300x240.jpg\" alt=\"shoes for small dogs\" width=\"300\" height=\"240\" srcset=\"https:\/\/www.deopaws.com\/wp-content\/uploads\/2025\/08\/shoes-for-small-dogs-6-300x240.jpg 300w, https:\/\/www.deopaws.com\/wp-content\/uploads\/2025\/08\/shoes-for-small-dogs-6-600x480.jpg 600w, https:\/\/www.deopaws.com\/wp-content\/uploads\/2025\/08\/shoes-for-small-dogs-6.jpg 750w\" sizes=\"auto, (max-width: 300px) 100vw, 300px\" \/><\/p>\n<div style=\"flex: 1; min-width: 0;\">\n<p style=\"color: gray;\">Sie lassen sich mit einem einfachen Druck \u00f6ffnen und mit einem Drehverschluss sichern - f\u00fcr eine schnelle, einfache und einstellbare Montage.<\/p>\n<\/div>\n<\/div>\n<\/div>\n<div style=\"max-width: 800px; margin: auto; padding: 20px;\">\n<p><!-- \u5de6\u56fe\u53f3\u6587 --><\/p>\n<div style=\"display: flex; align-items: center; gap: 20px; margin-bottom: 40px; flex-wrap: wrap;\">\n<p><img loading=\"lazy\" decoding=\"async\" class=\"alignnone size-medium wp-image-2252\" src=\"https:\/\/www.deopaws.com\/wp-content\/uploads\/2025\/08\/shoes-for-small-dogs-4-300x240.jpg\" alt=\"shoes for small dogs\" width=\"300\" height=\"240\" srcset=\"https:\/\/www.deopaws.com\/wp-content\/uploads\/2025\/08\/shoes-for-small-dogs-4-300x240.jpg 300w, https:\/\/www.deopaws.com\/wp-content\/uploads\/2025\/08\/shoes-for-small-dogs-4-600x480.jpg 600w, https:\/\/www.deopaws.com\/wp-content\/uploads\/2025\/08\/shoes-for-small-dogs-4.jpg 750w\" sizes=\"auto, (max-width: 300px) 100vw, 300px\" \/><\/p>\n<div style=\"flex: 1; min-width: 0;\">\n<p data-start=\"56\" data-end=\"422\">Kostenlose antibakterielle Einlegesohlen verhindern Fu\u00dfreizungen und sorgen bei jedem Schritt f\u00fcr die Gesundheit und Sicherheit Ihres Haustiers.<\/p>\n<\/div>\n<\/div>\n<p><!-- \u53f3\u56fe\u5de6\u6587 --><\/p>\n<div style=\"display: flex; flex-direction: row-reverse; align-items: center; gap: 20px; flex-wrap: wrap;\">\n<p><img loading=\"lazy\" decoding=\"async\" class=\"alignnone size-medium wp-image-2251\" src=\"https:\/\/www.deopaws.com\/wp-content\/uploads\/2025\/08\/shoes-for-small-dogs-3-300x240.jpg\" alt=\"shoes for small dogs\" width=\"300\" height=\"240\" srcset=\"https:\/\/www.deopaws.com\/wp-content\/uploads\/2025\/08\/shoes-for-small-dogs-3-300x240.jpg 300w, https:\/\/www.deopaws.com\/wp-content\/uploads\/2025\/08\/shoes-for-small-dogs-3-600x480.jpg 600w, https:\/\/www.deopaws.com\/wp-content\/uploads\/2025\/08\/shoes-for-small-dogs-3.jpg 750w\" sizes=\"auto, (max-width: 300px) 100vw, 300px\" \/><\/p>\n<div style=\"flex: 1; min-width: 0;\">\n<p style=\"color: gray;\">Atmungsaktives Mesh-Gewebe sorgt f\u00fcr ein angenehmes Tragegef\u00fchl und verhindert, dass die Pfoten verstopfen, so dass sie den ganzen Tag \u00fcber getragen werden k\u00f6nnen.<\/p>\n<\/div>\n<\/div>\n<\/div>\n<div style=\"max-width: 800px; margin: auto; padding: 20px;\">\n<p><!-- \u5de6\u56fe\u53f3\u6587 --><\/p>\n<div style=\"display: flex; align-items: center; gap: 20px; margin-bottom: 40px; flex-wrap: wrap;\">\n<p><img loading=\"lazy\" decoding=\"async\" class=\"alignnone size-medium wp-image-2250\" src=\"https:\/\/www.deopaws.com\/wp-content\/uploads\/2025\/08\/shoes-for-small-dogs-2-300x240.jpg\" alt=\"shoes for small dogs\" width=\"300\" height=\"240\" srcset=\"https:\/\/www.deopaws.com\/wp-content\/uploads\/2025\/08\/shoes-for-small-dogs-2-300x240.jpg 300w, https:\/\/www.deopaws.com\/wp-content\/uploads\/2025\/08\/shoes-for-small-dogs-2-600x480.jpg 600w, https:\/\/www.deopaws.com\/wp-content\/uploads\/2025\/08\/shoes-for-small-dogs-2.jpg 750w\" sizes=\"auto, (max-width: 300px) 100vw, 300px\" \/><\/p>\n<div style=\"flex: 1; min-width: 0;\">\n<p data-start=\"27\" data-end=\"106\">Zum Anziehen: den Knopf zum Anziehen drehen.<br data-start=\"64\" data-end=\"67\" \/>Ausziehen: zum L\u00f6sen am Knopf ziehen.<\/p>\n<\/div>\n<\/div>\n<\/div>\n<div style=\"max-width: 800px; margin: auto; padding: 20px;\">\n<div style=\"display: flex; flex-direction: row-reverse; align-items: center; gap: 20px; flex-wrap: wrap;\">\n<p><img loading=\"lazy\" decoding=\"async\" class=\"alignnone size-medium wp-image-2249\" src=\"https:\/\/www.deopaws.com\/wp-content\/uploads\/2025\/08\/shoes-for-small-dogs-1-300x240.jpg\" alt=\"shoes for small dogs\" width=\"300\" height=\"240\" srcset=\"https:\/\/www.deopaws.com\/wp-content\/uploads\/2025\/08\/shoes-for-small-dogs-1-300x240.jpg 300w, https:\/\/www.deopaws.com\/wp-content\/uploads\/2025\/08\/shoes-for-small-dogs-1-600x480.jpg 600w, https:\/\/www.deopaws.com\/wp-content\/uploads\/2025\/08\/shoes-for-small-dogs-1.jpg 750w\" sizes=\"auto, (max-width: 300px) 100vw, 300px\" \/><\/p>\n<div style=\"flex: 1; min-width: 0;\">\n<p style=\"color: gray;\">Haustier-Knopfschuhe mit One-Touch- und One-Button-Design - super einfach und schnell an- und auszuziehen.<\/p>\n<\/div>\n<\/div>\n<\/div>\n<div style=\"max-width: 800px; margin: auto; padding: 20px;\">\n<p><!-- \u5de6\u56fe\u53f3\u6587 --><\/p>\n<div style=\"display: flex; align-items: center; gap: 20px; margin-bottom: 40px; flex-wrap: wrap;\">\n<p><img loading=\"lazy\" decoding=\"async\" class=\"alignnone size-medium wp-image-2258\" src=\"https:\/\/www.deopaws.com\/wp-content\/uploads\/2025\/08\/shoes-for-small-dogs-10-300x300.jpg\" alt=\"shoes for small dogs\" width=\"300\" height=\"300\" srcset=\"https:\/\/www.deopaws.com\/wp-content\/uploads\/2025\/08\/shoes-for-small-dogs-10-300x300.jpg 300w, https:\/\/www.deopaws.com\/wp-content\/uploads\/2025\/08\/shoes-for-small-dogs-10-150x150.jpg 150w, https:\/\/www.deopaws.com\/wp-content\/uploads\/2025\/08\/shoes-for-small-dogs-10-600x600.jpg 600w, https:\/\/www.deopaws.com\/wp-content\/uploads\/2025\/08\/shoes-for-small-dogs-10-100x100.jpg 100w, https:\/\/www.deopaws.com\/wp-content\/uploads\/2025\/08\/shoes-for-small-dogs-10.jpg 750w\" sizes=\"auto, (max-width: 300px) 100vw, 300px\" \/><\/p>\n<div style=\"flex: 1; min-width: 0;\">\n<p style=\"color: gray;\">Gr\u00f6\u00dfentabelle<\/p>\n<\/div>\n<\/div>\n<\/div>\n<h3>Werksanzeige<\/h3>\n<p>&nbsp;<\/p>\n<div class=\"row\">\n<div class=\"col-lg-4\"><img loading=\"lazy\" decoding=\"async\" class=\"alignnone size-medium wp-image-142\" src=\"https:\/\/gray-bee-883835.hostingersite.com\/wp-content\/uploads\/2025\/04\/Small-pet-raincoat-3_-300x225.jpg\" alt=\"\" width=\"300\" height=\"225\" srcset=\"https:\/\/www.deopaws.com\/wp-content\/uploads\/2025\/04\/Small-pet-raincoat-3_-300x225.jpg 300w, https:\/\/www.deopaws.com\/wp-content\/uploads\/2025\/04\/Small-pet-raincoat-3_-600x450.jpg 600w, https:\/\/www.deopaws.com\/wp-content\/uploads\/2025\/04\/Small-pet-raincoat-3_-768x576.jpg 768w, https:\/\/www.deopaws.com\/wp-content\/uploads\/2025\/04\/Small-pet-raincoat-3_.jpg 800w\" sizes=\"auto, (max-width: 300px) 100vw, 300px\" \/><\/div>\n<div class=\"col-lg-4\"><img loading=\"lazy\" decoding=\"async\" class=\"alignnone size-medium wp-image-138\" src=\"https:\/\/gray-bee-883835.hostingersite.com\/wp-content\/uploads\/2025\/04\/Small-pet-raincoat-2-2-300x225.jpg\" alt=\"\" width=\"300\" height=\"225\" srcset=\"https:\/\/www.deopaws.com\/wp-content\/uploads\/2025\/04\/Small-pet-raincoat-2-2-300x225.jpg 300w, https:\/\/www.deopaws.com\/wp-content\/uploads\/2025\/04\/Small-pet-raincoat-2-2-600x450.jpg 600w, https:\/\/www.deopaws.com\/wp-content\/uploads\/2025\/04\/Small-pet-raincoat-2-2-768x576.jpg 768w, https:\/\/www.deopaws.com\/wp-content\/uploads\/2025\/04\/Small-pet-raincoat-2-2.jpg 800w\" sizes=\"auto, (max-width: 300px) 100vw, 300px\" \/><\/div>\n<div class=\"col-lg-4\"><img loading=\"lazy\" decoding=\"async\" class=\"alignnone size-medium wp-image-139\" src=\"https:\/\/gray-bee-883835.hostingersite.com\/wp-content\/uploads\/2025\/04\/Small-pet-raincoat-3-2-300x225.jpg\" alt=\"\" width=\"300\" height=\"225\" srcset=\"https:\/\/www.deopaws.com\/wp-content\/uploads\/2025\/04\/Small-pet-raincoat-3-2-300x225.jpg 300w, https:\/\/www.deopaws.com\/wp-content\/uploads\/2025\/04\/Small-pet-raincoat-3-2-600x450.jpg 600w, https:\/\/www.deopaws.com\/wp-content\/uploads\/2025\/04\/Small-pet-raincoat-3-2-768x576.jpg 768w, https:\/\/www.deopaws.com\/wp-content\/uploads\/2025\/04\/Small-pet-raincoat-3-2.jpg 800w\" sizes=\"auto, (max-width: 300px) 100vw, 300px\" \/><\/div>\n<p>&nbsp;<\/p>\n<div>\n<div class=\"row\">\n<div class=\"col-lg-4\"><img loading=\"lazy\" decoding=\"async\" class=\"alignnone size-medium wp-image-141\" src=\"https:\/\/gray-bee-883835.hostingersite.com\/wp-content\/uploads\/2025\/04\/Small-pet-raincoat-2_-300x225.jpg\" alt=\"\" width=\"300\" height=\"225\" srcset=\"https:\/\/www.deopaws.com\/wp-content\/uploads\/2025\/04\/Small-pet-raincoat-2_-300x225.jpg 300w, https:\/\/www.deopaws.com\/wp-content\/uploads\/2025\/04\/Small-pet-raincoat-2_-600x450.jpg 600w, https:\/\/www.deopaws.com\/wp-content\/uploads\/2025\/04\/Small-pet-raincoat-2_-768x576.jpg 768w, https:\/\/www.deopaws.com\/wp-content\/uploads\/2025\/04\/Small-pet-raincoat-2_.jpg 800w\" sizes=\"auto, (max-width: 300px) 100vw, 300px\" \/><\/div>\n<div class=\"col-lg-4\"><img loading=\"lazy\" decoding=\"async\" class=\"alignnone size-full wp-image-1656\" src=\"https:\/\/www.deopaws.com\/wp-content\/uploads\/2025\/05\/fact-1_\u526f\u672c.jpg\" alt=\"\" width=\"300\" height=\"225\" \/><\/div>\n<div class=\"col-lg-4\"><img loading=\"lazy\" decoding=\"async\" class=\"alignnone size-medium wp-image-137\" src=\"https:\/\/gray-bee-883835.hostingersite.com\/wp-content\/uploads\/2025\/04\/Small-pet-raincoat-1-2-300x225.jpg\" alt=\"\" width=\"300\" height=\"225\" srcset=\"https:\/\/www.deopaws.com\/wp-content\/uploads\/2025\/04\/Small-pet-raincoat-1-2-300x225.jpg 300w, https:\/\/www.deopaws.com\/wp-content\/uploads\/2025\/04\/Small-pet-raincoat-1-2-600x450.jpg 600w, https:\/\/www.deopaws.com\/wp-content\/uploads\/2025\/04\/Small-pet-raincoat-1-2-768x576.jpg 768w, https:\/\/www.deopaws.com\/wp-content\/uploads\/2025\/04\/Small-pet-raincoat-1-2.jpg 800w\" sizes=\"auto, (max-width: 300px) 100vw, 300px\" \/><\/div>\n<div><\/div>\n<\/div>\n<\/div>\n<\/div>","protected":false},"excerpt":{"rendered":"<p>Unsere Schuhe f\u00fcr kleine Hunde verf\u00fcgen \u00fcber ein atmungsaktives Mesh-Gewebe und kostenlose antibakterielle Einlegesohlen, damit die Pfoten Ihres Haustiers bequem und gesund bleiben. Mit einer breiten \u00d6ffnung und einem One-Touch-Knopfverschluss lassen sich diese Schuhe ganz einfach an- und ausziehen. Ausgestattet mit rutschfesten Sohlen, reflektierenden Streifen f\u00fcr die Sicherheit und einem verstellbaren Drehknopf bieten sie einen sicheren Sitz f\u00fcr aktive Welpen.<\/p>","protected":false},"featured_media":2259,"comment_status":"closed","ping_status":"closed","template":"","meta":{"_acf_changed":false},"product_brand":[],"product_cat":[15,16,25],"product_tag":[],"class_list":{"0":"post-2248","1":"product","2":"type-product","3":"status-publish","4":"has-post-thumbnail","6":"product_cat-products","7":"product_cat-dog-supplies","8":"product_cat-dog-apparel-accessories","10":"first","11":"instock","12":"shipping-taxable","13":"product-type-simple"},"acf":[],"_links":{"self":[{"href":"https:\/\/www.deopaws.com\/de\/wp-json\/wp\/v2\/product\/2248","targetHints":{"allow":["GET"]}}],"collection":[{"href":"https:\/\/www.deopaws.com\/de\/wp-json\/wp\/v2\/product"}],"about":[{"href":"https:\/\/www.deopaws.com\/de\/wp-json\/wp\/v2\/types\/product"}],"replies":[{"embeddable":true,"href":"https:\/\/www.deopaws.com\/de\/wp-json\/wp\/v2\/comments?post=2248"}],"wp:featuredmedia":[{"embeddable":true,"href":"https:\/\/www.deopaws.com\/de\/wp-json\/wp\/v2\/media\/2259"}],"wp:attachment":[{"href":"https:\/\/www.deopaws.com\/de\/wp-json\/wp\/v2\/media?parent=2248"}],"wp:term":[{"taxonomy":"product_brand","embeddable":true,"href":"https:\/\/www.deopaws.com\/de\/wp-json\/wp\/v2\/product_brand?post=2248"},{"taxonomy":"product_cat","embeddable":true,"href":"https:\/\/www.deopaws.com\/de\/wp-json\/wp\/v2\/product_cat?post=2248"},{"taxonomy":"product_tag","embeddable":true,"href":"https:\/\/www.deopaws.com\/de\/wp-json\/wp\/v2\/product_tag?post=2248"}],"curies":[{"name":"wp","href":"https:\/\/api.w.org\/{rel}","templated":true}]}}