{"id":1867,"date":"2025-07-18T17:01:23","date_gmt":"2025-07-18T09:01:23","guid":{"rendered":"https:\/\/www.deopaws.com\/?post_type=product&#038;p=1867"},"modified":"2026-03-16T17:13:47","modified_gmt":"2026-03-16T09:13:47","slug":"reflective-dog-harness-dog-collar","status":"publish","type":"product","link":"https:\/\/www.deopaws.com\/de\/produkt\/reflective-dog-harness-dog-collar\/","title":{"rendered":"Reflektierendes, explosionssicheres Hundegeschirr Hundehalsband Brustr\u00fccken Anti-Rei\u00df- und verschlei\u00dffeste Hundeleine"},"content":{"rendered":"<h2>Hundegeschirr Details<\/h2>\n<p>Dieses Hundegeschirr ist perfekt f\u00fcr <strong>taktischer Einsatz<\/strong>, <strong>Reisen<\/strong>, <strong>Pendeln<\/strong>, <strong>Camping<\/strong>, oder <strong>t\u00e4gliches Tragen<\/strong>-f\u00fcr alle, die mehr von ihrer Ausr\u00fcstung erwarten. Die Balance von <strong>Haltbarkeit, Co<\/strong><strong>mfort und Sicherheit<\/strong>\u00a0macht es zu einem Muss f\u00fcr alle, die viel unterwegs sind.<\/p>\n<ul>\n<li><strong>1680D-Gewebe<\/strong>f\u00fcr extreme Haltbarkeit<\/li>\n<li><strong>Gepolsterte, verdickte Griffe<\/strong>f\u00fcr h\u00f6chsten Komfort<\/li>\n<li><strong>Verl\u00e4ngerter Klettverschluss<\/strong>zur einfachen Befestigung von Patches oder Zubeh\u00f6r<\/li>\n<li><strong>Verbesserter Schlossmechanismus<\/strong>f\u00fcr zuverl\u00e4ssige Sicherheit<\/li>\n<li><strong>Verst\u00e4rkte D-Ringe<\/strong>die nicht so leicht brechen<\/li>\n<li><strong>Reflektierendes Design<\/strong>f\u00fcr n\u00e4chtliche Sichtbarkeit<\/li>\n<\/ul>\n<div style=\"max-width: 800px; margin: auto; padding: 20px;\">\n<p><!-- \u5de6\u56fe\u53f3\u6587 --><\/p>\n<div style=\"display: flex; align-items: center; gap: 20px; margin-bottom: 40px; flex-wrap: wrap;\">\n<p><img loading=\"lazy\" decoding=\"async\" class=\"alignnone wp-image-1639\" src=\"https:\/\/www.deopaws.com\/wp-content\/uploads\/2025\/07\/Pet-Reflective-Explosion-proof-Large-Dog-Harness-Dog-Collar-Chest-Back-Anti-tear-and-Wear-resistant-Dog-Chest-Back-9.png\" alt=\"dog harness\" width=\"370\" height=\"296\" \/><\/p>\n<div style=\"flex: 1; min-width: 0;\">\n<p style=\"color: gray;\">Sie suchen ein Hundegeschirr, das nicht aufgibt? Dieses Produkt aus ultra-strapazierf\u00e4higem 1680D-Gewebe ist au\u00dfergew\u00f6hnlich verschlei\u00dffest und eignet sich perfekt f\u00fcr den t\u00e4glichen harten Einsatz, Outdoor-Touren oder sogar taktische Szenarien. Das hochfeste Polyestergewebe ist nicht nur robust, sondern auch rei\u00df-, kratz- und abriebfest, sodass Ihre Ausr\u00fcstung auch in den rauesten Umgebungen gesch\u00fctzt bleibt.<\/p>\n<\/div>\n<\/div>\n<p><!-- \u53f3\u56fe\u5de6\u6587 --><\/p>\n<div style=\"display: flex; flex-direction: row-reverse; align-items: center; gap: 20px; flex-wrap: wrap;\">\n<p><img loading=\"lazy\" decoding=\"async\" class=\"alignnone wp-image-1633\" src=\"https:\/\/www.deopaws.com\/wp-content\/uploads\/2025\/07\/Pet-Reflective-Explosion-proof-Large-Dog-Harness-Dog-Collar-Chest-Back-Anti-tear-and-Wear-resistant-Dog-Chest-Back-1.png\" alt=\"dog harness\" width=\"370\" height=\"296\" \/><\/p>\n<div style=\"flex: 1; min-width: 0;\">\n<p style=\"color: gray;\">Sicherheit ist der Schl\u00fcssel, und auch daf\u00fcr haben wir gesorgt. Dank des neu verdickten Verschlusssystems kann dieses Produkt nicht brechen oder sich unter Druck abnutzen. Es bleibt fest verschlossen, bis Sie sich anders entscheiden - f\u00fcr mehr Seelenfrieden auf jeder Reise.<\/p>\n<\/div>\n<\/div>\n<\/div>\n<div style=\"max-width: 800px; margin: auto; padding: 20px;\">\n<p><!-- \u5de6\u56fe\u53f3\u6587 --><\/p>\n<div style=\"display: flex; align-items: center; gap: 20px; margin-bottom: 40px; flex-wrap: wrap;\">\n<p><img loading=\"lazy\" decoding=\"async\" class=\"alignnone wp-image-1639\" src=\"https:\/\/www.deopaws.com\/wp-content\/uploads\/2025\/07\/Pet-Reflective-Explosion-proof-Large-Dog-Harness-Dog-Collar-Chest-Back-Anti-tear-and-Wear-resistant-Dog-Chest-Back-7.png\" alt=\"dog leash\" width=\"370\" height=\"296\" \/><\/p>\n<div style=\"flex: 1; min-width: 0;\">\n<p style=\"color: gray;\">Wir haben auch die D-Ringe verst\u00e4rkt - diese kritischen Lastaufnahmepunkte, die bei weniger hochwertigen Taschen oft nachgeben. Unsere verst\u00e4rkten D-Ringe sind so konstruiert, dass sie Gewicht tragen und Belastungen standhalten, ohne zu brechen, sich zu verziehen oder zu versagen. Ob als Clip, Sling oder Gurt - diese Ringe sind f\u00fcr eine lange Lebensdauer ausgelegt.<\/p>\n<\/div>\n<\/div>\n<p><!-- \u53f3\u56fe\u5de6\u6587 --><\/p>\n<div style=\"display: flex; flex-direction: row-reverse; align-items: center; gap: 20px; flex-wrap: wrap;\">\n<p><img loading=\"lazy\" decoding=\"async\" class=\"alignnone wp-image-1633\" src=\"https:\/\/www.deopaws.com\/wp-content\/uploads\/2025\/07\/Pet-Reflective-Explosion-proof-Large-Dog-Harness-Dog-Collar-Chest-Back-Anti-tear-and-Wear-resistant-Dog-Chest-Back-5.png\" alt=\"pet leash\" width=\"370\" height=\"296\" \/><\/p>\n<div style=\"flex: 1; min-width: 0;\">\n<p style=\"color: gray;\">Was macht sie noch besser? Wir haben die Griffe mit einer besonders dicken Polsterung versehen, die einen weicheren, komfortableren Griff erm\u00f6glicht, selbst wenn die Tasche voll beladen ist. Erm\u00fcdungserscheinungen der H\u00e4nde geh\u00f6ren der Vergangenheit an - diese Tasche ist f\u00fcr den ganzt\u00e4gigen Gebrauch gemacht.<\/p>\n<\/div>\n<\/div>\n<\/div>\n<div style=\"max-width: 800px; margin: auto; padding: 20px;\">\n<p><!-- \u5de6\u56fe\u53f3\u6587 --><\/p>\n<div style=\"display: flex; align-items: center; gap: 20px; margin-bottom: 40px; flex-wrap: wrap;\">\n<p><img loading=\"lazy\" decoding=\"async\" class=\"alignnone wp-image-1639\" src=\"https:\/\/www.deopaws.com\/wp-content\/uploads\/2025\/07\/Pet-Reflective-Explosion-proof-Large-Dog-Harness-Dog-Collar-Chest-Back-Anti-tear-and-Wear-resistant-Dog-Chest-Back-4.png\" alt=\"pet leashes\" width=\"370\" height=\"296\" \/><\/p>\n<div style=\"flex: 1; min-width: 0;\">\n<p style=\"color: gray;\">Sie brauchen einen Platz f\u00fcr Ihre Lieblingsaufn\u00e4her oder ID-Tags? Kein Problem! Mit dem verl\u00e4ngerten Klettverschluss k\u00f6nnen Sie Abzeichen und Etiketten anbringen oder die Tasche mit Ihrem vorhandenen Rucksack, Ihrer taktischen Weste oder einem modularen Taschensystem verbinden. Egal, ob Sie auf dem Weg zum Schie\u00dfstand, zum Trail oder zum Flughafen sind, die Vielseitigkeit ist einfach eingebaut.<\/p>\n<\/div>\n<\/div>\n<p><!-- \u53f3\u56fe\u5de6\u6587 --><\/p>\n<div style=\"display: flex; flex-direction: row-reverse; align-items: center; gap: 20px; flex-wrap: wrap;\">\n<p><img loading=\"lazy\" decoding=\"async\" class=\"alignnone wp-image-1633\" src=\"https:\/\/www.deopaws.com\/wp-content\/uploads\/2025\/07\/Pet-Reflective-Explosion-proof-Large-Dog-Harness-Dog-Collar-Chest-Back-Anti-tear-and-Wear-resistant-Dog-Leash.png\" alt=\"pet leash\" width=\"370\" height=\"296\" \/><\/p>\n<div style=\"flex: 1; min-width: 0;\">\n<p style=\"color: gray;\">Reden wir \u00fcber die Sicherheit in der Nacht. Die reflektierende Umrandung mit hoher Leuchtkraft sorgt f\u00fcr bessere Sichtbarkeit bei Sonnenuntergang. Ganz gleich, ob Sie eine Stra\u00dfe entlanggehen oder sich durch schwach beleuchtete Bereiche bewegen, diese Umrandung sorgt daf\u00fcr, dass Sie sich deutlich abheben und von Fahrzeugen oder Personen schneller erkannt werden. Sicherheit und Funktion? Das ist ein Gewinn f\u00fcr beide Seiten.<\/p>\n<\/div>\n<\/div>\n<\/div>","protected":false},"excerpt":{"rendered":"<p>Dieses Hundegeschirr ist perfekt f\u00fcr <strong>taktischer Einsatz<\/strong>, <strong>Reisen<\/strong>, <strong>Pendeln<\/strong>, <strong>Camping<\/strong>, oder <strong>t\u00e4gliches Tragen<\/strong>-f\u00fcr alle, die mehr von ihrer Ausr\u00fcstung erwarten. Die Balance von <strong>Haltbarkeit, Komfort und Sicherheit<\/strong> macht es zu einem Muss f\u00fcr alle, die viel unterwegs sind.<\/p>\n<div class=\"custom-product-table\">\n<table style=\"height: 272px;\" width=\"294\">\n<caption>\u00a0<\/caption>\n<tbody>\n<tr>\n<th>Merkmal<\/th>\n<td>Reflektierend<\/td>\n<\/tr>\n<tr>\n<th>Anwendbares Haustier<\/th>\n<td>Hund &amp; Katze<\/td>\n<\/tr>\n<tr>\n<th>Material<\/th>\n<td>Polyester<\/td>\n<\/tr>\n<tr>\n<th>Muster<\/th>\n<td>Druck &amp; Stickerei<\/td>\n<\/tr>\n<tr>\n<th>Produktname<\/th>\n<td>Hundegeschirr<\/td>\n<\/tr>\n<tr>\n<th>Waschanleitung<\/th>\n<td>Mechanisches Waschen<\/td>\n<\/tr>\n<tr>\n<th>Gewicht<\/th>\n<td>250g<\/td>\n<\/tr>\n<tr>\n<th>Gr\u00f6\u00dfe des Produkts<\/th>\n<td>Als Beschreibung<\/td>\n<\/tr>\n<\/tbody>\n<\/table>\n<\/div>","protected":false},"featured_media":1997,"comment_status":"open","ping_status":"closed","template":"","meta":{"_acf_changed":false},"product_brand":[],"product_cat":[16,27],"product_tag":[],"class_list":{"0":"post-1867","1":"product","2":"type-product","3":"status-publish","4":"has-post-thumbnail","6":"product_cat-dog-supplies","7":"product_cat-dog-collarsleashes-harnesses","9":"first","10":"instock","11":"shipping-taxable","12":"product-type-simple"},"acf":[],"_links":{"self":[{"href":"https:\/\/www.deopaws.com\/de\/wp-json\/wp\/v2\/product\/1867","targetHints":{"allow":["GET"]}}],"collection":[{"href":"https:\/\/www.deopaws.com\/de\/wp-json\/wp\/v2\/product"}],"about":[{"href":"https:\/\/www.deopaws.com\/de\/wp-json\/wp\/v2\/types\/product"}],"replies":[{"embeddable":true,"href":"https:\/\/www.deopaws.com\/de\/wp-json\/wp\/v2\/comments?post=1867"}],"wp:featuredmedia":[{"embeddable":true,"href":"https:\/\/www.deopaws.com\/de\/wp-json\/wp\/v2\/media\/1997"}],"wp:attachment":[{"href":"https:\/\/www.deopaws.com\/de\/wp-json\/wp\/v2\/media?parent=1867"}],"wp:term":[{"taxonomy":"product_brand","embeddable":true,"href":"https:\/\/www.deopaws.com\/de\/wp-json\/wp\/v2\/product_brand?post=1867"},{"taxonomy":"product_cat","embeddable":true,"href":"https:\/\/www.deopaws.com\/de\/wp-json\/wp\/v2\/product_cat?post=1867"},{"taxonomy":"product_tag","embeddable":true,"href":"https:\/\/www.deopaws.com\/de\/wp-json\/wp\/v2\/product_tag?post=1867"}],"curies":[{"name":"wp","href":"https:\/\/api.w.org\/{rel}","templated":true}]}}