{"id":1642,"date":"2025-05-15T14:12:51","date_gmt":"2025-05-15T06:12:51","guid":{"rendered":"https:\/\/www.deopaws.com\/?post_type=product&#038;p=1642"},"modified":"2026-01-04T10:34:28","modified_gmt":"2026-01-04T02:34:28","slug":"small-automatic-dog-feeder","status":"publish","type":"product","link":"https:\/\/www.deopaws.com\/de\/produkt\/small-automatic-dog-feeder\/","title":{"rendered":"Automatischer intelligenter Hundefutterautomat mit Kunststoffschalen f\u00fcr Trockenfutter"},"content":{"rendered":"<h2 data-start=\"77\" data-end=\"192\">Kleiner Futterautomat f\u00fcr Hunde\uff1a<\/h2>\n<p>&nbsp;<\/p>\n<p class=\"\" data-start=\"77\" data-end=\"192\">\u25cf Der automatische und extrem leise Betrieb sorgt f\u00fcr eine stressfreie F\u00fctterung Ihrer Haustiere.<\/p>\n<p class=\"\" data-start=\"77\" data-end=\"192\"><br data-start=\"80\" data-end=\"83\" \/>\u25cf Zusammenklappbares Design mit rutschfestem Boden f\u00fcr Komfort und Stabilit\u00e4t.<\/p>\n<p class=\"\" data-start=\"77\" data-end=\"192\"><br data-start=\"150\" data-end=\"153\" \/>\u25cf Hergestellt aus lebensmittelechtem Edelstahl und Kunststoff f\u00fcr Sicherheit und einfache Reinigung.<\/p>\n<p class=\"\" data-start=\"77\" data-end=\"192\"><br data-start=\"233\" data-end=\"236\" \/>\u25cf Einstellbare Portionen f\u00fcr Hunde, Katzen und Kleintiere geeignet.<\/p>\n<p class=\"\" data-start=\"77\" data-end=\"192\"><br data-start=\"301\" data-end=\"304\" \/>\u25cf Wiederaufladbare und batteriebetriebene Optionen f\u00fcr einen flexiblen Einsatz.<\/p>\n<p class=\"\" data-start=\"77\" data-end=\"192\"><br data-start=\"364\" data-end=\"367\" \/>\u25cf OEM\/ODM-Dienstleistungen zur Erf\u00fcllung kundenspezifischer Markenanforderungen verf\u00fcgbar.<\/p>\n<p>&nbsp;<\/p>\n<p>&nbsp;<\/p>\n<div style=\"max-width: 800px; margin: auto; padding: 20px;\">\n<p><!-- \u5de6\u56fe\u53f3\u6587 --><\/p>\n<div style=\"display: flex; align-items: center; gap: 20px; margin-bottom: 40px; flex-wrap: wrap;\">\n<p><img loading=\"lazy\" decoding=\"async\" class=\"alignnone size-medium wp-image-1643\" src=\"https:\/\/www.deopaws.com\/wp-content\/uploads\/2025\/05\/Automatic-Smart-Dog-Food-Feeder-with-Plastic-Bowls-for-Dry-Food-1-300x240.jpg\" alt=\"\" width=\"300\" height=\"240\" srcset=\"https:\/\/www.deopaws.com\/wp-content\/uploads\/2025\/05\/Automatic-Smart-Dog-Food-Feeder-with-Plastic-Bowls-for-Dry-Food-1-300x240.jpg 300w, https:\/\/www.deopaws.com\/wp-content\/uploads\/2025\/05\/Automatic-Smart-Dog-Food-Feeder-with-Plastic-Bowls-for-Dry-Food-1-600x480.jpg 600w, https:\/\/www.deopaws.com\/wp-content\/uploads\/2025\/05\/Automatic-Smart-Dog-Food-Feeder-with-Plastic-Bowls-for-Dry-Food-1.jpg 750w\" sizes=\"auto, (max-width: 300px) 100vw, 300px\" \/><\/p>\n<div style=\"flex: 1; min-width: 0;\">\n<p style=\"color: gray;\">Die kleine automatische Hundef\u00fctterung sorgt daf\u00fcr, dass Sie immer zu jeder Zeit f\u00fcttern k\u00f6nnen, so dass Sie sorgenfrei schlafen, reisen oder arbeiten k\u00f6nnen.<\/p>\n<\/div>\n<\/div>\n<p><!-- \u53f3\u56fe\u5de6\u6587 --><\/p>\n<div style=\"display: flex; flex-direction: row-reverse; align-items: center; gap: 20px; flex-wrap: wrap;\">\n<p><img loading=\"lazy\" decoding=\"async\" class=\"alignnone size-medium wp-image-1644\" src=\"https:\/\/www.deopaws.com\/wp-content\/uploads\/2025\/05\/Automatic-Smart-Dog-Food-Feeder-with-Plastic-Bowls-for-Dry-Food-2-300x240.jpg\" alt=\"\" width=\"300\" height=\"240\" srcset=\"https:\/\/www.deopaws.com\/wp-content\/uploads\/2025\/05\/Automatic-Smart-Dog-Food-Feeder-with-Plastic-Bowls-for-Dry-Food-2-300x240.jpg 300w, https:\/\/www.deopaws.com\/wp-content\/uploads\/2025\/05\/Automatic-Smart-Dog-Food-Feeder-with-Plastic-Bowls-for-Dry-Food-2-600x480.jpg 600w, https:\/\/www.deopaws.com\/wp-content\/uploads\/2025\/05\/Automatic-Smart-Dog-Food-Feeder-with-Plastic-Bowls-for-Dry-Food-2.jpg 750w\" sizes=\"auto, (max-width: 300px) 100vw, 300px\" \/><\/p>\n<div style=\"flex: 1; min-width: 0;\">\n<p style=\"color: gray;\">Das Anti-Haft-Korndesign verhindert Verstopfungen und sorgt f\u00fcr eine reibungslose F\u00fctterung.<\/p>\n<\/div>\n<\/div>\n<\/div>\n<div style=\"max-width: 800px; margin: auto; padding: 20px;\">\n<p><!-- \u5de6\u56fe\u53f3\u6587 --><\/p>\n<div style=\"display: flex; align-items: center; gap: 20px; margin-bottom: 40px; flex-wrap: wrap;\">\n<p><img loading=\"lazy\" decoding=\"async\" class=\"alignnone size-medium wp-image-1645\" src=\"https:\/\/www.deopaws.com\/wp-content\/uploads\/2025\/05\/Automatic-Smart-Dog-Food-Feeder-with-Plastic-Bowls-for-Dry-Food-3-300x240.jpg\" alt=\"\" width=\"300\" height=\"240\" srcset=\"https:\/\/www.deopaws.com\/wp-content\/uploads\/2025\/05\/Automatic-Smart-Dog-Food-Feeder-with-Plastic-Bowls-for-Dry-Food-3-300x240.jpg 300w, https:\/\/www.deopaws.com\/wp-content\/uploads\/2025\/05\/Automatic-Smart-Dog-Food-Feeder-with-Plastic-Bowls-for-Dry-Food-3-600x480.jpg 600w, https:\/\/www.deopaws.com\/wp-content\/uploads\/2025\/05\/Automatic-Smart-Dog-Food-Feeder-with-Plastic-Bowls-for-Dry-Food-3.jpg 750w\" sizes=\"auto, (max-width: 300px) 100vw, 300px\" \/><\/p>\n<div style=\"flex: 1; min-width: 0;\">\n<p style=\"color: gray;\">Die Deckelsperre verhindert Manipulationen und versehentliches Fallenlassen.<\/p>\n<\/div>\n<\/div>\n<p><!-- \u53f3\u56fe\u5de6\u6587 --><\/p>\n<div style=\"display: flex; flex-direction: row-reverse; align-items: center; gap: 20px; flex-wrap: wrap;\">\n<p><img loading=\"lazy\" decoding=\"async\" class=\"alignnone size-medium wp-image-1648\" src=\"https:\/\/www.deopaws.com\/wp-content\/uploads\/2025\/05\/Automatic-Smart-Dog-Food-Feeder-with-Plastic-Bowls-for-Dry-Food-6-300x240.jpg\" alt=\"\" width=\"300\" height=\"240\" srcset=\"https:\/\/www.deopaws.com\/wp-content\/uploads\/2025\/05\/Automatic-Smart-Dog-Food-Feeder-with-Plastic-Bowls-for-Dry-Food-6-300x240.jpg 300w, https:\/\/www.deopaws.com\/wp-content\/uploads\/2025\/05\/Automatic-Smart-Dog-Food-Feeder-with-Plastic-Bowls-for-Dry-Food-6-600x480.jpg 600w, https:\/\/www.deopaws.com\/wp-content\/uploads\/2025\/05\/Automatic-Smart-Dog-Food-Feeder-with-Plastic-Bowls-for-Dry-Food-6.jpg 750w\" sizes=\"auto, (max-width: 300px) 100vw, 300px\" \/><\/p>\n<div style=\"flex: 1; min-width: 0;\">\n<p style=\"color: gray;\">Die doppelte Stromversorgung gew\u00e4hrleistet ein Batterie-Backup (Batterien nicht im Lieferumfang enthalten), wenn der Netzstrom ausf\u00e4llt.<\/p>\n<\/div>\n<\/div>\n<\/div>\n<div style=\"max-width: 800px; margin: auto; padding: 20px;\">\n<p><!-- \u5de6\u56fe\u53f3\u6587 --><\/p>\n<div style=\"display: flex; align-items: center; gap: 20px; margin-bottom: 40px; flex-wrap: wrap;\">\n<p><img loading=\"lazy\" decoding=\"async\" class=\"alignnone size-medium wp-image-1649\" src=\"https:\/\/www.deopaws.com\/wp-content\/uploads\/2025\/05\/Automatic-Smart-Dog-Food-Feeder-with-Plastic-Bowls-for-Dry-Food-7-300x240.jpg\" alt=\"\" width=\"300\" height=\"240\" srcset=\"https:\/\/www.deopaws.com\/wp-content\/uploads\/2025\/05\/Automatic-Smart-Dog-Food-Feeder-with-Plastic-Bowls-for-Dry-Food-7-300x240.jpg 300w, https:\/\/www.deopaws.com\/wp-content\/uploads\/2025\/05\/Automatic-Smart-Dog-Food-Feeder-with-Plastic-Bowls-for-Dry-Food-7-600x480.jpg 600w, https:\/\/www.deopaws.com\/wp-content\/uploads\/2025\/05\/Automatic-Smart-Dog-Food-Feeder-with-Plastic-Bowls-for-Dry-Food-7.jpg 750w\" sizes=\"auto, (max-width: 300px) 100vw, 300px\" \/><\/p>\n<div style=\"flex: 1; min-width: 0;\">\n<p style=\"color: gray;\">Bietet ausreichend Nahrung f\u00fcr mehrere Tage.<\/p>\n<\/div>\n<\/div>\n<\/div>\n<h3>Werksanzeige<\/h3>\n<p>&nbsp;<\/p>\n<div class=\"row\">\n<div class=\"col-lg-4\"><img loading=\"lazy\" decoding=\"async\" class=\"alignnone size-medium wp-image-142\" src=\"https:\/\/gray-bee-883835.hostingersite.com\/wp-content\/uploads\/2025\/04\/Small-pet-raincoat-3_-300x225.jpg\" alt=\"\" width=\"300\" height=\"225\" srcset=\"https:\/\/www.deopaws.com\/wp-content\/uploads\/2025\/04\/Small-pet-raincoat-3_-300x225.jpg 300w, https:\/\/www.deopaws.com\/wp-content\/uploads\/2025\/04\/Small-pet-raincoat-3_-600x450.jpg 600w, https:\/\/www.deopaws.com\/wp-content\/uploads\/2025\/04\/Small-pet-raincoat-3_-768x576.jpg 768w, https:\/\/www.deopaws.com\/wp-content\/uploads\/2025\/04\/Small-pet-raincoat-3_.jpg 800w\" sizes=\"auto, (max-width: 300px) 100vw, 300px\" \/><\/div>\n<div class=\"col-lg-4\"><img loading=\"lazy\" decoding=\"async\" class=\"alignnone size-medium wp-image-138\" src=\"https:\/\/gray-bee-883835.hostingersite.com\/wp-content\/uploads\/2025\/04\/Small-pet-raincoat-2-2-300x225.jpg\" alt=\"\" width=\"300\" height=\"225\" srcset=\"https:\/\/www.deopaws.com\/wp-content\/uploads\/2025\/04\/Small-pet-raincoat-2-2-300x225.jpg 300w, https:\/\/www.deopaws.com\/wp-content\/uploads\/2025\/04\/Small-pet-raincoat-2-2-600x450.jpg 600w, https:\/\/www.deopaws.com\/wp-content\/uploads\/2025\/04\/Small-pet-raincoat-2-2-768x576.jpg 768w, https:\/\/www.deopaws.com\/wp-content\/uploads\/2025\/04\/Small-pet-raincoat-2-2.jpg 800w\" sizes=\"auto, (max-width: 300px) 100vw, 300px\" \/><\/div>\n<div class=\"col-lg-4\"><img loading=\"lazy\" decoding=\"async\" class=\"alignnone size-medium wp-image-139\" src=\"https:\/\/gray-bee-883835.hostingersite.com\/wp-content\/uploads\/2025\/04\/Small-pet-raincoat-3-2-300x225.jpg\" alt=\"\" width=\"300\" height=\"225\" srcset=\"https:\/\/www.deopaws.com\/wp-content\/uploads\/2025\/04\/Small-pet-raincoat-3-2-300x225.jpg 300w, https:\/\/www.deopaws.com\/wp-content\/uploads\/2025\/04\/Small-pet-raincoat-3-2-600x450.jpg 600w, https:\/\/www.deopaws.com\/wp-content\/uploads\/2025\/04\/Small-pet-raincoat-3-2-768x576.jpg 768w, https:\/\/www.deopaws.com\/wp-content\/uploads\/2025\/04\/Small-pet-raincoat-3-2.jpg 800w\" sizes=\"auto, (max-width: 300px) 100vw, 300px\" \/><\/div>\n<p>&nbsp;<\/p>\n<div>\n<div class=\"row\">\n<div class=\"col-lg-4\"><img loading=\"lazy\" decoding=\"async\" class=\"alignnone size-medium wp-image-141\" src=\"https:\/\/gray-bee-883835.hostingersite.com\/wp-content\/uploads\/2025\/04\/Small-pet-raincoat-2_-300x225.jpg\" alt=\"\" width=\"300\" height=\"225\" srcset=\"https:\/\/www.deopaws.com\/wp-content\/uploads\/2025\/04\/Small-pet-raincoat-2_-300x225.jpg 300w, https:\/\/www.deopaws.com\/wp-content\/uploads\/2025\/04\/Small-pet-raincoat-2_-600x450.jpg 600w, https:\/\/www.deopaws.com\/wp-content\/uploads\/2025\/04\/Small-pet-raincoat-2_-768x576.jpg 768w, https:\/\/www.deopaws.com\/wp-content\/uploads\/2025\/04\/Small-pet-raincoat-2_.jpg 800w\" sizes=\"auto, (max-width: 300px) 100vw, 300px\" \/><\/div>\n<div class=\"col-lg-4\"><img loading=\"lazy\" decoding=\"async\" class=\"alignnone size-full wp-image-1656\" src=\"https:\/\/www.deopaws.com\/wp-content\/uploads\/2025\/05\/fact-1_\u526f\u672c.jpg\" alt=\"\" width=\"300\" height=\"225\" \/><\/div>\n<div class=\"col-lg-4\"><img loading=\"lazy\" decoding=\"async\" class=\"alignnone size-medium wp-image-137\" src=\"https:\/\/gray-bee-883835.hostingersite.com\/wp-content\/uploads\/2025\/04\/Small-pet-raincoat-1-2-300x225.jpg\" alt=\"\" width=\"300\" height=\"225\" srcset=\"https:\/\/www.deopaws.com\/wp-content\/uploads\/2025\/04\/Small-pet-raincoat-1-2-300x225.jpg 300w, https:\/\/www.deopaws.com\/wp-content\/uploads\/2025\/04\/Small-pet-raincoat-1-2-600x450.jpg 600w, https:\/\/www.deopaws.com\/wp-content\/uploads\/2025\/04\/Small-pet-raincoat-1-2-768x576.jpg 768w, https:\/\/www.deopaws.com\/wp-content\/uploads\/2025\/04\/Small-pet-raincoat-1-2.jpg 800w\" sizes=\"auto, (max-width: 300px) 100vw, 300px\" \/><\/div>\n<div><\/div>\n<\/div>\n<\/div>\n<\/div>","protected":false},"excerpt":{"rendered":"<p data-start=\"28\" data-end=\"359\">Dieser automatische, intelligente Hundefutterautomat hat ein faltbares Design und einen stabilen, rutschfesten Sockel. Er ist aus langlebigem, lebensmittelechtem Edelstahl und Kunststoff gefertigt und arbeitet extrem leise mit einstellbaren Portionen. Er ist wiederaufladbar und batteriebetrieben und eignet sich perfekt f\u00fcr Hunde, Katzen und Kleintiere. OEM\/ODM-unterst\u00fctzt.<\/p>","protected":false},"featured_media":1646,"comment_status":"open","ping_status":"closed","template":"","meta":{"_acf_changed":false},"product_brand":[],"product_cat":[15],"product_tag":[],"class_list":{"0":"post-1642","1":"product","2":"type-product","3":"status-publish","4":"has-post-thumbnail","6":"product_cat-products","8":"first","9":"instock","10":"shipping-taxable","11":"product-type-simple"},"acf":[],"_links":{"self":[{"href":"https:\/\/www.deopaws.com\/de\/wp-json\/wp\/v2\/product\/1642","targetHints":{"allow":["GET"]}}],"collection":[{"href":"https:\/\/www.deopaws.com\/de\/wp-json\/wp\/v2\/product"}],"about":[{"href":"https:\/\/www.deopaws.com\/de\/wp-json\/wp\/v2\/types\/product"}],"replies":[{"embeddable":true,"href":"https:\/\/www.deopaws.com\/de\/wp-json\/wp\/v2\/comments?post=1642"}],"wp:featuredmedia":[{"embeddable":true,"href":"https:\/\/www.deopaws.com\/de\/wp-json\/wp\/v2\/media\/1646"}],"wp:attachment":[{"href":"https:\/\/www.deopaws.com\/de\/wp-json\/wp\/v2\/media?parent=1642"}],"wp:term":[{"taxonomy":"product_brand","embeddable":true,"href":"https:\/\/www.deopaws.com\/de\/wp-json\/wp\/v2\/product_brand?post=1642"},{"taxonomy":"product_cat","embeddable":true,"href":"https:\/\/www.deopaws.com\/de\/wp-json\/wp\/v2\/product_cat?post=1642"},{"taxonomy":"product_tag","embeddable":true,"href":"https:\/\/www.deopaws.com\/de\/wp-json\/wp\/v2\/product_tag?post=1642"}],"curies":[{"name":"wp","href":"https:\/\/api.w.org\/{rel}","templated":true}]}}