{"id":1632,"date":"2025-05-15T15:45:21","date_gmt":"2025-05-15T07:45:21","guid":{"rendered":"https:\/\/www.deopaws.com\/?post_type=product&#038;p=1632"},"modified":"2025-07-18T09:11:00","modified_gmt":"2025-07-18T01:11:00","slug":"pet-food-and-water-dispenser","status":"publish","type":"product","link":"https:\/\/www.deopaws.com\/de\/produkt\/pet-food-and-water-dispenser\/","title":{"rendered":"Automatischer Futter- und Wasserspender f\u00fcr Haustiere - kompaktes kleines Paket"},"content":{"rendered":"<h2 data-start=\"77\" data-end=\"192\">Futter- und Wasserspender f\u00fcr Haustiere:<\/h2>\n<p>&nbsp;<\/p>\n<p class=\"\" data-start=\"77\" data-end=\"192\">\u25cf Automatisch: Bietet eine pr\u00e4zise Futter- und Wasserausgabe f\u00fcr Kleintiere.<\/p>\n<p class=\"\" data-start=\"77\" data-end=\"192\"><br data-start=\"74\" data-end=\"77\" \/>\u25cf Kompaktes Design: Platzsparend und einfach in jeder Umgebung zu platzieren.<\/p>\n<p class=\"\" data-start=\"77\" data-end=\"192\"><br data-start=\"145\" data-end=\"148\" \/>\u25cf Langlebig und sicher: Hergestellt aus hochwertigem Kunststoff mit geometrischen und soliden Mustern.<\/p>\n<p class=\"\" data-start=\"77\" data-end=\"192\"><br data-start=\"231\" data-end=\"234\" \/>\u25cf Einfache Einrichtung: Einfach zu installieren und zu bedienen f\u00fcr problemlosen Einsatz.<\/p>\n<p class=\"\" data-start=\"77\" data-end=\"192\">\u25cf Ideal f\u00fcr Kleintiere: Perfekt f\u00fcr die t\u00e4gliche F\u00fctterung und den Fl\u00fcssigkeitsbedarf.<\/p>\n<p class=\"\" data-start=\"77\" data-end=\"192\"><br data-start=\"374\" data-end=\"377\" \/>\u25cf Anpassbar: Unterst\u00fctzt kundenspezifische Logos f\u00fcr das Branding.<\/p>\n<p>&nbsp;<\/p>\n<p>&nbsp;<\/p>\n<div style=\"max-width: 800px; margin: auto; padding: 20px;\">\n<p><!-- \u5de6\u56fe\u53f3\u6587 --><\/p>\n<div style=\"display: flex; align-items: center; gap: 20px; margin-bottom: 40px; flex-wrap: wrap;\">\n<p><img loading=\"lazy\" decoding=\"async\" class=\"alignnone wp-image-1639\" src=\"https:\/\/www.deopaws.com\/wp-content\/uploads\/2025\/05\/Automatic-Pet-Food-and-Water-Dispenser-\u2013-Compact-Small-Package-7-300x240.jpg\" alt=\"pet food and water dispenser\" width=\"370\" height=\"296\" srcset=\"https:\/\/www.deopaws.com\/wp-content\/uploads\/2025\/05\/Automatic-Pet-Food-and-Water-Dispenser-\u2013-Compact-Small-Package-7-300x240.jpg 300w, https:\/\/www.deopaws.com\/wp-content\/uploads\/2025\/05\/Automatic-Pet-Food-and-Water-Dispenser-\u2013-Compact-Small-Package-7-600x480.jpg 600w, https:\/\/www.deopaws.com\/wp-content\/uploads\/2025\/05\/Automatic-Pet-Food-and-Water-Dispenser-\u2013-Compact-Small-Package-7.jpg 750w\" sizes=\"auto, (max-width: 370px) 100vw, 370px\" \/><\/p>\n<div style=\"flex: 1; min-width: 0;\">\n<p style=\"color: gray;\">Integrierte Lebensmittel und Wasser mit reinem Wasserkreislauf und stummem Design.<\/p>\n<\/div>\n<\/div>\n<p><!-- \u53f3\u56fe\u5de6\u6587 --><\/p>\n<div style=\"display: flex; flex-direction: row-reverse; align-items: center; gap: 20px; flex-wrap: wrap;\">\n<p><img loading=\"lazy\" decoding=\"async\" class=\"alignnone wp-image-1633\" src=\"https:\/\/www.deopaws.com\/wp-content\/uploads\/2025\/05\/Automatic-Pet-Food-and-Water-Dispenser-\u2013-Compact-Small-Package-1-300x240.jpg\" alt=\"pet food and water dispenser\" width=\"370\" height=\"296\" srcset=\"https:\/\/www.deopaws.com\/wp-content\/uploads\/2025\/05\/Automatic-Pet-Food-and-Water-Dispenser-\u2013-Compact-Small-Package-1-300x240.jpg 300w, https:\/\/www.deopaws.com\/wp-content\/uploads\/2025\/05\/Automatic-Pet-Food-and-Water-Dispenser-\u2013-Compact-Small-Package-1-600x480.jpg 600w, https:\/\/www.deopaws.com\/wp-content\/uploads\/2025\/05\/Automatic-Pet-Food-and-Water-Dispenser-\u2013-Compact-Small-Package-1.jpg 750w\" sizes=\"auto, (max-width: 370px) 100vw, 370px\" \/><\/p>\n<div style=\"flex: 1; min-width: 0;\">\n<p style=\"color: gray;\">Die 5 cm hohe Basis und die um 15\u00b0 geneigte Oberfl\u00e4che des St\u00e4nders helfen Katzen, bequem zu fressen, ohne den Nacken zu belasten, und verhindern so ein Versch\u00fctten der Nahrung.<\/p>\n<\/div>\n<\/div>\n<\/div>\n<div style=\"max-width: 800px; margin: auto; padding: 20px;\">\n<p><!-- \u5de6\u56fe\u53f3\u6587 --><\/p>\n<div style=\"display: flex; align-items: center; gap: 20px; margin-bottom: 40px; flex-wrap: wrap;\">\n<p><img loading=\"lazy\" decoding=\"async\" class=\"alignnone wp-image-1635\" src=\"https:\/\/www.deopaws.com\/wp-content\/uploads\/2025\/05\/Automatic-Pet-Food-and-Water-Dispenser-\u2013-Compact-Small-Package-3-300x240.jpg\" alt=\"pet food and water dispenser\" width=\"370\" height=\"296\" srcset=\"https:\/\/www.deopaws.com\/wp-content\/uploads\/2025\/05\/Automatic-Pet-Food-and-Water-Dispenser-\u2013-Compact-Small-Package-3-300x240.jpg 300w, https:\/\/www.deopaws.com\/wp-content\/uploads\/2025\/05\/Automatic-Pet-Food-and-Water-Dispenser-\u2013-Compact-Small-Package-3-600x480.jpg 600w, https:\/\/www.deopaws.com\/wp-content\/uploads\/2025\/05\/Automatic-Pet-Food-and-Water-Dispenser-\u2013-Compact-Small-Package-3.jpg 750w\" sizes=\"auto, (max-width: 370px) 100vw, 370px\" \/><\/p>\n<div style=\"flex: 1; min-width: 0;\">\n<p style=\"color: gray;\">Bewegtes Wasser ist die nat\u00fcrliche Wahl eines Haustieres, da es eine frische Quelle signalisiert, und ausreichend sauberes Wasser zu trinken ist wichtig, um die Gesundheit der Nieren und des Harns zu sch\u00fctzen.<\/p>\n<\/div>\n<\/div>\n<p><!-- \u53f3\u56fe\u5de6\u6587 --><\/p>\n<div style=\"display: flex; flex-direction: row-reverse; align-items: center; gap: 20px; flex-wrap: wrap;\">\n<p><img loading=\"lazy\" decoding=\"async\" class=\"alignnone wp-image-1634\" src=\"https:\/\/www.deopaws.com\/wp-content\/uploads\/2025\/05\/Automatic-Pet-Food-and-Water-Dispenser-\u2013-Compact-Small-Package-2-300x240.jpg\" alt=\"pet food and water dispenser\" width=\"370\" height=\"296\" srcset=\"https:\/\/www.deopaws.com\/wp-content\/uploads\/2025\/05\/Automatic-Pet-Food-and-Water-Dispenser-\u2013-Compact-Small-Package-2-300x240.jpg 300w, https:\/\/www.deopaws.com\/wp-content\/uploads\/2025\/05\/Automatic-Pet-Food-and-Water-Dispenser-\u2013-Compact-Small-Package-2-600x480.jpg 600w, https:\/\/www.deopaws.com\/wp-content\/uploads\/2025\/05\/Automatic-Pet-Food-and-Water-Dispenser-\u2013-Compact-Small-Package-2.jpg 750w\" sizes=\"auto, (max-width: 370px) 100vw, 370px\" \/><\/p>\n<div style=\"flex: 1; min-width: 0;\">\n<p style=\"color: gray;\">Dieser Futter- und Wasserspender f\u00fcr Haustiere wurde \u00fcber 1.000 Mal getestet, um Stabilit\u00e4t und Sicherheit zu gew\u00e4hrleisten.<\/p>\n<\/div>\n<\/div>\n<\/div>\n<div style=\"max-width: 800px; margin: auto; padding: 20px;\">\n<p><!-- \u5de6\u56fe\u53f3\u6587 --><\/p>\n<div style=\"display: flex; align-items: center; gap: 20px; margin-bottom: 40px; flex-wrap: wrap;\">\n<p><img loading=\"lazy\" decoding=\"async\" class=\"alignnone wp-image-1640\" src=\"https:\/\/www.deopaws.com\/wp-content\/uploads\/2025\/05\/Automatic-Pet-Food-and-Water-Dispenser-\u2013-Compact-Small-Package-8-300x240.jpg\" alt=\"pet food and water dispenser\" width=\"369\" height=\"295\" srcset=\"https:\/\/www.deopaws.com\/wp-content\/uploads\/2025\/05\/Automatic-Pet-Food-and-Water-Dispenser-\u2013-Compact-Small-Package-8-300x240.jpg 300w, https:\/\/www.deopaws.com\/wp-content\/uploads\/2025\/05\/Automatic-Pet-Food-and-Water-Dispenser-\u2013-Compact-Small-Package-8-600x480.jpg 600w, https:\/\/www.deopaws.com\/wp-content\/uploads\/2025\/05\/Automatic-Pet-Food-and-Water-Dispenser-\u2013-Compact-Small-Package-8.jpg 750w\" sizes=\"auto, (max-width: 369px) 100vw, 369px\" \/><\/p>\n<div style=\"flex: 1; min-width: 0;\">\n<p style=\"color: gray;\">Leichte Montage und Demontage mit einfacher Reinigung - die Teile k\u00f6nnen leicht geteilt, angehoben und demontiert werden, um eine gr\u00fcndliche Reinigung ohne tote Ecken zu erm\u00f6glichen.<\/p>\n<\/div>\n<\/div>\n<p><!-- \u53f3\u56fe\u5de6\u6587 --><\/p>\n<div style=\"display: flex; flex-direction: row-reverse; align-items: center; gap: 20px; flex-wrap: wrap;\">\n<p><img loading=\"lazy\" decoding=\"async\" class=\"alignnone wp-image-1638\" src=\"https:\/\/www.deopaws.com\/wp-content\/uploads\/2025\/05\/Automatic-Pet-Food-and-Water-Dispenser-\u2013-Compact-Small-Package-6-300x240.jpg\" alt=\"pet food and water dispenser\" width=\"370\" height=\"296\" srcset=\"https:\/\/www.deopaws.com\/wp-content\/uploads\/2025\/05\/Automatic-Pet-Food-and-Water-Dispenser-\u2013-Compact-Small-Package-6-300x240.jpg 300w, https:\/\/www.deopaws.com\/wp-content\/uploads\/2025\/05\/Automatic-Pet-Food-and-Water-Dispenser-\u2013-Compact-Small-Package-6-600x480.jpg 600w, https:\/\/www.deopaws.com\/wp-content\/uploads\/2025\/05\/Automatic-Pet-Food-and-Water-Dispenser-\u2013-Compact-Small-Package-6.jpg 750w\" sizes=\"auto, (max-width: 370px) 100vw, 370px\" \/><\/p>\n<div style=\"flex: 1; min-width: 0;\">\n<p style=\"color: gray;\">Die 30 dB leise b\u00fcrstenlose Wasserpumpe verf\u00fcgt \u00fcber ein dezibelarmes Design, das die Ger\u00e4usche des Wasserflusses reduziert und so eine beruhigende Umgebung f\u00fcr die s\u00fc\u00dfen Tr\u00e4ume Ihres Haustieres schafft, ohne zu st\u00f6ren.<\/p>\n<\/div>\n<\/div>\n<\/div>\n<h3>Werksanzeige<\/h3>\n<p>&nbsp;<\/p>\n<div class=\"row\">\n<div class=\"col-lg-4\"><img loading=\"lazy\" decoding=\"async\" class=\"alignnone size-medium wp-image-142\" src=\"https:\/\/gray-bee-883835.hostingersite.com\/wp-content\/uploads\/2025\/04\/Small-pet-raincoat-3_-300x225.jpg\" alt=\"\" width=\"300\" height=\"225\" srcset=\"https:\/\/www.deopaws.com\/wp-content\/uploads\/2025\/04\/Small-pet-raincoat-3_-300x225.jpg 300w, https:\/\/www.deopaws.com\/wp-content\/uploads\/2025\/04\/Small-pet-raincoat-3_-600x450.jpg 600w, https:\/\/www.deopaws.com\/wp-content\/uploads\/2025\/04\/Small-pet-raincoat-3_-768x576.jpg 768w, https:\/\/www.deopaws.com\/wp-content\/uploads\/2025\/04\/Small-pet-raincoat-3_.jpg 800w\" sizes=\"auto, (max-width: 300px) 100vw, 300px\" \/><\/div>\n<div class=\"col-lg-4\"><img loading=\"lazy\" decoding=\"async\" class=\"alignnone size-medium wp-image-138\" src=\"https:\/\/gray-bee-883835.hostingersite.com\/wp-content\/uploads\/2025\/04\/Small-pet-raincoat-2-2-300x225.jpg\" alt=\"\" width=\"300\" height=\"225\" srcset=\"https:\/\/www.deopaws.com\/wp-content\/uploads\/2025\/04\/Small-pet-raincoat-2-2-300x225.jpg 300w, https:\/\/www.deopaws.com\/wp-content\/uploads\/2025\/04\/Small-pet-raincoat-2-2-600x450.jpg 600w, https:\/\/www.deopaws.com\/wp-content\/uploads\/2025\/04\/Small-pet-raincoat-2-2-768x576.jpg 768w, https:\/\/www.deopaws.com\/wp-content\/uploads\/2025\/04\/Small-pet-raincoat-2-2.jpg 800w\" sizes=\"auto, (max-width: 300px) 100vw, 300px\" \/><\/div>\n<div class=\"col-lg-4\"><img loading=\"lazy\" decoding=\"async\" class=\"alignnone size-medium wp-image-139\" src=\"https:\/\/gray-bee-883835.hostingersite.com\/wp-content\/uploads\/2025\/04\/Small-pet-raincoat-3-2-300x225.jpg\" alt=\"\" width=\"300\" height=\"225\" srcset=\"https:\/\/www.deopaws.com\/wp-content\/uploads\/2025\/04\/Small-pet-raincoat-3-2-300x225.jpg 300w, https:\/\/www.deopaws.com\/wp-content\/uploads\/2025\/04\/Small-pet-raincoat-3-2-600x450.jpg 600w, https:\/\/www.deopaws.com\/wp-content\/uploads\/2025\/04\/Small-pet-raincoat-3-2-768x576.jpg 768w, https:\/\/www.deopaws.com\/wp-content\/uploads\/2025\/04\/Small-pet-raincoat-3-2.jpg 800w\" sizes=\"auto, (max-width: 300px) 100vw, 300px\" \/><\/div>\n<p>&nbsp;<\/p>\n<div>\n<div class=\"row\">\n<div class=\"col-lg-4\"><img loading=\"lazy\" decoding=\"async\" class=\"alignnone size-medium wp-image-141\" src=\"https:\/\/gray-bee-883835.hostingersite.com\/wp-content\/uploads\/2025\/04\/Small-pet-raincoat-2_-300x225.jpg\" alt=\"\" width=\"300\" height=\"225\" srcset=\"https:\/\/www.deopaws.com\/wp-content\/uploads\/2025\/04\/Small-pet-raincoat-2_-300x225.jpg 300w, https:\/\/www.deopaws.com\/wp-content\/uploads\/2025\/04\/Small-pet-raincoat-2_-600x450.jpg 600w, https:\/\/www.deopaws.com\/wp-content\/uploads\/2025\/04\/Small-pet-raincoat-2_-768x576.jpg 768w, https:\/\/www.deopaws.com\/wp-content\/uploads\/2025\/04\/Small-pet-raincoat-2_.jpg 800w\" sizes=\"auto, (max-width: 300px) 100vw, 300px\" \/><\/div>\n<div class=\"col-lg-4\"><img loading=\"lazy\" decoding=\"async\" class=\"alignnone size-full wp-image-1656\" src=\"https:\/\/www.deopaws.com\/wp-content\/uploads\/2025\/05\/fact-1_\u526f\u672c.jpg\" alt=\"\" width=\"300\" height=\"225\" \/><\/div>\n<div class=\"col-lg-4\"><img loading=\"lazy\" decoding=\"async\" class=\"alignnone size-medium wp-image-137\" src=\"https:\/\/gray-bee-883835.hostingersite.com\/wp-content\/uploads\/2025\/04\/Small-pet-raincoat-1-2-300x225.jpg\" alt=\"\" width=\"300\" height=\"225\" srcset=\"https:\/\/www.deopaws.com\/wp-content\/uploads\/2025\/04\/Small-pet-raincoat-1-2-300x225.jpg 300w, https:\/\/www.deopaws.com\/wp-content\/uploads\/2025\/04\/Small-pet-raincoat-1-2-600x450.jpg 600w, https:\/\/www.deopaws.com\/wp-content\/uploads\/2025\/04\/Small-pet-raincoat-1-2-768x576.jpg 768w, https:\/\/www.deopaws.com\/wp-content\/uploads\/2025\/04\/Small-pet-raincoat-1-2.jpg 800w\" sizes=\"auto, (max-width: 300px) 100vw, 300px\" \/><\/div>\n<div><\/div>\n<\/div>\n<\/div>\n<\/div>","protected":false},"excerpt":{"rendered":"<p>Dieser Futter- und Wasserspender f\u00fcr Haustiere ist auf Effizienz, Hygiene und Komfort in der modernen Haustierpflege ausgelegt. Mit seinem auf Schwerkraft basierenden dualen F\u00fctterungssystem sorgt er f\u00fcr eine kontinuierliche Versorgung mit Futter und Wasser f\u00fcr Haustiere und minimiert das manuelle Nachf\u00fcllen und die t\u00e4gliche Wartung.<\/p>","protected":false},"featured_media":1636,"comment_status":"open","ping_status":"closed","template":"","meta":{"_acf_changed":false},"product_brand":[],"product_cat":[15],"product_tag":[],"class_list":{"0":"post-1632","1":"product","2":"type-product","3":"status-publish","4":"has-post-thumbnail","6":"product_cat-products","8":"first","9":"instock","10":"shipping-taxable","11":"product-type-simple"},"acf":[],"_links":{"self":[{"href":"https:\/\/www.deopaws.com\/de\/wp-json\/wp\/v2\/product\/1632","targetHints":{"allow":["GET"]}}],"collection":[{"href":"https:\/\/www.deopaws.com\/de\/wp-json\/wp\/v2\/product"}],"about":[{"href":"https:\/\/www.deopaws.com\/de\/wp-json\/wp\/v2\/types\/product"}],"replies":[{"embeddable":true,"href":"https:\/\/www.deopaws.com\/de\/wp-json\/wp\/v2\/comments?post=1632"}],"wp:featuredmedia":[{"embeddable":true,"href":"https:\/\/www.deopaws.com\/de\/wp-json\/wp\/v2\/media\/1636"}],"wp:attachment":[{"href":"https:\/\/www.deopaws.com\/de\/wp-json\/wp\/v2\/media?parent=1632"}],"wp:term":[{"taxonomy":"product_brand","embeddable":true,"href":"https:\/\/www.deopaws.com\/de\/wp-json\/wp\/v2\/product_brand?post=1632"},{"taxonomy":"product_cat","embeddable":true,"href":"https:\/\/www.deopaws.com\/de\/wp-json\/wp\/v2\/product_cat?post=1632"},{"taxonomy":"product_tag","embeddable":true,"href":"https:\/\/www.deopaws.com\/de\/wp-json\/wp\/v2\/product_tag?post=1632"}],"curies":[{"name":"wp","href":"https:\/\/api.w.org\/{rel}","templated":true}]}}