{"id":1594,"date":"2025-05-15T10:57:54","date_gmt":"2025-05-15T02:57:54","guid":{"rendered":"https:\/\/www.deopaws.com\/?post_type=product&#038;p=1594"},"modified":"2025-07-18T10:05:37","modified_gmt":"2025-07-18T02:05:37","slug":"wifi-pet-feeder","status":"publish","type":"product","link":"https:\/\/www.deopaws.com\/de\/produkt\/wifi-pet-feeder\/","title":{"rendered":"Smart WiFi Pet Feeder - 6L Automatischer Dispenser mit App &amp; Mikrochip Kontrolle"},"content":{"rendered":"<h2 data-start=\"77\" data-end=\"192\">WiFi-Haustierf\u00fctterung\uff1a<\/h2>\n<p>&nbsp;<\/p>\n<p class=\"\" data-start=\"77\" data-end=\"192\">\u25cf Automatische F\u00fctterung: Unterst\u00fctzt geplante und portionsgesteuerte F\u00fctterung \u00fcber die Smartphone-App f\u00fcr Komfort und Gesundheit des Tieres.<\/p>\n<p class=\"\" data-start=\"77\" data-end=\"192\"><br data-start=\"121\" data-end=\"124\" \/>\u25cf Intelligente Steuerung: WiFi-f\u00e4hig mit mobiler App-Kompatibilit\u00e4t f\u00fcr Android, die eine Fernsteuerung jederzeit und \u00fcberall erm\u00f6glicht.<\/p>\n<p class=\"\" data-start=\"77\" data-end=\"192\"><br data-start=\"241\" data-end=\"244\" \/>\u25cf Sprachaufzeichnung: Mit dem integrierten Sprachaufzeichnungsger\u00e4t k\u00f6nnen Sie Ihr Haustier w\u00e4hrend der Mahlzeiten anrufen und so f\u00fcr zus\u00e4tzlichen Komfort sorgen.<\/p>\n<p class=\"\" data-start=\"77\" data-end=\"192\"><br data-start=\"340\" data-end=\"343\" \/>\u25cf Sicher und langlebig: Hergestellt aus lebensmittelechtem ABS, BPA-freiem Kunststoff, rostfreiem Stahl und umweltfreundlichen Materialien.<\/p>\n<p class=\"\" data-start=\"77\" data-end=\"192\"><br data-start=\"449\" data-end=\"452\" \/>\u25cf Zwei Stromversorgungsoptionen: Betrieb mit USB-Adapter oder 3 D-Zellen-Batterien (nicht im Lieferumfang enthalten) f\u00fcr eine unterbrechungsfreie Versorgung.<\/p>\n<p class=\"\" data-start=\"77\" data-end=\"192\"><br data-start=\"561\" data-end=\"564\" \/>\u25cf Leicht zu reinigen: Abnehmbare Sch\u00fcssel und Komponenten vereinfachen die t\u00e4gliche Wartung.<\/p>\n<p class=\"\" data-start=\"77\" data-end=\"192\"><br data-start=\"638\" data-end=\"641\" \/>\u25cf Leiser Betrieb: Der extrem leise Motor sorgt f\u00fcr ein st\u00f6rungsfreies F\u00fctterungserlebnis.<\/p>\n<p>&nbsp;<\/p>\n<p>&nbsp;<\/p>\n<div style=\"max-width: 800px; margin: auto; padding: 20px;\">\n<p><!-- \u5de6\u56fe\u53f3\u6587 --><\/p>\n<div style=\"display: flex; align-items: center; gap: 20px; margin-bottom: 40px; flex-wrap: wrap;\">\n<p><img loading=\"lazy\" decoding=\"async\" class=\"alignnone wp-image-1602\" src=\"https:\/\/www.deopaws.com\/wp-content\/uploads\/2025\/05\/Smart-WiFi-Pet-Feeder-\u2013-6L-Automatic-Dispenser-with-App-Microchip-Control-8-300x240.jpg\" alt=\"WiFi pet feeder\" width=\"370\" height=\"296\" srcset=\"https:\/\/www.deopaws.com\/wp-content\/uploads\/2025\/05\/Smart-WiFi-Pet-Feeder-\u2013-6L-Automatic-Dispenser-with-App-Microchip-Control-8-300x240.jpg 300w, https:\/\/www.deopaws.com\/wp-content\/uploads\/2025\/05\/Smart-WiFi-Pet-Feeder-\u2013-6L-Automatic-Dispenser-with-App-Microchip-Control-8-600x480.jpg 600w, https:\/\/www.deopaws.com\/wp-content\/uploads\/2025\/05\/Smart-WiFi-Pet-Feeder-\u2013-6L-Automatic-Dispenser-with-App-Microchip-Control-8.jpg 750w\" sizes=\"auto, (max-width: 370px) 100vw, 370px\" \/><\/p>\n<div style=\"flex: 1; min-width: 0;\">\n<p style=\"color: gray;\">Er verf\u00fcgt \u00fcber eine Aufnahmetaste, eine Taste f\u00fcr die manuelle F\u00fctterung und eine Betriebsanzeige (blau f\u00fcr angeschlossen, rot f\u00fcr gekoppelt) sowie eine WiFi-Reset-Funktion und einen Infrarotsensor, der das Versch\u00fctten von Lebensmitteln verhindert, wenn das Tablett voll ist.<\/p>\n<\/div>\n<\/div>\n<p><!-- \u53f3\u56fe\u5de6\u6587 --><\/p>\n<div style=\"display: flex; flex-direction: row-reverse; align-items: center; gap: 20px; flex-wrap: wrap;\">\n<p><img loading=\"lazy\" decoding=\"async\" class=\"alignnone wp-image-1600\" src=\"https:\/\/www.deopaws.com\/wp-content\/uploads\/2025\/05\/Smart-WiFi-Pet-Feeder-\u2013-6L-Automatic-Dispenser-with-App-Microchip-Control-6-300x240.jpg\" alt=\"WiFi pet feeder\" width=\"370\" height=\"296\" srcset=\"https:\/\/www.deopaws.com\/wp-content\/uploads\/2025\/05\/Smart-WiFi-Pet-Feeder-\u2013-6L-Automatic-Dispenser-with-App-Microchip-Control-6-300x240.jpg 300w, https:\/\/www.deopaws.com\/wp-content\/uploads\/2025\/05\/Smart-WiFi-Pet-Feeder-\u2013-6L-Automatic-Dispenser-with-App-Microchip-Control-6-600x480.jpg 600w, https:\/\/www.deopaws.com\/wp-content\/uploads\/2025\/05\/Smart-WiFi-Pet-Feeder-\u2013-6L-Automatic-Dispenser-with-App-Microchip-Control-6.jpg 750w\" sizes=\"auto, (max-width: 370px) 100vw, 370px\" \/><\/p>\n<div style=\"flex: 1; min-width: 0;\">\n<p style=\"color: gray;\">Unterst\u00fctzt 2.4G WiFi (nicht 5G) und erm\u00f6glicht eine 10-sek\u00fcndige Sprachaufzeichnung, um Ihr Haustier w\u00e4hrend der F\u00fctterungszeit zu rufen.<\/p>\n<\/div>\n<\/div>\n<\/div>\n<div style=\"max-width: 800px; margin: auto; padding: 20px;\">\n<p><!-- \u5de6\u56fe\u53f3\u6587 --><\/p>\n<div style=\"display: flex; align-items: center; gap: 20px; margin-bottom: 40px; flex-wrap: wrap;\">\n<p><img loading=\"lazy\" decoding=\"async\" class=\"alignnone wp-image-1595\" src=\"https:\/\/www.deopaws.com\/wp-content\/uploads\/2025\/05\/Smart-WiFi-Pet-Feeder-\u2013-6L-Automatic-Dispenser-with-App-Microchip-Control-1-300x240.jpg\" alt=\"WiFi pet feeder\" width=\"370\" height=\"296\" srcset=\"https:\/\/www.deopaws.com\/wp-content\/uploads\/2025\/05\/Smart-WiFi-Pet-Feeder-\u2013-6L-Automatic-Dispenser-with-App-Microchip-Control-1-300x240.jpg 300w, https:\/\/www.deopaws.com\/wp-content\/uploads\/2025\/05\/Smart-WiFi-Pet-Feeder-\u2013-6L-Automatic-Dispenser-with-App-Microchip-Control-1-600x480.jpg 600w, https:\/\/www.deopaws.com\/wp-content\/uploads\/2025\/05\/Smart-WiFi-Pet-Feeder-\u2013-6L-Automatic-Dispenser-with-App-Microchip-Control-1.jpg 750w\" sizes=\"auto, (max-width: 370px) 100vw, 370px\" \/><\/p>\n<div style=\"flex: 1; min-width: 0;\">\n<p style=\"color: gray;\">Unterst\u00fctzt manuelle F\u00fctterung und App-Steuerung mit flexiblem F\u00fctterungsplan, leicht zu reinigendem, herausnehmbarem Futtertrog und Beh\u00e4lter, Sprachaufzeichnung\/-wiedergabe und dualer Stromversorgung \u00fcber Batterie und Steckdose.<\/p>\n<\/div>\n<\/div>\n<\/div>\n<h3>Werksanzeige<\/h3>\n<p>&nbsp;<\/p>\n<div class=\"row\">\n<div class=\"col-lg-4\"><img loading=\"lazy\" decoding=\"async\" class=\"alignnone size-medium wp-image-142\" src=\"https:\/\/gray-bee-883835.hostingersite.com\/wp-content\/uploads\/2025\/04\/Small-pet-raincoat-3_-300x225.jpg\" alt=\"\" width=\"300\" height=\"225\" srcset=\"https:\/\/www.deopaws.com\/wp-content\/uploads\/2025\/04\/Small-pet-raincoat-3_-300x225.jpg 300w, https:\/\/www.deopaws.com\/wp-content\/uploads\/2025\/04\/Small-pet-raincoat-3_-600x450.jpg 600w, https:\/\/www.deopaws.com\/wp-content\/uploads\/2025\/04\/Small-pet-raincoat-3_-768x576.jpg 768w, https:\/\/www.deopaws.com\/wp-content\/uploads\/2025\/04\/Small-pet-raincoat-3_.jpg 800w\" sizes=\"auto, (max-width: 300px) 100vw, 300px\" \/><\/div>\n<div class=\"col-lg-4\"><img loading=\"lazy\" decoding=\"async\" class=\"alignnone size-medium wp-image-138\" src=\"https:\/\/gray-bee-883835.hostingersite.com\/wp-content\/uploads\/2025\/04\/Small-pet-raincoat-2-2-300x225.jpg\" alt=\"\" width=\"300\" height=\"225\" srcset=\"https:\/\/www.deopaws.com\/wp-content\/uploads\/2025\/04\/Small-pet-raincoat-2-2-300x225.jpg 300w, https:\/\/www.deopaws.com\/wp-content\/uploads\/2025\/04\/Small-pet-raincoat-2-2-600x450.jpg 600w, https:\/\/www.deopaws.com\/wp-content\/uploads\/2025\/04\/Small-pet-raincoat-2-2-768x576.jpg 768w, https:\/\/www.deopaws.com\/wp-content\/uploads\/2025\/04\/Small-pet-raincoat-2-2.jpg 800w\" sizes=\"auto, (max-width: 300px) 100vw, 300px\" \/><\/div>\n<div class=\"col-lg-4\"><img loading=\"lazy\" decoding=\"async\" class=\"alignnone size-medium wp-image-139\" src=\"https:\/\/gray-bee-883835.hostingersite.com\/wp-content\/uploads\/2025\/04\/Small-pet-raincoat-3-2-300x225.jpg\" alt=\"\" width=\"300\" height=\"225\" srcset=\"https:\/\/www.deopaws.com\/wp-content\/uploads\/2025\/04\/Small-pet-raincoat-3-2-300x225.jpg 300w, https:\/\/www.deopaws.com\/wp-content\/uploads\/2025\/04\/Small-pet-raincoat-3-2-600x450.jpg 600w, https:\/\/www.deopaws.com\/wp-content\/uploads\/2025\/04\/Small-pet-raincoat-3-2-768x576.jpg 768w, https:\/\/www.deopaws.com\/wp-content\/uploads\/2025\/04\/Small-pet-raincoat-3-2.jpg 800w\" sizes=\"auto, (max-width: 300px) 100vw, 300px\" \/><\/div>\n<p>&nbsp;<\/p>\n<div>\n<div class=\"row\">\n<div class=\"col-lg-4\"><img loading=\"lazy\" decoding=\"async\" class=\"alignnone size-medium wp-image-141\" src=\"https:\/\/gray-bee-883835.hostingersite.com\/wp-content\/uploads\/2025\/04\/Small-pet-raincoat-2_-300x225.jpg\" alt=\"\" width=\"300\" height=\"225\" srcset=\"https:\/\/www.deopaws.com\/wp-content\/uploads\/2025\/04\/Small-pet-raincoat-2_-300x225.jpg 300w, https:\/\/www.deopaws.com\/wp-content\/uploads\/2025\/04\/Small-pet-raincoat-2_-600x450.jpg 600w, https:\/\/www.deopaws.com\/wp-content\/uploads\/2025\/04\/Small-pet-raincoat-2_-768x576.jpg 768w, https:\/\/www.deopaws.com\/wp-content\/uploads\/2025\/04\/Small-pet-raincoat-2_.jpg 800w\" sizes=\"auto, (max-width: 300px) 100vw, 300px\" \/><\/div>\n<div class=\"col-lg-4\"><img loading=\"lazy\" decoding=\"async\" class=\"alignnone size-full wp-image-1656\" src=\"https:\/\/www.deopaws.com\/wp-content\/uploads\/2025\/05\/fact-1_\u526f\u672c.jpg\" alt=\"\" width=\"300\" height=\"225\" \/><\/div>\n<div class=\"col-lg-4\"><img loading=\"lazy\" decoding=\"async\" class=\"alignnone size-medium wp-image-137\" src=\"https:\/\/gray-bee-883835.hostingersite.com\/wp-content\/uploads\/2025\/04\/Small-pet-raincoat-1-2-300x225.jpg\" alt=\"\" width=\"300\" height=\"225\" srcset=\"https:\/\/www.deopaws.com\/wp-content\/uploads\/2025\/04\/Small-pet-raincoat-1-2-300x225.jpg 300w, https:\/\/www.deopaws.com\/wp-content\/uploads\/2025\/04\/Small-pet-raincoat-1-2-600x450.jpg 600w, https:\/\/www.deopaws.com\/wp-content\/uploads\/2025\/04\/Small-pet-raincoat-1-2-768x576.jpg 768w, https:\/\/www.deopaws.com\/wp-content\/uploads\/2025\/04\/Small-pet-raincoat-1-2.jpg 800w\" sizes=\"auto, (max-width: 300px) 100vw, 300px\" \/><\/div>\n<div><\/div>\n<\/div>\n<\/div>\n<\/div>","protected":false},"excerpt":{"rendered":"<p>Intelligente 6L WiFi-Futterstation f\u00fcr Haustiere mit App und Mikrochip-Steuerung. BPA-frei, Sprachaufzeichnung, leise, doppelte Leistung, leicht zu reinigen, unterst\u00fctzt geplante F\u00fctterung.<\/p>","protected":false},"featured_media":1599,"comment_status":"open","ping_status":"closed","template":"","meta":{"_acf_changed":false},"product_brand":[],"product_cat":[15],"product_tag":[],"class_list":{"0":"post-1594","1":"product","2":"type-product","3":"status-publish","4":"has-post-thumbnail","6":"product_cat-products","8":"first","9":"instock","10":"shipping-taxable","11":"product-type-simple"},"acf":[],"_links":{"self":[{"href":"https:\/\/www.deopaws.com\/de\/wp-json\/wp\/v2\/product\/1594","targetHints":{"allow":["GET"]}}],"collection":[{"href":"https:\/\/www.deopaws.com\/de\/wp-json\/wp\/v2\/product"}],"about":[{"href":"https:\/\/www.deopaws.com\/de\/wp-json\/wp\/v2\/types\/product"}],"replies":[{"embeddable":true,"href":"https:\/\/www.deopaws.com\/de\/wp-json\/wp\/v2\/comments?post=1594"}],"wp:featuredmedia":[{"embeddable":true,"href":"https:\/\/www.deopaws.com\/de\/wp-json\/wp\/v2\/media\/1599"}],"wp:attachment":[{"href":"https:\/\/www.deopaws.com\/de\/wp-json\/wp\/v2\/media?parent=1594"}],"wp:term":[{"taxonomy":"product_brand","embeddable":true,"href":"https:\/\/www.deopaws.com\/de\/wp-json\/wp\/v2\/product_brand?post=1594"},{"taxonomy":"product_cat","embeddable":true,"href":"https:\/\/www.deopaws.com\/de\/wp-json\/wp\/v2\/product_cat?post=1594"},{"taxonomy":"product_tag","embeddable":true,"href":"https:\/\/www.deopaws.com\/de\/wp-json\/wp\/v2\/product_tag?post=1594"}],"curies":[{"name":"wp","href":"https:\/\/api.w.org\/{rel}","templated":true}]}}