{"id":1488,"date":"2025-05-14T16:24:49","date_gmt":"2025-05-14T08:24:49","guid":{"rendered":"https:\/\/www.deopaws.com\/?post_type=product&#038;p=1488"},"modified":"2026-03-16T17:16:53","modified_gmt":"2026-03-16T09:16:53","slug":"adjustable-nylon-dog-harness","status":"publish","type":"product","link":"https:\/\/www.deopaws.com\/de\/produkt\/adjustable-nylon-dog-harness\/","title":{"rendered":"Verstellbares Hundegeschirr aus Nylon mit reflektierenden Gurten f\u00fcr kleine bis gro\u00dfe Hunde"},"content":{"rendered":"<h2>Verstellbares Hundegeschirr aus Nylon:<\/h2>\n<p>&nbsp;<\/p>\n<p>\u25cf Umweltfreundlich: Hergestellt aus nachhaltigen Materialien, um eine sichere und gesunde Umgebung f\u00fcr Ihre Katze zu gew\u00e4hrleisten.<\/p>\n<p><br data-start=\"157\" data-end=\"160\" \/>\u25cf Reflektierend: Ausgestattet mit reflektierenden Elementen f\u00fcr bessere Sichtbarkeit bei Nachtwanderungen.<\/p>\n<p><br data-start=\"250\" data-end=\"253\" \/>\u25cf Langlebig &amp; stilvoll: Gefertigt aus hochwertigem Polyester und Nylon f\u00fcr eine lange Lebensdauer und einen modernen Look.<\/p>\n<p><br data-start=\"357\" data-end=\"360\" \/>\u25cf Vielseitig: Perfekt f\u00fcr den Innen- und Au\u00dfenbereich, bietet Komfort und Bequemlichkeit f\u00fcr Ihre Katze.<\/p>\n<p><br data-start=\"458\" data-end=\"461\" \/>\u25cf Anpassbar: Erh\u00e4ltlich in verschiedenen Farben und Gr\u00f6\u00dfen, einschlie\u00dflich individueller Optionen, um Ihren Stil und die Bed\u00fcrfnisse Ihrer Katze zu erf\u00fcllen.<\/p>\n<p><br data-start=\"578\" data-end=\"581\" \/>\u25cf Einfache Handhabung: Einfach einzustellen und Ihrer Katze anzulegen, um einen bequemen und sicheren Sitz zu gew\u00e4hrleisten.<\/p>\n<p>&nbsp;<\/p>\n<p>&nbsp;<\/p>\n<div style=\"max-width: 800px; margin: auto; padding: 20px;\">\n<p><!-- \u5de6\u56fe\u53f3\u6587 --><\/p>\n<div style=\"display: flex; align-items: center; gap: 20px; margin-bottom: 40px; flex-wrap: wrap;\">\n<p><img loading=\"lazy\" decoding=\"async\" class=\"alignnone wp-image-1489\" src=\"https:\/\/www.deopaws.com\/wp-content\/uploads\/2025\/05\/Adjustable-Reflective-Nylon-Polyester-Pet-Harness-1-300x240.jpg\" alt=\"adjustable nylon dog harness\" width=\"370\" height=\"296\" srcset=\"https:\/\/www.deopaws.com\/wp-content\/uploads\/2025\/05\/Adjustable-Reflective-Nylon-Polyester-Pet-Harness-1-300x240.jpg 300w, https:\/\/www.deopaws.com\/wp-content\/uploads\/2025\/05\/Adjustable-Reflective-Nylon-Polyester-Pet-Harness-1-600x480.jpg 600w, https:\/\/www.deopaws.com\/wp-content\/uploads\/2025\/05\/Adjustable-Reflective-Nylon-Polyester-Pet-Harness-1.jpg 750w\" sizes=\"auto, (max-width: 370px) 100vw, 370px\" \/><\/p>\n<div style=\"flex: 1; min-width: 0;\">\n<p style=\"color: gray;\">Dieses Einstiegsgeschirr verf\u00fcgt \u00fcber starke Doppel-D-Ringe und doppelte Sicherheit mit einer strapazierf\u00e4higen Schnellverschlussschnalle, weiche und dennoch strapazierf\u00e4hige Materialien und verstellbare Schieber f\u00fcr einfaches Tragen und einen perfekten Sitz in jeder Lebensphase.<\/p>\n<\/div>\n<\/div>\n<p><!-- \u53f3\u56fe\u5de6\u6587 --><\/p>\n<div style=\"display: flex; flex-direction: row-reverse; align-items: center; gap: 20px; flex-wrap: wrap;\">\n<p><img loading=\"lazy\" decoding=\"async\" class=\"alignnone wp-image-1494\" src=\"https:\/\/www.deopaws.com\/wp-content\/uploads\/2025\/05\/Adjustable-Reflective-Nylon-Polyester-Pet-Harness-6-300x240.jpg\" alt=\"adjustable nylon dog harness\" width=\"370\" height=\"296\" srcset=\"https:\/\/www.deopaws.com\/wp-content\/uploads\/2025\/05\/Adjustable-Reflective-Nylon-Polyester-Pet-Harness-6-300x240.jpg 300w, https:\/\/www.deopaws.com\/wp-content\/uploads\/2025\/05\/Adjustable-Reflective-Nylon-Polyester-Pet-Harness-6-600x480.jpg 600w, https:\/\/www.deopaws.com\/wp-content\/uploads\/2025\/05\/Adjustable-Reflective-Nylon-Polyester-Pet-Harness-6.jpg 750w\" sizes=\"auto, (max-width: 370px) 100vw, 370px\" \/><\/p>\n<div style=\"flex: 1; min-width: 0;\">\n<p style=\"color: gray;\">Mit seltenen 3\/4-Schnellverschlussschnallen aus Kunststoff, die leicht, rostfrei und langlebig sind, um die Belastung f\u00fcr Ihren Hund zu reduzieren.<\/p>\n<\/div>\n<\/div>\n<\/div>\n<div style=\"max-width: 800px; margin: auto; padding: 20px;\">\n<p><!-- \u5de6\u56fe\u53f3\u6587 --><\/p>\n<div style=\"display: flex; align-items: center; gap: 20px; margin-bottom: 40px; flex-wrap: wrap;\">\n<p><img loading=\"lazy\" decoding=\"async\" class=\"alignnone wp-image-1493\" src=\"https:\/\/www.deopaws.com\/wp-content\/uploads\/2025\/05\/Adjustable-Reflective-Nylon-Polyester-Pet-Harness-5-300x240.jpg\" alt=\"adjustable nylon dog harness\" width=\"369\" height=\"296\" srcset=\"https:\/\/www.deopaws.com\/wp-content\/uploads\/2025\/05\/Adjustable-Reflective-Nylon-Polyester-Pet-Harness-5-300x240.jpg 300w, https:\/\/www.deopaws.com\/wp-content\/uploads\/2025\/05\/Adjustable-Reflective-Nylon-Polyester-Pet-Harness-5-600x480.jpg 600w, https:\/\/www.deopaws.com\/wp-content\/uploads\/2025\/05\/Adjustable-Reflective-Nylon-Polyester-Pet-Harness-5.jpg 750w\" sizes=\"auto, (max-width: 369px) 100vw, 369px\" \/><\/p>\n<div style=\"flex: 1; min-width: 0;\">\n<p style=\"color: gray;\">Die Schnellverschlussschnalle und die verstellbaren Schieber erleichtern das Anlegen, Anpassen und Abnehmen.<\/p>\n<\/div>\n<\/div>\n<p><!-- \u53f3\u56fe\u5de6\u6587 --><\/p>\n<div style=\"display: flex; flex-direction: row-reverse; align-items: center; gap: 20px; flex-wrap: wrap;\">\n<p><img loading=\"lazy\" decoding=\"async\" class=\"alignnone wp-image-1491\" src=\"https:\/\/www.deopaws.com\/wp-content\/uploads\/2025\/05\/Adjustable-Reflective-Nylon-Polyester-Pet-Harness-3-300x240.jpg\" alt=\"adjustable nylon dog harness\" width=\"370\" height=\"296\" srcset=\"https:\/\/www.deopaws.com\/wp-content\/uploads\/2025\/05\/Adjustable-Reflective-Nylon-Polyester-Pet-Harness-3-300x240.jpg 300w, https:\/\/www.deopaws.com\/wp-content\/uploads\/2025\/05\/Adjustable-Reflective-Nylon-Polyester-Pet-Harness-3-600x480.jpg 600w, https:\/\/www.deopaws.com\/wp-content\/uploads\/2025\/05\/Adjustable-Reflective-Nylon-Polyester-Pet-Harness-3.jpg 750w\" sizes=\"auto, (max-width: 370px) 100vw, 370px\" \/><\/p>\n<div style=\"flex: 1; min-width: 0;\">\n<p style=\"color: gray;\">Hochwertige, robuste Leine, die weich, bequem, zugfest und waschbar f\u00fcr den t\u00e4glichen Gebrauch ist.<\/p>\n<\/div>\n<\/div>\n<\/div>\n<div style=\"max-width: 800px; margin: auto; padding: 20px;\">\n<p><!-- \u5de6\u56fe\u53f3\u6587 --><\/p>\n<div style=\"display: flex; align-items: center; gap: 20px; margin-bottom: 40px; flex-wrap: wrap;\">\n<p><img loading=\"lazy\" decoding=\"async\" class=\"alignnone wp-image-1490\" src=\"https:\/\/www.deopaws.com\/wp-content\/uploads\/2025\/05\/Adjustable-Reflective-Nylon-Polyester-Pet-Harness-2-300x240.jpg\" alt=\"adjustable nylon dog harness\" width=\"371\" height=\"297\" srcset=\"https:\/\/www.deopaws.com\/wp-content\/uploads\/2025\/05\/Adjustable-Reflective-Nylon-Polyester-Pet-Harness-2-300x240.jpg 300w, https:\/\/www.deopaws.com\/wp-content\/uploads\/2025\/05\/Adjustable-Reflective-Nylon-Polyester-Pet-Harness-2-600x480.jpg 600w, https:\/\/www.deopaws.com\/wp-content\/uploads\/2025\/05\/Adjustable-Reflective-Nylon-Polyester-Pet-Harness-2.jpg 750w\" sizes=\"auto, (max-width: 371px) 100vw, 371px\" \/><\/p>\n<div style=\"flex: 1; min-width: 0;\">\n<p style=\"color: gray;\">Die aus hochdichtem Polyester gefertigte Leine ist bei schlechten Lichtverh\u00e4ltnissen stark reflektierend, um Ihren Hund nachts sicherer zu machen und Unf\u00e4lle zu vermeiden.<\/p>\n<\/div>\n<\/div>\n<\/div>\n<h3>Werksanzeige<\/h3>\n<p>&nbsp;<\/p>\n<div class=\"row\">\n<div class=\"col-lg-4\"><img loading=\"lazy\" decoding=\"async\" class=\"alignnone size-medium wp-image-142\" src=\"https:\/\/gray-bee-883835.hostingersite.com\/wp-content\/uploads\/2025\/04\/Small-pet-raincoat-3_-300x225.jpg\" alt=\"\" width=\"300\" height=\"225\" srcset=\"https:\/\/www.deopaws.com\/wp-content\/uploads\/2025\/04\/Small-pet-raincoat-3_-300x225.jpg 300w, https:\/\/www.deopaws.com\/wp-content\/uploads\/2025\/04\/Small-pet-raincoat-3_-600x450.jpg 600w, https:\/\/www.deopaws.com\/wp-content\/uploads\/2025\/04\/Small-pet-raincoat-3_-768x576.jpg 768w, https:\/\/www.deopaws.com\/wp-content\/uploads\/2025\/04\/Small-pet-raincoat-3_.jpg 800w\" sizes=\"auto, (max-width: 300px) 100vw, 300px\" \/><\/div>\n<div class=\"col-lg-4\"><img loading=\"lazy\" decoding=\"async\" class=\"alignnone size-medium wp-image-138\" src=\"https:\/\/gray-bee-883835.hostingersite.com\/wp-content\/uploads\/2025\/04\/Small-pet-raincoat-2-2-300x225.jpg\" alt=\"\" width=\"300\" height=\"225\" srcset=\"https:\/\/www.deopaws.com\/wp-content\/uploads\/2025\/04\/Small-pet-raincoat-2-2-300x225.jpg 300w, https:\/\/www.deopaws.com\/wp-content\/uploads\/2025\/04\/Small-pet-raincoat-2-2-600x450.jpg 600w, https:\/\/www.deopaws.com\/wp-content\/uploads\/2025\/04\/Small-pet-raincoat-2-2-768x576.jpg 768w, https:\/\/www.deopaws.com\/wp-content\/uploads\/2025\/04\/Small-pet-raincoat-2-2.jpg 800w\" sizes=\"auto, (max-width: 300px) 100vw, 300px\" \/><\/div>\n<div class=\"col-lg-4\"><img loading=\"lazy\" decoding=\"async\" class=\"alignnone size-medium wp-image-139\" src=\"https:\/\/gray-bee-883835.hostingersite.com\/wp-content\/uploads\/2025\/04\/Small-pet-raincoat-3-2-300x225.jpg\" alt=\"\" width=\"300\" height=\"225\" srcset=\"https:\/\/www.deopaws.com\/wp-content\/uploads\/2025\/04\/Small-pet-raincoat-3-2-300x225.jpg 300w, https:\/\/www.deopaws.com\/wp-content\/uploads\/2025\/04\/Small-pet-raincoat-3-2-600x450.jpg 600w, https:\/\/www.deopaws.com\/wp-content\/uploads\/2025\/04\/Small-pet-raincoat-3-2-768x576.jpg 768w, https:\/\/www.deopaws.com\/wp-content\/uploads\/2025\/04\/Small-pet-raincoat-3-2.jpg 800w\" sizes=\"auto, (max-width: 300px) 100vw, 300px\" \/><\/div>\n<p>&nbsp;<\/p>\n<div>\n<div class=\"row\">\n<div class=\"col-lg-4\"><img loading=\"lazy\" decoding=\"async\" class=\"alignnone size-medium wp-image-141\" src=\"https:\/\/gray-bee-883835.hostingersite.com\/wp-content\/uploads\/2025\/04\/Small-pet-raincoat-2_-300x225.jpg\" alt=\"\" width=\"300\" height=\"225\" srcset=\"https:\/\/www.deopaws.com\/wp-content\/uploads\/2025\/04\/Small-pet-raincoat-2_-300x225.jpg 300w, https:\/\/www.deopaws.com\/wp-content\/uploads\/2025\/04\/Small-pet-raincoat-2_-600x450.jpg 600w, https:\/\/www.deopaws.com\/wp-content\/uploads\/2025\/04\/Small-pet-raincoat-2_-768x576.jpg 768w, https:\/\/www.deopaws.com\/wp-content\/uploads\/2025\/04\/Small-pet-raincoat-2_.jpg 800w\" sizes=\"auto, (max-width: 300px) 100vw, 300px\" \/><\/div>\n<div class=\"col-lg-4\"><img loading=\"lazy\" decoding=\"async\" class=\"alignnone size-full wp-image-1656\" src=\"https:\/\/www.deopaws.com\/wp-content\/uploads\/2025\/05\/fact-1_\u526f\u672c.jpg\" alt=\"\" width=\"300\" height=\"225\" \/><\/div>\n<div class=\"col-lg-4\"><img loading=\"lazy\" decoding=\"async\" class=\"alignnone size-medium wp-image-137\" src=\"https:\/\/gray-bee-883835.hostingersite.com\/wp-content\/uploads\/2025\/04\/Small-pet-raincoat-1-2-300x225.jpg\" alt=\"\" width=\"300\" height=\"225\" srcset=\"https:\/\/www.deopaws.com\/wp-content\/uploads\/2025\/04\/Small-pet-raincoat-1-2-300x225.jpg 300w, https:\/\/www.deopaws.com\/wp-content\/uploads\/2025\/04\/Small-pet-raincoat-1-2-600x450.jpg 600w, https:\/\/www.deopaws.com\/wp-content\/uploads\/2025\/04\/Small-pet-raincoat-1-2-768x576.jpg 768w, https:\/\/www.deopaws.com\/wp-content\/uploads\/2025\/04\/Small-pet-raincoat-1-2.jpg 800w\" sizes=\"auto, (max-width: 300px) 100vw, 300px\" \/><\/div>\n<div><\/div>\n<\/div>\n<\/div>\n<\/div>","protected":false},"excerpt":{"rendered":"<p>Dieses verstellbare Hundegeschirr aus Nylon bietet einen sicheren, bequemen Sitz f\u00fcr Hunde aller Gr\u00f6\u00dfen. Es ist aus strapazierf\u00e4higen Materialien gefertigt und mit reflektierenden N\u00e4hten versehen, die bei Spazierg\u00e4ngen bei Tag und Nacht f\u00fcr Sicherheit sorgen.<\/p>","protected":false},"featured_media":1492,"comment_status":"open","ping_status":"closed","template":"","meta":{"_acf_changed":false},"product_brand":[],"product_cat":[15,16,27],"product_tag":[],"class_list":{"0":"post-1488","1":"product","2":"type-product","3":"status-publish","4":"has-post-thumbnail","6":"product_cat-products","7":"product_cat-dog-supplies","8":"product_cat-dog-collarsleashes-harnesses","10":"first","11":"instock","12":"featured","13":"shipping-taxable","14":"product-type-simple"},"acf":[],"_links":{"self":[{"href":"https:\/\/www.deopaws.com\/de\/wp-json\/wp\/v2\/product\/1488","targetHints":{"allow":["GET"]}}],"collection":[{"href":"https:\/\/www.deopaws.com\/de\/wp-json\/wp\/v2\/product"}],"about":[{"href":"https:\/\/www.deopaws.com\/de\/wp-json\/wp\/v2\/types\/product"}],"replies":[{"embeddable":true,"href":"https:\/\/www.deopaws.com\/de\/wp-json\/wp\/v2\/comments?post=1488"}],"wp:featuredmedia":[{"embeddable":true,"href":"https:\/\/www.deopaws.com\/de\/wp-json\/wp\/v2\/media\/1492"}],"wp:attachment":[{"href":"https:\/\/www.deopaws.com\/de\/wp-json\/wp\/v2\/media?parent=1488"}],"wp:term":[{"taxonomy":"product_brand","embeddable":true,"href":"https:\/\/www.deopaws.com\/de\/wp-json\/wp\/v2\/product_brand?post=1488"},{"taxonomy":"product_cat","embeddable":true,"href":"https:\/\/www.deopaws.com\/de\/wp-json\/wp\/v2\/product_cat?post=1488"},{"taxonomy":"product_tag","embeddable":true,"href":"https:\/\/www.deopaws.com\/de\/wp-json\/wp\/v2\/product_tag?post=1488"}],"curies":[{"name":"wp","href":"https:\/\/api.w.org\/{rel}","templated":true}]}}