{"id":1456,"date":"2025-05-14T15:19:24","date_gmt":"2025-05-14T07:19:24","guid":{"rendered":"https:\/\/www.deopaws.com\/?post_type=product&#038;p=1456"},"modified":"2026-01-04T10:59:24","modified_gmt":"2026-01-04T02:59:24","slug":"harness-for-pets","status":"publish","type":"product","link":"https:\/\/www.deopaws.com\/de\/produkt\/harness-for-pets\/","title":{"rendered":"Luxuri\u00f6ses taktisches Geschirr mit LED-Licht und Reflektoren f\u00fcr Haustiere - verstellbar und langlebig"},"content":{"rendered":"<h2 data-start=\"0\" data-end=\"89\">Geschirre f\u00fcr Haustiere:<\/h2>\n<p class=\"\" data-start=\"0\" data-end=\"89\">\u25cf LED-Licht: Ausgestattet mit LED-Leuchten f\u00fcr Sichtbarkeit und Sicherheit bei n\u00e4chtlichen Spazierg\u00e4ngen.<\/p>\n<p class=\"\" data-start=\"91\" data-end=\"207\">\u25cf Einstellbar und bequem: Gepolstertes Design mit verstellbaren Riemen f\u00fcr eine perfekte Passform, um Komfort f\u00fcr Ihre Katze zu gew\u00e4hrleisten.<\/p>\n<p class=\"\" data-start=\"209\" data-end=\"315\">\u25cf Langlebig &amp; stilvoll: Hergestellt aus hochwertigem Polyester und Nylon, bietet Haltbarkeit und ein stilvolles Aussehen.<\/p>\n<p class=\"\" data-start=\"317\" data-end=\"430\">\u25cf Wiederaufladbar und umweltfreundlich: Verf\u00fcgt \u00fcber ein abnehmbares und wiederaufladbares LED-Licht, das bequem \u00fcber USB betrieben wird.<\/p>\n<p class=\"\" data-start=\"432\" data-end=\"537\">\u25cf Vielseitiges Design: Sowohl f\u00fcr den Innen- als auch f\u00fcr den Au\u00dfenbereich geeignet, perfekt f\u00fcr Spazierg\u00e4nge, Training oder Spielzeit.<\/p>\n<p class=\"\" data-start=\"539\" data-end=\"672\">\u25cf Anpassbar: Erh\u00e4ltlich in einer Reihe von Farben und Gr\u00f6\u00dfen, mit der Option f\u00fcr benutzerdefinierte Logos \u00fcber Sublimation oder Thermotransferdruck.<\/p>\n<p>&nbsp;<\/p>\n<p>&nbsp;<\/p>\n<div style=\"max-width: 800px; margin: auto; padding: 20px;\">\n<p><!-- \u5de6\u56fe\u53f3\u6587 --><\/p>\n<div style=\"display: flex; align-items: center; gap: 20px; margin-bottom: 40px; flex-wrap: wrap;\">\n<p><img loading=\"lazy\" decoding=\"async\" class=\"alignnone wp-image-1459\" src=\"https:\/\/www.deopaws.com\/wp-content\/uploads\/2025\/05\/Luxury-LED-Light-Reflective-Tactical-Pet-Dog-Harness-Adjustable-Durable-3-300x240.jpg\" alt=\"harness for pets\" width=\"370\" height=\"296\" srcset=\"https:\/\/www.deopaws.com\/wp-content\/uploads\/2025\/05\/Luxury-LED-Light-Reflective-Tactical-Pet-Dog-Harness-Adjustable-Durable-3-300x240.jpg 300w, https:\/\/www.deopaws.com\/wp-content\/uploads\/2025\/05\/Luxury-LED-Light-Reflective-Tactical-Pet-Dog-Harness-Adjustable-Durable-3-600x480.jpg 600w, https:\/\/www.deopaws.com\/wp-content\/uploads\/2025\/05\/Luxury-LED-Light-Reflective-Tactical-Pet-Dog-Harness-Adjustable-Durable-3.jpg 750w\" sizes=\"auto, (max-width: 370px) 100vw, 370px\" \/><\/p>\n<div style=\"flex: 1; min-width: 0;\">\n<p style=\"color: gray;\">Dr\u00fccken Sie einmal, um schnell zu blinken, zweimal, um langsam zu blinken, und dreimal, um das Licht immer eingeschaltet zu lassen.<\/p>\n<\/div>\n<\/div>\n<p><!-- \u53f3\u56fe\u5de6\u6587 --><\/p>\n<div style=\"display: flex; flex-direction: row-reverse; align-items: center; gap: 20px; flex-wrap: wrap;\">\n<p><img loading=\"lazy\" decoding=\"async\" class=\"alignnone wp-image-1465\" src=\"https:\/\/www.deopaws.com\/wp-content\/uploads\/2025\/05\/Luxury-LED-Light-Reflective-Tactical-Pet-Dog-Harness-Adjustable-Durable-9-300x240.jpg\" alt=\"harness for pets\" width=\"370\" height=\"296\" srcset=\"https:\/\/www.deopaws.com\/wp-content\/uploads\/2025\/05\/Luxury-LED-Light-Reflective-Tactical-Pet-Dog-Harness-Adjustable-Durable-9-300x240.jpg 300w, https:\/\/www.deopaws.com\/wp-content\/uploads\/2025\/05\/Luxury-LED-Light-Reflective-Tactical-Pet-Dog-Harness-Adjustable-Durable-9-600x480.jpg 600w, https:\/\/www.deopaws.com\/wp-content\/uploads\/2025\/05\/Luxury-LED-Light-Reflective-Tactical-Pet-Dog-Harness-Adjustable-Durable-9.jpg 750w\" sizes=\"auto, (max-width: 370px) 100vw, 370px\" \/><\/p>\n<div style=\"flex: 1; min-width: 0;\">\n<p style=\"color: gray;\">Gr\u00f6\u00dfentabelle<\/p>\n<\/div>\n<\/div>\n<\/div>\n<div style=\"max-width: 800px; margin: auto; padding: 20px;\">\n<p><!-- \u5de6\u56fe\u53f3\u6587 --><\/p>\n<div style=\"display: flex; align-items: center; gap: 20px; margin-bottom: 40px; flex-wrap: wrap;\">\n<p><img loading=\"lazy\" decoding=\"async\" class=\"alignnone wp-image-1464\" src=\"https:\/\/www.deopaws.com\/wp-content\/uploads\/2025\/05\/Luxury-LED-Light-Reflective-Tactical-Pet-Dog-Harness-Adjustable-Durable-8-300x240.jpg\" alt=\"harness for pets\" width=\"370\" height=\"296\" srcset=\"https:\/\/www.deopaws.com\/wp-content\/uploads\/2025\/05\/Luxury-LED-Light-Reflective-Tactical-Pet-Dog-Harness-Adjustable-Durable-8-300x240.jpg 300w, https:\/\/www.deopaws.com\/wp-content\/uploads\/2025\/05\/Luxury-LED-Light-Reflective-Tactical-Pet-Dog-Harness-Adjustable-Durable-8-600x480.jpg 600w, https:\/\/www.deopaws.com\/wp-content\/uploads\/2025\/05\/Luxury-LED-Light-Reflective-Tactical-Pet-Dog-Harness-Adjustable-Durable-8.jpg 750w\" sizes=\"auto, (max-width: 370px) 100vw, 370px\" \/><\/p>\n<div style=\"flex: 1; min-width: 0;\">\n<p style=\"color: gray;\">Dieses verstellbare Hundegeschirr verf\u00fcgt \u00fcber Nacken- und Brustgurte f\u00fcr eine perfekte Passform und l\u00e4sst sich in drei einfachen Schritten befestigen: Schieben, klippen und einstellen.<\/p>\n<\/div>\n<\/div>\n<p><!-- \u53f3\u56fe\u5de6\u6587 --><\/p>\n<div style=\"display: flex; flex-direction: row-reverse; align-items: center; gap: 20px; flex-wrap: wrap;\">\n<p><img loading=\"lazy\" decoding=\"async\" class=\"alignnone wp-image-1461\" src=\"https:\/\/www.deopaws.com\/wp-content\/uploads\/2025\/05\/Luxury-LED-Light-Reflective-Tactical-Pet-Dog-Harness-Adjustable-Durable-5-300x240.jpg\" alt=\"harness for pets\" width=\"370\" height=\"296\" srcset=\"https:\/\/www.deopaws.com\/wp-content\/uploads\/2025\/05\/Luxury-LED-Light-Reflective-Tactical-Pet-Dog-Harness-Adjustable-Durable-5-300x240.jpg 300w, https:\/\/www.deopaws.com\/wp-content\/uploads\/2025\/05\/Luxury-LED-Light-Reflective-Tactical-Pet-Dog-Harness-Adjustable-Durable-5-600x480.jpg 600w, https:\/\/www.deopaws.com\/wp-content\/uploads\/2025\/05\/Luxury-LED-Light-Reflective-Tactical-Pet-Dog-Harness-Adjustable-Durable-5.jpg 750w\" sizes=\"auto, (max-width: 370px) 100vw, 370px\" \/><\/p>\n<div style=\"flex: 1; min-width: 0;\">\n<p style=\"color: gray;\">Die Schnalle, die Verstellschnalle, der D-Ring und das Muster k\u00f6nnen ganz nach Ihren W\u00fcnschen angepasst werden.<\/p>\n<\/div>\n<\/div>\n<\/div>\n<h3>Werksanzeige<\/h3>\n<p>&nbsp;<\/p>\n<div class=\"row\">\n<div class=\"col-lg-4\"><img loading=\"lazy\" decoding=\"async\" class=\"alignnone size-medium wp-image-142\" src=\"https:\/\/gray-bee-883835.hostingersite.com\/wp-content\/uploads\/2025\/04\/Small-pet-raincoat-3_-300x225.jpg\" alt=\"\" width=\"300\" height=\"225\" srcset=\"https:\/\/www.deopaws.com\/wp-content\/uploads\/2025\/04\/Small-pet-raincoat-3_-300x225.jpg 300w, https:\/\/www.deopaws.com\/wp-content\/uploads\/2025\/04\/Small-pet-raincoat-3_-600x450.jpg 600w, https:\/\/www.deopaws.com\/wp-content\/uploads\/2025\/04\/Small-pet-raincoat-3_-768x576.jpg 768w, https:\/\/www.deopaws.com\/wp-content\/uploads\/2025\/04\/Small-pet-raincoat-3_.jpg 800w\" sizes=\"auto, (max-width: 300px) 100vw, 300px\" \/><\/div>\n<div class=\"col-lg-4\"><img loading=\"lazy\" decoding=\"async\" class=\"alignnone size-medium wp-image-138\" src=\"https:\/\/gray-bee-883835.hostingersite.com\/wp-content\/uploads\/2025\/04\/Small-pet-raincoat-2-2-300x225.jpg\" alt=\"\" width=\"300\" height=\"225\" srcset=\"https:\/\/www.deopaws.com\/wp-content\/uploads\/2025\/04\/Small-pet-raincoat-2-2-300x225.jpg 300w, https:\/\/www.deopaws.com\/wp-content\/uploads\/2025\/04\/Small-pet-raincoat-2-2-600x450.jpg 600w, https:\/\/www.deopaws.com\/wp-content\/uploads\/2025\/04\/Small-pet-raincoat-2-2-768x576.jpg 768w, https:\/\/www.deopaws.com\/wp-content\/uploads\/2025\/04\/Small-pet-raincoat-2-2.jpg 800w\" sizes=\"auto, (max-width: 300px) 100vw, 300px\" \/><\/div>\n<div class=\"col-lg-4\"><img loading=\"lazy\" decoding=\"async\" class=\"alignnone size-medium wp-image-139\" src=\"https:\/\/gray-bee-883835.hostingersite.com\/wp-content\/uploads\/2025\/04\/Small-pet-raincoat-3-2-300x225.jpg\" alt=\"\" width=\"300\" height=\"225\" srcset=\"https:\/\/www.deopaws.com\/wp-content\/uploads\/2025\/04\/Small-pet-raincoat-3-2-300x225.jpg 300w, https:\/\/www.deopaws.com\/wp-content\/uploads\/2025\/04\/Small-pet-raincoat-3-2-600x450.jpg 600w, https:\/\/www.deopaws.com\/wp-content\/uploads\/2025\/04\/Small-pet-raincoat-3-2-768x576.jpg 768w, https:\/\/www.deopaws.com\/wp-content\/uploads\/2025\/04\/Small-pet-raincoat-3-2.jpg 800w\" sizes=\"auto, (max-width: 300px) 100vw, 300px\" \/><\/div>\n<p>&nbsp;<\/p>\n<div>\n<div class=\"row\">\n<div class=\"col-lg-4\"><img loading=\"lazy\" decoding=\"async\" class=\"alignnone size-medium wp-image-141\" src=\"https:\/\/gray-bee-883835.hostingersite.com\/wp-content\/uploads\/2025\/04\/Small-pet-raincoat-2_-300x225.jpg\" alt=\"\" width=\"300\" height=\"225\" srcset=\"https:\/\/www.deopaws.com\/wp-content\/uploads\/2025\/04\/Small-pet-raincoat-2_-300x225.jpg 300w, https:\/\/www.deopaws.com\/wp-content\/uploads\/2025\/04\/Small-pet-raincoat-2_-600x450.jpg 600w, https:\/\/www.deopaws.com\/wp-content\/uploads\/2025\/04\/Small-pet-raincoat-2_-768x576.jpg 768w, https:\/\/www.deopaws.com\/wp-content\/uploads\/2025\/04\/Small-pet-raincoat-2_.jpg 800w\" sizes=\"auto, (max-width: 300px) 100vw, 300px\" \/><\/div>\n<div class=\"col-lg-4\"><img loading=\"lazy\" decoding=\"async\" class=\"alignnone size-full wp-image-1656\" src=\"https:\/\/www.deopaws.com\/wp-content\/uploads\/2025\/05\/fact-1_\u526f\u672c.jpg\" alt=\"\" width=\"300\" height=\"225\" \/><\/div>\n<div class=\"col-lg-4\"><img loading=\"lazy\" decoding=\"async\" class=\"alignnone size-medium wp-image-137\" src=\"https:\/\/gray-bee-883835.hostingersite.com\/wp-content\/uploads\/2025\/04\/Small-pet-raincoat-1-2-300x225.jpg\" alt=\"\" width=\"300\" height=\"225\" srcset=\"https:\/\/www.deopaws.com\/wp-content\/uploads\/2025\/04\/Small-pet-raincoat-1-2-300x225.jpg 300w, https:\/\/www.deopaws.com\/wp-content\/uploads\/2025\/04\/Small-pet-raincoat-1-2-600x450.jpg 600w, https:\/\/www.deopaws.com\/wp-content\/uploads\/2025\/04\/Small-pet-raincoat-1-2-768x576.jpg 768w, https:\/\/www.deopaws.com\/wp-content\/uploads\/2025\/04\/Small-pet-raincoat-1-2.jpg 800w\" sizes=\"auto, (max-width: 300px) 100vw, 300px\" \/><\/div>\n<div><\/div>\n<\/div>\n<\/div>\n<\/div>","protected":false},"excerpt":{"rendered":"<p>Das Geschirr f\u00fcr Haustiere bietet Komfort, Haltbarkeit und Sicherheit. Es ist verstellbar und gepolstert, besteht aus hochwertigen Materialien und verf\u00fcgt \u00fcber ein wiederaufladbares LED-Licht f\u00fcr bessere Sichtbarkeit bei Nacht. Geeignet f\u00fcr aktive Haustiere und in individuellen Farben und Gr\u00f6\u00dfen erh\u00e4ltlich.<\/p>","protected":false},"featured_media":1460,"comment_status":"open","ping_status":"closed","template":"","meta":{"_acf_changed":false},"product_brand":[],"product_cat":[15,17,33],"product_tag":[],"class_list":{"0":"post-1456","1":"product","2":"type-product","3":"status-publish","4":"has-post-thumbnail","6":"product_cat-products","7":"product_cat-cat-supplies","8":"product_cat-cat-collarsleashes-harnesses","10":"first","11":"instock","12":"shipping-taxable","13":"product-type-simple"},"acf":[],"_links":{"self":[{"href":"https:\/\/www.deopaws.com\/de\/wp-json\/wp\/v2\/product\/1456","targetHints":{"allow":["GET"]}}],"collection":[{"href":"https:\/\/www.deopaws.com\/de\/wp-json\/wp\/v2\/product"}],"about":[{"href":"https:\/\/www.deopaws.com\/de\/wp-json\/wp\/v2\/types\/product"}],"replies":[{"embeddable":true,"href":"https:\/\/www.deopaws.com\/de\/wp-json\/wp\/v2\/comments?post=1456"}],"wp:featuredmedia":[{"embeddable":true,"href":"https:\/\/www.deopaws.com\/de\/wp-json\/wp\/v2\/media\/1460"}],"wp:attachment":[{"href":"https:\/\/www.deopaws.com\/de\/wp-json\/wp\/v2\/media?parent=1456"}],"wp:term":[{"taxonomy":"product_brand","embeddable":true,"href":"https:\/\/www.deopaws.com\/de\/wp-json\/wp\/v2\/product_brand?post=1456"},{"taxonomy":"product_cat","embeddable":true,"href":"https:\/\/www.deopaws.com\/de\/wp-json\/wp\/v2\/product_cat?post=1456"},{"taxonomy":"product_tag","embeddable":true,"href":"https:\/\/www.deopaws.com\/de\/wp-json\/wp\/v2\/product_tag?post=1456"}],"curies":[{"name":"wp","href":"https:\/\/api.w.org\/{rel}","templated":true}]}}