{"id":1443,"date":"2025-05-14T14:53:27","date_gmt":"2025-05-14T06:53:27","guid":{"rendered":"https:\/\/www.deopaws.com\/?post_type=product&#038;p=1443"},"modified":"2026-01-04T11:01:04","modified_gmt":"2026-01-04T03:01:04","slug":"filtered-water-fountain-for-cats","status":"publish","type":"product","link":"https:\/\/www.deopaws.com\/de\/produkt\/filtered-water-fountain-for-cats\/","title":{"rendered":"Gefilterter Wasserbrunnen f\u00fcr Katzen - Elektrischer leiser automatischer Wasserspender f\u00fcr Katzen und Hunde"},"content":{"rendered":"<h2 data-start=\"0\" data-end=\"104\">gefilterter Wasserbrunnen f\u00fcr Katzen:<\/h2>\n<p>&nbsp;<\/p>\n<p class=\"\" data-start=\"0\" data-end=\"104\">\u25cf Humanisiertes Design: Einfach einzurichten, bietet Komfort f\u00fcr Haustiere und Besitzer.<\/p>\n<p class=\"\" data-start=\"0\" data-end=\"104\"><br data-start=\"82\" data-end=\"85\" \/>\u25cf Gro\u00dfes Fassungsverm\u00f6gen: 2,5 l (84 oz) Wasserkapazit\u00e4t, ideal f\u00fcr Haustiere aller Gr\u00f6\u00dfen, mit einem kompakten Zirkulationssystem, das nur wenig Platz auf dem Boden einnimmt.<\/p>\n<p class=\"\" data-start=\"0\" data-end=\"104\"><br data-start=\"228\" data-end=\"231\" \/>\u25cf Sicher und tierfreundlich: Hergestellt aus lebensmittelechten Materialien, um sicherzustellen, dass es sicher f\u00fcr Ihre Haustiere zu verwenden ist.<\/p>\n<p class=\"\" data-start=\"0\" data-end=\"104\"><br data-start=\"326\" data-end=\"329\" \/>\u25cf Leiser und sicherer Betrieb: Mit einer Niederspannungs-Tauchpumpe, die leise und sicher l\u00e4uft.<\/p>\n<p class=\"\" data-start=\"0\" data-end=\"104\"><br data-start=\"424\" data-end=\"427\" \/>\u25cf Leicht zu demontieren und zu reinigen: Einfach zu zerlegen und mit Wasser und einem Reinigungsmittel zu reinigen, so dass die Wartung problemlos ist.<\/p>\n<p class=\"\" data-start=\"0\" data-end=\"104\"><br data-start=\"547\" data-end=\"550\" \/>\u25cf Fortschrittliches Filtersystem: Aktivkohle, Ionenaustauscherharz und mikropor\u00f6se Filterwatte (Vliesstoff) zur Entfernung von organischen Verbindungen, Chlor und gro\u00dfen Partikeln wie Haaren.<\/p>\n<p>&nbsp;<\/p>\n<p>&nbsp;<\/p>\n<div style=\"max-width: 800px; margin: auto; padding: 20px;\">\n<p><!-- \u5de6\u56fe\u53f3\u6587 --><\/p>\n<div style=\"display: flex; align-items: center; gap: 20px; margin-bottom: 40px; flex-wrap: wrap;\">\n<p><img loading=\"lazy\" decoding=\"async\" class=\"alignnone wp-image-1449\" src=\"https:\/\/www.deopaws.com\/wp-content\/uploads\/2025\/05\/Electric-Quiet-Automatic-Pet-Water-Fountain-for-Cats-and-Dogs-6-300x240.jpg\" alt=\"filtered water fountain for cats\" width=\"370\" height=\"296\" srcset=\"https:\/\/www.deopaws.com\/wp-content\/uploads\/2025\/05\/Electric-Quiet-Automatic-Pet-Water-Fountain-for-Cats-and-Dogs-6-300x240.jpg 300w, https:\/\/www.deopaws.com\/wp-content\/uploads\/2025\/05\/Electric-Quiet-Automatic-Pet-Water-Fountain-for-Cats-and-Dogs-6-600x480.jpg 600w, https:\/\/www.deopaws.com\/wp-content\/uploads\/2025\/05\/Electric-Quiet-Automatic-Pet-Water-Fountain-for-Cats-and-Dogs-6.jpg 750w\" sizes=\"auto, (max-width: 370px) 100vw, 370px\" \/><\/p>\n<div style=\"flex: 1; min-width: 0;\">\n<p style=\"color: gray;\">Vorteile und Merkmale<\/p>\n<\/div>\n<\/div>\n<p><!-- \u53f3\u56fe\u5de6\u6587 --><\/p>\n<div style=\"display: flex; flex-direction: row-reverse; align-items: center; gap: 20px; flex-wrap: wrap;\">\n<p><img loading=\"lazy\" decoding=\"async\" class=\"alignnone wp-image-1450\" src=\"https:\/\/www.deopaws.com\/wp-content\/uploads\/2025\/05\/Electric-Quiet-Automatic-Pet-Water-Fountain-for-Cats-and-Dogs-7-300x240.jpg\" alt=\"filtered water fountain for cats\" width=\"370\" height=\"296\" srcset=\"https:\/\/www.deopaws.com\/wp-content\/uploads\/2025\/05\/Electric-Quiet-Automatic-Pet-Water-Fountain-for-Cats-and-Dogs-7-300x240.jpg 300w, https:\/\/www.deopaws.com\/wp-content\/uploads\/2025\/05\/Electric-Quiet-Automatic-Pet-Water-Fountain-for-Cats-and-Dogs-7-600x480.jpg 600w, https:\/\/www.deopaws.com\/wp-content\/uploads\/2025\/05\/Electric-Quiet-Automatic-Pet-Water-Fountain-for-Cats-and-Dogs-7.jpg 750w\" sizes=\"auto, (max-width: 370px) 100vw, 370px\" \/><\/p>\n<div style=\"flex: 1; min-width: 0;\">\n<p style=\"color: gray;\">Der Vliesfilter entfernt gro\u00dfe Partikel, Aktivkohle beseitigt Verunreinigungen durch physikalische Adsorption, Ionenaustauscherharz entfernt gel\u00f6ste ionische Verunreinigungen, und der lebensmittelechte BPA-freie Kunststoff sorgt f\u00fcr Sicherheit.<\/p>\n<\/div>\n<\/div>\n<\/div>\n<div style=\"max-width: 800px; margin: auto; padding: 20px;\">\n<p><!-- \u5de6\u56fe\u53f3\u6587 --><\/p>\n<div style=\"display: flex; align-items: center; gap: 20px; margin-bottom: 40px; flex-wrap: wrap;\">\n<p><img loading=\"lazy\" decoding=\"async\" class=\"alignnone wp-image-1446\" src=\"https:\/\/www.deopaws.com\/wp-content\/uploads\/2025\/05\/Electric-Quiet-Automatic-Pet-Water-Fountain-for-Cats-and-Dogs-3-300x240.jpg\" alt=\"filtered water fountain for cats\" width=\"370\" height=\"296\" srcset=\"https:\/\/www.deopaws.com\/wp-content\/uploads\/2025\/05\/Electric-Quiet-Automatic-Pet-Water-Fountain-for-Cats-and-Dogs-3-300x240.jpg 300w, https:\/\/www.deopaws.com\/wp-content\/uploads\/2025\/05\/Electric-Quiet-Automatic-Pet-Water-Fountain-for-Cats-and-Dogs-3-600x480.jpg 600w, https:\/\/www.deopaws.com\/wp-content\/uploads\/2025\/05\/Electric-Quiet-Automatic-Pet-Water-Fountain-for-Cats-and-Dogs-3.jpg 750w\" sizes=\"auto, (max-width: 370px) 100vw, 370px\" \/><\/p>\n<div style=\"flex: 1; min-width: 0;\">\n<p style=\"color: gray;\">Dieser gefilterte Wasserbrunnen f\u00fcr Katzen bietet 2,5 Liter sauberes, frisches Wasser mit kontinuierlicher Zirkulation, die Haustiere dazu anregt, mehr zu trinken. Die automatische Sp\u00fclfunktion h\u00e4lt den Brunnen in Intervallen sauber, w\u00e4hrend die ultraleise Pumpe (&lt;20dB) f\u00fcr eine ruhige Umgebung sorgt. Er ist aus lebensmittelechten Materialien gefertigt und mit einem mehrstufigen Filtersystem ausgestattet. Er ist einfach aufzustellen, zu reinigen und zu warten - perfekt f\u00fcr Katzen, kleine Hunde und gro\u00dfe OEM-Bestellungen.<\/p>\n<\/div>\n<\/div>\n<p><!-- \u53f3\u56fe\u5de6\u6587 --><\/p>\n<div style=\"display: flex; flex-direction: row-reverse; align-items: center; gap: 20px; flex-wrap: wrap;\">\n<p><img loading=\"lazy\" decoding=\"async\" class=\"alignnone wp-image-1453\" src=\"https:\/\/www.deopaws.com\/wp-content\/uploads\/2025\/05\/Electric-Quiet-Automatic-Pet-Water-Fountain-for-Cats-and-Dogs-10-300x240.jpg\" alt=\"filtered water fountain for cats\" width=\"370\" height=\"296\" srcset=\"https:\/\/www.deopaws.com\/wp-content\/uploads\/2025\/05\/Electric-Quiet-Automatic-Pet-Water-Fountain-for-Cats-and-Dogs-10-300x240.jpg 300w, https:\/\/www.deopaws.com\/wp-content\/uploads\/2025\/05\/Electric-Quiet-Automatic-Pet-Water-Fountain-for-Cats-and-Dogs-10-600x480.jpg 600w, https:\/\/www.deopaws.com\/wp-content\/uploads\/2025\/05\/Electric-Quiet-Automatic-Pet-Water-Fountain-for-Cats-and-Dogs-10.jpg 750w\" sizes=\"auto, (max-width: 370px) 100vw, 370px\" \/><\/p>\n<div style=\"flex: 1; min-width: 0;\">\n<p style=\"color: gray;\">Teile<\/p>\n<\/div>\n<\/div>\n<\/div>\n<div style=\"max-width: 800px; margin: auto; padding: 20px;\">\n<p><!-- \u5de6\u56fe\u53f3\u6587 --><\/p>\n<div style=\"display: flex; align-items: center; gap: 20px; margin-bottom: 40px; flex-wrap: wrap;\">\n<p><img loading=\"lazy\" decoding=\"async\" class=\"alignnone wp-image-1444\" src=\"https:\/\/www.deopaws.com\/wp-content\/uploads\/2025\/05\/Electric-Quiet-Automatic-Pet-Water-Fountain-for-Cats-and-Dogs-1-300x240.jpg\" alt=\"filtered water fountain for cats\" width=\"370\" height=\"296\" srcset=\"https:\/\/www.deopaws.com\/wp-content\/uploads\/2025\/05\/Electric-Quiet-Automatic-Pet-Water-Fountain-for-Cats-and-Dogs-1-300x240.jpg 300w, https:\/\/www.deopaws.com\/wp-content\/uploads\/2025\/05\/Electric-Quiet-Automatic-Pet-Water-Fountain-for-Cats-and-Dogs-1-600x480.jpg 600w, https:\/\/www.deopaws.com\/wp-content\/uploads\/2025\/05\/Electric-Quiet-Automatic-Pet-Water-Fountain-for-Cats-and-Dogs-1.jpg 750w\" sizes=\"auto, (max-width: 370px) 100vw, 370px\" \/><\/p>\n<div style=\"flex: 1; min-width: 0;\">\n<p style=\"color: gray;\">84oz super gro\u00dfes Fassungsverm\u00f6gen<\/p>\n<\/div>\n<\/div>\n<p><!-- \u53f3\u56fe\u5de6\u6587 --><\/p>\n<div style=\"display: flex; flex-direction: row-reverse; align-items: center; gap: 20px; flex-wrap: wrap;\">\n<p><img loading=\"lazy\" decoding=\"async\" class=\"alignnone wp-image-1452\" src=\"https:\/\/www.deopaws.com\/wp-content\/uploads\/2025\/05\/Electric-Quiet-Automatic-Pet-Water-Fountain-for-Cats-and-Dogs-9-300x240.jpg\" alt=\"filtered water fountain for cats\" width=\"370\" height=\"296\" srcset=\"https:\/\/www.deopaws.com\/wp-content\/uploads\/2025\/05\/Electric-Quiet-Automatic-Pet-Water-Fountain-for-Cats-and-Dogs-9-300x240.jpg 300w, https:\/\/www.deopaws.com\/wp-content\/uploads\/2025\/05\/Electric-Quiet-Automatic-Pet-Water-Fountain-for-Cats-and-Dogs-9-600x480.jpg 600w, https:\/\/www.deopaws.com\/wp-content\/uploads\/2025\/05\/Electric-Quiet-Automatic-Pet-Water-Fountain-for-Cats-and-Dogs-9.jpg 750w\" sizes=\"auto, (max-width: 370px) 100vw, 370px\" \/><\/p>\n<div style=\"flex: 1; min-width: 0;\">\n<p style=\"color: gray;\">Das Design der Wasserschale mit R\u00fcckfluss sp\u00fclt automatisch in regelm\u00e4\u00dfigen Abst\u00e4nden, um die Schale hygienisch zu halten, die Aufmerksamkeit der Haustiere zu wecken und sie zu ermutigen, mehr Wasser zu trinken.<\/p>\n<\/div>\n<\/div>\n<\/div>\n<div style=\"max-width: 800px; margin: auto; padding: 20px;\">\n<p><!-- \u5de6\u56fe\u53f3\u6587 --><\/p>\n<div style=\"display: flex; align-items: center; gap: 20px; margin-bottom: 40px; flex-wrap: wrap;\">\n<p><img loading=\"lazy\" decoding=\"async\" class=\"alignnone wp-image-1445\" src=\"https:\/\/www.deopaws.com\/wp-content\/uploads\/2025\/05\/Electric-Quiet-Automatic-Pet-Water-Fountain-for-Cats-and-Dogs-2-300x240.jpg\" alt=\"filtered water fountain for cats\" width=\"370\" height=\"296\" srcset=\"https:\/\/www.deopaws.com\/wp-content\/uploads\/2025\/05\/Electric-Quiet-Automatic-Pet-Water-Fountain-for-Cats-and-Dogs-2-300x240.jpg 300w, https:\/\/www.deopaws.com\/wp-content\/uploads\/2025\/05\/Electric-Quiet-Automatic-Pet-Water-Fountain-for-Cats-and-Dogs-2-600x480.jpg 600w, https:\/\/www.deopaws.com\/wp-content\/uploads\/2025\/05\/Electric-Quiet-Automatic-Pet-Water-Fountain-for-Cats-and-Dogs-2.jpg 750w\" sizes=\"auto, (max-width: 370px) 100vw, 370px\" \/><\/p>\n<div style=\"flex: 1; min-width: 0;\">\n<p style=\"color: gray;\">Die verbesserte, benutzerfreundliche Bedienoberfl\u00e4che an der Oberseite bietet sowohl intelligente als auch normale Modi f\u00fcr eine komfortable Steuerung.<\/p>\n<\/div>\n<\/div>\n<p><!-- \u53f3\u56fe\u5de6\u6587 --><\/p>\n<div style=\"display: flex; flex-direction: row-reverse; align-items: center; gap: 20px; flex-wrap: wrap;\">\n<p><img loading=\"lazy\" decoding=\"async\" class=\"alignnone wp-image-1455\" src=\"https:\/\/www.deopaws.com\/wp-content\/uploads\/2025\/05\/Electric-Quiet-Automatic-Pet-Water-Fountain-for-Cats-and-Dogs-12-300x240.jpg\" alt=\"filtered water fountain for cats\" width=\"370\" height=\"296\" srcset=\"https:\/\/www.deopaws.com\/wp-content\/uploads\/2025\/05\/Electric-Quiet-Automatic-Pet-Water-Fountain-for-Cats-and-Dogs-12-300x240.jpg 300w, https:\/\/www.deopaws.com\/wp-content\/uploads\/2025\/05\/Electric-Quiet-Automatic-Pet-Water-Fountain-for-Cats-and-Dogs-12-600x480.jpg 600w, https:\/\/www.deopaws.com\/wp-content\/uploads\/2025\/05\/Electric-Quiet-Automatic-Pet-Water-Fountain-for-Cats-and-Dogs-12.jpg 750w\" sizes=\"auto, (max-width: 370px) 100vw, 370px\" \/><\/p>\n<div style=\"flex: 1; min-width: 0;\">\n<p style=\"color: gray;\">Der Vollkontakt der Filtermedien stellt sicher, dass jeder Tropfen Wasser f\u00fcr eine bessere Reinigung gefiltert wird, w\u00e4hrend das Mehrfach-Reinigungssystem mikropor\u00f6se Filterwatte, Kokosnussschalen-Aktivkohle und Ionenaustauschharz verwendet, um die Wasserreinheit zu verbessern.<\/p>\n<\/div>\n<\/div>\n<\/div>\n<div style=\"max-width: 800px; margin: auto; padding: 20px;\">\n<p><!-- \u5de6\u56fe\u53f3\u6587 --><\/p>\n<div style=\"display: flex; align-items: center; gap: 20px; margin-bottom: 40px; flex-wrap: wrap;\">\n<p><img loading=\"lazy\" decoding=\"async\" class=\"alignnone wp-image-1448\" src=\"https:\/\/www.deopaws.com\/wp-content\/uploads\/2025\/05\/Electric-Quiet-Automatic-Pet-Water-Fountain-for-Cats-and-Dogs-5-300x240.jpg\" alt=\"filtered water fountain for cats\" width=\"370\" height=\"296\" srcset=\"https:\/\/www.deopaws.com\/wp-content\/uploads\/2025\/05\/Electric-Quiet-Automatic-Pet-Water-Fountain-for-Cats-and-Dogs-5-300x240.jpg 300w, https:\/\/www.deopaws.com\/wp-content\/uploads\/2025\/05\/Electric-Quiet-Automatic-Pet-Water-Fountain-for-Cats-and-Dogs-5-600x480.jpg 600w, https:\/\/www.deopaws.com\/wp-content\/uploads\/2025\/05\/Electric-Quiet-Automatic-Pet-Water-Fountain-for-Cats-and-Dogs-5.jpg 750w\" sizes=\"auto, (max-width: 370px) 100vw, 370px\" \/><\/p>\n<div style=\"flex: 1; min-width: 0;\">\n<p style=\"color: gray;\">Das Grundprinzip der Reinigung besteht aus drei Filtermedien: mikropor\u00f6ses Vlies, das Verunreinigungen aus gro\u00dfen Partikeln filtert, Aktivkohle aus Kokosnussschalen, die Restchlor und Fremdstoffe entfernt, und Kationenaustauschharze, die Schwermetallionen entfernen und die Wasserqualit\u00e4t verbessern.<\/p>\n<\/div>\n<\/div>\n<\/div>\n<h3>Werksanzeige<\/h3>\n<p>&nbsp;<\/p>\n<div class=\"row\">\n<div class=\"col-lg-4\"><img loading=\"lazy\" decoding=\"async\" class=\"alignnone size-medium wp-image-142\" src=\"https:\/\/gray-bee-883835.hostingersite.com\/wp-content\/uploads\/2025\/04\/Small-pet-raincoat-3_-300x225.jpg\" alt=\"\" width=\"300\" height=\"225\" srcset=\"https:\/\/www.deopaws.com\/wp-content\/uploads\/2025\/04\/Small-pet-raincoat-3_-300x225.jpg 300w, https:\/\/www.deopaws.com\/wp-content\/uploads\/2025\/04\/Small-pet-raincoat-3_-600x450.jpg 600w, https:\/\/www.deopaws.com\/wp-content\/uploads\/2025\/04\/Small-pet-raincoat-3_-768x576.jpg 768w, https:\/\/www.deopaws.com\/wp-content\/uploads\/2025\/04\/Small-pet-raincoat-3_.jpg 800w\" sizes=\"auto, (max-width: 300px) 100vw, 300px\" \/><\/div>\n<div class=\"col-lg-4\"><img loading=\"lazy\" decoding=\"async\" class=\"alignnone size-medium wp-image-138\" src=\"https:\/\/gray-bee-883835.hostingersite.com\/wp-content\/uploads\/2025\/04\/Small-pet-raincoat-2-2-300x225.jpg\" alt=\"\" width=\"300\" height=\"225\" srcset=\"https:\/\/www.deopaws.com\/wp-content\/uploads\/2025\/04\/Small-pet-raincoat-2-2-300x225.jpg 300w, https:\/\/www.deopaws.com\/wp-content\/uploads\/2025\/04\/Small-pet-raincoat-2-2-600x450.jpg 600w, https:\/\/www.deopaws.com\/wp-content\/uploads\/2025\/04\/Small-pet-raincoat-2-2-768x576.jpg 768w, https:\/\/www.deopaws.com\/wp-content\/uploads\/2025\/04\/Small-pet-raincoat-2-2.jpg 800w\" sizes=\"auto, (max-width: 300px) 100vw, 300px\" \/><\/div>\n<div class=\"col-lg-4\"><img loading=\"lazy\" decoding=\"async\" class=\"alignnone size-medium wp-image-139\" src=\"https:\/\/gray-bee-883835.hostingersite.com\/wp-content\/uploads\/2025\/04\/Small-pet-raincoat-3-2-300x225.jpg\" alt=\"\" width=\"300\" height=\"225\" srcset=\"https:\/\/www.deopaws.com\/wp-content\/uploads\/2025\/04\/Small-pet-raincoat-3-2-300x225.jpg 300w, https:\/\/www.deopaws.com\/wp-content\/uploads\/2025\/04\/Small-pet-raincoat-3-2-600x450.jpg 600w, https:\/\/www.deopaws.com\/wp-content\/uploads\/2025\/04\/Small-pet-raincoat-3-2-768x576.jpg 768w, https:\/\/www.deopaws.com\/wp-content\/uploads\/2025\/04\/Small-pet-raincoat-3-2.jpg 800w\" sizes=\"auto, (max-width: 300px) 100vw, 300px\" \/><\/div>\n<p>&nbsp;<\/p>\n<div>\n<div class=\"row\">\n<div class=\"col-lg-4\"><img loading=\"lazy\" decoding=\"async\" class=\"alignnone size-medium wp-image-141\" src=\"https:\/\/gray-bee-883835.hostingersite.com\/wp-content\/uploads\/2025\/04\/Small-pet-raincoat-2_-300x225.jpg\" alt=\"\" width=\"300\" height=\"225\" srcset=\"https:\/\/www.deopaws.com\/wp-content\/uploads\/2025\/04\/Small-pet-raincoat-2_-300x225.jpg 300w, https:\/\/www.deopaws.com\/wp-content\/uploads\/2025\/04\/Small-pet-raincoat-2_-600x450.jpg 600w, https:\/\/www.deopaws.com\/wp-content\/uploads\/2025\/04\/Small-pet-raincoat-2_-768x576.jpg 768w, https:\/\/www.deopaws.com\/wp-content\/uploads\/2025\/04\/Small-pet-raincoat-2_.jpg 800w\" sizes=\"auto, (max-width: 300px) 100vw, 300px\" \/><\/div>\n<div class=\"col-lg-4\"><img loading=\"lazy\" decoding=\"async\" class=\"alignnone size-full wp-image-1656\" src=\"https:\/\/www.deopaws.com\/wp-content\/uploads\/2025\/05\/fact-1_\u526f\u672c.jpg\" alt=\"\" width=\"300\" height=\"225\" \/><\/div>\n<div class=\"col-lg-4\"><img loading=\"lazy\" decoding=\"async\" class=\"alignnone size-medium wp-image-137\" src=\"https:\/\/gray-bee-883835.hostingersite.com\/wp-content\/uploads\/2025\/04\/Small-pet-raincoat-1-2-300x225.jpg\" alt=\"\" width=\"300\" height=\"225\" srcset=\"https:\/\/www.deopaws.com\/wp-content\/uploads\/2025\/04\/Small-pet-raincoat-1-2-300x225.jpg 300w, https:\/\/www.deopaws.com\/wp-content\/uploads\/2025\/04\/Small-pet-raincoat-1-2-600x450.jpg 600w, https:\/\/www.deopaws.com\/wp-content\/uploads\/2025\/04\/Small-pet-raincoat-1-2-768x576.jpg 768w, https:\/\/www.deopaws.com\/wp-content\/uploads\/2025\/04\/Small-pet-raincoat-1-2.jpg 800w\" sizes=\"auto, (max-width: 300px) 100vw, 300px\" \/><\/div>\n<div><\/div>\n<\/div>\n<\/div>\n<\/div>","protected":false},"excerpt":{"rendered":"<p>Der gefilterte Wasserbrunnen f\u00fcr Katzen bietet 2,5 Liter sauberes, frisches Wasser f\u00fcr Katzen und kleine Hunde. Er besteht aus lebensmittelechten Materialien und verf\u00fcgt \u00fcber eine leise Niederspannungspumpe und ein mehrstufiges Filtersystem. Einfach zu installieren, zu reinigen und zu warten - ideal f\u00fcr Gro\u00dfabnehmer, Tierhandlungen und OEM-Marken.<\/p>","protected":false},"featured_media":3676,"comment_status":"open","ping_status":"closed","template":"","meta":{"_acf_changed":false},"product_brand":[],"product_cat":[15],"product_tag":[],"class_list":{"0":"post-1443","1":"product","2":"type-product","3":"status-publish","4":"has-post-thumbnail","6":"product_cat-products","8":"first","9":"instock","10":"shipping-taxable","11":"product-type-simple"},"acf":[],"_links":{"self":[{"href":"https:\/\/www.deopaws.com\/de\/wp-json\/wp\/v2\/product\/1443","targetHints":{"allow":["GET"]}}],"collection":[{"href":"https:\/\/www.deopaws.com\/de\/wp-json\/wp\/v2\/product"}],"about":[{"href":"https:\/\/www.deopaws.com\/de\/wp-json\/wp\/v2\/types\/product"}],"replies":[{"embeddable":true,"href":"https:\/\/www.deopaws.com\/de\/wp-json\/wp\/v2\/comments?post=1443"}],"wp:featuredmedia":[{"embeddable":true,"href":"https:\/\/www.deopaws.com\/de\/wp-json\/wp\/v2\/media\/3676"}],"wp:attachment":[{"href":"https:\/\/www.deopaws.com\/de\/wp-json\/wp\/v2\/media?parent=1443"}],"wp:term":[{"taxonomy":"product_brand","embeddable":true,"href":"https:\/\/www.deopaws.com\/de\/wp-json\/wp\/v2\/product_brand?post=1443"},{"taxonomy":"product_cat","embeddable":true,"href":"https:\/\/www.deopaws.com\/de\/wp-json\/wp\/v2\/product_cat?post=1443"},{"taxonomy":"product_tag","embeddable":true,"href":"https:\/\/www.deopaws.com\/de\/wp-json\/wp\/v2\/product_tag?post=1443"}],"curies":[{"name":"wp","href":"https:\/\/api.w.org\/{rel}","templated":true}]}}