{"id":1427,"date":"2025-05-14T14:07:07","date_gmt":"2025-05-14T06:07:07","guid":{"rendered":"https:\/\/www.deopaws.com\/?post_type=product&#038;p=1427"},"modified":"2025-07-21T13:21:11","modified_gmt":"2025-07-21T05:21:11","slug":"bird-house-outdoor","status":"publish","type":"product","link":"https:\/\/www.deopaws.com\/de\/produkt\/bird-house-outdoor\/","title":{"rendered":"Vogelhaus Outdoor - Nistkasten aus Holz f\u00fcr die Vogelzucht im Garten"},"content":{"rendered":"<h2>Vogelhaus im Freien:<\/h2>\n<p>&nbsp;<\/p>\n<p>\u25cf Umweltfreundlich: Hergestellt aus nat\u00fcrlichem Holz, das eine nachhaltige und sichere Umgebung f\u00fcr V\u00f6gel bietet.<\/p>\n<p>&nbsp;<\/p>\n<p>\u25cf Vielseitig einsetzbar: Geeignet f\u00fcr den Au\u00dfenbereich, perfekt f\u00fcr die ganzj\u00e4hrige Aufzucht und das Nisten von V\u00f6geln.<\/p>\n<p>&nbsp;<\/p>\n<p>\u25cf Langlebig und stilvoll: Das schlichte, rechteckige Design aus hochwertigem Holz f\u00fcgt sich perfekt in die Au\u00dfenumgebung ein.<\/p>\n<p>&nbsp;<\/p>\n<p>\u25cf EINFACH ZU INSTALLIEREN: Einfach und mit wenig Aufwand zu installieren, um ein sicheres und komfortables Zuhause f\u00fcr V\u00f6gel zu gew\u00e4hrleisten.<\/p>\n<p>&nbsp;<\/p>\n<p>\u25cf Vogelfreundlich: Bietet einen bequemen und sicheren Platz f\u00fcr V\u00f6gel zum Nisten, Ausruhen und Br\u00fcten.<\/p>\n<p>&nbsp;<\/p>\n<p>\u25cf Kompakte Gr\u00f6\u00dfe: Mit einem Gewicht von ca. 680 Gramm ist es leicht und kann einfach an verschiedenen Orten aufgeh\u00e4ngt werden.<\/p>\n<p>&nbsp;<\/p>\n<p>&nbsp;<\/p>\n<div style=\"max-width: 800px; margin: auto; padding: 20px;\">\n<p><!-- \u5de6\u56fe\u53f3\u6587 --><\/p>\n<div style=\"display: flex; align-items: center; gap: 20px; margin-bottom: 40px; flex-wrap: wrap;\">\n<p><img loading=\"lazy\" decoding=\"async\" class=\"alignnone wp-image-1434\" src=\"https:\/\/www.deopaws.com\/wp-content\/uploads\/2025\/05\/Wooden-Bird-Nest-Box-for-Outdoor-Bird-Breeding-7-300x240.jpg\" alt=\"bird house outdoor\" width=\"370\" height=\"296\" srcset=\"https:\/\/www.deopaws.com\/wp-content\/uploads\/2025\/05\/Wooden-Bird-Nest-Box-for-Outdoor-Bird-Breeding-7-300x240.jpg 300w, https:\/\/www.deopaws.com\/wp-content\/uploads\/2025\/05\/Wooden-Bird-Nest-Box-for-Outdoor-Bird-Breeding-7-600x480.jpg 600w, https:\/\/www.deopaws.com\/wp-content\/uploads\/2025\/05\/Wooden-Bird-Nest-Box-for-Outdoor-Bird-Breeding-7.jpg 750w\" sizes=\"auto, (max-width: 370px) 100vw, 370px\" \/><\/p>\n<div style=\"flex: 1; min-width: 0;\">\n<p style=\"color: gray;\">Das bemalte Vogelhaus verf\u00fcgt \u00fcber ein praktisches Deckeldesign f\u00fcr eine schnelle Bedienung, ein Bodendesign f\u00fcr einen leichten Zugang der V\u00f6gel und eine Drahtschlinge an der Oberseite f\u00fcr eine einfache Handhabung.<\/p>\n<\/div>\n<\/div>\n<p><!-- \u53f3\u56fe\u5de6\u6587 --><\/p>\n<div style=\"display: flex; flex-direction: row-reverse; align-items: center; gap: 20px; flex-wrap: wrap;\">\n<p><img loading=\"lazy\" decoding=\"async\" class=\"alignnone wp-image-1435\" src=\"https:\/\/www.deopaws.com\/wp-content\/uploads\/2025\/05\/Wooden-Bird-Nest-Box-for-Outdoor-Bird-Breeding-8-300x240.jpg\" alt=\"bird house outdoor\" width=\"370\" height=\"296\" srcset=\"https:\/\/www.deopaws.com\/wp-content\/uploads\/2025\/05\/Wooden-Bird-Nest-Box-for-Outdoor-Bird-Breeding-8-300x240.jpg 300w, https:\/\/www.deopaws.com\/wp-content\/uploads\/2025\/05\/Wooden-Bird-Nest-Box-for-Outdoor-Bird-Breeding-8-600x480.jpg 600w, https:\/\/www.deopaws.com\/wp-content\/uploads\/2025\/05\/Wooden-Bird-Nest-Box-for-Outdoor-Bird-Breeding-8.jpg 750w\" sizes=\"auto, (max-width: 370px) 100vw, 370px\" \/><\/p>\n<div style=\"flex: 1; min-width: 0;\">\n<p style=\"color: gray;\">Dieses h\u00fcbsche kleine h\u00e4ngende Vogelh\u00e4uschen aus Holz ist eine bezaubernde Erg\u00e4nzung f\u00fcr Ihren Garten und lockt kleine V\u00f6gel an, die es sich in seinem gem\u00fctlichen Inneren gem\u00fctlich machen.<\/p>\n<\/div>\n<\/div>\n<\/div>\n<div style=\"max-width: 800px; margin: auto; padding: 20px;\">\n<p><!-- \u5de6\u56fe\u53f3\u6587 --><\/p>\n<div style=\"display: flex; align-items: center; gap: 20px; margin-bottom: 40px; flex-wrap: wrap;\">\n<p><img loading=\"lazy\" decoding=\"async\" class=\"alignnone wp-image-1428\" src=\"https:\/\/www.deopaws.com\/wp-content\/uploads\/2025\/05\/Wooden-Bird-Nest-Box-for-Outdoor-Bird-Breeding-1-300x240.jpg\" alt=\"bird house outdoor\" width=\"370\" height=\"296\" srcset=\"https:\/\/www.deopaws.com\/wp-content\/uploads\/2025\/05\/Wooden-Bird-Nest-Box-for-Outdoor-Bird-Breeding-1-300x240.jpg 300w, https:\/\/www.deopaws.com\/wp-content\/uploads\/2025\/05\/Wooden-Bird-Nest-Box-for-Outdoor-Bird-Breeding-1-600x480.jpg 600w, https:\/\/www.deopaws.com\/wp-content\/uploads\/2025\/05\/Wooden-Bird-Nest-Box-for-Outdoor-Bird-Breeding-1.jpg 750w\" sizes=\"auto, (max-width: 370px) 100vw, 370px\" \/><\/p>\n<div style=\"flex: 1; min-width: 0;\">\n<p style=\"color: gray;\">Dieses elegante Vogelhaus ist aus hochwertigen Materialien gefertigt, bietet V\u00f6geln ein gem\u00fctliches Zuhause und ist einfach zu installieren.<\/p>\n<\/div>\n<\/div>\n<\/div>\n<h3>Werksanzeige<\/h3>\n<p>&nbsp;<\/p>\n<div class=\"row\">\n<div class=\"col-lg-4\"><img loading=\"lazy\" decoding=\"async\" class=\"alignnone size-medium wp-image-142\" src=\"https:\/\/gray-bee-883835.hostingersite.com\/wp-content\/uploads\/2025\/04\/Small-pet-raincoat-3_-300x225.jpg\" alt=\"\" width=\"300\" height=\"225\" srcset=\"https:\/\/www.deopaws.com\/wp-content\/uploads\/2025\/04\/Small-pet-raincoat-3_-300x225.jpg 300w, https:\/\/www.deopaws.com\/wp-content\/uploads\/2025\/04\/Small-pet-raincoat-3_-600x450.jpg 600w, https:\/\/www.deopaws.com\/wp-content\/uploads\/2025\/04\/Small-pet-raincoat-3_-768x576.jpg 768w, https:\/\/www.deopaws.com\/wp-content\/uploads\/2025\/04\/Small-pet-raincoat-3_.jpg 800w\" sizes=\"auto, (max-width: 300px) 100vw, 300px\" \/><\/div>\n<div class=\"col-lg-4\"><img loading=\"lazy\" decoding=\"async\" class=\"alignnone size-medium wp-image-138\" src=\"https:\/\/gray-bee-883835.hostingersite.com\/wp-content\/uploads\/2025\/04\/Small-pet-raincoat-2-2-300x225.jpg\" alt=\"\" width=\"300\" height=\"225\" srcset=\"https:\/\/www.deopaws.com\/wp-content\/uploads\/2025\/04\/Small-pet-raincoat-2-2-300x225.jpg 300w, https:\/\/www.deopaws.com\/wp-content\/uploads\/2025\/04\/Small-pet-raincoat-2-2-600x450.jpg 600w, https:\/\/www.deopaws.com\/wp-content\/uploads\/2025\/04\/Small-pet-raincoat-2-2-768x576.jpg 768w, https:\/\/www.deopaws.com\/wp-content\/uploads\/2025\/04\/Small-pet-raincoat-2-2.jpg 800w\" sizes=\"auto, (max-width: 300px) 100vw, 300px\" \/><\/div>\n<div class=\"col-lg-4\"><img loading=\"lazy\" decoding=\"async\" class=\"alignnone size-medium wp-image-139\" src=\"https:\/\/gray-bee-883835.hostingersite.com\/wp-content\/uploads\/2025\/04\/Small-pet-raincoat-3-2-300x225.jpg\" alt=\"\" width=\"300\" height=\"225\" srcset=\"https:\/\/www.deopaws.com\/wp-content\/uploads\/2025\/04\/Small-pet-raincoat-3-2-300x225.jpg 300w, https:\/\/www.deopaws.com\/wp-content\/uploads\/2025\/04\/Small-pet-raincoat-3-2-600x450.jpg 600w, https:\/\/www.deopaws.com\/wp-content\/uploads\/2025\/04\/Small-pet-raincoat-3-2-768x576.jpg 768w, https:\/\/www.deopaws.com\/wp-content\/uploads\/2025\/04\/Small-pet-raincoat-3-2.jpg 800w\" sizes=\"auto, (max-width: 300px) 100vw, 300px\" \/><\/div>\n<p>&nbsp;<\/p>\n<div>\n<div class=\"row\">\n<div class=\"col-lg-4\"><img loading=\"lazy\" decoding=\"async\" class=\"alignnone size-medium wp-image-141\" src=\"https:\/\/gray-bee-883835.hostingersite.com\/wp-content\/uploads\/2025\/04\/Small-pet-raincoat-2_-300x225.jpg\" alt=\"\" width=\"300\" height=\"225\" srcset=\"https:\/\/www.deopaws.com\/wp-content\/uploads\/2025\/04\/Small-pet-raincoat-2_-300x225.jpg 300w, https:\/\/www.deopaws.com\/wp-content\/uploads\/2025\/04\/Small-pet-raincoat-2_-600x450.jpg 600w, https:\/\/www.deopaws.com\/wp-content\/uploads\/2025\/04\/Small-pet-raincoat-2_-768x576.jpg 768w, https:\/\/www.deopaws.com\/wp-content\/uploads\/2025\/04\/Small-pet-raincoat-2_.jpg 800w\" sizes=\"auto, (max-width: 300px) 100vw, 300px\" \/><\/div>\n<div class=\"col-lg-4\"><img loading=\"lazy\" decoding=\"async\" class=\"alignnone size-full wp-image-1656\" src=\"https:\/\/www.deopaws.com\/wp-content\/uploads\/2025\/05\/fact-1_\u526f\u672c.jpg\" alt=\"\" width=\"300\" height=\"225\" \/><\/div>\n<div class=\"col-lg-4\"><img loading=\"lazy\" decoding=\"async\" class=\"alignnone size-medium wp-image-137\" src=\"https:\/\/gray-bee-883835.hostingersite.com\/wp-content\/uploads\/2025\/04\/Small-pet-raincoat-1-2-300x225.jpg\" alt=\"\" width=\"300\" height=\"225\" srcset=\"https:\/\/www.deopaws.com\/wp-content\/uploads\/2025\/04\/Small-pet-raincoat-1-2-300x225.jpg 300w, https:\/\/www.deopaws.com\/wp-content\/uploads\/2025\/04\/Small-pet-raincoat-1-2-600x450.jpg 600w, https:\/\/www.deopaws.com\/wp-content\/uploads\/2025\/04\/Small-pet-raincoat-1-2-768x576.jpg 768w, https:\/\/www.deopaws.com\/wp-content\/uploads\/2025\/04\/Small-pet-raincoat-1-2.jpg 800w\" sizes=\"auto, (max-width: 300px) 100vw, 300px\" \/><\/div>\n<div><\/div>\n<\/div>\n<\/div>\n<\/div>","protected":false},"excerpt":{"rendered":"<p>Dieses Vogelhaus f\u00fcr den Au\u00dfenbereich ist aus hochwertigem, umweltfreundlichem Holz gefertigt und bietet V\u00f6geln einen sicheren, dauerhaften Nistplatz. Es ist f\u00fcr den ganzj\u00e4hrigen Einsatz konzipiert, einfach zu installieren und f\u00fcgt sich perfekt in jeden Garten oder Hinterhof ein - ideal f\u00fcr die Aufzucht, den Schutz und das naturfreundliche Leben im Freien.<\/p>","protected":false},"featured_media":1430,"comment_status":"open","ping_status":"closed","template":"","meta":{"_acf_changed":false},"product_brand":[],"product_cat":[15],"product_tag":[],"class_list":{"0":"post-1427","1":"product","2":"type-product","3":"status-publish","4":"has-post-thumbnail","6":"product_cat-products","8":"first","9":"instock","10":"shipping-taxable","11":"product-type-simple"},"acf":[],"_links":{"self":[{"href":"https:\/\/www.deopaws.com\/de\/wp-json\/wp\/v2\/product\/1427","targetHints":{"allow":["GET"]}}],"collection":[{"href":"https:\/\/www.deopaws.com\/de\/wp-json\/wp\/v2\/product"}],"about":[{"href":"https:\/\/www.deopaws.com\/de\/wp-json\/wp\/v2\/types\/product"}],"replies":[{"embeddable":true,"href":"https:\/\/www.deopaws.com\/de\/wp-json\/wp\/v2\/comments?post=1427"}],"wp:featuredmedia":[{"embeddable":true,"href":"https:\/\/www.deopaws.com\/de\/wp-json\/wp\/v2\/media\/1430"}],"wp:attachment":[{"href":"https:\/\/www.deopaws.com\/de\/wp-json\/wp\/v2\/media?parent=1427"}],"wp:term":[{"taxonomy":"product_brand","embeddable":true,"href":"https:\/\/www.deopaws.com\/de\/wp-json\/wp\/v2\/product_brand?post=1427"},{"taxonomy":"product_cat","embeddable":true,"href":"https:\/\/www.deopaws.com\/de\/wp-json\/wp\/v2\/product_cat?post=1427"},{"taxonomy":"product_tag","embeddable":true,"href":"https:\/\/www.deopaws.com\/de\/wp-json\/wp\/v2\/product_tag?post=1427"}],"curies":[{"name":"wp","href":"https:\/\/api.w.org\/{rel}","templated":true}]}}