{"id":1366,"date":"2025-05-14T10:26:41","date_gmt":"2025-05-14T02:26:41","guid":{"rendered":"https:\/\/www.deopaws.com\/?post_type=product&#038;p=1366"},"modified":"2026-01-04T11:14:31","modified_gmt":"2026-01-04T03:14:31","slug":"cat-pet-stroller","status":"publish","type":"product","link":"https:\/\/www.deopaws.com\/de\/produkt\/cat-pet-stroller\/","title":{"rendered":"Katze Haustier Kinderwagen - Outdoor Oxford Tuch Kinderwagen angepasst f\u00fcr Katzen und Hunde"},"content":{"rendered":"<h2 data-start=\"0\" data-end=\"106\">Haustier-Kinderwagen f\u00fcr Katzen:<\/h2>\n<p class=\"\" data-start=\"0\" data-end=\"106\">\u25cf Atmungsaktiv: Hergestellt aus atmungsaktivem Oxford-Stoff, um Komfort und Luftzirkulation f\u00fcr Ihre Katze oder Ihren Hund zu gew\u00e4hrleisten.<\/p>\n<p class=\"\" data-start=\"108\" data-end=\"208\">\u25cf Vielseitig einsetzbar: Perfekt f\u00fcr den Innen- und Au\u00dfenbereich, bietet Vielseitigkeit f\u00fcr die Bed\u00fcrfnisse Ihres Haustieres.<\/p>\n<p class=\"\" data-start=\"210\" data-end=\"310\">\u25cf Langlebig &amp; stilvoll: Hergestellt mit einem starken Aluminiumrahmen f\u00fcr Langlebigkeit und ein schlankes, modernes Design.<\/p>\n<p class=\"\" data-start=\"312\" data-end=\"387\">\u25cf Einfacher Aufbau: M\u00fchelose Klappmechanik f\u00fcr schnelle Lagerung und Transport.<\/p>\n<p class=\"\" data-start=\"389\" data-end=\"482\">Ideal f\u00fcr Katzen und Hunde: Bietet einen gem\u00fctlichen, sicheren und gesch\u00fctzten Platz zum Ausruhen und Reisen.<\/p>\n<p class=\"\" data-start=\"484\" data-end=\"569\">\u25cf Ger\u00e4umige Gr\u00f6\u00dfe: 805x<em data-start=\"504\" data-end=\"509\">540x<\/em>530 mm, die viel Platz bieten, ohne zu viel Raum einzunehmen.<\/p>\n<p>&nbsp;<\/p>\n<p>&nbsp;<\/p>\n<div style=\"max-width: 800px; margin: auto; padding: 20px;\">\n<p><!-- \u5de6\u56fe\u53f3\u6587 --><\/p>\n<div style=\"display: flex; align-items: center; gap: 20px; margin-bottom: 40px; flex-wrap: wrap;\">\n<p><img loading=\"lazy\" decoding=\"async\" class=\"alignnone wp-image-1372\" src=\"https:\/\/www.deopaws.com\/wp-content\/uploads\/2025\/05\/New-Outdoor-Pet-Stroller-in-Oxford-Cloth-Customized-for-Cats-and-Dogs1-1-300x240.jpg\" alt=\"cat pet stroller\" width=\"370\" height=\"296\" srcset=\"https:\/\/www.deopaws.com\/wp-content\/uploads\/2025\/05\/New-Outdoor-Pet-Stroller-in-Oxford-Cloth-Customized-for-Cats-and-Dogs1-1-300x240.jpg 300w, https:\/\/www.deopaws.com\/wp-content\/uploads\/2025\/05\/New-Outdoor-Pet-Stroller-in-Oxford-Cloth-Customized-for-Cats-and-Dogs1-1-600x480.jpg 600w, https:\/\/www.deopaws.com\/wp-content\/uploads\/2025\/05\/New-Outdoor-Pet-Stroller-in-Oxford-Cloth-Customized-for-Cats-and-Dogs1-1.jpg 750w\" sizes=\"auto, (max-width: 370px) 100vw, 370px\" \/><\/p>\n<div style=\"flex: 1; min-width: 0;\">\n<p style=\"color: gray;\">Das atmungsaktive Fenster sowie der vordere Vorhang, die Deckenabdeckung und der hintere Vorhang k\u00f6nnen ge\u00f6ffnet werden, so dass die Haustiere uneingeschr\u00e4nkt spielen k\u00f6nnen.<\/p>\n<\/div>\n<\/div>\n<p><!-- \u53f3\u56fe\u5de6\u6587 --><\/p>\n<div style=\"display: flex; flex-direction: row-reverse; align-items: center; gap: 20px; flex-wrap: wrap;\">\n<p><img loading=\"lazy\" decoding=\"async\" class=\"alignnone wp-image-1377\" src=\"https:\/\/www.deopaws.com\/wp-content\/uploads\/2025\/05\/New-Outdoor-Pet-Stroller-in-Oxford-Cloth-Customized-for-Cats-and-Dogs1-6-300x240.jpg\" alt=\"cat pet stroller\" width=\"370\" height=\"296\" srcset=\"https:\/\/www.deopaws.com\/wp-content\/uploads\/2025\/05\/New-Outdoor-Pet-Stroller-in-Oxford-Cloth-Customized-for-Cats-and-Dogs1-6-300x240.jpg 300w, https:\/\/www.deopaws.com\/wp-content\/uploads\/2025\/05\/New-Outdoor-Pet-Stroller-in-Oxford-Cloth-Customized-for-Cats-and-Dogs1-6-600x480.jpg 600w, https:\/\/www.deopaws.com\/wp-content\/uploads\/2025\/05\/New-Outdoor-Pet-Stroller-in-Oxford-Cloth-Customized-for-Cats-and-Dogs1-6.jpg 750w\" sizes=\"auto, (max-width: 370px) 100vw, 370px\" \/><\/p>\n<div style=\"flex: 1; min-width: 0;\">\n<p style=\"color: gray;\">Er l\u00e4sst sich schnell zusammenklappen, ist leicht zu verstauen und einfach zu transportieren und mitzunehmen.<\/p>\n<\/div>\n<\/div>\n<\/div>\n<div style=\"max-width: 800px; margin: auto; padding: 20px;\">\n<p><!-- \u5de6\u56fe\u53f3\u6587 --><\/p>\n<div style=\"display: flex; align-items: center; gap: 20px; margin-bottom: 40px; flex-wrap: wrap;\">\n<p><img loading=\"lazy\" decoding=\"async\" class=\"alignnone wp-image-1375\" src=\"https:\/\/www.deopaws.com\/wp-content\/uploads\/2025\/05\/New-Outdoor-Pet-Stroller-in-Oxford-Cloth-Customized-for-Cats-and-Dogs1-4-300x240.jpg\" alt=\"cat pet stroller\" width=\"370\" height=\"296\" srcset=\"https:\/\/www.deopaws.com\/wp-content\/uploads\/2025\/05\/New-Outdoor-Pet-Stroller-in-Oxford-Cloth-Customized-for-Cats-and-Dogs1-4-300x240.jpg 300w, https:\/\/www.deopaws.com\/wp-content\/uploads\/2025\/05\/New-Outdoor-Pet-Stroller-in-Oxford-Cloth-Customized-for-Cats-and-Dogs1-4-600x480.jpg 600w, https:\/\/www.deopaws.com\/wp-content\/uploads\/2025\/05\/New-Outdoor-Pet-Stroller-in-Oxford-Cloth-Customized-for-Cats-and-Dogs1-4.jpg 750w\" sizes=\"auto, (max-width: 370px) 100vw, 370px\" \/><\/p>\n<div style=\"flex: 1; min-width: 0;\">\n<p style=\"color: gray;\">Der verstellbare Schiebeb\u00fcgel bietet verschiedene H\u00f6hen, so dass er f\u00fcr Besitzer mit unterschiedlicher Statur geeignet ist.<\/p>\n<\/div>\n<\/div>\n<p><!-- \u53f3\u56fe\u5de6\u6587 --><\/p>\n<div style=\"display: flex; flex-direction: row-reverse; align-items: center; gap: 20px; flex-wrap: wrap;\">\n<p><img loading=\"lazy\" decoding=\"async\" class=\"alignnone wp-image-1378\" src=\"https:\/\/www.deopaws.com\/wp-content\/uploads\/2025\/05\/New-Outdoor-Pet-Stroller-in-Oxford-Cloth-Customized-for-Cats-and-Dogs1-7-300x240.jpg\" alt=\"cat pet stroller\" width=\"370\" height=\"296\" srcset=\"https:\/\/www.deopaws.com\/wp-content\/uploads\/2025\/05\/New-Outdoor-Pet-Stroller-in-Oxford-Cloth-Customized-for-Cats-and-Dogs1-7-300x240.jpg 300w, https:\/\/www.deopaws.com\/wp-content\/uploads\/2025\/05\/New-Outdoor-Pet-Stroller-in-Oxford-Cloth-Customized-for-Cats-and-Dogs1-7-600x480.jpg 600w, https:\/\/www.deopaws.com\/wp-content\/uploads\/2025\/05\/New-Outdoor-Pet-Stroller-in-Oxford-Cloth-Customized-for-Cats-and-Dogs1-7.jpg 750w\" sizes=\"auto, (max-width: 370px) 100vw, 370px\" \/><\/p>\n<div style=\"flex: 1; min-width: 0;\">\n<p style=\"color: gray;\">Das leichtg\u00e4ngige Vorderrad mit 360-Grad-Universaldrehung sorgt f\u00fcr ein sorgenfreies Spielvergn\u00fcgen, w\u00e4hrend das Hinterrad mit Sto\u00dfd\u00e4mpfung und doppelter Bremse dazu beitr\u00e4gt, Sicherheitsrisiken zu vermeiden.<\/p>\n<\/div>\n<\/div>\n<\/div>\n<div style=\"max-width: 800px; margin: auto; padding: 20px;\">\n<p><!-- \u5de6\u56fe\u53f3\u6587 --><\/p>\n<div style=\"display: flex; align-items: center; gap: 20px; margin-bottom: 40px; flex-wrap: wrap;\">\n<p><img loading=\"lazy\" decoding=\"async\" class=\"alignnone wp-image-1374\" src=\"https:\/\/www.deopaws.com\/wp-content\/uploads\/2025\/05\/New-Outdoor-Pet-Stroller-in-Oxford-Cloth-Customized-for-Cats-and-Dogs1-3-300x240.jpg\" alt=\"cat pet stroller\" width=\"370\" height=\"296\" srcset=\"https:\/\/www.deopaws.com\/wp-content\/uploads\/2025\/05\/New-Outdoor-Pet-Stroller-in-Oxford-Cloth-Customized-for-Cats-and-Dogs1-3-300x240.jpg 300w, https:\/\/www.deopaws.com\/wp-content\/uploads\/2025\/05\/New-Outdoor-Pet-Stroller-in-Oxford-Cloth-Customized-for-Cats-and-Dogs1-3-600x480.jpg 600w, https:\/\/www.deopaws.com\/wp-content\/uploads\/2025\/05\/New-Outdoor-Pet-Stroller-in-Oxford-Cloth-Customized-for-Cats-and-Dogs1-3.jpg 750w\" sizes=\"auto, (max-width: 370px) 100vw, 370px\" \/><\/p>\n<div style=\"flex: 1; min-width: 0;\">\n<p style=\"color: gray;\">Das 600D Oxford-Gewebe ist dick, elastisch, fest und verschlei\u00dffest.<\/p>\n<\/div>\n<\/div>\n<p><!-- \u53f3\u56fe\u5de6\u6587 --><\/p>\n<div style=\"display: flex; flex-direction: row-reverse; align-items: center; gap: 20px; flex-wrap: wrap;\">\n<p><img loading=\"lazy\" decoding=\"async\" class=\"alignnone wp-image-1373\" src=\"https:\/\/www.deopaws.com\/wp-content\/uploads\/2025\/05\/New-Outdoor-Pet-Stroller-in-Oxford-Cloth-Customized-for-Cats-and-Dogs1-2-300x240.jpg\" alt=\"cat pet stroller\" width=\"370\" height=\"296\" srcset=\"https:\/\/www.deopaws.com\/wp-content\/uploads\/2025\/05\/New-Outdoor-Pet-Stroller-in-Oxford-Cloth-Customized-for-Cats-and-Dogs1-2-300x240.jpg 300w, https:\/\/www.deopaws.com\/wp-content\/uploads\/2025\/05\/New-Outdoor-Pet-Stroller-in-Oxford-Cloth-Customized-for-Cats-and-Dogs1-2-600x480.jpg 600w, https:\/\/www.deopaws.com\/wp-content\/uploads\/2025\/05\/New-Outdoor-Pet-Stroller-in-Oxford-Cloth-Customized-for-Cats-and-Dogs1-2.jpg 750w\" sizes=\"auto, (max-width: 370px) 100vw, 370px\" \/><\/p>\n<div style=\"flex: 1; min-width: 0;\">\n<p style=\"color: gray;\">Das abnehmbare Kissen, die Aufbewahrungstasche, der Klettverschluss und das Sicherheitsseil bieten Komfort und Sicherheit f\u00fcr Ihr Haustier.<\/p>\n<\/div>\n<\/div>\n<\/div>\n<div style=\"max-width: 800px; margin: auto; padding: 20px;\">\n<p><!-- \u5de6\u56fe\u53f3\u6587 --><\/p>\n<div style=\"display: flex; align-items: center; gap: 20px; margin-bottom: 40px; flex-wrap: wrap;\">\n<p><img loading=\"lazy\" decoding=\"async\" class=\"alignnone wp-image-1376\" src=\"https:\/\/www.deopaws.com\/wp-content\/uploads\/2025\/05\/New-Outdoor-Pet-Stroller-in-Oxford-Cloth-Customized-for-Cats-and-Dogs1-5-300x240.jpg\" alt=\"cat pet stroller\" width=\"370\" height=\"296\" srcset=\"https:\/\/www.deopaws.com\/wp-content\/uploads\/2025\/05\/New-Outdoor-Pet-Stroller-in-Oxford-Cloth-Customized-for-Cats-and-Dogs1-5-300x240.jpg 300w, https:\/\/www.deopaws.com\/wp-content\/uploads\/2025\/05\/New-Outdoor-Pet-Stroller-in-Oxford-Cloth-Customized-for-Cats-and-Dogs1-5-600x480.jpg 600w, https:\/\/www.deopaws.com\/wp-content\/uploads\/2025\/05\/New-Outdoor-Pet-Stroller-in-Oxford-Cloth-Customized-for-Cats-and-Dogs1-5.jpg 750w\" sizes=\"auto, (max-width: 370px) 100vw, 370px\" \/><\/p>\n<div style=\"flex: 1; min-width: 0;\">\n<p style=\"color: gray;\">Die Fahrzeugstruktur ist vollst\u00e4ndig abnehmbar und daher leicht zu reinigen.<\/p>\n<\/div>\n<\/div>\n<\/div>\n<h3>Werksanzeige<\/h3>\n<p>&nbsp;<\/p>\n<div class=\"row\">\n<div class=\"col-lg-4\"><img loading=\"lazy\" decoding=\"async\" class=\"alignnone size-medium wp-image-142\" src=\"https:\/\/gray-bee-883835.hostingersite.com\/wp-content\/uploads\/2025\/04\/Small-pet-raincoat-3_-300x225.jpg\" alt=\"\" width=\"300\" height=\"225\" srcset=\"https:\/\/www.deopaws.com\/wp-content\/uploads\/2025\/04\/Small-pet-raincoat-3_-300x225.jpg 300w, https:\/\/www.deopaws.com\/wp-content\/uploads\/2025\/04\/Small-pet-raincoat-3_-600x450.jpg 600w, https:\/\/www.deopaws.com\/wp-content\/uploads\/2025\/04\/Small-pet-raincoat-3_-768x576.jpg 768w, https:\/\/www.deopaws.com\/wp-content\/uploads\/2025\/04\/Small-pet-raincoat-3_.jpg 800w\" sizes=\"auto, (max-width: 300px) 100vw, 300px\" \/><\/div>\n<div class=\"col-lg-4\"><img loading=\"lazy\" decoding=\"async\" class=\"alignnone size-medium wp-image-138\" src=\"https:\/\/gray-bee-883835.hostingersite.com\/wp-content\/uploads\/2025\/04\/Small-pet-raincoat-2-2-300x225.jpg\" alt=\"\" width=\"300\" height=\"225\" srcset=\"https:\/\/www.deopaws.com\/wp-content\/uploads\/2025\/04\/Small-pet-raincoat-2-2-300x225.jpg 300w, https:\/\/www.deopaws.com\/wp-content\/uploads\/2025\/04\/Small-pet-raincoat-2-2-600x450.jpg 600w, https:\/\/www.deopaws.com\/wp-content\/uploads\/2025\/04\/Small-pet-raincoat-2-2-768x576.jpg 768w, https:\/\/www.deopaws.com\/wp-content\/uploads\/2025\/04\/Small-pet-raincoat-2-2.jpg 800w\" sizes=\"auto, (max-width: 300px) 100vw, 300px\" \/><\/div>\n<div class=\"col-lg-4\"><img loading=\"lazy\" decoding=\"async\" class=\"alignnone size-medium wp-image-139\" src=\"https:\/\/gray-bee-883835.hostingersite.com\/wp-content\/uploads\/2025\/04\/Small-pet-raincoat-3-2-300x225.jpg\" alt=\"\" width=\"300\" height=\"225\" srcset=\"https:\/\/www.deopaws.com\/wp-content\/uploads\/2025\/04\/Small-pet-raincoat-3-2-300x225.jpg 300w, https:\/\/www.deopaws.com\/wp-content\/uploads\/2025\/04\/Small-pet-raincoat-3-2-600x450.jpg 600w, https:\/\/www.deopaws.com\/wp-content\/uploads\/2025\/04\/Small-pet-raincoat-3-2-768x576.jpg 768w, https:\/\/www.deopaws.com\/wp-content\/uploads\/2025\/04\/Small-pet-raincoat-3-2.jpg 800w\" sizes=\"auto, (max-width: 300px) 100vw, 300px\" \/><\/div>\n<p>&nbsp;<\/p>\n<div>\n<div class=\"row\">\n<div class=\"col-lg-4\"><img loading=\"lazy\" decoding=\"async\" class=\"alignnone size-medium wp-image-141\" src=\"https:\/\/gray-bee-883835.hostingersite.com\/wp-content\/uploads\/2025\/04\/Small-pet-raincoat-2_-300x225.jpg\" alt=\"\" width=\"300\" height=\"225\" srcset=\"https:\/\/www.deopaws.com\/wp-content\/uploads\/2025\/04\/Small-pet-raincoat-2_-300x225.jpg 300w, https:\/\/www.deopaws.com\/wp-content\/uploads\/2025\/04\/Small-pet-raincoat-2_-600x450.jpg 600w, https:\/\/www.deopaws.com\/wp-content\/uploads\/2025\/04\/Small-pet-raincoat-2_-768x576.jpg 768w, https:\/\/www.deopaws.com\/wp-content\/uploads\/2025\/04\/Small-pet-raincoat-2_.jpg 800w\" sizes=\"auto, (max-width: 300px) 100vw, 300px\" \/><\/div>\n<div class=\"col-lg-4\"><img loading=\"lazy\" decoding=\"async\" class=\"alignnone size-full wp-image-1656\" src=\"https:\/\/www.deopaws.com\/wp-content\/uploads\/2025\/05\/fact-1_\u526f\u672c.jpg\" alt=\"\" width=\"300\" height=\"225\" \/><\/div>\n<div class=\"col-lg-4\"><img loading=\"lazy\" decoding=\"async\" class=\"alignnone size-medium wp-image-137\" src=\"https:\/\/gray-bee-883835.hostingersite.com\/wp-content\/uploads\/2025\/04\/Small-pet-raincoat-1-2-300x225.jpg\" alt=\"\" width=\"300\" height=\"225\" srcset=\"https:\/\/www.deopaws.com\/wp-content\/uploads\/2025\/04\/Small-pet-raincoat-1-2-300x225.jpg 300w, https:\/\/www.deopaws.com\/wp-content\/uploads\/2025\/04\/Small-pet-raincoat-1-2-600x450.jpg 600w, https:\/\/www.deopaws.com\/wp-content\/uploads\/2025\/04\/Small-pet-raincoat-1-2-768x576.jpg 768w, https:\/\/www.deopaws.com\/wp-content\/uploads\/2025\/04\/Small-pet-raincoat-1-2.jpg 800w\" sizes=\"auto, (max-width: 300px) 100vw, 300px\" \/><\/div>\n<div><\/div>\n<\/div>\n<\/div>\n<\/div>","protected":false},"excerpt":{"rendered":"<p>Der Cat Pet Stroller ist eine robuste, wasserdichte Outdoor-Option f\u00fcr Katzen und Hunde mit einer Tragf\u00e4higkeit von 50 kg und einem leicht faltbaren Design. Er ist ger\u00e4umig und bequem und eignet sich perfekt f\u00fcr all Ihre Ausfl\u00fcge im Freien.<\/p>","protected":false},"featured_media":1368,"comment_status":"open","ping_status":"closed","template":"","meta":{"_acf_changed":false},"product_brand":[],"product_cat":[15,17,32,16,26],"product_tag":[],"class_list":{"0":"post-1366","1":"product","2":"type-product","3":"status-publish","4":"has-post-thumbnail","6":"product_cat-products","7":"product_cat-cat-supplies","8":"product_cat-cat-carrier","9":"product_cat-dog-supplies","10":"product_cat-dog-carriers-car-supplies","12":"first","13":"instock","14":"shipping-taxable","15":"product-type-simple"},"acf":[],"_links":{"self":[{"href":"https:\/\/www.deopaws.com\/de\/wp-json\/wp\/v2\/product\/1366","targetHints":{"allow":["GET"]}}],"collection":[{"href":"https:\/\/www.deopaws.com\/de\/wp-json\/wp\/v2\/product"}],"about":[{"href":"https:\/\/www.deopaws.com\/de\/wp-json\/wp\/v2\/types\/product"}],"replies":[{"embeddable":true,"href":"https:\/\/www.deopaws.com\/de\/wp-json\/wp\/v2\/comments?post=1366"}],"wp:featuredmedia":[{"embeddable":true,"href":"https:\/\/www.deopaws.com\/de\/wp-json\/wp\/v2\/media\/1368"}],"wp:attachment":[{"href":"https:\/\/www.deopaws.com\/de\/wp-json\/wp\/v2\/media?parent=1366"}],"wp:term":[{"taxonomy":"product_brand","embeddable":true,"href":"https:\/\/www.deopaws.com\/de\/wp-json\/wp\/v2\/product_brand?post=1366"},{"taxonomy":"product_cat","embeddable":true,"href":"https:\/\/www.deopaws.com\/de\/wp-json\/wp\/v2\/product_cat?post=1366"},{"taxonomy":"product_tag","embeddable":true,"href":"https:\/\/www.deopaws.com\/de\/wp-json\/wp\/v2\/product_tag?post=1366"}],"curies":[{"name":"wp","href":"https:\/\/api.w.org\/{rel}","templated":true}]}}