{"id":1270,"date":"2025-05-13T15:40:21","date_gmt":"2025-05-13T07:40:21","guid":{"rendered":"https:\/\/www.deopaws.com\/?post_type=product&#038;p=1270"},"modified":"2025-07-25T08:45:55","modified_gmt":"2025-07-25T00:45:55","slug":"interactive-cat-ball","status":"publish","type":"product","link":"https:\/\/www.deopaws.com\/de\/produkt\/interactive-cat-ball\/","title":{"rendered":"USB-aufladbarer interaktiver Katzenball mit Schwanz, automatisches Rollspielzeug"},"content":{"rendered":"<h2 data-start=\"77\" data-end=\"192\">Interaktiver Katzenball:<\/h2>\n<p>&nbsp;<\/p>\n<p class=\"\" data-start=\"77\" data-end=\"192\">\u25cf Umweltfreundlich: Hergestellt aus ungiftigem Gummi, sicher und umweltfreundlich f\u00fcr das t\u00e4gliche Katzenspiel.<\/p>\n<p class=\"\" data-start=\"77\" data-end=\"192\"><br data-start=\"252\" data-end=\"255\" \/>\u25cf Vielseitig einsetzbar: Entwickelt f\u00fcr interaktive \u00dcbungen, Unterhaltung und geistige Stimulation.<\/p>\n<p class=\"\" data-start=\"77\" data-end=\"192\"><br data-start=\"345\" data-end=\"348\" data-is-only-node=\"\" \/>\u25cf Langlebig und lustig: Gebaut, um aktives Spiel mit einer rollenden Bewegung und einem weichen Schwanz zu widerstehen, um Aufmerksamkeit zu erregen.<\/p>\n<p class=\"\" data-start=\"77\" data-end=\"192\"><br data-start=\"453\" data-end=\"456\" \/>\u25cf Wiederaufladbar: Das USB-Ladedesign macht Batterien \u00fcberfl\u00fcssig und sorgt f\u00fcr lang anhaltenden Spa\u00df.<\/p>\n<p class=\"\" data-start=\"77\" data-end=\"192\"><br data-start=\"555\" data-end=\"558\" \/>\u25cf Ideal f\u00fcr Katzen: H\u00e4lt Ihre Katze aktiv, reduziert Langeweile und f\u00f6rdert gesundes Verhalten.<\/p>\n<p class=\"\" data-start=\"77\" data-end=\"192\"><br data-start=\"651\" data-end=\"654\" \/>\u25cf Kompakte Gr\u00f6\u00dfe: Mit einer L\u00e4nge von 30 cm l\u00e4sst er sich leicht in jedem Innenraum einsetzen, ohne Platz zu beanspruchen.<\/p>\n<p>&nbsp;<\/p>\n<p>&nbsp;<\/p>\n<div style=\"max-width: 800px; margin: auto; padding: 20px;\">\n<p><!-- \u5de6\u56fe\u53f3\u6587 --><\/p>\n<div style=\"display: flex; align-items: center; gap: 20px; margin-bottom: 40px; flex-wrap: wrap;\">\n<p><img loading=\"lazy\" decoding=\"async\" class=\"alignnone wp-image-1271\" src=\"https:\/\/www.deopaws.com\/wp-content\/uploads\/2025\/05\/USB-Rechargeable-Interactive-Cat-Ball-with-Tail-Automatic-Rolling-Play-Toy-2-300x240.jpg\" alt=\"interactive cat ball\" width=\"370\" height=\"296\" srcset=\"https:\/\/www.deopaws.com\/wp-content\/uploads\/2025\/05\/USB-Rechargeable-Interactive-Cat-Ball-with-Tail-Automatic-Rolling-Play-Toy-2-300x240.jpg 300w, https:\/\/www.deopaws.com\/wp-content\/uploads\/2025\/05\/USB-Rechargeable-Interactive-Cat-Ball-with-Tail-Automatic-Rolling-Play-Toy-2-600x480.jpg 600w, https:\/\/www.deopaws.com\/wp-content\/uploads\/2025\/05\/USB-Rechargeable-Interactive-Cat-Ball-with-Tail-Automatic-Rolling-Play-Toy-2.jpg 750w\" sizes=\"auto, (max-width: 370px) 100vw, 370px\" \/><\/p>\n<div style=\"flex: 1; min-width: 0;\">\n<p style=\"color: gray;\">Intelligenter Escape-Katzenball mit bunten Lichtern, der durch eine sanfte Ber\u00fchrung mit der Pfote aktiviert und durch Aufladen mit Strom versorgt wird.<\/p>\n<\/div>\n<\/div>\n<p><!-- \u53f3\u56fe\u5de6\u6587 --><\/p>\n<div style=\"display: flex; flex-direction: row-reverse; align-items: center; gap: 20px; flex-wrap: wrap;\">\n<p><img loading=\"lazy\" decoding=\"async\" class=\"alignnone wp-image-1276\" src=\"https:\/\/www.deopaws.com\/wp-content\/uploads\/2025\/05\/USB-Rechargeable-Interactive-Cat-Ball-with-Tail-Automatic-Rolling-Play-Toy-7-300x240.jpg\" alt=\"interactive cat ball\" width=\"370\" height=\"296\" srcset=\"https:\/\/www.deopaws.com\/wp-content\/uploads\/2025\/05\/USB-Rechargeable-Interactive-Cat-Ball-with-Tail-Automatic-Rolling-Play-Toy-7-300x240.jpg 300w, https:\/\/www.deopaws.com\/wp-content\/uploads\/2025\/05\/USB-Rechargeable-Interactive-Cat-Ball-with-Tail-Automatic-Rolling-Play-Toy-7-600x480.jpg 600w, https:\/\/www.deopaws.com\/wp-content\/uploads\/2025\/05\/USB-Rechargeable-Interactive-Cat-Ball-with-Tail-Automatic-Rolling-Play-Toy-7.jpg 750w\" sizes=\"auto, (max-width: 370px) 100vw, 370px\" \/><\/p>\n<div style=\"flex: 1; min-width: 0;\">\n<p style=\"color: gray;\">Intelligentes Starten und Stoppen durch sanftes Ber\u00fchren mit der Pfote - Pause jederzeit, \u00fcberall, wann immer Ihre Katze m\u00f6chte.<\/p>\n<\/div>\n<\/div>\n<\/div>\n<div style=\"max-width: 800px; margin: auto; padding: 20px;\">\n<p><!-- \u5de6\u56fe\u53f3\u6587 --><\/p>\n<div style=\"display: flex; align-items: center; gap: 20px; margin-bottom: 40px; flex-wrap: wrap;\">\n<p><img loading=\"lazy\" decoding=\"async\" class=\"alignnone wp-image-1273\" src=\"https:\/\/www.deopaws.com\/wp-content\/uploads\/2025\/05\/USB-Rechargeable-Interactive-Cat-Ball-with-Tail-Automatic-Rolling-Play-Toy-4-300x240.jpg\" alt=\"interactive cat ball\" width=\"370\" height=\"296\" srcset=\"https:\/\/www.deopaws.com\/wp-content\/uploads\/2025\/05\/USB-Rechargeable-Interactive-Cat-Ball-with-Tail-Automatic-Rolling-Play-Toy-4-300x240.jpg 300w, https:\/\/www.deopaws.com\/wp-content\/uploads\/2025\/05\/USB-Rechargeable-Interactive-Cat-Ball-with-Tail-Automatic-Rolling-Play-Toy-4-600x480.jpg 600w, https:\/\/www.deopaws.com\/wp-content\/uploads\/2025\/05\/USB-Rechargeable-Interactive-Cat-Ball-with-Tail-Automatic-Rolling-Play-Toy-4.jpg 750w\" sizes=\"auto, (max-width: 370px) 100vw, 370px\" \/><\/p>\n<div style=\"flex: 1; min-width: 0;\">\n<p style=\"color: gray;\">Geeignet f\u00fcr verschiedene Bodenbel\u00e4ge wie Holzb\u00f6den, Fliesenb\u00f6den und d\u00fcnne Teppiche.<\/p>\n<\/div>\n<\/div>\n<p><!-- \u53f3\u56fe\u5de6\u6587 --><\/p>\n<div style=\"display: flex; flex-direction: row-reverse; align-items: center; gap: 20px; flex-wrap: wrap;\">\n<p><img loading=\"lazy\" decoding=\"async\" class=\"alignnone wp-image-1282\" src=\"https:\/\/www.deopaws.com\/wp-content\/uploads\/2025\/05\/USB-Rechargeable-Interactive-Cat-Ball-with-Tail-Automatic-Rolling-Play-Toy-1-300x240.jpg\" alt=\"interactive cat ball\" width=\"370\" height=\"296\" srcset=\"https:\/\/www.deopaws.com\/wp-content\/uploads\/2025\/05\/USB-Rechargeable-Interactive-Cat-Ball-with-Tail-Automatic-Rolling-Play-Toy-1-300x240.jpg 300w, https:\/\/www.deopaws.com\/wp-content\/uploads\/2025\/05\/USB-Rechargeable-Interactive-Cat-Ball-with-Tail-Automatic-Rolling-Play-Toy-1-600x480.jpg 600w, https:\/\/www.deopaws.com\/wp-content\/uploads\/2025\/05\/USB-Rechargeable-Interactive-Cat-Ball-with-Tail-Automatic-Rolling-Play-Toy-1.jpg 750w\" sizes=\"auto, (max-width: 370px) 100vw, 370px\" \/><\/p>\n<div style=\"flex: 1; min-width: 0;\">\n<p style=\"color: gray;\">Das brandneue USB-Ladedesign sorgt f\u00fcr kontinuierlichen Spielspa\u00df und aktive Spielzeit.<\/p>\n<\/div>\n<\/div>\n<\/div>\n<div style=\"max-width: 800px; margin: auto; padding: 20px;\">\n<p><!-- \u5de6\u56fe\u53f3\u6587 --><\/p>\n<div style=\"display: flex; align-items: center; gap: 20px; margin-bottom: 40px; flex-wrap: wrap;\">\n<p><img loading=\"lazy\" decoding=\"async\" class=\"alignnone wp-image-1275\" src=\"https:\/\/www.deopaws.com\/wp-content\/uploads\/2025\/05\/USB-Rechargeable-Interactive-Cat-Ball-with-Tail-Automatic-Rolling-Play-Toy-6-300x240.jpg\" alt=\"interactive cat ball\" width=\"370\" height=\"296\" srcset=\"https:\/\/www.deopaws.com\/wp-content\/uploads\/2025\/05\/USB-Rechargeable-Interactive-Cat-Ball-with-Tail-Automatic-Rolling-Play-Toy-6-300x240.jpg 300w, https:\/\/www.deopaws.com\/wp-content\/uploads\/2025\/05\/USB-Rechargeable-Interactive-Cat-Ball-with-Tail-Automatic-Rolling-Play-Toy-6-600x480.jpg 600w, https:\/\/www.deopaws.com\/wp-content\/uploads\/2025\/05\/USB-Rechargeable-Interactive-Cat-Ball-with-Tail-Automatic-Rolling-Play-Toy-6.jpg 750w\" sizes=\"auto, (max-width: 370px) 100vw, 370px\" \/><\/p>\n<div style=\"flex: 1; min-width: 0;\">\n<p style=\"color: gray;\">Wechselt nach 30 Sekunden automatisch in den Standby-Modus, und mit einer sanften Ber\u00fchrung der Pfote wird das Spiel fortgesetzt<\/p>\n<\/div>\n<\/div>\n<p><!-- \u53f3\u56fe\u5de6\u6587 --><\/p>\n<div style=\"display: flex; flex-direction: row-reverse; align-items: center; gap: 20px; flex-wrap: wrap;\">\n<p><img loading=\"lazy\" decoding=\"async\" class=\"alignnone wp-image-1278\" src=\"https:\/\/www.deopaws.com\/wp-content\/uploads\/2025\/05\/USB-Rechargeable-Interactive-Cat-Ball-with-Tail-Automatic-Rolling-Play-Toy-9-300x240.jpg\" alt=\"interactive cat ball\" width=\"370\" height=\"296\" srcset=\"https:\/\/www.deopaws.com\/wp-content\/uploads\/2025\/05\/USB-Rechargeable-Interactive-Cat-Ball-with-Tail-Automatic-Rolling-Play-Toy-9-300x240.jpg 300w, https:\/\/www.deopaws.com\/wp-content\/uploads\/2025\/05\/USB-Rechargeable-Interactive-Cat-Ball-with-Tail-Automatic-Rolling-Play-Toy-9-600x480.jpg 600w, https:\/\/www.deopaws.com\/wp-content\/uploads\/2025\/05\/USB-Rechargeable-Interactive-Cat-Ball-with-Tail-Automatic-Rolling-Play-Toy-9.jpg 750w\" sizes=\"auto, (max-width: 370px) 100vw, 370px\" \/><\/p>\n<div style=\"flex: 1; min-width: 0;\">\n<p style=\"color: gray;\">F\u00fcr zus\u00e4tzlichen Nervenkitzel sorgt das Spiel mit der Jagdh\u00fclle.<\/p>\n<\/div>\n<\/div>\n<\/div>\n<h3>Werksanzeige<\/h3>\n<p>&nbsp;<\/p>\n<div class=\"row\">\n<div class=\"col-lg-4\"><img loading=\"lazy\" decoding=\"async\" class=\"alignnone size-medium wp-image-142\" src=\"https:\/\/gray-bee-883835.hostingersite.com\/wp-content\/uploads\/2025\/04\/Small-pet-raincoat-3_-300x225.jpg\" alt=\"\" width=\"300\" height=\"225\" srcset=\"https:\/\/www.deopaws.com\/wp-content\/uploads\/2025\/04\/Small-pet-raincoat-3_-300x225.jpg 300w, https:\/\/www.deopaws.com\/wp-content\/uploads\/2025\/04\/Small-pet-raincoat-3_-600x450.jpg 600w, https:\/\/www.deopaws.com\/wp-content\/uploads\/2025\/04\/Small-pet-raincoat-3_-768x576.jpg 768w, https:\/\/www.deopaws.com\/wp-content\/uploads\/2025\/04\/Small-pet-raincoat-3_.jpg 800w\" sizes=\"auto, (max-width: 300px) 100vw, 300px\" \/><\/div>\n<div class=\"col-lg-4\"><img loading=\"lazy\" decoding=\"async\" class=\"alignnone size-medium wp-image-138\" src=\"https:\/\/gray-bee-883835.hostingersite.com\/wp-content\/uploads\/2025\/04\/Small-pet-raincoat-2-2-300x225.jpg\" alt=\"\" width=\"300\" height=\"225\" srcset=\"https:\/\/www.deopaws.com\/wp-content\/uploads\/2025\/04\/Small-pet-raincoat-2-2-300x225.jpg 300w, https:\/\/www.deopaws.com\/wp-content\/uploads\/2025\/04\/Small-pet-raincoat-2-2-600x450.jpg 600w, https:\/\/www.deopaws.com\/wp-content\/uploads\/2025\/04\/Small-pet-raincoat-2-2-768x576.jpg 768w, https:\/\/www.deopaws.com\/wp-content\/uploads\/2025\/04\/Small-pet-raincoat-2-2.jpg 800w\" sizes=\"auto, (max-width: 300px) 100vw, 300px\" \/><\/div>\n<div class=\"col-lg-4\"><img loading=\"lazy\" decoding=\"async\" class=\"alignnone size-medium wp-image-139\" src=\"https:\/\/gray-bee-883835.hostingersite.com\/wp-content\/uploads\/2025\/04\/Small-pet-raincoat-3-2-300x225.jpg\" alt=\"\" width=\"300\" height=\"225\" srcset=\"https:\/\/www.deopaws.com\/wp-content\/uploads\/2025\/04\/Small-pet-raincoat-3-2-300x225.jpg 300w, https:\/\/www.deopaws.com\/wp-content\/uploads\/2025\/04\/Small-pet-raincoat-3-2-600x450.jpg 600w, https:\/\/www.deopaws.com\/wp-content\/uploads\/2025\/04\/Small-pet-raincoat-3-2-768x576.jpg 768w, https:\/\/www.deopaws.com\/wp-content\/uploads\/2025\/04\/Small-pet-raincoat-3-2.jpg 800w\" sizes=\"auto, (max-width: 300px) 100vw, 300px\" \/><\/div>\n<p>&nbsp;<\/p>\n<div>\n<div class=\"row\">\n<div class=\"col-lg-4\"><img loading=\"lazy\" decoding=\"async\" class=\"alignnone size-medium wp-image-141\" src=\"https:\/\/gray-bee-883835.hostingersite.com\/wp-content\/uploads\/2025\/04\/Small-pet-raincoat-2_-300x225.jpg\" alt=\"\" width=\"300\" height=\"225\" srcset=\"https:\/\/www.deopaws.com\/wp-content\/uploads\/2025\/04\/Small-pet-raincoat-2_-300x225.jpg 300w, https:\/\/www.deopaws.com\/wp-content\/uploads\/2025\/04\/Small-pet-raincoat-2_-600x450.jpg 600w, https:\/\/www.deopaws.com\/wp-content\/uploads\/2025\/04\/Small-pet-raincoat-2_-768x576.jpg 768w, https:\/\/www.deopaws.com\/wp-content\/uploads\/2025\/04\/Small-pet-raincoat-2_.jpg 800w\" sizes=\"auto, (max-width: 300px) 100vw, 300px\" \/><\/div>\n<div class=\"col-lg-4\"><img loading=\"lazy\" decoding=\"async\" class=\"alignnone size-full wp-image-1656\" src=\"https:\/\/www.deopaws.com\/wp-content\/uploads\/2025\/05\/fact-1_\u526f\u672c.jpg\" alt=\"\" width=\"300\" height=\"225\" \/><\/div>\n<div class=\"col-lg-4\"><img loading=\"lazy\" decoding=\"async\" class=\"alignnone size-medium wp-image-137\" src=\"https:\/\/gray-bee-883835.hostingersite.com\/wp-content\/uploads\/2025\/04\/Small-pet-raincoat-1-2-300x225.jpg\" alt=\"\" width=\"300\" height=\"225\" srcset=\"https:\/\/www.deopaws.com\/wp-content\/uploads\/2025\/04\/Small-pet-raincoat-1-2-300x225.jpg 300w, https:\/\/www.deopaws.com\/wp-content\/uploads\/2025\/04\/Small-pet-raincoat-1-2-600x450.jpg 600w, https:\/\/www.deopaws.com\/wp-content\/uploads\/2025\/04\/Small-pet-raincoat-1-2-768x576.jpg 768w, https:\/\/www.deopaws.com\/wp-content\/uploads\/2025\/04\/Small-pet-raincoat-1-2.jpg 800w\" sizes=\"auto, (max-width: 300px) 100vw, 300px\" \/><\/div>\n<div><\/div>\n<\/div>\n<\/div>\n<\/div>","protected":false},"excerpt":{"rendered":"<p>Dieser interaktive Katzenball h\u00e4lt Ihren Katzenfreund aktiv und neugierig. Mit seinem weichen Schwanz und der \u00fcber USB aufladbaren automatischen Rollfunktion ahmt er die Bewegung einer echten Beute nach und weckt so den Jagdinstinkt Ihrer Katze. Dank der intelligenten Hindernisvermeidung und der robusten Bauweise ist er ideal f\u00fcr das Solospiel im Haus und bietet stundenlangen Spa\u00df, Stimulation und Bewegung.<\/p>","protected":false},"featured_media":1283,"comment_status":"open","ping_status":"closed","template":"","meta":{"_acf_changed":false},"product_brand":[],"product_cat":[15,17,31],"product_tag":[],"class_list":{"0":"post-1270","1":"product","2":"type-product","3":"status-publish","4":"has-post-thumbnail","6":"product_cat-products","7":"product_cat-cat-supplies","8":"product_cat-cat-toys","10":"first","11":"instock","12":"shipping-taxable","13":"product-type-simple"},"acf":[],"_links":{"self":[{"href":"https:\/\/www.deopaws.com\/de\/wp-json\/wp\/v2\/product\/1270","targetHints":{"allow":["GET"]}}],"collection":[{"href":"https:\/\/www.deopaws.com\/de\/wp-json\/wp\/v2\/product"}],"about":[{"href":"https:\/\/www.deopaws.com\/de\/wp-json\/wp\/v2\/types\/product"}],"replies":[{"embeddable":true,"href":"https:\/\/www.deopaws.com\/de\/wp-json\/wp\/v2\/comments?post=1270"}],"wp:featuredmedia":[{"embeddable":true,"href":"https:\/\/www.deopaws.com\/de\/wp-json\/wp\/v2\/media\/1283"}],"wp:attachment":[{"href":"https:\/\/www.deopaws.com\/de\/wp-json\/wp\/v2\/media?parent=1270"}],"wp:term":[{"taxonomy":"product_brand","embeddable":true,"href":"https:\/\/www.deopaws.com\/de\/wp-json\/wp\/v2\/product_brand?post=1270"},{"taxonomy":"product_cat","embeddable":true,"href":"https:\/\/www.deopaws.com\/de\/wp-json\/wp\/v2\/product_cat?post=1270"},{"taxonomy":"product_tag","embeddable":true,"href":"https:\/\/www.deopaws.com\/de\/wp-json\/wp\/v2\/product_tag?post=1270"}],"curies":[{"name":"wp","href":"https:\/\/api.w.org\/{rel}","templated":true}]}}