{"id":1258,"date":"2025-05-13T14:47:12","date_gmt":"2025-05-13T06:47:12","guid":{"rendered":"https:\/\/www.deopaws.com\/?post_type=product&#038;p=1258"},"modified":"2025-07-25T08:55:46","modified_gmt":"2025-07-25T00:55:46","slug":"cat-toy-flapping-bird","status":"publish","type":"product","link":"https:\/\/www.deopaws.com\/de\/produkt\/cat-toy-flapping-bird\/","title":{"rendered":"Katzenspielzeug Flapping Bird - Interaktives wiederaufladbares Spielzeug mit Katzenminze"},"content":{"rendered":"<h2 data-start=\"77\" data-end=\"192\">Katzenspielzeug flatternder Vogel:<\/h2>\n<p>&nbsp;<\/p>\n<p class=\"\" data-start=\"77\" data-end=\"192\">\u25cf Ber\u00fchrungsaktiviert: Reagiert auf die Ber\u00fchrung Ihrer Katze mit realistischem Zirpen und Flattern und regt zum aktiven Spiel an.<\/p>\n<p class=\"\" data-start=\"77\" data-end=\"192\"><br data-start=\"110\" data-end=\"113\" \/>\u25cf Vielseitig einsetzbar: Perfekt f\u00fcr Solo-Unterhaltung und interaktive Zeit mit anderen.<\/p>\n<p class=\"\" data-start=\"77\" data-end=\"192\"><br data-start=\"195\" data-end=\"198\" \/>\u25cf Wiederaufladbar und umweltfreundlich: Durch das Aufladen \u00fcber USB wird Batterieabfall vermieden, was es nachhaltig und kosteng\u00fcnstig macht.<\/p>\n<p class=\"\" data-start=\"77\" data-end=\"192\"><br data-start=\"309\" data-end=\"312\" \/>\u25cf Weich und sicher: Hergestellt aus Pl\u00fcschmaterialien, die sanft zu den Pfoten und Z\u00e4hnen Ihrer Katze sind.<\/p>\n<p class=\"\" data-start=\"77\" data-end=\"192\"><br data-start=\"398\" data-end=\"401\" \/>\u25cf Mit Katzenminze angereichert: Gef\u00fcllt mit Katzenminze, um Ihre Katze auf nat\u00fcrliche Weise anzulocken und zu erregen.<\/p>\n<p class=\"\" data-start=\"77\" data-end=\"192\"><br data-start=\"479\" data-end=\"482\" \/>\u25cf Perfekte Gr\u00f6\u00dfe: Ma\u00dfe 230<em data-start=\"510\" data-end=\"515\">180<\/em>120 mm, ideal zum Schlagen, Jagen und Kuscheln.<\/p>\n<p>&nbsp;<\/p>\n<p>&nbsp;<\/p>\n<div style=\"max-width: 800px; margin: auto; padding: 20px;\">\n<p><!-- \u5de6\u56fe\u53f3\u6587 --><\/p>\n<div style=\"display: flex; align-items: center; gap: 20px; margin-bottom: 40px; flex-wrap: wrap;\">\n<p><img loading=\"lazy\" decoding=\"async\" class=\"alignnone wp-image-1269\" src=\"https:\/\/www.deopaws.com\/wp-content\/uploads\/2025\/05\/Chirping-Flapping-Bird-Cat-Toy-\u2013-Rechargeable-Touch-Activated-with-Catnip-11-300x240.jpg\" alt=\"cat toy flapping bird\" width=\"370\" height=\"296\" srcset=\"https:\/\/www.deopaws.com\/wp-content\/uploads\/2025\/05\/Chirping-Flapping-Bird-Cat-Toy-\u2013-Rechargeable-Touch-Activated-with-Catnip-11-300x240.jpg 300w, https:\/\/www.deopaws.com\/wp-content\/uploads\/2025\/05\/Chirping-Flapping-Bird-Cat-Toy-\u2013-Rechargeable-Touch-Activated-with-Catnip-11-600x480.jpg 600w, https:\/\/www.deopaws.com\/wp-content\/uploads\/2025\/05\/Chirping-Flapping-Bird-Cat-Toy-\u2013-Rechargeable-Touch-Activated-with-Catnip-11.jpg 750w\" sizes=\"auto, (max-width: 370px) 100vw, 370px\" \/><\/p>\n<div style=\"flex: 1; min-width: 0;\">\n<p style=\"color: gray;\">Ein unwiderstehliches intelligentes Katzenspielzeug mit lustigen Soundeffekten.<\/p>\n<\/div>\n<\/div>\n<p><!-- \u53f3\u56fe\u5de6\u6587 --><\/p>\n<div style=\"display: flex; flex-direction: row-reverse; align-items: center; gap: 20px; flex-wrap: wrap;\">\n<p><img loading=\"lazy\" decoding=\"async\" class=\"alignnone wp-image-1264\" src=\"https:\/\/www.deopaws.com\/wp-content\/uploads\/2025\/05\/Chirping-Flapping-Bird-Cat-Toy-\u2013-Rechargeable-Touch-Activated-with-Catnip-6-300x240.jpg\" alt=\"cat toy flapping bird\" width=\"370\" height=\"296\" srcset=\"https:\/\/www.deopaws.com\/wp-content\/uploads\/2025\/05\/Chirping-Flapping-Bird-Cat-Toy-\u2013-Rechargeable-Touch-Activated-with-Catnip-6-300x240.jpg 300w, https:\/\/www.deopaws.com\/wp-content\/uploads\/2025\/05\/Chirping-Flapping-Bird-Cat-Toy-\u2013-Rechargeable-Touch-Activated-with-Catnip-6-600x480.jpg 600w, https:\/\/www.deopaws.com\/wp-content\/uploads\/2025\/05\/Chirping-Flapping-Bird-Cat-Toy-\u2013-Rechargeable-Touch-Activated-with-Catnip-6.jpg 750w\" sizes=\"auto, (max-width: 370px) 100vw, 370px\" \/><\/p>\n<div style=\"flex: 1; min-width: 0;\">\n<p style=\"color: gray;\">Ber\u00fchrungsaktiviertes Spielzeug mit schlagenden Fl\u00fcgeln, lebhaften Zwitscherger\u00e4uschen, enthaltener Katzenminze und einer abwaschbaren H\u00fclle.<\/p>\n<\/div>\n<\/div>\n<\/div>\n<div style=\"max-width: 800px; margin: auto; padding: 20px;\">\n<p><!-- \u5de6\u56fe\u53f3\u6587 --><\/p>\n<div style=\"display: flex; align-items: center; gap: 20px; margin-bottom: 40px; flex-wrap: wrap;\">\n<p><img loading=\"lazy\" decoding=\"async\" class=\"alignnone wp-image-1263\" src=\"https:\/\/www.deopaws.com\/wp-content\/uploads\/2025\/05\/Chirping-Flapping-Bird-Cat-Toy-\u2013-Rechargeable-Touch-Activated-with-Catnip-5-300x240.jpg\" alt=\"cat toy flapping bird\" width=\"370\" height=\"296\" srcset=\"https:\/\/www.deopaws.com\/wp-content\/uploads\/2025\/05\/Chirping-Flapping-Bird-Cat-Toy-\u2013-Rechargeable-Touch-Activated-with-Catnip-5-300x240.jpg 300w, https:\/\/www.deopaws.com\/wp-content\/uploads\/2025\/05\/Chirping-Flapping-Bird-Cat-Toy-\u2013-Rechargeable-Touch-Activated-with-Catnip-5-600x480.jpg 600w, https:\/\/www.deopaws.com\/wp-content\/uploads\/2025\/05\/Chirping-Flapping-Bird-Cat-Toy-\u2013-Rechargeable-Touch-Activated-with-Catnip-5.jpg 750w\" sizes=\"auto, (max-width: 370px) 100vw, 370px\" \/><\/p>\n<div style=\"flex: 1; min-width: 0;\">\n<p style=\"color: gray;\">Das Katzenspielzeug Flapping Bird ist \u00fcber USB wiederaufladbar und verf\u00fcgt \u00fcber eine langlebige Batterie, die etwa 200 Spr\u00fcnge pro Ladung erm\u00f6glicht. Er verf\u00fcgt \u00fcber einen austauschbaren Katzenminze-Beutel, der \u00fcber einen Rei\u00dfverschluss auf der R\u00fcckseite zug\u00e4nglich ist, Kontrollleuchten f\u00fcr den Ladestatus und einen sto\u00dffesten Schlitz f\u00fcr eine sichere Platzierung.<\/p>\n<\/div>\n<\/div>\n<p><!-- \u53f3\u56fe\u5de6\u6587 --><\/p>\n<div style=\"display: flex; flex-direction: row-reverse; align-items: center; gap: 20px; flex-wrap: wrap;\">\n<p><img loading=\"lazy\" decoding=\"async\" class=\"alignnone wp-image-1268\" src=\"https:\/\/www.deopaws.com\/wp-content\/uploads\/2025\/05\/Chirping-Flapping-Bird-Cat-Toy-\u2013-Rechargeable-Touch-Activated-with-Catnip-10-300x240.jpg\" alt=\"cat toy flapping bird\" width=\"370\" height=\"296\" srcset=\"https:\/\/www.deopaws.com\/wp-content\/uploads\/2025\/05\/Chirping-Flapping-Bird-Cat-Toy-\u2013-Rechargeable-Touch-Activated-with-Catnip-10-300x240.jpg 300w, https:\/\/www.deopaws.com\/wp-content\/uploads\/2025\/05\/Chirping-Flapping-Bird-Cat-Toy-\u2013-Rechargeable-Touch-Activated-with-Catnip-10-600x480.jpg 600w, https:\/\/www.deopaws.com\/wp-content\/uploads\/2025\/05\/Chirping-Flapping-Bird-Cat-Toy-\u2013-Rechargeable-Touch-Activated-with-Catnip-10.jpg 750w\" sizes=\"auto, (max-width: 370px) 100vw, 370px\" \/><\/p>\n<div style=\"flex: 1; min-width: 0;\">\n<p style=\"color: gray;\">Die eingebaute Katzenminze lockt Ihre Katze sofort an und besch\u00e4ftigt sie.<\/p>\n<\/div>\n<\/div>\n<\/div>\n<div style=\"max-width: 800px; margin: auto; padding: 20px;\">\n<p><!-- \u5de6\u56fe\u53f3\u6587 --><\/p>\n<div style=\"display: flex; align-items: center; gap: 20px; margin-bottom: 40px; flex-wrap: wrap;\">\n<p><img loading=\"lazy\" decoding=\"async\" class=\"alignnone wp-image-1262\" src=\"https:\/\/www.deopaws.com\/wp-content\/uploads\/2025\/05\/Chirping-Flapping-Bird-Cat-Toy-\u2013-Rechargeable-Touch-Activated-with-Catnip-4-300x240.jpg\" alt=\"cat toy flapping bird\" width=\"370\" height=\"296\" srcset=\"https:\/\/www.deopaws.com\/wp-content\/uploads\/2025\/05\/Chirping-Flapping-Bird-Cat-Toy-\u2013-Rechargeable-Touch-Activated-with-Catnip-4-300x240.jpg 300w, https:\/\/www.deopaws.com\/wp-content\/uploads\/2025\/05\/Chirping-Flapping-Bird-Cat-Toy-\u2013-Rechargeable-Touch-Activated-with-Catnip-4-600x480.jpg 600w, https:\/\/www.deopaws.com\/wp-content\/uploads\/2025\/05\/Chirping-Flapping-Bird-Cat-Toy-\u2013-Rechargeable-Touch-Activated-with-Catnip-4.jpg 750w\" sizes=\"auto, (max-width: 370px) 100vw, 370px\" \/><\/p>\n<div style=\"flex: 1; min-width: 0;\">\n<p style=\"color: gray;\">Die realistische Form, die naturgetreuen Bewegungen und das k\u00fcnstliche Kaninchenfell simulieren das Aussehen und das Verhalten eines echten Tieres und ziehen Ihre Katze in ihren Bann.<\/p>\n<\/div>\n<\/div>\n<p><!-- \u53f3\u56fe\u5de6\u6587 --><\/p>\n<div style=\"display: flex; flex-direction: row-reverse; align-items: center; gap: 20px; flex-wrap: wrap;\">\n<p><img loading=\"lazy\" decoding=\"async\" class=\"alignnone wp-image-1266\" src=\"https:\/\/www.deopaws.com\/wp-content\/uploads\/2025\/05\/Chirping-Flapping-Bird-Cat-Toy-\u2013-Rechargeable-Touch-Activated-with-Catnip-8-300x240.jpg\" alt=\"cat toy flapping bird\" width=\"370\" height=\"296\" srcset=\"https:\/\/www.deopaws.com\/wp-content\/uploads\/2025\/05\/Chirping-Flapping-Bird-Cat-Toy-\u2013-Rechargeable-Touch-Activated-with-Catnip-8-300x240.jpg 300w, https:\/\/www.deopaws.com\/wp-content\/uploads\/2025\/05\/Chirping-Flapping-Bird-Cat-Toy-\u2013-Rechargeable-Touch-Activated-with-Catnip-8-600x480.jpg 600w, https:\/\/www.deopaws.com\/wp-content\/uploads\/2025\/05\/Chirping-Flapping-Bird-Cat-Toy-\u2013-Rechargeable-Touch-Activated-with-Catnip-8.jpg 750w\" sizes=\"auto, (max-width: 370px) 100vw, 370px\" \/><\/p>\n<div style=\"flex: 1; min-width: 0;\">\n<p style=\"color: gray;\">Bewegungssensoren stimulieren den Jagdinstinkt - ein Wischen aktiviert die Fl\u00fcgel, die nach einer Weile in den Standby-Modus wechseln und durch Antippen wieder aktiviert werden, um das Spiel fortzusetzen.<\/p>\n<\/div>\n<\/div>\n<\/div>\n<div style=\"max-width: 800px; margin: auto; padding: 20px;\">\n<p><!-- \u5de6\u56fe\u53f3\u6587 --><\/p>\n<div style=\"display: flex; align-items: center; gap: 20px; margin-bottom: 40px; flex-wrap: wrap;\">\n<p><img loading=\"lazy\" decoding=\"async\" class=\"alignnone wp-image-1265\" src=\"https:\/\/www.deopaws.com\/wp-content\/uploads\/2025\/05\/Chirping-Flapping-Bird-Cat-Toy-\u2013-Rechargeable-Touch-Activated-with-Catnip-7-300x240.jpg\" alt=\"cat toy flapping bird\" width=\"370\" height=\"296\" srcset=\"https:\/\/www.deopaws.com\/wp-content\/uploads\/2025\/05\/Chirping-Flapping-Bird-Cat-Toy-\u2013-Rechargeable-Touch-Activated-with-Catnip-7-300x240.jpg 300w, https:\/\/www.deopaws.com\/wp-content\/uploads\/2025\/05\/Chirping-Flapping-Bird-Cat-Toy-\u2013-Rechargeable-Touch-Activated-with-Catnip-7-600x480.jpg 600w, https:\/\/www.deopaws.com\/wp-content\/uploads\/2025\/05\/Chirping-Flapping-Bird-Cat-Toy-\u2013-Rechargeable-Touch-Activated-with-Catnip-7.jpg 750w\" sizes=\"auto, (max-width: 370px) 100vw, 370px\" \/><\/p>\n<div style=\"flex: 1; min-width: 0;\">\n<p style=\"color: gray;\">Das Ringdesign erm\u00f6glicht die Befestigung an einem Katzenreizstab, einem H\u00e4ngeseil und vielem mehr und bietet vielseitige Spielm\u00f6glichkeiten (der Reizstab ist separat erh\u00e4ltlich).<\/p>\n<\/div>\n<\/div>\n<p><!-- \u53f3\u56fe\u5de6\u6587 --><\/p>\n<div style=\"display: flex; flex-direction: row-reverse; align-items: center; gap: 20px; flex-wrap: wrap;\">\n<p><img loading=\"lazy\" decoding=\"async\" class=\"alignnone wp-image-1260\" src=\"https:\/\/www.deopaws.com\/wp-content\/uploads\/2025\/05\/Chirping-Flapping-Bird-Cat-Toy-\u2013-Rechargeable-Touch-Activated-with-Catnip-2-300x240.jpg\" alt=\"cat toy flapping bird\" width=\"370\" height=\"296\" srcset=\"https:\/\/www.deopaws.com\/wp-content\/uploads\/2025\/05\/Chirping-Flapping-Bird-Cat-Toy-\u2013-Rechargeable-Touch-Activated-with-Catnip-2-300x240.jpg 300w, https:\/\/www.deopaws.com\/wp-content\/uploads\/2025\/05\/Chirping-Flapping-Bird-Cat-Toy-\u2013-Rechargeable-Touch-Activated-with-Catnip-2-600x480.jpg 600w, https:\/\/www.deopaws.com\/wp-content\/uploads\/2025\/05\/Chirping-Flapping-Bird-Cat-Toy-\u2013-Rechargeable-Touch-Activated-with-Catnip-2.jpg 750w\" sizes=\"auto, (max-width: 370px) 100vw, 370px\" \/><\/p>\n<div style=\"flex: 1; min-width: 0;\">\n<p style=\"color: gray;\">Exquisite Stickerei mit lebhaften, lustigen Motiven und sauberen N\u00e4hten, die eine lange Lebensdauer und Rissfestigkeit gew\u00e4hrleisten.<\/p>\n<\/div>\n<\/div>\n<\/div>\n<div style=\"max-width: 800px; margin: auto; padding: 20px;\">\n<p><!-- \u5de6\u56fe\u53f3\u6587 --><\/p>\n<div style=\"display: flex; align-items: center; gap: 20px; margin-bottom: 40px; flex-wrap: wrap;\">\n<p><img loading=\"lazy\" decoding=\"async\" class=\"alignnone wp-image-1259\" src=\"https:\/\/www.deopaws.com\/wp-content\/uploads\/2025\/05\/Chirping-Flapping-Bird-Cat-Toy-\u2013-Rechargeable-Touch-Activated-with-Catnip-1-300x240.jpg\" alt=\"cat toy flapping bird\" width=\"370\" height=\"296\" srcset=\"https:\/\/www.deopaws.com\/wp-content\/uploads\/2025\/05\/Chirping-Flapping-Bird-Cat-Toy-\u2013-Rechargeable-Touch-Activated-with-Catnip-1-300x240.jpg 300w, https:\/\/www.deopaws.com\/wp-content\/uploads\/2025\/05\/Chirping-Flapping-Bird-Cat-Toy-\u2013-Rechargeable-Touch-Activated-with-Catnip-1-600x480.jpg 600w, https:\/\/www.deopaws.com\/wp-content\/uploads\/2025\/05\/Chirping-Flapping-Bird-Cat-Toy-\u2013-Rechargeable-Touch-Activated-with-Catnip-1.jpg 750w\" sizes=\"auto, (max-width: 370px) 100vw, 370px\" \/><\/p>\n<div style=\"flex: 1; min-width: 0;\">\n<p style=\"color: gray;\">Qualit\u00e4tsuhrwerk mit echten Materialien f\u00fcr zuverl\u00e4ssige Leistung, mit einem Schalter mit Ladeschutz, einem Schlitzdesign f\u00fcr Sto\u00dffestigkeit und einfacher Bedienung.<\/p>\n<\/div>\n<\/div>\n<\/div>\n<h3>Werksanzeige<\/h3>\n<p>&nbsp;<\/p>\n<div class=\"row\">\n<div class=\"col-lg-4\"><img loading=\"lazy\" decoding=\"async\" class=\"alignnone size-medium wp-image-142\" src=\"https:\/\/gray-bee-883835.hostingersite.com\/wp-content\/uploads\/2025\/04\/Small-pet-raincoat-3_-300x225.jpg\" alt=\"\" width=\"300\" height=\"225\" srcset=\"https:\/\/www.deopaws.com\/wp-content\/uploads\/2025\/04\/Small-pet-raincoat-3_-300x225.jpg 300w, https:\/\/www.deopaws.com\/wp-content\/uploads\/2025\/04\/Small-pet-raincoat-3_-600x450.jpg 600w, https:\/\/www.deopaws.com\/wp-content\/uploads\/2025\/04\/Small-pet-raincoat-3_-768x576.jpg 768w, https:\/\/www.deopaws.com\/wp-content\/uploads\/2025\/04\/Small-pet-raincoat-3_.jpg 800w\" sizes=\"auto, (max-width: 300px) 100vw, 300px\" \/><\/div>\n<div class=\"col-lg-4\"><img loading=\"lazy\" decoding=\"async\" class=\"alignnone size-medium wp-image-138\" src=\"https:\/\/gray-bee-883835.hostingersite.com\/wp-content\/uploads\/2025\/04\/Small-pet-raincoat-2-2-300x225.jpg\" alt=\"\" width=\"300\" height=\"225\" srcset=\"https:\/\/www.deopaws.com\/wp-content\/uploads\/2025\/04\/Small-pet-raincoat-2-2-300x225.jpg 300w, https:\/\/www.deopaws.com\/wp-content\/uploads\/2025\/04\/Small-pet-raincoat-2-2-600x450.jpg 600w, https:\/\/www.deopaws.com\/wp-content\/uploads\/2025\/04\/Small-pet-raincoat-2-2-768x576.jpg 768w, https:\/\/www.deopaws.com\/wp-content\/uploads\/2025\/04\/Small-pet-raincoat-2-2.jpg 800w\" sizes=\"auto, (max-width: 300px) 100vw, 300px\" \/><\/div>\n<div class=\"col-lg-4\"><img loading=\"lazy\" decoding=\"async\" class=\"alignnone size-medium wp-image-139\" src=\"https:\/\/gray-bee-883835.hostingersite.com\/wp-content\/uploads\/2025\/04\/Small-pet-raincoat-3-2-300x225.jpg\" alt=\"\" width=\"300\" height=\"225\" srcset=\"https:\/\/www.deopaws.com\/wp-content\/uploads\/2025\/04\/Small-pet-raincoat-3-2-300x225.jpg 300w, https:\/\/www.deopaws.com\/wp-content\/uploads\/2025\/04\/Small-pet-raincoat-3-2-600x450.jpg 600w, https:\/\/www.deopaws.com\/wp-content\/uploads\/2025\/04\/Small-pet-raincoat-3-2-768x576.jpg 768w, https:\/\/www.deopaws.com\/wp-content\/uploads\/2025\/04\/Small-pet-raincoat-3-2.jpg 800w\" sizes=\"auto, (max-width: 300px) 100vw, 300px\" \/><\/div>\n<p>&nbsp;<\/p>\n<div>\n<div class=\"row\">\n<div class=\"col-lg-4\"><img loading=\"lazy\" decoding=\"async\" class=\"alignnone size-medium wp-image-141\" src=\"https:\/\/gray-bee-883835.hostingersite.com\/wp-content\/uploads\/2025\/04\/Small-pet-raincoat-2_-300x225.jpg\" alt=\"\" width=\"300\" height=\"225\" srcset=\"https:\/\/www.deopaws.com\/wp-content\/uploads\/2025\/04\/Small-pet-raincoat-2_-300x225.jpg 300w, https:\/\/www.deopaws.com\/wp-content\/uploads\/2025\/04\/Small-pet-raincoat-2_-600x450.jpg 600w, https:\/\/www.deopaws.com\/wp-content\/uploads\/2025\/04\/Small-pet-raincoat-2_-768x576.jpg 768w, https:\/\/www.deopaws.com\/wp-content\/uploads\/2025\/04\/Small-pet-raincoat-2_.jpg 800w\" sizes=\"auto, (max-width: 300px) 100vw, 300px\" \/><\/div>\n<div class=\"col-lg-4\"><img loading=\"lazy\" decoding=\"async\" class=\"alignnone size-full wp-image-1656\" src=\"https:\/\/www.deopaws.com\/wp-content\/uploads\/2025\/05\/fact-1_\u526f\u672c.jpg\" alt=\"\" width=\"300\" height=\"225\" \/><\/div>\n<div class=\"col-lg-4\"><img loading=\"lazy\" decoding=\"async\" class=\"alignnone size-medium wp-image-137\" src=\"https:\/\/gray-bee-883835.hostingersite.com\/wp-content\/uploads\/2025\/04\/Small-pet-raincoat-1-2-300x225.jpg\" alt=\"\" width=\"300\" height=\"225\" srcset=\"https:\/\/www.deopaws.com\/wp-content\/uploads\/2025\/04\/Small-pet-raincoat-1-2-300x225.jpg 300w, https:\/\/www.deopaws.com\/wp-content\/uploads\/2025\/04\/Small-pet-raincoat-1-2-600x450.jpg 600w, https:\/\/www.deopaws.com\/wp-content\/uploads\/2025\/04\/Small-pet-raincoat-1-2-768x576.jpg 768w, https:\/\/www.deopaws.com\/wp-content\/uploads\/2025\/04\/Small-pet-raincoat-1-2.jpg 800w\" sizes=\"auto, (max-width: 300px) 100vw, 300px\" \/><\/div>\n<div><\/div>\n<\/div>\n<\/div>\n<\/div>","protected":false},"excerpt":{"rendered":"<p>This cat toy flapping bird brings fun and stimulation to your cat&#8217;s day. With soft plush, touch-activated flapping wings, built-in catnip, and USB rechargeability, it&#8217;s the perfect interactive toy for keeping indoor cats active and entertained.<\/p>","protected":false},"featured_media":1261,"comment_status":"open","ping_status":"closed","template":"","meta":{"_acf_changed":false},"product_brand":[],"product_cat":[15,17,31],"product_tag":[],"class_list":{"0":"post-1258","1":"product","2":"type-product","3":"status-publish","4":"has-post-thumbnail","6":"product_cat-products","7":"product_cat-cat-supplies","8":"product_cat-cat-toys","10":"first","11":"instock","12":"shipping-taxable","13":"product-type-simple"},"acf":[],"_links":{"self":[{"href":"https:\/\/www.deopaws.com\/de\/wp-json\/wp\/v2\/product\/1258","targetHints":{"allow":["GET"]}}],"collection":[{"href":"https:\/\/www.deopaws.com\/de\/wp-json\/wp\/v2\/product"}],"about":[{"href":"https:\/\/www.deopaws.com\/de\/wp-json\/wp\/v2\/types\/product"}],"replies":[{"embeddable":true,"href":"https:\/\/www.deopaws.com\/de\/wp-json\/wp\/v2\/comments?post=1258"}],"wp:featuredmedia":[{"embeddable":true,"href":"https:\/\/www.deopaws.com\/de\/wp-json\/wp\/v2\/media\/1261"}],"wp:attachment":[{"href":"https:\/\/www.deopaws.com\/de\/wp-json\/wp\/v2\/media?parent=1258"}],"wp:term":[{"taxonomy":"product_brand","embeddable":true,"href":"https:\/\/www.deopaws.com\/de\/wp-json\/wp\/v2\/product_brand?post=1258"},{"taxonomy":"product_cat","embeddable":true,"href":"https:\/\/www.deopaws.com\/de\/wp-json\/wp\/v2\/product_cat?post=1258"},{"taxonomy":"product_tag","embeddable":true,"href":"https:\/\/www.deopaws.com\/de\/wp-json\/wp\/v2\/product_tag?post=1258"}],"curies":[{"name":"wp","href":"https:\/\/api.w.org\/{rel}","templated":true}]}}