{"id":1247,"date":"2025-05-13T13:58:21","date_gmt":"2025-05-13T05:58:21","guid":{"rendered":"https:\/\/www.deopaws.com\/?post_type=product&#038;p=1247"},"modified":"2025-07-25T09:03:39","modified_gmt":"2025-07-25T01:03:39","slug":"pet-chew-toys","status":"publish","type":"product","link":"https:\/\/www.deopaws.com\/de\/produkt\/pet-chew-toys\/","title":{"rendered":"Unzerst\u00f6rbares, quietschendes Kauspielzeug f\u00fcr Haustiere - Interaktiver Kauknochen f\u00fcr die Zahnreinigung"},"content":{"rendered":"<h2 data-start=\"77\" data-end=\"192\">Kauspielzeug f\u00fcr Haustiere:<\/h2>\n<p>&nbsp;<\/p>\n<p class=\"\" data-start=\"77\" data-end=\"192\">\u25cf Umweltfreundlich: Hergestellt aus Pl\u00fcsch, ist dieses Kauspielzeug sicher f\u00fcr Ihren Hund und die Umwelt.<\/p>\n<p class=\"\" data-start=\"77\" data-end=\"192\"><br data-start=\"158\" data-end=\"161\" \/>\u25cf Langlebig und ungiftig: F\u00fcr die Sicherheit Ihres Haustieres werden ungiftige Materialien verwendet.<\/p>\n<p class=\"\" data-start=\"77\" data-end=\"192\"><br data-start=\"254\" data-end=\"257\" \/>\u25cf Interaktiv: H\u00e4lt Ihren Hund mit Quietschger\u00e4uschen bei der Stange, perfekt f\u00fcr Spiel und Bindung.<\/p>\n<p class=\"\" data-start=\"77\" data-end=\"192\"><br data-start=\"349\" data-end=\"352\" \/>\u25cf Zahnungshilfe: Hilft bei der Reinigung der Z\u00e4hne und der Massage des Zahnfleisches und f\u00f6rdert eine gute Zahnhygiene.<\/p>\n<p class=\"\" data-start=\"77\" data-end=\"192\"><br data-start=\"434\" data-end=\"437\" \/>\u25cf Ideal f\u00fcr Kauer: Entwickelt f\u00fcr starke Kauer, ist dieses Spielzeug gemacht, um harte Bisse zu widerstehen.<\/p>\n<p class=\"\" data-start=\"77\" data-end=\"192\"><br data-start=\"529\" data-end=\"532\" \/>\u25cf Perfekte Gr\u00f6\u00dfe: Ma\u00dfe 24<em data-start=\"559\" data-end=\"563\">10<\/em>6 cm und ist damit ideal f\u00fcr Hunde aller Gr\u00f6\u00dfen.<\/p>\n<p>&nbsp;<\/p>\n<p>&nbsp;<\/p>\n<div style=\"max-width: 800px; margin: auto; padding: 20px;\">\n<p><!-- \u5de6\u56fe\u53f3\u6587 --><\/p>\n<div style=\"display: flex; align-items: center; gap: 20px; margin-bottom: 40px; flex-wrap: wrap;\">\n<p><img loading=\"lazy\" decoding=\"async\" class=\"alignnone wp-image-1257 size-medium\" src=\"https:\/\/www.deopaws.com\/wp-content\/uploads\/2025\/05\/Squeaky-dog-chew-toy-interactive-helps-clean-teeth-indestructible-1-300x240.jpg\" alt=\"pet chew toys\" width=\"300\" height=\"240\" srcset=\"https:\/\/www.deopaws.com\/wp-content\/uploads\/2025\/05\/Squeaky-dog-chew-toy-interactive-helps-clean-teeth-indestructible-1-300x240.jpg 300w, https:\/\/www.deopaws.com\/wp-content\/uploads\/2025\/05\/Squeaky-dog-chew-toy-interactive-helps-clean-teeth-indestructible-1-600x480.jpg 600w, https:\/\/www.deopaws.com\/wp-content\/uploads\/2025\/05\/Squeaky-dog-chew-toy-interactive-helps-clean-teeth-indestructible-1.jpg 750w\" sizes=\"auto, (max-width: 300px) 100vw, 300px\" \/><\/p>\n<div style=\"flex: 1; min-width: 0;\">\n<p style=\"color: gray;\">Haustier-Sound-Seilspielzeug mit interaktivem Sound, doppellagiges Gewebe, perfekt zum Zahnen, Kauen, Z\u00e4hneputzen und Lernspa\u00df.<\/p>\n<\/div>\n<\/div>\n<p><!-- \u53f3\u56fe\u5de6\u6587 --><\/p>\n<div style=\"display: flex; flex-direction: row-reverse; align-items: center; gap: 20px; flex-wrap: wrap;\">\n<p><img loading=\"lazy\" decoding=\"async\" class=\"alignnone wp-image-1255 size-medium\" src=\"https:\/\/www.deopaws.com\/wp-content\/uploads\/2025\/05\/Squeaky-dog-chew-toy-interactive-helps-clean-teeth-indestructible-9-300x240.jpg\" alt=\"pet chew toys\" width=\"300\" height=\"240\" srcset=\"https:\/\/www.deopaws.com\/wp-content\/uploads\/2025\/05\/Squeaky-dog-chew-toy-interactive-helps-clean-teeth-indestructible-9-300x240.jpg 300w, https:\/\/www.deopaws.com\/wp-content\/uploads\/2025\/05\/Squeaky-dog-chew-toy-interactive-helps-clean-teeth-indestructible-9-600x480.jpg 600w, https:\/\/www.deopaws.com\/wp-content\/uploads\/2025\/05\/Squeaky-dog-chew-toy-interactive-helps-clean-teeth-indestructible-9.jpg 750w\" sizes=\"auto, (max-width: 300px) 100vw, 300px\" \/><\/p>\n<div style=\"flex: 1; min-width: 0;\">\n<p style=\"color: gray;\">Weiche Pl\u00fcschmaterialien mit Eigenschaften aus Tonpapier bieten Komfort, W\u00e4rme und Sicherheit, so dass sich diese Kauspielzeuge f\u00fcr Haustiere zum Spielen im Haus eignen. Sie sind sanft zu Z\u00e4hnen und Zahnfleisch, vielseitig f\u00fcr interaktives Spiel, bieten sensorische Stimulation, Haltbarkeit und sind sicher f\u00fcr Haustiere jeden Alters.<\/p>\n<\/div>\n<\/div>\n<\/div>\n<div style=\"max-width: 800px; margin: auto; padding: 20px;\">\n<p><!-- \u5de6\u56fe\u53f3\u6587 --><\/p>\n<div style=\"display: flex; align-items: center; gap: 20px; margin-bottom: 40px; flex-wrap: wrap;\">\n<p><img loading=\"lazy\" decoding=\"async\" class=\"alignnone wp-image-1254 size-medium\" src=\"https:\/\/www.deopaws.com\/wp-content\/uploads\/2025\/05\/Squeaky-dog-chew-toy-interactive-helps-clean-teeth-indestructible-8-300x240.jpg\" alt=\"pet chew toys\" width=\"300\" height=\"240\" srcset=\"https:\/\/www.deopaws.com\/wp-content\/uploads\/2025\/05\/Squeaky-dog-chew-toy-interactive-helps-clean-teeth-indestructible-8-300x240.jpg 300w, https:\/\/www.deopaws.com\/wp-content\/uploads\/2025\/05\/Squeaky-dog-chew-toy-interactive-helps-clean-teeth-indestructible-8-600x480.jpg 600w, https:\/\/www.deopaws.com\/wp-content\/uploads\/2025\/05\/Squeaky-dog-chew-toy-interactive-helps-clean-teeth-indestructible-8.jpg 750w\" sizes=\"auto, (max-width: 300px) 100vw, 300px\" \/><\/p>\n<div style=\"flex: 1; min-width: 0;\">\n<p style=\"color: gray;\">Das Nylongewebe hilft, die Z\u00e4hne Ihres Hundes zu reinigen, w\u00e4hrend es gleichzeitig sein Interesse weckt und ihm das Zahnen erleichtert.<\/p>\n<\/div>\n<\/div>\n<p><!-- \u53f3\u56fe\u5de6\u6587 --><\/p>\n<div style=\"display: flex; flex-direction: row-reverse; align-items: center; gap: 20px; flex-wrap: wrap;\">\n<p><img loading=\"lazy\" decoding=\"async\" class=\"alignnone wp-image-1256 size-medium\" src=\"https:\/\/www.deopaws.com\/wp-content\/uploads\/2025\/05\/Squeaky-dog-chew-toy-interactive-helps-clean-teeth-indestructible-10-300x240.jpg\" alt=\"pet chew toys\" width=\"300\" height=\"240\" srcset=\"https:\/\/www.deopaws.com\/wp-content\/uploads\/2025\/05\/Squeaky-dog-chew-toy-interactive-helps-clean-teeth-indestructible-10-300x240.jpg 300w, https:\/\/www.deopaws.com\/wp-content\/uploads\/2025\/05\/Squeaky-dog-chew-toy-interactive-helps-clean-teeth-indestructible-10-600x480.jpg 600w, https:\/\/www.deopaws.com\/wp-content\/uploads\/2025\/05\/Squeaky-dog-chew-toy-interactive-helps-clean-teeth-indestructible-10.jpg 750w\" sizes=\"auto, (max-width: 300px) 100vw, 300px\" \/><\/p>\n<div style=\"flex: 1; min-width: 0;\">\n<p style=\"color: gray;\">Dieses Spielzeug aus sicherem, ungiftigem Stoff und exquisiter Stickerei verf\u00fcgt \u00fcber eine doppellagige Konstruktion f\u00fcr Langlebigkeit, knisterndes Tonpapier f\u00fcr zus\u00e4tzlichen Spa\u00df und ein interaktives Seil f\u00fcr Tauziehen, das die Z\u00e4hne Ihres Haustiers reinigt und \u00c4ngste abbaut.<\/p>\n<\/div>\n<\/div>\n<\/div>\n<h3>Werksanzeige<\/h3>\n<p>&nbsp;<\/p>\n<div class=\"row\">\n<div class=\"col-lg-4\"><img loading=\"lazy\" decoding=\"async\" class=\"alignnone size-medium wp-image-142\" src=\"https:\/\/gray-bee-883835.hostingersite.com\/wp-content\/uploads\/2025\/04\/Small-pet-raincoat-3_-300x225.jpg\" alt=\"\" width=\"300\" height=\"225\" srcset=\"https:\/\/www.deopaws.com\/wp-content\/uploads\/2025\/04\/Small-pet-raincoat-3_-300x225.jpg 300w, https:\/\/www.deopaws.com\/wp-content\/uploads\/2025\/04\/Small-pet-raincoat-3_-600x450.jpg 600w, https:\/\/www.deopaws.com\/wp-content\/uploads\/2025\/04\/Small-pet-raincoat-3_-768x576.jpg 768w, https:\/\/www.deopaws.com\/wp-content\/uploads\/2025\/04\/Small-pet-raincoat-3_.jpg 800w\" sizes=\"auto, (max-width: 300px) 100vw, 300px\" \/><\/div>\n<div class=\"col-lg-4\"><img loading=\"lazy\" decoding=\"async\" class=\"alignnone size-medium wp-image-138\" src=\"https:\/\/gray-bee-883835.hostingersite.com\/wp-content\/uploads\/2025\/04\/Small-pet-raincoat-2-2-300x225.jpg\" alt=\"\" width=\"300\" height=\"225\" srcset=\"https:\/\/www.deopaws.com\/wp-content\/uploads\/2025\/04\/Small-pet-raincoat-2-2-300x225.jpg 300w, https:\/\/www.deopaws.com\/wp-content\/uploads\/2025\/04\/Small-pet-raincoat-2-2-600x450.jpg 600w, https:\/\/www.deopaws.com\/wp-content\/uploads\/2025\/04\/Small-pet-raincoat-2-2-768x576.jpg 768w, https:\/\/www.deopaws.com\/wp-content\/uploads\/2025\/04\/Small-pet-raincoat-2-2.jpg 800w\" sizes=\"auto, (max-width: 300px) 100vw, 300px\" \/><\/div>\n<div class=\"col-lg-4\"><img loading=\"lazy\" decoding=\"async\" class=\"alignnone size-medium wp-image-139\" src=\"https:\/\/gray-bee-883835.hostingersite.com\/wp-content\/uploads\/2025\/04\/Small-pet-raincoat-3-2-300x225.jpg\" alt=\"\" width=\"300\" height=\"225\" srcset=\"https:\/\/www.deopaws.com\/wp-content\/uploads\/2025\/04\/Small-pet-raincoat-3-2-300x225.jpg 300w, https:\/\/www.deopaws.com\/wp-content\/uploads\/2025\/04\/Small-pet-raincoat-3-2-600x450.jpg 600w, https:\/\/www.deopaws.com\/wp-content\/uploads\/2025\/04\/Small-pet-raincoat-3-2-768x576.jpg 768w, https:\/\/www.deopaws.com\/wp-content\/uploads\/2025\/04\/Small-pet-raincoat-3-2.jpg 800w\" sizes=\"auto, (max-width: 300px) 100vw, 300px\" \/><\/div>\n<p>&nbsp;<\/p>\n<div>\n<div class=\"row\">\n<div class=\"col-lg-4\"><img loading=\"lazy\" decoding=\"async\" class=\"alignnone size-medium wp-image-141\" src=\"https:\/\/gray-bee-883835.hostingersite.com\/wp-content\/uploads\/2025\/04\/Small-pet-raincoat-2_-300x225.jpg\" alt=\"\" width=\"300\" height=\"225\" srcset=\"https:\/\/www.deopaws.com\/wp-content\/uploads\/2025\/04\/Small-pet-raincoat-2_-300x225.jpg 300w, https:\/\/www.deopaws.com\/wp-content\/uploads\/2025\/04\/Small-pet-raincoat-2_-600x450.jpg 600w, https:\/\/www.deopaws.com\/wp-content\/uploads\/2025\/04\/Small-pet-raincoat-2_-768x576.jpg 768w, https:\/\/www.deopaws.com\/wp-content\/uploads\/2025\/04\/Small-pet-raincoat-2_.jpg 800w\" sizes=\"auto, (max-width: 300px) 100vw, 300px\" \/><\/div>\n<div class=\"col-lg-4\"><img loading=\"lazy\" decoding=\"async\" class=\"alignnone size-full wp-image-1656\" src=\"https:\/\/www.deopaws.com\/wp-content\/uploads\/2025\/05\/fact-1_\u526f\u672c.jpg\" alt=\"\" width=\"300\" height=\"225\" \/><\/div>\n<div class=\"col-lg-4\"><img loading=\"lazy\" decoding=\"async\" class=\"alignnone size-medium wp-image-137\" src=\"https:\/\/gray-bee-883835.hostingersite.com\/wp-content\/uploads\/2025\/04\/Small-pet-raincoat-1-2-300x225.jpg\" alt=\"\" width=\"300\" height=\"225\" srcset=\"https:\/\/www.deopaws.com\/wp-content\/uploads\/2025\/04\/Small-pet-raincoat-1-2-300x225.jpg 300w, https:\/\/www.deopaws.com\/wp-content\/uploads\/2025\/04\/Small-pet-raincoat-1-2-600x450.jpg 600w, https:\/\/www.deopaws.com\/wp-content\/uploads\/2025\/04\/Small-pet-raincoat-1-2-768x576.jpg 768w, https:\/\/www.deopaws.com\/wp-content\/uploads\/2025\/04\/Small-pet-raincoat-1-2.jpg 800w\" sizes=\"auto, (max-width: 300px) 100vw, 300px\" \/><\/div>\n<div><\/div>\n<\/div>\n<\/div>\n<\/div>","protected":false},"excerpt":{"rendered":"<p>Diese quietschenden Kauspielzeuge f\u00fcr Haustiere sind umweltfreundlich, langlebig und ungiftig. Es hilft, die Z\u00e4hne Ihres Haustieres zu reinigen und bietet gleichzeitig interaktives Spiel. Das quietschende Ger\u00e4usch h\u00e4lt Haustiere bei der Stange und ist somit perfekt f\u00fcr Spa\u00df und Zahngesundheit. Ideal f\u00fcr Haustiere aller Gr\u00f6\u00dfen.<\/p>","protected":false},"featured_media":1252,"comment_status":"open","ping_status":"closed","template":"","meta":{"_acf_changed":false},"product_brand":[],"product_cat":[15,17,31],"product_tag":[],"class_list":{"0":"post-1247","1":"product","2":"type-product","3":"status-publish","4":"has-post-thumbnail","6":"product_cat-products","7":"product_cat-cat-supplies","8":"product_cat-cat-toys","10":"first","11":"instock","12":"shipping-taxable","13":"product-type-simple"},"acf":[],"_links":{"self":[{"href":"https:\/\/www.deopaws.com\/de\/wp-json\/wp\/v2\/product\/1247","targetHints":{"allow":["GET"]}}],"collection":[{"href":"https:\/\/www.deopaws.com\/de\/wp-json\/wp\/v2\/product"}],"about":[{"href":"https:\/\/www.deopaws.com\/de\/wp-json\/wp\/v2\/types\/product"}],"replies":[{"embeddable":true,"href":"https:\/\/www.deopaws.com\/de\/wp-json\/wp\/v2\/comments?post=1247"}],"wp:featuredmedia":[{"embeddable":true,"href":"https:\/\/www.deopaws.com\/de\/wp-json\/wp\/v2\/media\/1252"}],"wp:attachment":[{"href":"https:\/\/www.deopaws.com\/de\/wp-json\/wp\/v2\/media?parent=1247"}],"wp:term":[{"taxonomy":"product_brand","embeddable":true,"href":"https:\/\/www.deopaws.com\/de\/wp-json\/wp\/v2\/product_brand?post=1247"},{"taxonomy":"product_cat","embeddable":true,"href":"https:\/\/www.deopaws.com\/de\/wp-json\/wp\/v2\/product_cat?post=1247"},{"taxonomy":"product_tag","embeddable":true,"href":"https:\/\/www.deopaws.com\/de\/wp-json\/wp\/v2\/product_tag?post=1247"}],"curies":[{"name":"wp","href":"https:\/\/api.w.org\/{rel}","templated":true}]}}