{"id":118,"date":"2025-04-03T09:36:10","date_gmt":"2025-04-03T01:36:10","guid":{"rendered":"https:\/\/gray-bee-883835.hostingersite.com\/?post_type=product&#038;p=118"},"modified":"2025-08-05T11:22:41","modified_gmt":"2025-08-05T03:22:41","slug":"large-dog-raincoat","status":"publish","type":"product","link":"https:\/\/www.deopaws.com\/de\/produkt\/large-dog-raincoat\/","title":{"rendered":"Gro\u00dfer Hunderegenmantel - wasserdicht, strapazierf\u00e4hig und bequem f\u00fcr den Schutz im Freien"},"content":{"rendered":"<h2>Gro\u00dfer Regenmantel f\u00fcr Hunde:<\/h2>\n<p>&nbsp;<\/p>\n<p>Dieser gro\u00dfe Hunderegenmantel wurde f\u00fcr gro\u00dfe Hunde entwickelt und passt sich ihrer K\u00f6rperform an. Er bietet einen bequemen Sitz und vollst\u00e4ndigen Schutz von Kopf bis Fu\u00df. Er ist aus doppellagigem, wasserdichtem Material gefertigt und h\u00e4lt Ihr Haustier trocken, w\u00e4hrend die Atmungsaktivit\u00e4t erhalten bleibt. Ein praktischer Druckknopf sorgt f\u00fcr einfaches Tragen und ein U-f\u00f6rmig geteiltes Mitteldesign f\u00fcr uneingeschr\u00e4nkte Bewegungsfreiheit. Die vergr\u00f6\u00dferte, transparente Krempe sorgt f\u00fcr klare Sicht im Regen, und die abnehmbare Schwanzabdeckung und das reservierte Traktionsloch bieten zus\u00e4tzlichen Komfort f\u00fcr Aktivit\u00e4ten im Freien.<\/p>\n<p>&nbsp;<\/p>\n<div style=\"max-width: 800px; margin: auto; padding: 20px;\">\n<p><!-- \u5de6\u56fe\u53f3\u6587 --><\/p>\n<div style=\"display: flex; align-items: center; gap: 20px; margin-bottom: 40px; flex-wrap: wrap;\">\n<p><img loading=\"lazy\" decoding=\"async\" class=\"alignnone\" style=\"width: 350px; height: 471px; border-radius: 10px; flex-shrink: 0; max-width: 100%;\" src=\"https:\/\/gray-bee-883835.hostingersite.com\/wp-content\/uploads\/2025\/04\/\u8be6\u60c5\u56fe12.jpg\" alt=\"large dog raincoat\" width=\"790\" height=\"1064\" \/><\/p>\n<div style=\"flex: 1; min-width: 0;\">\n<p style=\"color: gray;\">Sie wurde f\u00fcr gro\u00dfe Hunde entwickelt und passt sich ihrer K\u00f6rperform an, um einen bequemeren Sitz zu gew\u00e4hrleisten. Gleichzeitig ist sie praktisch und langlebig, um die Bed\u00fcrfnisse gro\u00dfer Hunde in einer Vielzahl von Umgebungen zu erf\u00fcllen.<\/p>\n<\/div>\n<\/div>\n<p><!-- \u53f3\u56fe\u5de6\u6587 --><\/p>\n<div style=\"display: flex; flex-direction: row-reverse; align-items: center; gap: 20px; flex-wrap: wrap;\">\n<p><img loading=\"lazy\" decoding=\"async\" class=\"alignnone\" style=\"width: 350px; height: 464px; border-radius: 10px; flex-shrink: 0; max-width: 100%;\" src=\"https:\/\/gray-bee-883835.hostingersite.com\/wp-content\/uploads\/2025\/04\/\u8be6\u60c5\u56fe14.jpg\" alt=\"large dog raincoat\" width=\"790\" height=\"1047\" \/><\/p>\n<div style=\"flex: 1; min-width: 0;\">\n<p style=\"color: gray;\">Sie bedeckt den gesamten K\u00f6rper und bietet vollst\u00e4ndigen Schutz von Kopf bis Fu\u00df. Sie sch\u00fctzt effektiv vor Regen und sorgt daf\u00fcr, dass Ihr Haustier bei nassem Wetter trocken und komfortabel bleibt.<\/p>\n<\/div>\n<\/div>\n<\/div>\n<div style=\"max-width: 800px; margin: auto; padding: 20px;\">\n<p><!-- \u5de6\u56fe\u53f3\u6587 --><\/p>\n<div style=\"display: flex; align-items: center; gap: 20px; margin-bottom: 40px; flex-wrap: wrap;\">\n<p><img loading=\"lazy\" decoding=\"async\" class=\"alignnone\" style=\"width: 350px; height: 461px; border-radius: 10px; flex-shrink: 0; max-width: 100%;\" src=\"https:\/\/gray-bee-883835.hostingersite.com\/wp-content\/uploads\/2025\/04\/\u8be6\u60c5\u56fe15.jpg\" alt=\"large dog raincoat\" width=\"790\" height=\"1039\" \/><\/p>\n<div style=\"flex: 1; min-width: 0;\">\n<p style=\"color: gray;\">Die vergr\u00f6\u00dferte, transparente Krempe verhindert, dass Regen die Sicht behindert, so dass Ihr Haustier auch bei einem Spaziergang im Regen eine klare Sicht hat und sich wohl f\u00fchlt.<\/p>\n<\/div>\n<\/div>\n<p><!-- \u53f3\u56fe\u5de6\u6587 --><\/p>\n<div style=\"display: flex; flex-direction: row-reverse; align-items: center; gap: 20px; flex-wrap: wrap;\">\n<p><img loading=\"lazy\" decoding=\"async\" class=\"alignnone\" style=\"width: 350px; height: 458px; border-radius: 10px; flex-shrink: 0; max-width: 100%;\" src=\"https:\/\/gray-bee-883835.hostingersite.com\/wp-content\/uploads\/2025\/04\/\u8be6\u60c5\u56fe16.jpg\" alt=\"large dog raincoat\" width=\"790\" height=\"1032\" \/><\/p>\n<div style=\"flex: 1; min-width: 0;\">\n<p style=\"color: gray;\">Reserviert Hund zu Fu\u00df Traktion Loch auf der R\u00fcckseite, bequem, um die Leine zu binden, sorgen f\u00fcr die Sicherheit und den Komfort von Outdoor-Aktivit\u00e4ten.<\/p>\n<\/div>\n<\/div>\n<\/div>\n<div style=\"max-width: 800px; margin: auto; padding: 20px;\">\n<p><!-- \u5de6\u56fe\u53f3\u6587 --><\/p>\n<div style=\"display: flex; align-items: center; gap: 20px; margin-bottom: 40px; flex-wrap: wrap;\">\n<p><img loading=\"lazy\" decoding=\"async\" class=\"alignnone\" style=\"width: 350px; height: 470px; border-radius: 10px; flex-shrink: 0; max-width: 100%;\" src=\"https:\/\/gray-bee-883835.hostingersite.com\/wp-content\/uploads\/2025\/04\/\u8be6\u60c5\u56fe17.jpg\" alt=\"large dog raincoat\" width=\"790\" height=\"1060\" \/><\/p>\n<div style=\"flex: 1; min-width: 0;\">\n<p style=\"color: gray;\">Ausgestattet mit einer abnehmbaren Schwanzabdeckung, die sich je nach Bedarf frei einstellen l\u00e4sst und Ihrem geliebten Haustier umfassenden Schutz und Komfort bietet.<\/p>\n<\/div>\n<\/div>\n<p><!-- \u53f3\u56fe\u5de6\u6587 --><\/p>\n<div style=\"display: flex; flex-direction: row-reverse; align-items: center; gap: 20px; flex-wrap: wrap;\">\n<p><img loading=\"lazy\" decoding=\"async\" class=\"alignnone\" style=\"width: 350px; height: 466px; border-radius: 10px; flex-shrink: 0; max-width: 100%;\" src=\"https:\/\/gray-bee-883835.hostingersite.com\/wp-content\/uploads\/2025\/04\/\u8be6\u60c5\u56fe18.jpg\" alt=\"large dog raincoat\" width=\"790\" height=\"1052\" \/><\/p>\n<div style=\"flex: 1; min-width: 0;\">\n<p style=\"color: gray;\">Sie besteht aus doppellagigem, wasserdichtem Material, das das Eindringen von Regenwasser wirksam verhindert und gleichzeitig atmungsaktiv ist, damit Ihr Haustier auch bei nassem und kaltem Wetter trocken bleibt und sich wohl f\u00fchlt.<\/p>\n<\/div>\n<\/div>\n<\/div>\n<div style=\"max-width: 800px; margin: auto; padding: 20px;\">\n<p><!-- \u5de6\u56fe\u53f3\u6587 --><\/p>\n<div style=\"display: flex; align-items: center; gap: 20px; margin-bottom: 40px; flex-wrap: wrap;\">\n<p><img loading=\"lazy\" decoding=\"async\" class=\"alignnone\" style=\"width: 350px; height: 462px; border-radius: 10px; flex-shrink: 0; max-width: 100%;\" src=\"https:\/\/gray-bee-883835.hostingersite.com\/wp-content\/uploads\/2025\/04\/\u8be6\u60c5\u56fe20.jpg\" alt=\"large dog raincoat\" width=\"790\" height=\"1043\" \/><\/p>\n<div style=\"flex: 1; min-width: 0;\">\n<p style=\"color: gray;\">Das praktische Druckknopfdesign am Bauch erm\u00f6glicht ein einfaches und schnelles An- und Ausziehen und sorgt f\u00fcr einen festen Sitz, ohne die Bewegungsfreiheit Ihres Tieres einzuschr\u00e4nken.<\/p>\n<\/div>\n<\/div>\n<p><!-- \u53f3\u56fe\u5de6\u6587 --><\/p>\n<div style=\"display: flex; flex-direction: row-reverse; align-items: center; gap: 20px; flex-wrap: wrap;\">\n<p><img loading=\"lazy\" decoding=\"async\" class=\"alignnone\" style=\"width: 350px; height: 463px; border-radius: 10px; flex-shrink: 0; max-width: 100%;\" src=\"https:\/\/gray-bee-883835.hostingersite.com\/wp-content\/uploads\/2025\/04\/\u8be6\u60c5\u56fe21.jpg\" alt=\"large dog raincoat\" width=\"790\" height=\"1046\" \/><\/p>\n<div style=\"flex: 1; min-width: 0;\">\n<p style=\"color: gray;\">Das innovative U-f\u00f6rmige Design des geteilten Mittelteils behindert gro\u00dfe Hunde nicht beim Toilettengang und erm\u00f6glicht eine freie Bewegung ohne Einschr\u00e4nkungen, w\u00e4hrend es gleichzeitig f\u00fcr einen sicheren Sitz und ein angenehmeres Tragegef\u00fchl sorgt.<\/p>\n<\/div>\n<\/div>\n<\/div>\n<div style=\"max-width: 800px; margin: auto; padding: 20px;\">\n<p><!-- \u5de6\u56fe\u53f3\u6587 --><\/p>\n<div style=\"display: flex; align-items: center; gap: 20px; margin-bottom: 40px; flex-wrap: wrap;\">\n<p><img loading=\"lazy\" decoding=\"async\" class=\"alignnone\" style=\"width: 350px; height: 370px; border-radius: 10px; flex-shrink: 0; max-width: 100%;\" src=\"https:\/\/gray-bee-883835.hostingersite.com\/wp-content\/uploads\/2025\/04\/\u8be6\u60c5\u56fe22.jpg\" alt=\"large dog raincoat\" width=\"790\" height=\"836\" \/><\/p>\n<div style=\"flex: 1; min-width: 0;\">\n<p style=\"color: gray;\">Tragen Sie ihn, egal wie stark es regnet.<\/p>\n<\/div>\n<\/div>\n<p><!-- \u53f3\u56fe\u5de6\u6587 --><\/p>\n<div style=\"display: flex; flex-direction: row-reverse; align-items: center; gap: 20px; flex-wrap: wrap;\">\n<p><img loading=\"lazy\" decoding=\"async\" class=\"alignnone\" style=\"width: 350px; height: 457px; border-radius: 10px; flex-shrink: 0; max-width: 100%;\" src=\"https:\/\/gray-bee-883835.hostingersite.com\/wp-content\/uploads\/2025\/04\/\u8be6\u60c5\u56fe23.jpg\" alt=\"large dog raincoat\" width=\"790\" height=\"1032\" \/><\/p>\n<div style=\"flex: 1; min-width: 0;\">\n<p style=\"color: gray;\">Gr\u00f6\u00dfentabelle<\/p>\n<\/div>\n<\/div>\n<\/div>\n<h3>Werksanzeige<\/h3>\n<p>&nbsp;<\/p>\n<div class=\"row\">\n<div class=\"col-lg-4\"><img loading=\"lazy\" decoding=\"async\" class=\"alignnone size-medium wp-image-142\" src=\"https:\/\/gray-bee-883835.hostingersite.com\/wp-content\/uploads\/2025\/04\/Small-pet-raincoat-3_-300x225.jpg\" alt=\"\" width=\"300\" height=\"225\" srcset=\"https:\/\/www.deopaws.com\/wp-content\/uploads\/2025\/04\/Small-pet-raincoat-3_-300x225.jpg 300w, https:\/\/www.deopaws.com\/wp-content\/uploads\/2025\/04\/Small-pet-raincoat-3_-600x450.jpg 600w, https:\/\/www.deopaws.com\/wp-content\/uploads\/2025\/04\/Small-pet-raincoat-3_-768x576.jpg 768w, https:\/\/www.deopaws.com\/wp-content\/uploads\/2025\/04\/Small-pet-raincoat-3_.jpg 800w\" sizes=\"auto, (max-width: 300px) 100vw, 300px\" \/><\/div>\n<div class=\"col-lg-4\"><img loading=\"lazy\" decoding=\"async\" class=\"alignnone size-medium wp-image-138\" src=\"https:\/\/gray-bee-883835.hostingersite.com\/wp-content\/uploads\/2025\/04\/Small-pet-raincoat-2-2-300x225.jpg\" alt=\"\" width=\"300\" height=\"225\" srcset=\"https:\/\/www.deopaws.com\/wp-content\/uploads\/2025\/04\/Small-pet-raincoat-2-2-300x225.jpg 300w, https:\/\/www.deopaws.com\/wp-content\/uploads\/2025\/04\/Small-pet-raincoat-2-2-600x450.jpg 600w, https:\/\/www.deopaws.com\/wp-content\/uploads\/2025\/04\/Small-pet-raincoat-2-2-768x576.jpg 768w, https:\/\/www.deopaws.com\/wp-content\/uploads\/2025\/04\/Small-pet-raincoat-2-2.jpg 800w\" sizes=\"auto, (max-width: 300px) 100vw, 300px\" \/><\/div>\n<div class=\"col-lg-4\"><img loading=\"lazy\" decoding=\"async\" class=\"alignnone size-medium wp-image-139\" src=\"https:\/\/gray-bee-883835.hostingersite.com\/wp-content\/uploads\/2025\/04\/Small-pet-raincoat-3-2-300x225.jpg\" alt=\"\" width=\"300\" height=\"225\" srcset=\"https:\/\/www.deopaws.com\/wp-content\/uploads\/2025\/04\/Small-pet-raincoat-3-2-300x225.jpg 300w, https:\/\/www.deopaws.com\/wp-content\/uploads\/2025\/04\/Small-pet-raincoat-3-2-600x450.jpg 600w, https:\/\/www.deopaws.com\/wp-content\/uploads\/2025\/04\/Small-pet-raincoat-3-2-768x576.jpg 768w, https:\/\/www.deopaws.com\/wp-content\/uploads\/2025\/04\/Small-pet-raincoat-3-2.jpg 800w\" sizes=\"auto, (max-width: 300px) 100vw, 300px\" \/><\/div>\n<p>&nbsp;<\/p>\n<div>\n<div class=\"row\">\n<div class=\"col-lg-4\"><img loading=\"lazy\" decoding=\"async\" class=\"alignnone size-medium wp-image-141\" src=\"https:\/\/gray-bee-883835.hostingersite.com\/wp-content\/uploads\/2025\/04\/Small-pet-raincoat-2_-300x225.jpg\" alt=\"\" width=\"300\" height=\"225\" srcset=\"https:\/\/www.deopaws.com\/wp-content\/uploads\/2025\/04\/Small-pet-raincoat-2_-300x225.jpg 300w, https:\/\/www.deopaws.com\/wp-content\/uploads\/2025\/04\/Small-pet-raincoat-2_-600x450.jpg 600w, https:\/\/www.deopaws.com\/wp-content\/uploads\/2025\/04\/Small-pet-raincoat-2_-768x576.jpg 768w, https:\/\/www.deopaws.com\/wp-content\/uploads\/2025\/04\/Small-pet-raincoat-2_.jpg 800w\" sizes=\"auto, (max-width: 300px) 100vw, 300px\" \/><\/div>\n<div class=\"col-lg-4\"><img loading=\"lazy\" decoding=\"async\" class=\"alignnone size-full wp-image-1656\" src=\"https:\/\/www.deopaws.com\/wp-content\/uploads\/2025\/05\/fact-1_\u526f\u672c.jpg\" alt=\"\" width=\"300\" height=\"225\" \/><\/div>\n<div class=\"col-lg-4\"><img loading=\"lazy\" decoding=\"async\" class=\"alignnone size-medium wp-image-137\" src=\"https:\/\/gray-bee-883835.hostingersite.com\/wp-content\/uploads\/2025\/04\/Small-pet-raincoat-1-2-300x225.jpg\" alt=\"\" width=\"300\" height=\"225\" srcset=\"https:\/\/www.deopaws.com\/wp-content\/uploads\/2025\/04\/Small-pet-raincoat-1-2-300x225.jpg 300w, https:\/\/www.deopaws.com\/wp-content\/uploads\/2025\/04\/Small-pet-raincoat-1-2-600x450.jpg 600w, https:\/\/www.deopaws.com\/wp-content\/uploads\/2025\/04\/Small-pet-raincoat-1-2-768x576.jpg 768w, https:\/\/www.deopaws.com\/wp-content\/uploads\/2025\/04\/Small-pet-raincoat-1-2.jpg 800w\" sizes=\"auto, (max-width: 300px) 100vw, 300px\" \/><\/div>\n<div><\/div>\n<\/div>\n<\/div>\n<\/div>","protected":false},"excerpt":{"rendered":"<p>Dieser gro\u00dfe Hunderegenmantel wurde f\u00fcr gro\u00dfe Hunde entwickelt und bietet doppelte wasserdichte Schichten und Ganzk\u00f6rperschutz. Mit einer abnehmbaren Schwanzabdeckung und einer U-f\u00f6rmigen Brustabdeckung erm\u00f6glicht er ungehinderte Bewegung - keine Sorgen an regnerischen Tagen.<\/p>","protected":false},"featured_media":132,"comment_status":"open","ping_status":"closed","template":"","meta":{"_acf_changed":false},"product_brand":[],"product_cat":[15,17,39,16,25],"product_tag":[],"class_list":{"0":"post-118","1":"product","2":"type-product","3":"status-publish","4":"has-post-thumbnail","6":"product_cat-products","7":"product_cat-cat-supplies","8":"product_cat-cat-apparel-accessories","9":"product_cat-dog-supplies","10":"product_cat-dog-apparel-accessories","12":"first","13":"instock","14":"shipping-taxable","15":"product-type-simple"},"acf":[],"_links":{"self":[{"href":"https:\/\/www.deopaws.com\/de\/wp-json\/wp\/v2\/product\/118","targetHints":{"allow":["GET"]}}],"collection":[{"href":"https:\/\/www.deopaws.com\/de\/wp-json\/wp\/v2\/product"}],"about":[{"href":"https:\/\/www.deopaws.com\/de\/wp-json\/wp\/v2\/types\/product"}],"replies":[{"embeddable":true,"href":"https:\/\/www.deopaws.com\/de\/wp-json\/wp\/v2\/comments?post=118"}],"wp:featuredmedia":[{"embeddable":true,"href":"https:\/\/www.deopaws.com\/de\/wp-json\/wp\/v2\/media\/132"}],"wp:attachment":[{"href":"https:\/\/www.deopaws.com\/de\/wp-json\/wp\/v2\/media?parent=118"}],"wp:term":[{"taxonomy":"product_brand","embeddable":true,"href":"https:\/\/www.deopaws.com\/de\/wp-json\/wp\/v2\/product_brand?post=118"},{"taxonomy":"product_cat","embeddable":true,"href":"https:\/\/www.deopaws.com\/de\/wp-json\/wp\/v2\/product_cat?post=118"},{"taxonomy":"product_tag","embeddable":true,"href":"https:\/\/www.deopaws.com\/de\/wp-json\/wp\/v2\/product_tag?post=118"}],"curies":[{"name":"wp","href":"https:\/\/api.w.org\/{rel}","templated":true}]}}