{"id":1141,"date":"2025-05-12T15:59:43","date_gmt":"2025-05-12T07:59:43","guid":{"rendered":"https:\/\/www.deopaws.com\/?post_type=product&#038;p=1141"},"modified":"2026-01-04T13:15:33","modified_gmt":"2026-01-04T05:15:33","slug":"pet-fleece-blanket","status":"publish","type":"product","link":"https:\/\/www.deopaws.com\/de\/produkt\/pet-fleece-blanket\/","title":{"rendered":"Pet Fleece Blanket - dicke, warme &amp; weiche Pl\u00fcschdecke f\u00fcr Katzen und Hunde"},"content":{"rendered":"<h2 data-start=\"77\" data-end=\"192\">Fleece-Decke f\u00fcr Haustiere:<\/h2>\n<p>&nbsp;<\/p>\n<p class=\"\" data-start=\"77\" data-end=\"192\">\u25cf Auf Lager: Versandfertige Pl\u00fcschdecken gew\u00e4hrleisten eine schnelle Lieferung und eine gleichbleibende Versorgung der Einzelh\u00e4ndler.<\/p>\n<p class=\"\" data-start=\"77\" data-end=\"192\"><br data-start=\"97\" data-end=\"100\" \/>\u25cf Ganzj\u00e4hriger Komfort: Weiches, dickes Pl\u00fcschmaterial h\u00e4lt Haustiere das ganze Jahr \u00fcber kuschelig, ob im Winter oder in klimatisierten R\u00e4umen.<\/p>\n<p class=\"\" data-start=\"77\" data-end=\"192\"><br data-start=\"221\" data-end=\"224\" \/>\u25cf Pflegeleicht: Handwaschbar f\u00fcr eine bequeme und langfristige Nutzung.<\/p>\n<p class=\"\" data-start=\"77\" data-end=\"192\"><br data-start=\"284\" data-end=\"287\" \/>\u25cf Vielseitig einsetzbar: Geeignet f\u00fcr Katzen und kleine Hunde, ideal f\u00fcr die Verwendung in Betten, Tragetaschen oder auf M\u00f6beln.<\/p>\n<p class=\"\" data-start=\"77\" data-end=\"192\"><br data-start=\"387\" data-end=\"390\" \/>\u25cf Zertifizierte Qualit\u00e4t: Entspricht den BSCI- und SEDEX-Standards f\u00fcr Sicherheit und ethische Produktion.<\/p>\n<p class=\"\" data-start=\"77\" data-end=\"192\"><br data-start=\"484\" data-end=\"487\" \/>\u25cf Mehrere Gr\u00f6\u00dfen: Erh\u00e4ltlich in S, M, L und XL f\u00fcr unterschiedliche Bed\u00fcrfnisse von Haustieren.<\/p>\n<p>&nbsp;<\/p>\n<p>&nbsp;<\/p>\n<div style=\"max-width: 800px; margin: auto; padding: 20px;\">\n<p><!-- \u5de6\u56fe\u53f3\u6587 --><\/p>\n<div style=\"display: flex; align-items: center; gap: 20px; margin-bottom: 40px; flex-wrap: wrap;\">\n<p><img loading=\"lazy\" decoding=\"async\" class=\"alignnone size-medium wp-image-1147\" src=\"https:\/\/www.deopaws.com\/wp-content\/uploads\/2025\/05\/Thick-Warm-and-Soft-Plush-Blanket-for-Cats-and-Dogs-6-300x240.jpg\" alt=\"\" width=\"300\" height=\"240\" srcset=\"https:\/\/www.deopaws.com\/wp-content\/uploads\/2025\/05\/Thick-Warm-and-Soft-Plush-Blanket-for-Cats-and-Dogs-6-300x240.jpg 300w, https:\/\/www.deopaws.com\/wp-content\/uploads\/2025\/05\/Thick-Warm-and-Soft-Plush-Blanket-for-Cats-and-Dogs-6-600x480.jpg 600w, https:\/\/www.deopaws.com\/wp-content\/uploads\/2025\/05\/Thick-Warm-and-Soft-Plush-Blanket-for-Cats-and-Dogs-6.jpg 750w\" sizes=\"auto, (max-width: 300px) 100vw, 300px\" \/><\/p>\n<div style=\"flex: 1; min-width: 0;\">\n<p style=\"color: gray;\">Doppelt verdickte Lammwolle sorgt f\u00fcr zus\u00e4tzliche W\u00e4rme und Weichheit und bietet Haustieren ein kuscheliges und komfortables Liegeerlebnis, besonders ideal f\u00fcr die kalte Jahreszeit.<\/p>\n<\/div>\n<\/div>\n<p><!-- \u53f3\u56fe\u5de6\u6587 --><\/p>\n<div style=\"display: flex; flex-direction: row-reverse; align-items: center; gap: 20px; flex-wrap: wrap;\">\n<p><img loading=\"lazy\" decoding=\"async\" class=\"alignnone size-medium wp-image-1146\" src=\"https:\/\/www.deopaws.com\/wp-content\/uploads\/2025\/05\/Thick-Warm-and-Soft-Plush-Blanket-for-Cats-and-Dogs-5-300x240.jpg\" alt=\"\" width=\"300\" height=\"240\" srcset=\"https:\/\/www.deopaws.com\/wp-content\/uploads\/2025\/05\/Thick-Warm-and-Soft-Plush-Blanket-for-Cats-and-Dogs-5-300x240.jpg 300w, https:\/\/www.deopaws.com\/wp-content\/uploads\/2025\/05\/Thick-Warm-and-Soft-Plush-Blanket-for-Cats-and-Dogs-5-600x480.jpg 600w, https:\/\/www.deopaws.com\/wp-content\/uploads\/2025\/05\/Thick-Warm-and-Soft-Plush-Blanket-for-Cats-and-Dogs-5.jpg 750w\" sizes=\"auto, (max-width: 300px) 100vw, 300px\" \/><\/p>\n<div style=\"flex: 1; min-width: 0;\">\n<p style=\"color: gray;\">Hochwertige Materialien sorgen f\u00fcr \u00fcberragende W\u00e4rme und Komfort, wobei Premium-Lammwolle eine zus\u00e4tzliche Isolationsschicht bietet, um Haustiere auch bei k\u00e4lterem Wetter warm zu halten.<\/p>\n<\/div>\n<\/div>\n<\/div>\n<div style=\"max-width: 800px; margin: auto; padding: 20px;\">\n<p><!-- \u5de6\u56fe\u53f3\u6587 --><\/p>\n<div style=\"display: flex; align-items: center; gap: 20px; margin-bottom: 40px; flex-wrap: wrap;\">\n<p><img loading=\"lazy\" decoding=\"async\" class=\"alignnone size-medium wp-image-1143\" src=\"https:\/\/www.deopaws.com\/wp-content\/uploads\/2025\/05\/Thick-Warm-and-Soft-Plush-Blanket-for-Cats-and-Dogs-2-300x240.jpg\" alt=\"\" width=\"300\" height=\"240\" srcset=\"https:\/\/www.deopaws.com\/wp-content\/uploads\/2025\/05\/Thick-Warm-and-Soft-Plush-Blanket-for-Cats-and-Dogs-2-300x240.jpg 300w, https:\/\/www.deopaws.com\/wp-content\/uploads\/2025\/05\/Thick-Warm-and-Soft-Plush-Blanket-for-Cats-and-Dogs-2-600x480.jpg 600w, https:\/\/www.deopaws.com\/wp-content\/uploads\/2025\/05\/Thick-Warm-and-Soft-Plush-Blanket-for-Cats-and-Dogs-2.jpg 750w\" sizes=\"auto, (max-width: 300px) 100vw, 300px\" \/><\/p>\n<div style=\"flex: 1; min-width: 0;\">\n<p style=\"color: gray;\">Gr\u00f6\u00dfenangaben f\u00fcr verschiedene Stile<\/p>\n<\/div>\n<\/div>\n<\/div>\n<h3>Werksanzeige<\/h3>\n<p>&nbsp;<\/p>\n<div class=\"row\">\n<div class=\"col-lg-4\"><img loading=\"lazy\" decoding=\"async\" class=\"alignnone size-medium wp-image-142\" src=\"https:\/\/gray-bee-883835.hostingersite.com\/wp-content\/uploads\/2025\/04\/Small-pet-raincoat-3_-300x225.jpg\" alt=\"\" width=\"300\" height=\"225\" srcset=\"https:\/\/www.deopaws.com\/wp-content\/uploads\/2025\/04\/Small-pet-raincoat-3_-300x225.jpg 300w, https:\/\/www.deopaws.com\/wp-content\/uploads\/2025\/04\/Small-pet-raincoat-3_-600x450.jpg 600w, https:\/\/www.deopaws.com\/wp-content\/uploads\/2025\/04\/Small-pet-raincoat-3_-768x576.jpg 768w, https:\/\/www.deopaws.com\/wp-content\/uploads\/2025\/04\/Small-pet-raincoat-3_.jpg 800w\" sizes=\"auto, (max-width: 300px) 100vw, 300px\" \/><\/div>\n<div class=\"col-lg-4\"><img loading=\"lazy\" decoding=\"async\" class=\"alignnone size-medium wp-image-138\" src=\"https:\/\/gray-bee-883835.hostingersite.com\/wp-content\/uploads\/2025\/04\/Small-pet-raincoat-2-2-300x225.jpg\" alt=\"\" width=\"300\" height=\"225\" srcset=\"https:\/\/www.deopaws.com\/wp-content\/uploads\/2025\/04\/Small-pet-raincoat-2-2-300x225.jpg 300w, https:\/\/www.deopaws.com\/wp-content\/uploads\/2025\/04\/Small-pet-raincoat-2-2-600x450.jpg 600w, https:\/\/www.deopaws.com\/wp-content\/uploads\/2025\/04\/Small-pet-raincoat-2-2-768x576.jpg 768w, https:\/\/www.deopaws.com\/wp-content\/uploads\/2025\/04\/Small-pet-raincoat-2-2.jpg 800w\" sizes=\"auto, (max-width: 300px) 100vw, 300px\" \/><\/div>\n<div class=\"col-lg-4\"><img loading=\"lazy\" decoding=\"async\" class=\"alignnone size-medium wp-image-139\" src=\"https:\/\/gray-bee-883835.hostingersite.com\/wp-content\/uploads\/2025\/04\/Small-pet-raincoat-3-2-300x225.jpg\" alt=\"\" width=\"300\" height=\"225\" srcset=\"https:\/\/www.deopaws.com\/wp-content\/uploads\/2025\/04\/Small-pet-raincoat-3-2-300x225.jpg 300w, https:\/\/www.deopaws.com\/wp-content\/uploads\/2025\/04\/Small-pet-raincoat-3-2-600x450.jpg 600w, https:\/\/www.deopaws.com\/wp-content\/uploads\/2025\/04\/Small-pet-raincoat-3-2-768x576.jpg 768w, https:\/\/www.deopaws.com\/wp-content\/uploads\/2025\/04\/Small-pet-raincoat-3-2.jpg 800w\" sizes=\"auto, (max-width: 300px) 100vw, 300px\" \/><\/div>\n<p>&nbsp;<\/p>\n<div>\n<div class=\"row\">\n<div class=\"col-lg-4\"><img loading=\"lazy\" decoding=\"async\" class=\"alignnone size-medium wp-image-141\" src=\"https:\/\/gray-bee-883835.hostingersite.com\/wp-content\/uploads\/2025\/04\/Small-pet-raincoat-2_-300x225.jpg\" alt=\"\" width=\"300\" height=\"225\" srcset=\"https:\/\/www.deopaws.com\/wp-content\/uploads\/2025\/04\/Small-pet-raincoat-2_-300x225.jpg 300w, https:\/\/www.deopaws.com\/wp-content\/uploads\/2025\/04\/Small-pet-raincoat-2_-600x450.jpg 600w, https:\/\/www.deopaws.com\/wp-content\/uploads\/2025\/04\/Small-pet-raincoat-2_-768x576.jpg 768w, https:\/\/www.deopaws.com\/wp-content\/uploads\/2025\/04\/Small-pet-raincoat-2_.jpg 800w\" sizes=\"auto, (max-width: 300px) 100vw, 300px\" \/><\/div>\n<div class=\"col-lg-4\"><img loading=\"lazy\" decoding=\"async\" class=\"alignnone size-full wp-image-1656\" src=\"https:\/\/www.deopaws.com\/wp-content\/uploads\/2025\/05\/fact-1_\u526f\u672c.jpg\" alt=\"\" width=\"300\" height=\"225\" \/><\/div>\n<div class=\"col-lg-4\"><img loading=\"lazy\" decoding=\"async\" class=\"alignnone size-medium wp-image-137\" src=\"https:\/\/gray-bee-883835.hostingersite.com\/wp-content\/uploads\/2025\/04\/Small-pet-raincoat-1-2-300x225.jpg\" alt=\"\" width=\"300\" height=\"225\" srcset=\"https:\/\/www.deopaws.com\/wp-content\/uploads\/2025\/04\/Small-pet-raincoat-1-2-300x225.jpg 300w, https:\/\/www.deopaws.com\/wp-content\/uploads\/2025\/04\/Small-pet-raincoat-1-2-600x450.jpg 600w, https:\/\/www.deopaws.com\/wp-content\/uploads\/2025\/04\/Small-pet-raincoat-1-2-768x576.jpg 768w, https:\/\/www.deopaws.com\/wp-content\/uploads\/2025\/04\/Small-pet-raincoat-1-2.jpg 800w\" sizes=\"auto, (max-width: 300px) 100vw, 300px\" \/><\/div>\n<div><\/div>\n<\/div>\n<\/div>\n<\/div>","protected":false},"excerpt":{"rendered":"<p>Diese dicke, warme und weiche Fleecedecke f\u00fcr Haustiere ist perfekt, um es Katzen und kleinen Hunden das ganze Jahr \u00fcber bequem zu machen. Sie besteht aus hochwertigen Materialien, ist sanft zum Fell, leicht von Hand zu reinigen und ideal f\u00fcr Betten, Transportboxen oder zum Faulenzen in Innenr\u00e4umen.<\/p>","protected":false},"featured_media":1145,"comment_status":"open","ping_status":"closed","template":"","meta":{"_acf_changed":false},"product_brand":[],"product_cat":[15,17,30],"product_tag":[],"class_list":{"0":"post-1141","1":"product","2":"type-product","3":"status-publish","4":"has-post-thumbnail","6":"product_cat-products","7":"product_cat-cat-supplies","8":"product_cat-cat-beds","10":"first","11":"instock","12":"shipping-taxable","13":"product-type-simple"},"acf":[],"_links":{"self":[{"href":"https:\/\/www.deopaws.com\/de\/wp-json\/wp\/v2\/product\/1141","targetHints":{"allow":["GET"]}}],"collection":[{"href":"https:\/\/www.deopaws.com\/de\/wp-json\/wp\/v2\/product"}],"about":[{"href":"https:\/\/www.deopaws.com\/de\/wp-json\/wp\/v2\/types\/product"}],"replies":[{"embeddable":true,"href":"https:\/\/www.deopaws.com\/de\/wp-json\/wp\/v2\/comments?post=1141"}],"wp:featuredmedia":[{"embeddable":true,"href":"https:\/\/www.deopaws.com\/de\/wp-json\/wp\/v2\/media\/1145"}],"wp:attachment":[{"href":"https:\/\/www.deopaws.com\/de\/wp-json\/wp\/v2\/media?parent=1141"}],"wp:term":[{"taxonomy":"product_brand","embeddable":true,"href":"https:\/\/www.deopaws.com\/de\/wp-json\/wp\/v2\/product_brand?post=1141"},{"taxonomy":"product_cat","embeddable":true,"href":"https:\/\/www.deopaws.com\/de\/wp-json\/wp\/v2\/product_cat?post=1141"},{"taxonomy":"product_tag","embeddable":true,"href":"https:\/\/www.deopaws.com\/de\/wp-json\/wp\/v2\/product_tag?post=1141"}],"curies":[{"name":"wp","href":"https:\/\/api.w.org\/{rel}","templated":true}]}}