{"id":1133,"date":"2025-05-12T15:45:00","date_gmt":"2025-05-12T07:45:00","guid":{"rendered":"https:\/\/www.deopaws.com\/?post_type=product&#038;p=1133"},"modified":"2026-01-04T13:18:37","modified_gmt":"2026-01-04T05:18:37","slug":"custom-pet-beds","status":"publish","type":"product","link":"https:\/\/www.deopaws.com\/de\/produkt\/custom-pet-beds\/","title":{"rendered":"Custom Pet Beds - Luxus Donut Pl\u00fcschbett mit Logo f\u00fcr Katzen und Hunde"},"content":{"rendered":"<h2 data-start=\"77\" data-end=\"192\">Individuelle Betten f\u00fcr Haustiere:<\/h2>\n<p>&nbsp;<\/p>\n<p class=\"\" data-start=\"77\" data-end=\"192\">\u25cf Bequem: Hergestellt mit weichem Pl\u00fcsch und Memory-Schaum-F\u00fcllung, um W\u00e4rme und Komfort im Winter zu bieten.<\/p>\n<p class=\"\" data-start=\"77\" data-end=\"192\"><br data-start=\"104\" data-end=\"107\" \/>\u25cf Anpassbar: Erh\u00e4ltlich mit benutzerdefinierten Logo-Optionen f\u00fcr Branding oder Personalisierung.<\/p>\n<p class=\"\" data-start=\"77\" data-end=\"192\"><br data-start=\"190\" data-end=\"193\" \/>\u25cf Gem\u00fctlich und stilvoll: Das Design in Donut-Form bietet einen sicheren, modernen Look, der zu jeder Wohnungseinrichtung passt.<\/p>\n<p class=\"\" data-start=\"77\" data-end=\"192\"><br data-start=\"284\" data-end=\"287\" \/>\u25cf Leicht zu reinigen: Das von Hand abwaschbare Material macht die Pflege einfach und bequem.<\/p>\n<p class=\"\" data-start=\"77\" data-end=\"192\"><br data-start=\"367\" data-end=\"370\" \/>\u25cf Ideal f\u00fcr Katzen und Hunde: Perfekt f\u00fcr Haustiere, die es lieben, sich in einem kuscheligen, st\u00fctzenden Raum zusammenzurollen.<\/p>\n<p class=\"\" data-start=\"77\" data-end=\"192\"><br data-start=\"460\" data-end=\"463\" \/>\u25cf Mehrere Gr\u00f6\u00dfen: Erh\u00e4ltlich in Durchmessern von 40 cm bis 80 cm, passend f\u00fcr verschiedene Haustiergr\u00f6\u00dfen.<\/p>\n<p>&nbsp;<\/p>\n<p>&nbsp;<\/p>\n<div style=\"max-width: 800px; margin: auto; padding: 20px;\">\n<p><!-- \u5de6\u56fe\u53f3\u6587 --><\/p>\n<div style=\"display: flex; align-items: center; gap: 20px; margin-bottom: 40px; flex-wrap: wrap;\">\n<p><img loading=\"lazy\" decoding=\"async\" class=\"alignnone wp-image-1140 size-medium\" src=\"https:\/\/www.deopaws.com\/wp-content\/uploads\/2025\/05\/Custom-Logo-Luxury-Donut-Plush-Pet-Bed-for-Cats-and-Dogs-7-300x240.jpg\" alt=\"custom pet beds\" width=\"300\" height=\"240\" srcset=\"https:\/\/www.deopaws.com\/wp-content\/uploads\/2025\/05\/Custom-Logo-Luxury-Donut-Plush-Pet-Bed-for-Cats-and-Dogs-7-300x240.jpg 300w, https:\/\/www.deopaws.com\/wp-content\/uploads\/2025\/05\/Custom-Logo-Luxury-Donut-Plush-Pet-Bed-for-Cats-and-Dogs-7-600x480.jpg 600w, https:\/\/www.deopaws.com\/wp-content\/uploads\/2025\/05\/Custom-Logo-Luxury-Donut-Plush-Pet-Bed-for-Cats-and-Dogs-7.jpg 750w\" sizes=\"auto, (max-width: 300px) 100vw, 300px\" \/><\/p>\n<div style=\"flex: 1; min-width: 0;\">\n<p style=\"color: gray;\">Das Design in Donut-Form bietet einen sicheren, modernen Look, der zu jeder Wohnungseinrichtung passt.<\/p>\n<\/div>\n<\/div>\n<p><!-- \u53f3\u56fe\u5de6\u6587 --><\/p>\n<div style=\"display: flex; flex-direction: row-reverse; align-items: center; gap: 20px; flex-wrap: wrap;\">\n<p><img loading=\"lazy\" decoding=\"async\" class=\"alignnone wp-image-1138 size-medium\" src=\"https:\/\/www.deopaws.com\/wp-content\/uploads\/2025\/05\/Custom-Logo-Luxury-Donut-Plush-Pet-Bed-for-Cats-and-Dogs-5-300x240.jpg\" alt=\"custom pet beds\" width=\"300\" height=\"240\" srcset=\"https:\/\/www.deopaws.com\/wp-content\/uploads\/2025\/05\/Custom-Logo-Luxury-Donut-Plush-Pet-Bed-for-Cats-and-Dogs-5-300x240.jpg 300w, https:\/\/www.deopaws.com\/wp-content\/uploads\/2025\/05\/Custom-Logo-Luxury-Donut-Plush-Pet-Bed-for-Cats-and-Dogs-5-600x480.jpg 600w, https:\/\/www.deopaws.com\/wp-content\/uploads\/2025\/05\/Custom-Logo-Luxury-Donut-Plush-Pet-Bed-for-Cats-and-Dogs-5.jpg 750w\" sizes=\"auto, (max-width: 300px) 100vw, 300px\" \/><\/p>\n<div style=\"flex: 1; min-width: 0;\">\n<p style=\"color: gray;\">Die F\u00fcllung aus weichem Pl\u00fcsch und Memory Foam sorgt f\u00fcr W\u00e4rme und Komfort im Winter.<\/p>\n<\/div>\n<\/div>\n<\/div>\n<div style=\"max-width: 800px; margin: auto; padding: 20px;\">\n<p><!-- \u5de6\u56fe\u53f3\u6587 --><\/p>\n<div style=\"display: flex; align-items: center; gap: 20px; margin-bottom: 40px; flex-wrap: wrap;\">\n<p><img loading=\"lazy\" decoding=\"async\" class=\"alignnone wp-image-1135 size-medium\" src=\"https:\/\/www.deopaws.com\/wp-content\/uploads\/2025\/05\/Custom-Logo-Luxury-Donut-Plush-Pet-Bed-for-Cats-and-Dogs-2-300x240.jpg\" alt=\"custom pet beds\" width=\"300\" height=\"240\" srcset=\"https:\/\/www.deopaws.com\/wp-content\/uploads\/2025\/05\/Custom-Logo-Luxury-Donut-Plush-Pet-Bed-for-Cats-and-Dogs-2-300x240.jpg 300w, https:\/\/www.deopaws.com\/wp-content\/uploads\/2025\/05\/Custom-Logo-Luxury-Donut-Plush-Pet-Bed-for-Cats-and-Dogs-2-600x480.jpg 600w, https:\/\/www.deopaws.com\/wp-content\/uploads\/2025\/05\/Custom-Logo-Luxury-Donut-Plush-Pet-Bed-for-Cats-and-Dogs-2.jpg 750w\" sizes=\"auto, (max-width: 300px) 100vw, 300px\" \/><\/p>\n<div style=\"flex: 1; min-width: 0;\">\n<p style=\"color: gray;\">Erh\u00e4ltlich in Durchmessern von 40 cm bis 80 cm, passend f\u00fcr verschiedene Haustiergr\u00f6\u00dfen.<\/p>\n<\/div>\n<\/div>\n<\/div>\n<h3>Werksanzeige<\/h3>\n<p>&nbsp;<\/p>\n<div class=\"row\">\n<div class=\"col-lg-4\"><img loading=\"lazy\" decoding=\"async\" class=\"alignnone size-medium wp-image-142\" src=\"https:\/\/gray-bee-883835.hostingersite.com\/wp-content\/uploads\/2025\/04\/Small-pet-raincoat-3_-300x225.jpg\" alt=\"\" width=\"300\" height=\"225\" srcset=\"https:\/\/www.deopaws.com\/wp-content\/uploads\/2025\/04\/Small-pet-raincoat-3_-300x225.jpg 300w, https:\/\/www.deopaws.com\/wp-content\/uploads\/2025\/04\/Small-pet-raincoat-3_-600x450.jpg 600w, https:\/\/www.deopaws.com\/wp-content\/uploads\/2025\/04\/Small-pet-raincoat-3_-768x576.jpg 768w, https:\/\/www.deopaws.com\/wp-content\/uploads\/2025\/04\/Small-pet-raincoat-3_.jpg 800w\" sizes=\"auto, (max-width: 300px) 100vw, 300px\" \/><\/div>\n<div class=\"col-lg-4\"><img loading=\"lazy\" decoding=\"async\" class=\"alignnone size-medium wp-image-138\" src=\"https:\/\/gray-bee-883835.hostingersite.com\/wp-content\/uploads\/2025\/04\/Small-pet-raincoat-2-2-300x225.jpg\" alt=\"\" width=\"300\" height=\"225\" srcset=\"https:\/\/www.deopaws.com\/wp-content\/uploads\/2025\/04\/Small-pet-raincoat-2-2-300x225.jpg 300w, https:\/\/www.deopaws.com\/wp-content\/uploads\/2025\/04\/Small-pet-raincoat-2-2-600x450.jpg 600w, https:\/\/www.deopaws.com\/wp-content\/uploads\/2025\/04\/Small-pet-raincoat-2-2-768x576.jpg 768w, https:\/\/www.deopaws.com\/wp-content\/uploads\/2025\/04\/Small-pet-raincoat-2-2.jpg 800w\" sizes=\"auto, (max-width: 300px) 100vw, 300px\" \/><\/div>\n<div class=\"col-lg-4\"><img loading=\"lazy\" decoding=\"async\" class=\"alignnone size-medium wp-image-139\" src=\"https:\/\/gray-bee-883835.hostingersite.com\/wp-content\/uploads\/2025\/04\/Small-pet-raincoat-3-2-300x225.jpg\" alt=\"\" width=\"300\" height=\"225\" srcset=\"https:\/\/www.deopaws.com\/wp-content\/uploads\/2025\/04\/Small-pet-raincoat-3-2-300x225.jpg 300w, https:\/\/www.deopaws.com\/wp-content\/uploads\/2025\/04\/Small-pet-raincoat-3-2-600x450.jpg 600w, https:\/\/www.deopaws.com\/wp-content\/uploads\/2025\/04\/Small-pet-raincoat-3-2-768x576.jpg 768w, https:\/\/www.deopaws.com\/wp-content\/uploads\/2025\/04\/Small-pet-raincoat-3-2.jpg 800w\" sizes=\"auto, (max-width: 300px) 100vw, 300px\" \/><\/div>\n<p>&nbsp;<\/p>\n<div>\n<div class=\"row\">\n<div class=\"col-lg-4\"><img loading=\"lazy\" decoding=\"async\" class=\"alignnone size-medium wp-image-141\" src=\"https:\/\/gray-bee-883835.hostingersite.com\/wp-content\/uploads\/2025\/04\/Small-pet-raincoat-2_-300x225.jpg\" alt=\"\" width=\"300\" height=\"225\" srcset=\"https:\/\/www.deopaws.com\/wp-content\/uploads\/2025\/04\/Small-pet-raincoat-2_-300x225.jpg 300w, https:\/\/www.deopaws.com\/wp-content\/uploads\/2025\/04\/Small-pet-raincoat-2_-600x450.jpg 600w, https:\/\/www.deopaws.com\/wp-content\/uploads\/2025\/04\/Small-pet-raincoat-2_-768x576.jpg 768w, https:\/\/www.deopaws.com\/wp-content\/uploads\/2025\/04\/Small-pet-raincoat-2_.jpg 800w\" sizes=\"auto, (max-width: 300px) 100vw, 300px\" \/><\/div>\n<div class=\"col-lg-4\"><img loading=\"lazy\" decoding=\"async\" class=\"alignnone size-full wp-image-1656\" src=\"https:\/\/www.deopaws.com\/wp-content\/uploads\/2025\/05\/fact-1_\u526f\u672c.jpg\" alt=\"\" width=\"300\" height=\"225\" \/><\/div>\n<div class=\"col-lg-4\"><img loading=\"lazy\" decoding=\"async\" class=\"alignnone size-medium wp-image-137\" src=\"https:\/\/gray-bee-883835.hostingersite.com\/wp-content\/uploads\/2025\/04\/Small-pet-raincoat-1-2-300x225.jpg\" alt=\"\" width=\"300\" height=\"225\" srcset=\"https:\/\/www.deopaws.com\/wp-content\/uploads\/2025\/04\/Small-pet-raincoat-1-2-300x225.jpg 300w, https:\/\/www.deopaws.com\/wp-content\/uploads\/2025\/04\/Small-pet-raincoat-1-2-600x450.jpg 600w, https:\/\/www.deopaws.com\/wp-content\/uploads\/2025\/04\/Small-pet-raincoat-1-2-768x576.jpg 768w, https:\/\/www.deopaws.com\/wp-content\/uploads\/2025\/04\/Small-pet-raincoat-1-2.jpg 800w\" sizes=\"auto, (max-width: 300px) 100vw, 300px\" \/><\/div>\n<div><\/div>\n<\/div>\n<\/div>\n<\/div>","protected":false},"excerpt":{"rendered":"<p>These custom pet beds are designed for maximum comfort and style. Featuring a luxury donut shape, ultra-soft plush material, and thick PP cotton filling, they provide a calming space for both cats and dogs. The bed can be customized with your brand logo, making it a perfect gift, promotional item, or personal upgrade for your furry friends. Available in multiple sizes and colors, it&#8217;s easy to clean and ideal for year-round use.<\/p>","protected":false},"featured_media":1136,"comment_status":"open","ping_status":"closed","template":"","meta":{"_acf_changed":false},"product_brand":[],"product_cat":[15,17,30],"product_tag":[],"class_list":{"0":"post-1133","1":"product","2":"type-product","3":"status-publish","4":"has-post-thumbnail","6":"product_cat-products","7":"product_cat-cat-supplies","8":"product_cat-cat-beds","10":"first","11":"instock","12":"shipping-taxable","13":"product-type-simple"},"acf":[],"_links":{"self":[{"href":"https:\/\/www.deopaws.com\/de\/wp-json\/wp\/v2\/product\/1133","targetHints":{"allow":["GET"]}}],"collection":[{"href":"https:\/\/www.deopaws.com\/de\/wp-json\/wp\/v2\/product"}],"about":[{"href":"https:\/\/www.deopaws.com\/de\/wp-json\/wp\/v2\/types\/product"}],"replies":[{"embeddable":true,"href":"https:\/\/www.deopaws.com\/de\/wp-json\/wp\/v2\/comments?post=1133"}],"wp:featuredmedia":[{"embeddable":true,"href":"https:\/\/www.deopaws.com\/de\/wp-json\/wp\/v2\/media\/1136"}],"wp:attachment":[{"href":"https:\/\/www.deopaws.com\/de\/wp-json\/wp\/v2\/media?parent=1133"}],"wp:term":[{"taxonomy":"product_brand","embeddable":true,"href":"https:\/\/www.deopaws.com\/de\/wp-json\/wp\/v2\/product_brand?post=1133"},{"taxonomy":"product_cat","embeddable":true,"href":"https:\/\/www.deopaws.com\/de\/wp-json\/wp\/v2\/product_cat?post=1133"},{"taxonomy":"product_tag","embeddable":true,"href":"https:\/\/www.deopaws.com\/de\/wp-json\/wp\/v2\/product_tag?post=1133"}],"curies":[{"name":"wp","href":"https:\/\/api.w.org\/{rel}","templated":true}]}}