{"id":1090,"date":"2025-05-12T13:33:46","date_gmt":"2025-05-12T05:33:46","guid":{"rendered":"https:\/\/www.deopaws.com\/?post_type=product&#038;p=1090"},"modified":"2025-07-29T14:47:39","modified_gmt":"2025-07-29T06:47:39","slug":"cat-tree-with-hammock","status":"publish","type":"product","link":"https:\/\/www.deopaws.com\/de\/produkt\/cat-tree-with-hammock\/","title":{"rendered":"143cm mehrst\u00f6ckiger Kratzbaum mit H\u00e4ngematte, Kratzb\u00e4umen und Unterschlupf"},"content":{"rendered":"<h2 data-start=\"77\" data-end=\"192\">Kratzbaum mit H\u00e4ngematte:<\/h2>\n<p data-start=\"77\" data-end=\"192\">\n<p class=\"\" data-start=\"77\" data-end=\"192\">\u25cf Umweltfreundlich: Hergestellt aus umweltbewusstem Sisal, Holz und MDF-Leinenpl\u00fcsch, um die Sicherheit f\u00fcr Ihre Katze und die Umwelt zu gew\u00e4hrleisten.<\/p>\n<p class=\"\" data-start=\"77\" data-end=\"192\"><br data-start=\"129\" data-end=\"132\" \/>\u25cf Spa\u00df und Funktionalit\u00e4t: Mehrere Etagen, Kratzb\u00e4ume, eine H\u00e4ngematte und eine gem\u00fctliche Wohnung f\u00fcr endlose Unterhaltung.<\/p>\n<p class=\"\" data-start=\"77\" data-end=\"192\"><br data-start=\"249\" data-end=\"252\" \/>\u25cf Stabil und stilvoll: Langlebige Holzstruktur mit weichen Oberfl\u00e4chen f\u00fcgt sich gut in jeden Innenraum ein.<\/p>\n<p class=\"\" data-start=\"77\" data-end=\"192\"><br data-start=\"350\" data-end=\"353\" \/>\u25cf Einfache Installation: Einfache Montage mit klaren Anweisungen f\u00fcr eine schnelle Einrichtung.<\/p>\n<p class=\"\" data-start=\"77\" data-end=\"192\"><br data-start=\"430\" data-end=\"433\" \/>\u25cf Ideal f\u00fcr Katzen: Ideal zum Klettern, Faulenzen und Kratzen im Haus.<\/p>\n<p>&nbsp;<\/p>\n<p>&nbsp;<\/p>\n<div style=\"max-width: 800px; margin: auto; padding: 20px;\">\n<p><!-- \u5de6\u56fe\u53f3\u6587 --><\/p>\n<div style=\"display: flex; align-items: center; gap: 20px; margin-bottom: 40px; flex-wrap: wrap;\">\n<p><img loading=\"lazy\" decoding=\"async\" class=\"alignnone wp-image-1096\" src=\"https:\/\/www.deopaws.com\/wp-content\/uploads\/2025\/05\/143cm-Multi-Tier-Cat-Tree-with-Scratching-Posts-Hammock-Condo-6-300x240.jpg\" alt=\"cat tree with hammock\" width=\"370\" height=\"296\" srcset=\"https:\/\/www.deopaws.com\/wp-content\/uploads\/2025\/05\/143cm-Multi-Tier-Cat-Tree-with-Scratching-Posts-Hammock-Condo-6-300x240.jpg 300w, https:\/\/www.deopaws.com\/wp-content\/uploads\/2025\/05\/143cm-Multi-Tier-Cat-Tree-with-Scratching-Posts-Hammock-Condo-6-600x480.jpg 600w, https:\/\/www.deopaws.com\/wp-content\/uploads\/2025\/05\/143cm-Multi-Tier-Cat-Tree-with-Scratching-Posts-Hammock-Condo-6.jpg 750w\" sizes=\"auto, (max-width: 370px) 100vw, 370px\" \/><\/p>\n<div style=\"flex: 1; min-width: 0;\">\n<p style=\"color: gray;\">Mehrere Plattformen f\u00fcr professionelle Kletterer, ein Pl\u00fcschball f\u00fcr den Spa\u00df und robuste Oberfl\u00e4chen f\u00fcr scharfe Krallen.<\/p>\n<\/div>\n<\/div>\n<p><!-- \u53f3\u56fe\u5de6\u6587 --><\/p>\n<div style=\"display: flex; flex-direction: row-reverse; align-items: center; gap: 20px; flex-wrap: wrap;\">\n<p><img loading=\"lazy\" decoding=\"async\" class=\"alignnone wp-image-1093\" src=\"https:\/\/www.deopaws.com\/wp-content\/uploads\/2025\/05\/143cm-Multi-Tier-Cat-Tree-with-Scratching-Posts-Hammock-Condo-3-300x240.jpg\" alt=\"cat tree with hammock\" width=\"370\" height=\"296\" srcset=\"https:\/\/www.deopaws.com\/wp-content\/uploads\/2025\/05\/143cm-Multi-Tier-Cat-Tree-with-Scratching-Posts-Hammock-Condo-3-300x240.jpg 300w, https:\/\/www.deopaws.com\/wp-content\/uploads\/2025\/05\/143cm-Multi-Tier-Cat-Tree-with-Scratching-Posts-Hammock-Condo-3-600x480.jpg 600w, https:\/\/www.deopaws.com\/wp-content\/uploads\/2025\/05\/143cm-Multi-Tier-Cat-Tree-with-Scratching-Posts-Hammock-Condo-3.jpg 750w\" sizes=\"auto, (max-width: 370px) 100vw, 370px\" \/><\/p>\n<div style=\"flex: 1; min-width: 0;\">\n<p style=\"color: gray;\">Verst\u00e4rkte Basis mit zus\u00e4tzlichen Streifen f\u00fcr mehr Stabilit\u00e4t.<\/p>\n<\/div>\n<\/div>\n<\/div>\n<div style=\"max-width: 800px; margin: auto; padding: 20px;\">\n<p><!-- \u5de6\u56fe\u53f3\u6587 --><\/p>\n<div style=\"display: flex; align-items: center; gap: 20px; margin-bottom: 40px; flex-wrap: wrap;\">\n<p><img loading=\"lazy\" decoding=\"async\" class=\"alignnone wp-image-1091\" src=\"https:\/\/www.deopaws.com\/wp-content\/uploads\/2025\/05\/143cm-Multi-Tier-Cat-Tree-with-Scratching-Posts-Hammock-Condo-1-300x240.jpg\" alt=\"cat tree with hammock\" width=\"370\" height=\"296\" srcset=\"https:\/\/www.deopaws.com\/wp-content\/uploads\/2025\/05\/143cm-Multi-Tier-Cat-Tree-with-Scratching-Posts-Hammock-Condo-1-300x240.jpg 300w, https:\/\/www.deopaws.com\/wp-content\/uploads\/2025\/05\/143cm-Multi-Tier-Cat-Tree-with-Scratching-Posts-Hammock-Condo-1-600x480.jpg 600w, https:\/\/www.deopaws.com\/wp-content\/uploads\/2025\/05\/143cm-Multi-Tier-Cat-Tree-with-Scratching-Posts-Hammock-Condo-1.jpg 750w\" sizes=\"auto, (max-width: 370px) 100vw, 370px\" \/><\/p>\n<div style=\"flex: 1; min-width: 0;\">\n<p style=\"color: gray;\">Hergestellt aus umweltfreundlichem Sisal, Holz und MDF-Leinenpl\u00fcsch, um die Sicherheit f\u00fcr Ihre Katze und die Umwelt zu gew\u00e4hrleisten.<\/p>\n<\/div>\n<\/div>\n<\/div>\n<h3>Werksanzeige<\/h3>\n<p>&nbsp;<\/p>\n<div class=\"row\">\n<div class=\"col-lg-4\"><img loading=\"lazy\" decoding=\"async\" class=\"alignnone size-medium wp-image-142\" src=\"https:\/\/gray-bee-883835.hostingersite.com\/wp-content\/uploads\/2025\/04\/Small-pet-raincoat-3_-300x225.jpg\" alt=\"\" width=\"300\" height=\"225\" srcset=\"https:\/\/www.deopaws.com\/wp-content\/uploads\/2025\/04\/Small-pet-raincoat-3_-300x225.jpg 300w, https:\/\/www.deopaws.com\/wp-content\/uploads\/2025\/04\/Small-pet-raincoat-3_-600x450.jpg 600w, https:\/\/www.deopaws.com\/wp-content\/uploads\/2025\/04\/Small-pet-raincoat-3_-768x576.jpg 768w, https:\/\/www.deopaws.com\/wp-content\/uploads\/2025\/04\/Small-pet-raincoat-3_.jpg 800w\" sizes=\"auto, (max-width: 300px) 100vw, 300px\" \/><\/div>\n<div class=\"col-lg-4\"><img loading=\"lazy\" decoding=\"async\" class=\"alignnone size-medium wp-image-138\" src=\"https:\/\/gray-bee-883835.hostingersite.com\/wp-content\/uploads\/2025\/04\/Small-pet-raincoat-2-2-300x225.jpg\" alt=\"\" width=\"300\" height=\"225\" srcset=\"https:\/\/www.deopaws.com\/wp-content\/uploads\/2025\/04\/Small-pet-raincoat-2-2-300x225.jpg 300w, https:\/\/www.deopaws.com\/wp-content\/uploads\/2025\/04\/Small-pet-raincoat-2-2-600x450.jpg 600w, https:\/\/www.deopaws.com\/wp-content\/uploads\/2025\/04\/Small-pet-raincoat-2-2-768x576.jpg 768w, https:\/\/www.deopaws.com\/wp-content\/uploads\/2025\/04\/Small-pet-raincoat-2-2.jpg 800w\" sizes=\"auto, (max-width: 300px) 100vw, 300px\" \/><\/div>\n<div class=\"col-lg-4\"><img loading=\"lazy\" decoding=\"async\" class=\"alignnone size-medium wp-image-139\" src=\"https:\/\/gray-bee-883835.hostingersite.com\/wp-content\/uploads\/2025\/04\/Small-pet-raincoat-3-2-300x225.jpg\" alt=\"\" width=\"300\" height=\"225\" srcset=\"https:\/\/www.deopaws.com\/wp-content\/uploads\/2025\/04\/Small-pet-raincoat-3-2-300x225.jpg 300w, https:\/\/www.deopaws.com\/wp-content\/uploads\/2025\/04\/Small-pet-raincoat-3-2-600x450.jpg 600w, https:\/\/www.deopaws.com\/wp-content\/uploads\/2025\/04\/Small-pet-raincoat-3-2-768x576.jpg 768w, https:\/\/www.deopaws.com\/wp-content\/uploads\/2025\/04\/Small-pet-raincoat-3-2.jpg 800w\" sizes=\"auto, (max-width: 300px) 100vw, 300px\" \/><\/div>\n<p>&nbsp;<\/p>\n<div>\n<div class=\"row\">\n<div class=\"col-lg-4\"><img loading=\"lazy\" decoding=\"async\" class=\"alignnone size-medium wp-image-141\" src=\"https:\/\/gray-bee-883835.hostingersite.com\/wp-content\/uploads\/2025\/04\/Small-pet-raincoat-2_-300x225.jpg\" alt=\"\" width=\"300\" height=\"225\" srcset=\"https:\/\/www.deopaws.com\/wp-content\/uploads\/2025\/04\/Small-pet-raincoat-2_-300x225.jpg 300w, https:\/\/www.deopaws.com\/wp-content\/uploads\/2025\/04\/Small-pet-raincoat-2_-600x450.jpg 600w, https:\/\/www.deopaws.com\/wp-content\/uploads\/2025\/04\/Small-pet-raincoat-2_-768x576.jpg 768w, https:\/\/www.deopaws.com\/wp-content\/uploads\/2025\/04\/Small-pet-raincoat-2_.jpg 800w\" sizes=\"auto, (max-width: 300px) 100vw, 300px\" \/><\/div>\n<div class=\"col-lg-4\"><img loading=\"lazy\" decoding=\"async\" class=\"alignnone size-full wp-image-1656\" src=\"https:\/\/www.deopaws.com\/wp-content\/uploads\/2025\/05\/fact-1_\u526f\u672c.jpg\" alt=\"\" width=\"300\" height=\"225\" \/><\/div>\n<div class=\"col-lg-4\"><img loading=\"lazy\" decoding=\"async\" class=\"alignnone size-medium wp-image-137\" src=\"https:\/\/gray-bee-883835.hostingersite.com\/wp-content\/uploads\/2025\/04\/Small-pet-raincoat-1-2-300x225.jpg\" alt=\"\" width=\"300\" height=\"225\" srcset=\"https:\/\/www.deopaws.com\/wp-content\/uploads\/2025\/04\/Small-pet-raincoat-1-2-300x225.jpg 300w, https:\/\/www.deopaws.com\/wp-content\/uploads\/2025\/04\/Small-pet-raincoat-1-2-600x450.jpg 600w, https:\/\/www.deopaws.com\/wp-content\/uploads\/2025\/04\/Small-pet-raincoat-1-2-768x576.jpg 768w, https:\/\/www.deopaws.com\/wp-content\/uploads\/2025\/04\/Small-pet-raincoat-1-2.jpg 800w\" sizes=\"auto, (max-width: 300px) 100vw, 300px\" \/><\/div>\n<div><\/div>\n<\/div>\n<\/div>\n<\/div>","protected":false},"excerpt":{"rendered":"<p>Umweltfreundlicher 143 cm hoher Kratzbaum mit H\u00e4ngematte, Sisalpfosten und Kondo - perfekt zum Klettern und Spielen im Haus.<\/p>","protected":false},"featured_media":1092,"comment_status":"open","ping_status":"closed","template":"","meta":{"_acf_changed":false},"product_brand":[],"product_cat":[15,17,29],"product_tag":[],"class_list":{"0":"post-1090","1":"product","2":"type-product","3":"status-publish","4":"has-post-thumbnail","6":"product_cat-products","7":"product_cat-cat-supplies","8":"product_cat-cat-trees-furniture","10":"first","11":"instock","12":"shipping-taxable","13":"product-type-simple"},"acf":[],"_links":{"self":[{"href":"https:\/\/www.deopaws.com\/de\/wp-json\/wp\/v2\/product\/1090","targetHints":{"allow":["GET"]}}],"collection":[{"href":"https:\/\/www.deopaws.com\/de\/wp-json\/wp\/v2\/product"}],"about":[{"href":"https:\/\/www.deopaws.com\/de\/wp-json\/wp\/v2\/types\/product"}],"replies":[{"embeddable":true,"href":"https:\/\/www.deopaws.com\/de\/wp-json\/wp\/v2\/comments?post=1090"}],"wp:featuredmedia":[{"embeddable":true,"href":"https:\/\/www.deopaws.com\/de\/wp-json\/wp\/v2\/media\/1092"}],"wp:attachment":[{"href":"https:\/\/www.deopaws.com\/de\/wp-json\/wp\/v2\/media?parent=1090"}],"wp:term":[{"taxonomy":"product_brand","embeddable":true,"href":"https:\/\/www.deopaws.com\/de\/wp-json\/wp\/v2\/product_brand?post=1090"},{"taxonomy":"product_cat","embeddable":true,"href":"https:\/\/www.deopaws.com\/de\/wp-json\/wp\/v2\/product_cat?post=1090"},{"taxonomy":"product_tag","embeddable":true,"href":"https:\/\/www.deopaws.com\/de\/wp-json\/wp\/v2\/product_tag?post=1090"}],"curies":[{"name":"wp","href":"https:\/\/api.w.org\/{rel}","templated":true}]}}